{"id":14355,"date":"2020-11-23T14:39:18","date_gmt":"2020-11-23T14:39:18","guid":{"rendered":"https:\/\/varia-int.com\/?page_id=14355"},"modified":"2020-12-03T12:53:49","modified_gmt":"2020-12-03T12:53:49","slug":"vorhangstangen_byron-byron-rustica","status":"publish","type":"page","link":"https:\/\/varia-int.com\/en\/vorhangstangen_byron-byron-rustica\/","title":{"rendered":"Byron &amp; Byron Rustica"},"content":{"rendered":"<p><div class=\"fusion-bg-parallax\" data-bg-align=\"center top\" data-direction=\"up\" data-mute=\"false\" data-opacity=\"100\" data-velocity=\"-0.3\" data-mobile-enabled=\"true\" data-break_parents=\"0\" data-bg-image=\"https:\/\/varia-int.com\/wp-content\/uploads\/2020\/11\/rustica_silider.jpg\" data-bg-repeat=\"false\" ><\/div><div class=\"fusion-fullwidth fullwidth-box fusion-builder-row-1 fusion-parallax-up nonhundred-percent-fullwidth non-hundred-percent-height-scrolling lazyload\" style=\"--awb-background-position:center top;--awb-border-radius-top-left:0px;--awb-border-radius-top-right:0px;--awb-border-radius-bottom-right:0px;--awb-border-radius-bottom-left:0px;--awb-padding-top:100px;--awb-padding-bottom:100px;--awb-background-size:cover;\" data-bg=\"https:\/\/varia-int.com\/wp-content\/uploads\/2020\/11\/rustica_silider.jpg\" ><div class=\"fusion-builder-row fusion-row\"><div class=\"fusion-layout-column fusion_builder_column fusion-builder-column-0 fusion_builder_column_1_1 1_1 fusion-one-full fusion-column-first fusion-column-last\" style=\"--awb-padding-top:10px;--awb-padding-bottom:10px;--awb-bg-color:rgba(255,255,255,0.47);--awb-bg-size:cover;\"><div class=\"fusion-column-wrapper fusion-column-has-shadow fusion-flex-column-wrapper-legacy\"><div class=\"fusion-text fusion-text-1\"><h1 style=\"text-align: center;\">Vorhangstangen Byron &amp; Byron<\/h1>\n<h1 style=\"text-align: center;\">RUSTICA<\/h1>\n<\/div><div class=\"fusion-clearfix\"><\/div><\/div><\/div><\/div><\/div><div class=\"fusion-fullwidth fullwidth-box fusion-builder-row-2 nonhundred-percent-fullwidth non-hundred-percent-height-scrolling\" style=\"--awb-border-radius-top-left:0px;--awb-border-radius-top-right:0px;--awb-border-radius-bottom-right:0px;--awb-border-radius-bottom-left:0px;--awb-padding-top:20px;--awb-background-color:rgba(242,242,242,0.98);\" ><div class=\"fusion-builder-row fusion-row\"><div class=\"fusion-layout-column fusion_builder_column fusion-builder-column-1 fusion_builder_column_1_1 1_1 fusion-one-full fusion-column-first fusion-column-last\" style=\"--awb-bg-size:cover;\"><div class=\"fusion-column-wrapper fusion-column-has-shadow fusion-flex-column-wrapper-legacy\"><div class=\"fusion-text fusion-text-2\"><p>Die Vorhangstangenkollektion Rustica ist eine atemberaubende Sammlung rustikaler Holzstangen in einer Palette von Eichenholzoberfl\u00e4chen, inspiriert von englischen Landh\u00e4usern. Die traditionellen Details der Stangen betonen die warmen und eleganten Farbt\u00f6ne der Oberfl\u00e4chen und betonen die nat\u00fcrlichen Rillen des Holzes. Vorhangstangen und Endst\u00fccke in der Farbe &#8220;Englische Eiche&#8221; werden aus massivem Eichenholz hergestellt, Vorhangstangen in gekalkter Eiche, gebrannter Eiche, ger\u00f6steter Eiche und ger\u00e4ucherter Eiche werden f\u00fcr ein zeitgem\u00e4\u00dfes Eichenfinish aus Eschenholz hergestellt.<\/p>\n<\/div><div class=\"fusion-clearfix\"><\/div><\/div><\/div><\/div><\/div><div class=\"fusion-fullwidth fullwidth-box fusion-builder-row-3 nonhundred-percent-fullwidth non-hundred-percent-height-scrolling\" style=\"--awb-border-radius-top-left:0px;--awb-border-radius-top-right:0px;--awb-border-radius-bottom-right:0px;--awb-border-radius-bottom-left:0px;--awb-margin-top:20px;\" ><div class=\"fusion-builder-row fusion-row\"><div class=\"fusion-layout-column fusion_builder_column fusion-builder-column-2 fusion_builder_column_1_2 1_2 fusion-one-half fusion-column-first\" style=\"--awb-bg-size:cover;width:50%;width:calc(50% - ( ( 4% ) * 0.5 ) );margin-right: 4%;\"><div class=\"fusion-column-wrapper fusion-column-has-shadow fusion-flex-column-wrapper-legacy\"><div class=\"fusion-text fusion-text-3\"><h2 style=\"text-align: center;\">Katalog Rustica<\/h2>\n<\/div><div class=\"fusion-image-element fusion-image-align-center in-legacy-container\" style=\"text-align:center;--awb-caption-title-size:var(--h2_typography-font-size);--awb-caption-title-transform:var(--h2_typography-text-transform);--awb-caption-title-line-height:var(--h2_typography-line-height);--awb-caption-title-letter-spacing:var(--h2_typography-letter-spacing);\"><div class=\"imageframe-align-center\"><span class=\" fusion-imageframe imageframe-none imageframe-1 hover-type-none\"><img decoding=\"async\" width=\"225\" height=\"300\" alt=\"vorhangstangenkatalog_rustica\" title=\"vorhangstangenkatalog_rustica\" src=\"https:\/\/varia-int.com\/wp-content\/uploads\/2020\/11\/vorhangstangenkatalog_rustica.jpg\" data-orig-src=\"https:\/\/varia-int.com\/wp-content\/uploads\/2020\/11\/vorhangstangenkatalog_rustica-225x300.jpg\" class=\"lazyload img-responsive wp-image-14600\" srcset=\"data:image\/svg+xml,%3Csvg%20xmlns%3D%27http%3A%2F%2Fwww.w3.org%2F2000%2Fsvg%27%20width%3D%271536%27%20height%3D%272048%27%20viewBox%3D%270%200%201536%202048%27%3E%3Crect%20width%3D%271536%27%20height%3D%272048%27%20fill-opacity%3D%220%22%2F%3E%3C%2Fsvg%3E\" data-srcset=\"https:\/\/varia-int.com\/wp-content\/uploads\/2020\/11\/vorhangstangenkatalog_rustica-200x267.jpg 200w, https:\/\/varia-int.com\/wp-content\/uploads\/2020\/11\/vorhangstangenkatalog_rustica-400x533.jpg 400w, https:\/\/varia-int.com\/wp-content\/uploads\/2020\/11\/vorhangstangenkatalog_rustica-600x800.jpg 600w, https:\/\/varia-int.com\/wp-content\/uploads\/2020\/11\/vorhangstangenkatalog_rustica-800x1067.jpg 800w, https:\/\/varia-int.com\/wp-content\/uploads\/2020\/11\/vorhangstangenkatalog_rustica-1200x1600.jpg 1200w, https:\/\/varia-int.com\/wp-content\/uploads\/2020\/11\/vorhangstangenkatalog_rustica.jpg 1536w\" data-sizes=\"auto\" data-orig-sizes=\"(max-width: 800px) 100vw, 600px\" \/><\/span><\/div><\/div><div class=\"fusion-sep-clear\"><\/div><div class=\"fusion-separator fusion-full-width-sep\" style=\"margin-left: auto;margin-right: auto;margin-top:10px;width:100%;\"><\/div><div class=\"fusion-sep-clear\"><\/div><div class=\"fusion-aligncenter\"><a class=\"fusion-button button-flat fusion-button-default-size button-red fusion-button-red button-1 fusion-button-default-span fusion-button-default-type\" target=\"_blank\" rel=\"noopener noreferrer\" href=\"https:\/\/varia-int.com\/wp-content\/uploads\/2020\/11\/rustica-mini-brochure_Varia.pdf\"><span class=\"fusion-button-text\">Katalog Download<\/span><\/a><\/div><div class=\"fusion-clearfix\"><\/div><\/div><\/div><div class=\"fusion-layout-column fusion_builder_column fusion-builder-column-3 fusion_builder_column_1_2 1_2 fusion-one-half fusion-column-last\" style=\"--awb-bg-size:cover;width:50%;width:calc(50% - ( ( 4% ) * 0.5 ) );\"><div class=\"fusion-column-wrapper fusion-column-has-shadow fusion-flex-column-wrapper-legacy\"><div class=\"fusion-text fusion-text-4\"><h2 style=\"text-align: center;\">Preisliste Rustica<\/h2>\n<\/div><div class=\"fusion-text fusion-text-5\"><p>Bitte kontaktieren Sie uns um das Passwort f\u00fcr die Preisliste zu erhalten.<\/p>\n<p><a href=\"mailto:varia@varia-int.com?subject=Bitte%20senden%20Sie%20mir%20das%20Passwort%20f%C3%BCr%20die%20Preisliste%20von%20Varia%20by%20Karl%20Leuthenmayr\">Senden Sie uns eine Email<\/a><\/p>\n<div class=\"sdm_download_item \"><div class=\"sdm_download_item_top\"><div class=\"sdm_download_thumbnail\"><\/div><div class=\"sdm_download_title\">Protected: Preisliste Rustica<\/div><\/div><div style=\"clear:both;\"><\/div><div class=\"sdm_download_description\"><\/div><div class=\"sdm_download_size\"><span class=\"sdm_download_size_label\">Size: <\/span><span class=\"sdm_download_size_value\">0,5 MB<\/span><\/div><div class=\"sdm_download_link\"><span class=\"sdm_download_button\"><span class=\"sdm_enter_password_label_text\">Enter Password to Download:<\/span><form action=\"https:\/\/varia-int.com\/?sdm_process_download=1&download_id=14597\" method=\"post\" id=\"sdm-pass-69ebe8d5ce100\" class=\"sdm-download-form\" target=\"_blank\"><input type=\"password\" name=\"pass_text\" class=\"sdm_pass_text\" value=\"\" \/> <span class=\"sdm-download-button\"><a href=\"#\" name=\"sdm_dl_pass_submit\" class=\"pass_sumbit sdm_pass_protected_download sdm_download_with_condition sdm_download blue\">Download Now!<\/a><\/span><input type=\"hidden\" name=\"download_id\" value=\"14597\" \/><\/form><\/span><\/div><\/div><div class=\"sdm_clear_float\"><\/div>\n<\/div><div class=\"fusion-clearfix\"><\/div><\/div><\/div><\/div><\/div><div class=\"fusion-fullwidth fullwidth-box fusion-builder-row-4 hundred-percent-fullwidth non-hundred-percent-height-scrolling\" style=\"--awb-border-radius-top-left:0px;--awb-border-radius-top-right:0px;--awb-border-radius-bottom-right:0px;--awb-border-radius-bottom-left:0px;\" ><div class=\"fusion-builder-row fusion-row\"><div class=\"fusion-layout-column fusion_builder_column fusion-builder-column-4 fusion_builder_column_1_1 1_1 fusion-one-full fusion-column-first fusion-column-last\" style=\"--awb-bg-size:cover;\"><div class=\"fusion-column-wrapper fusion-column-has-shadow fusion-flex-column-wrapper-legacy\">[fusion_woo_shortcodes][product_category category=&#8221;rustica&#8221; limit=&#8221;12&#8243; columns=&#8221;4&#8243; orderby=&#8221;date&#8221; order=&#8221;desc&#8221;][\/fusion_woo_shortcodes]<div class=\"awb-gallery-wrapper awb-gallery-wrapper-1 button-span-no\"><div style=\"margin:-5px;--awb-bordersize:0px;\" class=\"fusion-gallery fusion-gallery-container fusion-grid-4 fusion-columns-total-4 fusion-gallery-layout-grid fusion-gallery-1\"><div style=\"padding:5px;\" class=\"fusion-grid-column fusion-gallery-column fusion-gallery-column-4 hover-type-none\"><div class=\"fusion-gallery-image\"><a href=\"https:\/\/varia-int.com\/wp-content\/uploads\/2020\/11\/RUSTICA-web-4.jpg\" data-title=\"Vorhangstangen Rustica\" title=\"Vorhangstangen Rustica\" data-caption=\"Vorhangstangen Rustica\" rel=\"noreferrer\" data-rel=\"iLightbox[gallery_image_1]\" class=\"fusion-lightbox\" target=\"_self\"><img decoding=\"async\" src=\"https:\/\/varia-int.com\/wp-content\/uploads\/2020\/11\/RUSTICA-web-4.jpg\" data-orig-src=\"https:\/\/varia-int.com\/wp-content\/uploads\/2020\/11\/RUSTICA-web-4.jpg\" width=\"800\" height=\"1067\" alt=\"\" title=\"Vorhangstangen Rustica\" aria-label=\"Vorhangstangen Rustica\" class=\"lazyload img-responsive wp-image-14658\" srcset=\"data:image\/svg+xml,%3Csvg%20xmlns%3D%27http%3A%2F%2Fwww.w3.org%2F2000%2Fsvg%27%20width%3D%27800%27%20height%3D%271067%27%20viewBox%3D%270%200%20800%201067%27%3E%3Crect%20width%3D%27800%27%20height%3D%271067%27%20fill-opacity%3D%220%22%2F%3E%3C%2Fsvg%3E\" data-srcset=\"https:\/\/varia-int.com\/wp-content\/uploads\/2020\/11\/RUSTICA-web-4-200x267.jpg 200w, https:\/\/varia-int.com\/wp-content\/uploads\/2020\/11\/RUSTICA-web-4-400x534.jpg 400w, https:\/\/varia-int.com\/wp-content\/uploads\/2020\/11\/RUSTICA-web-4-600x800.jpg 600w, https:\/\/varia-int.com\/wp-content\/uploads\/2020\/11\/RUSTICA-web-4.jpg 800w\" data-sizes=\"auto\" data-orig-sizes=\"(min-width: 2200px) 100vw, (min-width: 856px) 271px, (min-width: 784px) 362px, (min-width: 712px) 543px, (min-width: 640px) 712px, \" \/><\/a><\/div><\/div><div style=\"padding:5px;\" class=\"fusion-grid-column fusion-gallery-column fusion-gallery-column-4 hover-type-none\"><div class=\"fusion-gallery-image\"><a href=\"https:\/\/varia-int.com\/wp-content\/uploads\/2020\/11\/RUSTICA-web-2.jpg\" data-title=\"Vorhangstangen Rustica\" title=\"Vorhangstangen Rustica\" data-caption=\"Vorhangstangen Rustica\" rel=\"noreferrer\" data-rel=\"iLightbox[gallery_image_1]\" class=\"fusion-lightbox\" target=\"_self\"><img decoding=\"async\" src=\"https:\/\/varia-int.com\/wp-content\/uploads\/2020\/11\/RUSTICA-web-2.jpg\" data-orig-src=\"https:\/\/varia-int.com\/wp-content\/uploads\/2020\/11\/RUSTICA-web-2.jpg\" width=\"800\" height=\"1067\" alt=\"\" title=\"Vorhangstangen Rustica\" aria-label=\"Vorhangstangen Rustica\" class=\"lazyload img-responsive wp-image-14656\" srcset=\"data:image\/svg+xml,%3Csvg%20xmlns%3D%27http%3A%2F%2Fwww.w3.org%2F2000%2Fsvg%27%20width%3D%27800%27%20height%3D%271067%27%20viewBox%3D%270%200%20800%201067%27%3E%3Crect%20width%3D%27800%27%20height%3D%271067%27%20fill-opacity%3D%220%22%2F%3E%3C%2Fsvg%3E\" data-srcset=\"https:\/\/varia-int.com\/wp-content\/uploads\/2020\/11\/RUSTICA-web-2-200x267.jpg 200w, https:\/\/varia-int.com\/wp-content\/uploads\/2020\/11\/RUSTICA-web-2-400x534.jpg 400w, https:\/\/varia-int.com\/wp-content\/uploads\/2020\/11\/RUSTICA-web-2-600x800.jpg 600w, https:\/\/varia-int.com\/wp-content\/uploads\/2020\/11\/RUSTICA-web-2.jpg 800w\" data-sizes=\"auto\" data-orig-sizes=\"(min-width: 2200px) 100vw, (min-width: 856px) 271px, (min-width: 784px) 362px, (min-width: 712px) 543px, (min-width: 640px) 712px, \" \/><\/a><\/div><\/div><div style=\"padding:5px;\" class=\"fusion-grid-column fusion-gallery-column fusion-gallery-column-4 hover-type-none\"><div class=\"fusion-gallery-image\"><a href=\"https:\/\/varia-int.com\/wp-content\/uploads\/2020\/11\/RUSTICA-web-1.jpg\" data-title=\"Vorhangstangen Rustica\" title=\"Vorhangstangen Rustica\" data-caption=\"Vorhangstangen Rustica\" rel=\"noreferrer\" data-rel=\"iLightbox[gallery_image_1]\" class=\"fusion-lightbox\" target=\"_self\"><img decoding=\"async\" src=\"https:\/\/varia-int.com\/wp-content\/uploads\/2020\/11\/RUSTICA-web-1.jpg\" data-orig-src=\"https:\/\/varia-int.com\/wp-content\/uploads\/2020\/11\/RUSTICA-web-1.jpg\" width=\"800\" height=\"1067\" alt=\"\" title=\"Vorhangstangen Rustica\" aria-label=\"Vorhangstangen Rustica\" class=\"lazyload img-responsive wp-image-14655\" srcset=\"data:image\/svg+xml,%3Csvg%20xmlns%3D%27http%3A%2F%2Fwww.w3.org%2F2000%2Fsvg%27%20width%3D%27800%27%20height%3D%271067%27%20viewBox%3D%270%200%20800%201067%27%3E%3Crect%20width%3D%27800%27%20height%3D%271067%27%20fill-opacity%3D%220%22%2F%3E%3C%2Fsvg%3E\" data-srcset=\"https:\/\/varia-int.com\/wp-content\/uploads\/2020\/11\/RUSTICA-web-1-200x267.jpg 200w, https:\/\/varia-int.com\/wp-content\/uploads\/2020\/11\/RUSTICA-web-1-400x534.jpg 400w, https:\/\/varia-int.com\/wp-content\/uploads\/2020\/11\/RUSTICA-web-1-600x800.jpg 600w, https:\/\/varia-int.com\/wp-content\/uploads\/2020\/11\/RUSTICA-web-1.jpg 800w\" data-sizes=\"auto\" data-orig-sizes=\"(min-width: 2200px) 100vw, (min-width: 856px) 271px, (min-width: 784px) 362px, (min-width: 712px) 543px, (min-width: 640px) 712px, \" \/><\/a><\/div><\/div><div style=\"padding:5px;\" class=\"fusion-grid-column fusion-gallery-column fusion-gallery-column-4 hover-type-none\"><div class=\"fusion-gallery-image\"><a href=\"https:\/\/varia-int.com\/wp-content\/uploads\/2020\/11\/Rustica.jpg\" data-title=\"RusticaVorhangstangen Rustica\" title=\"RusticaVorhangstangen Rustica\" data-caption=\"Vorhangstangen Rustica\" rel=\"noreferrer\" data-rel=\"iLightbox[gallery_image_1]\" class=\"fusion-lightbox\" target=\"_self\"><img decoding=\"async\" src=\"https:\/\/varia-int.com\/wp-content\/uploads\/2020\/11\/Rustica.jpg\" data-orig-src=\"https:\/\/varia-int.com\/wp-content\/uploads\/2020\/11\/Rustica.jpg\" width=\"800\" height=\"1067\" alt=\"\" title=\"RusticaVorhangstangen Rustica\" aria-label=\"RusticaVorhangstangen Rustica\" class=\"lazyload img-responsive wp-image-14654\" srcset=\"data:image\/svg+xml,%3Csvg%20xmlns%3D%27http%3A%2F%2Fwww.w3.org%2F2000%2Fsvg%27%20width%3D%27800%27%20height%3D%271067%27%20viewBox%3D%270%200%20800%201067%27%3E%3Crect%20width%3D%27800%27%20height%3D%271067%27%20fill-opacity%3D%220%22%2F%3E%3C%2Fsvg%3E\" data-srcset=\"https:\/\/varia-int.com\/wp-content\/uploads\/2020\/11\/Rustica-200x267.jpg 200w, https:\/\/varia-int.com\/wp-content\/uploads\/2020\/11\/Rustica-400x534.jpg 400w, https:\/\/varia-int.com\/wp-content\/uploads\/2020\/11\/Rustica-600x800.jpg 600w, https:\/\/varia-int.com\/wp-content\/uploads\/2020\/11\/Rustica.jpg 800w\" data-sizes=\"auto\" data-orig-sizes=\"(min-width: 2200px) 100vw, (min-width: 856px) 271px, (min-width: 784px) 362px, (min-width: 712px) 543px, (min-width: 640px) 712px, \" \/><\/a><\/div><\/div><div class=\"clearfix\"><\/div><\/div><\/div><div class=\"fusion-clearfix\"><\/div><\/div><\/div><\/div><\/div><div class=\"fusion-bg-parallax\" data-bg-align=\"center center\" data-direction=\"up\" data-mute=\"false\" data-opacity=\"100\" data-velocity=\"-0.3\" data-mobile-enabled=\"false\" data-break_parents=\"0\" data-bg-image=\"https:\/\/varia-int.com\/wp-content\/uploads\/2020\/11\/RUSTICA-LIFESTYLE-10-1400x400-1.jpg\" data-bg-repeat=\"false\" ><\/div><div class=\"fusion-fullwidth fullwidth-box fusion-builder-row-5 fusion-parallax-up nonhundred-percent-fullwidth non-hundred-percent-height-scrolling lazyload\" style=\"--awb-border-radius-top-left:0px;--awb-border-radius-top-right:0px;--awb-border-radius-bottom-right:0px;--awb-border-radius-bottom-left:0px;--awb-padding-top:200px;--awb-padding-bottom:200px;--awb-background-size:cover;\" data-bg=\"https:\/\/varia-int.com\/wp-content\/uploads\/2020\/11\/RUSTICA-LIFESTYLE-10-1400x400-1.jpg\" ><div class=\"fusion-builder-row fusion-row\"><\/div><\/div><\/p>\n","protected":false},"excerpt":{"rendered":"","protected":false},"author":1,"featured_media":0,"parent":0,"menu_order":0,"comment_status":"closed","ping_status":"closed","template":"100-width.php","meta":{"footnotes":""},"class_list":["post-14355","page","type-page","status-publish","hentry"],"_links":{"self":[{"href":"https:\/\/varia-int.com\/en\/wp-json\/wp\/v2\/pages\/14355","targetHints":{"allow":["GET"]}}],"collection":[{"href":"https:\/\/varia-int.com\/en\/wp-json\/wp\/v2\/pages"}],"about":[{"href":"https:\/\/varia-int.com\/en\/wp-json\/wp\/v2\/types\/page"}],"author":[{"embeddable":true,"href":"https:\/\/varia-int.com\/en\/wp-json\/wp\/v2\/users\/1"}],"replies":[{"embeddable":true,"href":"https:\/\/varia-int.com\/en\/wp-json\/wp\/v2\/comments?post=14355"}],"version-history":[{"count":0,"href":"https:\/\/varia-int.com\/en\/wp-json\/wp\/v2\/pages\/14355\/revisions"}],"wp:attachment":[{"href":"https:\/\/varia-int.com\/en\/wp-json\/wp\/v2\/media?parent=14355"}],"curies":[{"name":"wp","href":"https:\/\/api.w.org\/{rel}","templated":true}]}}