{"id":14634,"date":"2020-11-27T09:51:41","date_gmt":"2020-11-27T09:51:41","guid":{"rendered":"https:\/\/varia-int.com\/?page_id=14634"},"modified":"2020-12-03T05:41:32","modified_gmt":"2020-12-03T05:41:32","slug":"vorhangstangen-byron-byron-halo-wood","status":"publish","type":"page","link":"https:\/\/varia-int.com\/en\/vorhangstangen-byron-byron-halo-wood\/","title":{"rendered":"Byron &amp; Byron HALO WOOD curtain rods"},"content":{"rendered":"<p><div class=\"fusion-bg-parallax\" data-bg-align=\"center top\" data-direction=\"up\" data-mute=\"false\" data-opacity=\"100\" data-velocity=\"-0.3\" data-mobile-enabled=\"true\" data-break_parents=\"0\" data-bg-image=\"https:\/\/varia-int.com\/wp-content\/uploads\/2020\/11\/halo-new-wood.jpg\" data-bg-repeat=\"false\" ><\/div><div class=\"fusion-fullwidth fullwidth-box fusion-builder-row-1 fusion-parallax-up nonhundred-percent-fullwidth non-hundred-percent-height-scrolling lazyload\" style=\"--awb-background-position:center top;--awb-border-radius-top-left:0px;--awb-border-radius-top-right:0px;--awb-border-radius-bottom-right:0px;--awb-border-radius-bottom-left:0px;--awb-padding-top:100px;--awb-padding-bottom:100px;--awb-background-size:cover;\" data-bg=\"https:\/\/varia-int.com\/wp-content\/uploads\/2020\/11\/halo-new-wood.jpg\" ><div class=\"fusion-builder-row fusion-row\"><div class=\"fusion-layout-column fusion_builder_column fusion-builder-column-0 fusion_builder_column_1_1 1_1 fusion-one-full fusion-column-first fusion-column-last\" style=\"--awb-padding-top:10px;--awb-padding-bottom:10px;--awb-bg-color:rgba(255,255,255,0.47);--awb-bg-size:cover;\"><div class=\"fusion-column-wrapper fusion-column-has-shadow fusion-flex-column-wrapper-legacy\"><div class=\"fusion-text fusion-text-1\"><h1 style=\"text-align: center;\">Vorhangstangen Byron &amp; Byron<\/h1>\n<h1 style=\"text-align: center;\">HALO WOOD<\/h1>\n<\/div><div class=\"fusion-clearfix\"><\/div><\/div><\/div><\/div><\/div><div class=\"fusion-fullwidth fullwidth-box fusion-builder-row-2 nonhundred-percent-fullwidth non-hundred-percent-height-scrolling\" style=\"--awb-border-radius-top-left:0px;--awb-border-radius-top-right:0px;--awb-border-radius-bottom-right:0px;--awb-border-radius-bottom-left:0px;--awb-padding-top:20px;--awb-background-color:rgba(234,234,234,0.99);\" ><div class=\"fusion-builder-row fusion-row\"><div class=\"fusion-layout-column fusion_builder_column fusion-builder-column-1 fusion_builder_column_1_1 1_1 fusion-one-full fusion-column-first fusion-column-last\" style=\"--awb-bg-size:cover;\"><div class=\"fusion-column-wrapper fusion-column-has-shadow fusion-flex-column-wrapper-legacy\"><div class=\"fusion-text fusion-text-2\"><p>Die Vorhangstangenkollektion Halo Wood bietet eine organische, nat\u00fcrliche W\u00e4rme und Textur, die den modernen Linien des heutigen Designs gegen\u00fcbersteht.<br \/>\nDie 5 Holzoberfl\u00e4chen verwenden die gleichen klaren Linien wie die Halo-Acryl-Endst\u00fccke und bieten in Kombination mit den Metallakzenten der Sockel einen einzigartigen Effekt.<\/p>\n<p>Um die zeitgen\u00f6ssische \u00c4sthetik zu betonen k\u00f6nnen Sie Acrylstangen mit den Halo Wood Endst\u00fccken kombinieren.<\/p>\n<\/div><div class=\"fusion-clearfix\"><\/div><\/div><\/div><\/div><\/div><div class=\"fusion-fullwidth fullwidth-box fusion-builder-row-3 nonhundred-percent-fullwidth non-hundred-percent-height-scrolling\" style=\"--awb-border-radius-top-left:0px;--awb-border-radius-top-right:0px;--awb-border-radius-bottom-right:0px;--awb-border-radius-bottom-left:0px;--awb-margin-top:20px;\" ><div class=\"fusion-builder-row fusion-row\"><div class=\"fusion-layout-column fusion_builder_column fusion-builder-column-2 fusion_builder_column_1_2 1_2 fusion-one-half fusion-column-first\" style=\"--awb-bg-size:cover;width:50%;width:calc(50% - ( ( 4% ) * 0.5 ) );margin-right: 4%;\"><div class=\"fusion-column-wrapper fusion-column-has-shadow fusion-flex-column-wrapper-legacy\"><div class=\"fusion-text fusion-text-3\"><h2 style=\"text-align: center;\">Katalog Halo Wood<\/h2>\n<\/div><div class=\"fusion-image-element fusion-image-align-center in-legacy-container\" style=\"text-align:center;--awb-caption-title-size:var(--h2_typography-font-size);--awb-caption-title-transform:var(--h2_typography-text-transform);--awb-caption-title-line-height:var(--h2_typography-line-height);--awb-caption-title-letter-spacing:var(--h2_typography-letter-spacing);\"><div class=\"imageframe-align-center\"><span class=\" fusion-imageframe imageframe-none imageframe-1 hover-type-none\"><img decoding=\"async\" width=\"212\" height=\"300\" title=\"halo-gloss-mini-brochure-1\" src=\"https:\/\/varia-int.com\/wp-content\/uploads\/2020\/11\/halo-gloss-mini-brochure-1.jpg\" data-orig-src=\"https:\/\/varia-int.com\/wp-content\/uploads\/2020\/11\/halo-gloss-mini-brochure-1-212x300.jpg\" alt class=\"lazyload img-responsive wp-image-14619\" srcset=\"data:image\/svg+xml,%3Csvg%20xmlns%3D%27http%3A%2F%2Fwww.w3.org%2F2000%2Fsvg%27%20width%3D%27800%27%20height%3D%271132%27%20viewBox%3D%270%200%20800%201132%27%3E%3Crect%20width%3D%27800%27%20height%3D%271132%27%20fill-opacity%3D%220%22%2F%3E%3C%2Fsvg%3E\" data-srcset=\"https:\/\/varia-int.com\/wp-content\/uploads\/2020\/11\/halo-gloss-mini-brochure-1-200x283.jpg 200w, https:\/\/varia-int.com\/wp-content\/uploads\/2020\/11\/halo-gloss-mini-brochure-1-400x566.jpg 400w, https:\/\/varia-int.com\/wp-content\/uploads\/2020\/11\/halo-gloss-mini-brochure-1-600x849.jpg 600w, https:\/\/varia-int.com\/wp-content\/uploads\/2020\/11\/halo-gloss-mini-brochure-1.jpg 800w\" data-sizes=\"auto\" data-orig-sizes=\"(max-width: 800px) 100vw, 600px\" \/><\/span><\/div><\/div><div class=\"fusion-sep-clear\"><\/div><div class=\"fusion-separator fusion-full-width-sep\" style=\"margin-left: auto;margin-right: auto;margin-top:20px;width:100%;\"><\/div><div class=\"fusion-sep-clear\"><\/div><div class=\"fusion-aligncenter\"><a class=\"fusion-button button-flat fusion-button-default-size button-red fusion-button-red button-1 fusion-button-default-span fusion-button-default-type\" target=\"_blank\" rel=\"noopener noreferrer\" href=\"https:\/\/varia-int.com\/wp-content\/uploads\/2020\/11\/halo-wood-mini-brochure_Varia.pdf\"><span class=\"fusion-button-text\">Katalog Download<\/span><\/a><\/div><div class=\"fusion-clearfix\"><\/div><\/div><\/div><div class=\"fusion-layout-column fusion_builder_column fusion-builder-column-3 fusion_builder_column_1_2 1_2 fusion-one-half fusion-column-last\" style=\"--awb-bg-size:cover;width:50%;width:calc(50% - ( ( 4% ) * 0.5 ) );\"><div class=\"fusion-column-wrapper fusion-column-has-shadow fusion-flex-column-wrapper-legacy\"><div class=\"fusion-text fusion-text-4\"><h2 style=\"text-align: center;\">Preisliste Halo Wood<\/h2>\n<p style=\"text-align: left;\">Bitte kontaktieren Sie uns um das Passwort f\u00fcr die Preisliste zu erhalten.<\/p>\n<p style=\"text-align: left;\"><a href=\"mailto:varia@varia-int.com?subject=Bitte%20senden%20Sie%20mir%20das%20Passwort%20f%C3%BCr%20die%20Preisliste%20von%20Varia%20by%20Karl%20Leuthenmayr\">Senden Sie uns eine Email<\/a><\/p>\n<p style=\"text-align: left;\"><div class=\"sdm_download_item \"><div class=\"sdm_download_item_top\"><div class=\"sdm_download_thumbnail\"><\/div><div class=\"sdm_download_title\">Protected: Preisliste Halo Wood<\/div><\/div><div style=\"clear:both;\"><\/div><div class=\"sdm_download_description\"><\/div><div class=\"sdm_download_size\"><span class=\"sdm_download_size_label\">Size: <\/span><span class=\"sdm_download_size_value\">0,6 MB<\/span><\/div><div class=\"sdm_download_link\"><span class=\"sdm_download_button\"><span class=\"sdm_enter_password_label_text\">Enter Password to Download:<\/span><form action=\"https:\/\/varia-int.com\/?sdm_process_download=1&download_id=14637\" method=\"post\" id=\"sdm-pass-69e24e72342d1\" class=\"sdm-download-form\" target=\"_blank\"><input type=\"password\" name=\"pass_text\" class=\"sdm_pass_text\" value=\"\" \/> <span class=\"sdm-download-button\"><a href=\"#\" name=\"sdm_dl_pass_submit\" class=\"pass_sumbit sdm_pass_protected_download sdm_download_with_condition sdm_download blue\">Download Now!<\/a><\/span><input type=\"hidden\" name=\"download_id\" value=\"14637\" \/><\/form><\/span><\/div><\/div><div class=\"sdm_clear_float\"><\/div><\/p>\n<\/div><div class=\"fusion-clearfix\"><\/div><\/div><\/div><\/div><\/div><div class=\"fusion-fullwidth fullwidth-box fusion-builder-row-4 hundred-percent-fullwidth non-hundred-percent-height-scrolling\" style=\"--awb-border-radius-top-left:0px;--awb-border-radius-top-right:0px;--awb-border-radius-bottom-right:0px;--awb-border-radius-bottom-left:0px;\" ><div class=\"fusion-builder-row fusion-row\"><div class=\"fusion-layout-column fusion_builder_column fusion-builder-column-4 fusion_builder_column_1_1 1_1 fusion-one-full fusion-column-first fusion-column-last\" style=\"--awb-bg-size:cover;\"><div class=\"fusion-column-wrapper fusion-column-has-shadow fusion-flex-column-wrapper-legacy\"><div class=\"fusion-text fusion-text-5\"><h2 style=\"text-align: center;\">Galerie<\/h2>\n<\/div><div class=\"awb-gallery-wrapper awb-gallery-wrapper-1 button-span-no\"><div style=\"margin:-9px;--awb-bordersize:1px;--awb-bordercolor:#686868;\" class=\"fusion-gallery fusion-gallery-container fusion-grid-4 fusion-columns-total-5 fusion-gallery-layout-grid fusion-gallery-1\"><div style=\"padding:9px;\" class=\"fusion-grid-column fusion-gallery-column fusion-gallery-column-4 hover-type-zoomin\"><div class=\"fusion-gallery-image\"><a href=\"https:\/\/varia-int.com\/wp-content\/uploads\/2020\/11\/Globus-English-Oak.jpg\" data-caption=\"Globus-English Oak\" rel=\"noreferrer\" data-rel=\"iLightbox[gallery_image_1]\" class=\"fusion-lightbox\" target=\"_self\"><img decoding=\"async\" src=\"https:\/\/varia-int.com\/wp-content\/uploads\/2020\/11\/Globus-English-Oak.jpg\" data-orig-src=\"https:\/\/varia-int.com\/wp-content\/uploads\/2020\/11\/Globus-English-Oak.jpg\" width=\"880\" height=\"530\" alt=\"\" title=\"Globus-English Oak\" aria-label=\"Globus-English Oak\" class=\"lazyload img-responsive wp-image-14640\" srcset=\"data:image\/svg+xml,%3Csvg%20xmlns%3D%27http%3A%2F%2Fwww.w3.org%2F2000%2Fsvg%27%20width%3D%27880%27%20height%3D%27530%27%20viewBox%3D%270%200%20880%20530%27%3E%3Crect%20width%3D%27880%27%20height%3D%27530%27%20fill-opacity%3D%220%22%2F%3E%3C%2Fsvg%3E\" data-srcset=\"https:\/\/varia-int.com\/wp-content\/uploads\/2020\/11\/Globus-English-Oak-200x120.jpg 200w, https:\/\/varia-int.com\/wp-content\/uploads\/2020\/11\/Globus-English-Oak-400x241.jpg 400w, https:\/\/varia-int.com\/wp-content\/uploads\/2020\/11\/Globus-English-Oak-600x361.jpg 600w, https:\/\/varia-int.com\/wp-content\/uploads\/2020\/11\/Globus-English-Oak-800x482.jpg 800w, https:\/\/varia-int.com\/wp-content\/uploads\/2020\/11\/Globus-English-Oak.jpg 880w\" data-sizes=\"auto\" data-orig-sizes=\"(min-width: 2200px) 100vw, (min-width: 856px) 268px, (min-width: 784px) 358px, (min-width: 712px) 537px, (min-width: 640px) 712px, \" \/><\/a><\/div><\/div><div style=\"padding:9px;\" class=\"fusion-grid-column fusion-gallery-column fusion-gallery-column-4 hover-type-zoomin\"><div class=\"fusion-gallery-image\"><a href=\"https:\/\/varia-int.com\/wp-content\/uploads\/2020\/11\/Globus-Smoked-Oak.jpg\" data-caption=\"Globus-Smoked Oak\" rel=\"noreferrer\" data-rel=\"iLightbox[gallery_image_1]\" class=\"fusion-lightbox\" target=\"_self\"><img decoding=\"async\" src=\"https:\/\/varia-int.com\/wp-content\/uploads\/2020\/11\/Globus-Smoked-Oak.jpg\" data-orig-src=\"https:\/\/varia-int.com\/wp-content\/uploads\/2020\/11\/Globus-Smoked-Oak.jpg\" width=\"880\" height=\"530\" alt=\"\" title=\"Globus-Smoked Oak\" aria-label=\"Globus-Smoked Oak\" class=\"lazyload img-responsive wp-image-14641\" srcset=\"data:image\/svg+xml,%3Csvg%20xmlns%3D%27http%3A%2F%2Fwww.w3.org%2F2000%2Fsvg%27%20width%3D%27880%27%20height%3D%27530%27%20viewBox%3D%270%200%20880%20530%27%3E%3Crect%20width%3D%27880%27%20height%3D%27530%27%20fill-opacity%3D%220%22%2F%3E%3C%2Fsvg%3E\" data-srcset=\"https:\/\/varia-int.com\/wp-content\/uploads\/2020\/11\/Globus-Smoked-Oak-200x120.jpg 200w, https:\/\/varia-int.com\/wp-content\/uploads\/2020\/11\/Globus-Smoked-Oak-400x241.jpg 400w, https:\/\/varia-int.com\/wp-content\/uploads\/2020\/11\/Globus-Smoked-Oak-600x361.jpg 600w, https:\/\/varia-int.com\/wp-content\/uploads\/2020\/11\/Globus-Smoked-Oak-800x482.jpg 800w, https:\/\/varia-int.com\/wp-content\/uploads\/2020\/11\/Globus-Smoked-Oak.jpg 880w\" data-sizes=\"auto\" data-orig-sizes=\"(min-width: 2200px) 100vw, (min-width: 856px) 268px, (min-width: 784px) 358px, (min-width: 712px) 537px, (min-width: 640px) 712px, \" \/><\/a><\/div><\/div><div style=\"padding:9px;\" class=\"fusion-grid-column fusion-gallery-column fusion-gallery-column-4 hover-type-zoomin\"><div class=\"fusion-gallery-image\"><a href=\"https:\/\/varia-int.com\/wp-content\/uploads\/2020\/11\/Luna-Smoked-Oak.jpg\" data-caption=\"Luna-Smoked Oak\" rel=\"noreferrer\" data-rel=\"iLightbox[gallery_image_1]\" class=\"fusion-lightbox\" target=\"_self\"><img decoding=\"async\" src=\"https:\/\/varia-int.com\/wp-content\/uploads\/2020\/11\/Luna-Smoked-Oak.jpg\" data-orig-src=\"https:\/\/varia-int.com\/wp-content\/uploads\/2020\/11\/Luna-Smoked-Oak.jpg\" width=\"880\" height=\"530\" alt=\"\" title=\"Luna-Smoked Oak\" aria-label=\"Luna-Smoked Oak\" class=\"lazyload img-responsive wp-image-14643\" srcset=\"data:image\/svg+xml,%3Csvg%20xmlns%3D%27http%3A%2F%2Fwww.w3.org%2F2000%2Fsvg%27%20width%3D%27880%27%20height%3D%27530%27%20viewBox%3D%270%200%20880%20530%27%3E%3Crect%20width%3D%27880%27%20height%3D%27530%27%20fill-opacity%3D%220%22%2F%3E%3C%2Fsvg%3E\" data-srcset=\"https:\/\/varia-int.com\/wp-content\/uploads\/2020\/11\/Luna-Smoked-Oak-200x120.jpg 200w, https:\/\/varia-int.com\/wp-content\/uploads\/2020\/11\/Luna-Smoked-Oak-400x241.jpg 400w, https:\/\/varia-int.com\/wp-content\/uploads\/2020\/11\/Luna-Smoked-Oak-600x361.jpg 600w, https:\/\/varia-int.com\/wp-content\/uploads\/2020\/11\/Luna-Smoked-Oak-800x482.jpg 800w, https:\/\/varia-int.com\/wp-content\/uploads\/2020\/11\/Luna-Smoked-Oak.jpg 880w\" data-sizes=\"auto\" data-orig-sizes=\"(min-width: 2200px) 100vw, (min-width: 856px) 268px, (min-width: 784px) 358px, (min-width: 712px) 537px, (min-width: 640px) 712px, \" \/><\/a><\/div><\/div><div style=\"padding:9px;\" class=\"fusion-grid-column fusion-gallery-column fusion-gallery-column-4 hover-type-zoomin\"><div class=\"fusion-gallery-image\"><a href=\"https:\/\/varia-int.com\/wp-content\/uploads\/2020\/11\/Orion-Chateau-Grey-.jpg\" data-caption=\"Orion-Ch\u00e2teau Grey\" rel=\"noreferrer\" data-rel=\"iLightbox[gallery_image_1]\" class=\"fusion-lightbox\" target=\"_self\"><img decoding=\"async\" src=\"https:\/\/varia-int.com\/wp-content\/uploads\/2020\/11\/Orion-Chateau-Grey-.jpg\" data-orig-src=\"https:\/\/varia-int.com\/wp-content\/uploads\/2020\/11\/Orion-Chateau-Grey-.jpg\" width=\"880\" height=\"530\" alt=\"\" title=\"Orion-Ch\u00e2teau Grey\" aria-label=\"Orion-Ch\u00e2teau Grey\" class=\"lazyload img-responsive wp-image-14644\" srcset=\"data:image\/svg+xml,%3Csvg%20xmlns%3D%27http%3A%2F%2Fwww.w3.org%2F2000%2Fsvg%27%20width%3D%27880%27%20height%3D%27530%27%20viewBox%3D%270%200%20880%20530%27%3E%3Crect%20width%3D%27880%27%20height%3D%27530%27%20fill-opacity%3D%220%22%2F%3E%3C%2Fsvg%3E\" data-srcset=\"https:\/\/varia-int.com\/wp-content\/uploads\/2020\/11\/Orion-Chateau-Grey--200x120.jpg 200w, https:\/\/varia-int.com\/wp-content\/uploads\/2020\/11\/Orion-Chateau-Grey--400x241.jpg 400w, https:\/\/varia-int.com\/wp-content\/uploads\/2020\/11\/Orion-Chateau-Grey--600x361.jpg 600w, https:\/\/varia-int.com\/wp-content\/uploads\/2020\/11\/Orion-Chateau-Grey--800x482.jpg 800w, https:\/\/varia-int.com\/wp-content\/uploads\/2020\/11\/Orion-Chateau-Grey-.jpg 880w\" data-sizes=\"auto\" data-orig-sizes=\"(min-width: 2200px) 100vw, (min-width: 856px) 268px, (min-width: 784px) 358px, (min-width: 712px) 537px, (min-width: 640px) 712px, \" \/><\/a><\/div><\/div><div class=\"clearfix\"><\/div><div style=\"padding:9px;\" class=\"fusion-grid-column fusion-gallery-column fusion-gallery-column-4 hover-type-zoomin\"><div class=\"fusion-gallery-image\"><a href=\"https:\/\/varia-int.com\/wp-content\/uploads\/2020\/11\/Stellar-Toasted-Oak.jpg\" data-caption=\"Stellar-Toasted Oak\" rel=\"noreferrer\" data-rel=\"iLightbox[gallery_image_1]\" class=\"fusion-lightbox\" target=\"_self\"><img decoding=\"async\" src=\"https:\/\/varia-int.com\/wp-content\/uploads\/2020\/11\/Stellar-Toasted-Oak.jpg\" data-orig-src=\"https:\/\/varia-int.com\/wp-content\/uploads\/2020\/11\/Stellar-Toasted-Oak.jpg\" width=\"880\" height=\"530\" alt=\"\" title=\"Stellar-Toasted Oak\" aria-label=\"Stellar-Toasted Oak\" class=\"lazyload img-responsive wp-image-14645\" srcset=\"data:image\/svg+xml,%3Csvg%20xmlns%3D%27http%3A%2F%2Fwww.w3.org%2F2000%2Fsvg%27%20width%3D%27880%27%20height%3D%27530%27%20viewBox%3D%270%200%20880%20530%27%3E%3Crect%20width%3D%27880%27%20height%3D%27530%27%20fill-opacity%3D%220%22%2F%3E%3C%2Fsvg%3E\" data-srcset=\"https:\/\/varia-int.com\/wp-content\/uploads\/2020\/11\/Stellar-Toasted-Oak-200x120.jpg 200w, https:\/\/varia-int.com\/wp-content\/uploads\/2020\/11\/Stellar-Toasted-Oak-400x241.jpg 400w, https:\/\/varia-int.com\/wp-content\/uploads\/2020\/11\/Stellar-Toasted-Oak-600x361.jpg 600w, https:\/\/varia-int.com\/wp-content\/uploads\/2020\/11\/Stellar-Toasted-Oak-800x482.jpg 800w, https:\/\/varia-int.com\/wp-content\/uploads\/2020\/11\/Stellar-Toasted-Oak.jpg 880w\" data-sizes=\"auto\" data-orig-sizes=\"(min-width: 2200px) 100vw, (min-width: 856px) 268px, (min-width: 784px) 358px, (min-width: 712px) 537px, (min-width: 640px) 712px, \" \/><\/a><\/div><\/div><\/div><\/div><div class=\"awb-gallery-wrapper awb-gallery-wrapper-2 button-span-no\"><div style=\"margin:-5px;--awb-bordersize:0px;\" class=\"fusion-gallery fusion-gallery-container fusion-grid-3 fusion-columns-total-3 fusion-gallery-layout-grid fusion-gallery-2\"><div style=\"padding:5px;\" class=\"fusion-grid-column fusion-gallery-column fusion-gallery-column-3 hover-type-none\"><div class=\"fusion-gallery-image\"><a href=\"https:\/\/varia-int.com\/wp-content\/uploads\/2020\/11\/Vorhangstangen_Halo_Wood.jpg\" data-title=\"Vorhangstangen_Halo_Wood\" title=\"Vorhangstangen_Halo_Wood\" data-caption=\"Vorhangstangen_Halo_Wood\" rel=\"noreferrer\" data-rel=\"iLightbox[gallery_image_2]\" class=\"fusion-lightbox\" target=\"_self\"><img decoding=\"async\" src=\"https:\/\/varia-int.com\/wp-content\/uploads\/2020\/11\/Vorhangstangen_Halo_Wood.jpg\" data-orig-src=\"https:\/\/varia-int.com\/wp-content\/uploads\/2020\/11\/Vorhangstangen_Halo_Wood.jpg\" width=\"1000\" height=\"612\" alt=\"\" title=\"Vorhangstangen_Halo_Wood\" aria-label=\"Vorhangstangen_Halo_Wood\" class=\"lazyload img-responsive wp-image-14646\" srcset=\"data:image\/svg+xml,%3Csvg%20xmlns%3D%27http%3A%2F%2Fwww.w3.org%2F2000%2Fsvg%27%20width%3D%271000%27%20height%3D%27612%27%20viewBox%3D%270%200%201000%20612%27%3E%3Crect%20width%3D%271000%27%20height%3D%27612%27%20fill-opacity%3D%220%22%2F%3E%3C%2Fsvg%3E\" data-srcset=\"https:\/\/varia-int.com\/wp-content\/uploads\/2020\/11\/Vorhangstangen_Halo_Wood-200x122.jpg 200w, https:\/\/varia-int.com\/wp-content\/uploads\/2020\/11\/Vorhangstangen_Halo_Wood-400x245.jpg 400w, https:\/\/varia-int.com\/wp-content\/uploads\/2020\/11\/Vorhangstangen_Halo_Wood-600x367.jpg 600w, https:\/\/varia-int.com\/wp-content\/uploads\/2020\/11\/Vorhangstangen_Halo_Wood-800x490.jpg 800w, https:\/\/varia-int.com\/wp-content\/uploads\/2020\/11\/Vorhangstangen_Halo_Wood.jpg 1000w\" data-sizes=\"auto\" data-orig-sizes=\"(min-width: 2200px) 100vw, (min-width: 784px) 363px, (min-width: 712px) 545px, (min-width: 640px) 712px, \" \/><\/a><\/div><\/div><div class=\"clearfix\"><\/div><div style=\"padding:5px;\" class=\"fusion-grid-column fusion-gallery-column fusion-gallery-column-3 hover-type-none\"><div class=\"fusion-gallery-image\"><a href=\"https:\/\/varia-int.com\/wp-content\/uploads\/2020\/11\/Vorhangstangen_Halo_Wood_1.jpg\" data-title=\"Vorhangstangen_Halo_Wood_1\" title=\"Vorhangstangen_Halo_Wood_1\" data-caption=\"Vorhangstangen_Halo_Wood\" rel=\"noreferrer\" data-rel=\"iLightbox[gallery_image_2]\" class=\"fusion-lightbox\" target=\"_self\"><img decoding=\"async\" src=\"https:\/\/varia-int.com\/wp-content\/uploads\/2020\/11\/Vorhangstangen_Halo_Wood_1.jpg\" data-orig-src=\"https:\/\/varia-int.com\/wp-content\/uploads\/2020\/11\/Vorhangstangen_Halo_Wood_1.jpg\" width=\"1000\" height=\"612\" alt=\"\" title=\"Vorhangstangen_Halo_Wood_1\" aria-label=\"Vorhangstangen_Halo_Wood_1\" class=\"lazyload img-responsive wp-image-14647\" srcset=\"data:image\/svg+xml,%3Csvg%20xmlns%3D%27http%3A%2F%2Fwww.w3.org%2F2000%2Fsvg%27%20width%3D%271000%27%20height%3D%27612%27%20viewBox%3D%270%200%201000%20612%27%3E%3Crect%20width%3D%271000%27%20height%3D%27612%27%20fill-opacity%3D%220%22%2F%3E%3C%2Fsvg%3E\" data-srcset=\"https:\/\/varia-int.com\/wp-content\/uploads\/2020\/11\/Vorhangstangen_Halo_Wood_1-200x122.jpg 200w, https:\/\/varia-int.com\/wp-content\/uploads\/2020\/11\/Vorhangstangen_Halo_Wood_1-400x245.jpg 400w, https:\/\/varia-int.com\/wp-content\/uploads\/2020\/11\/Vorhangstangen_Halo_Wood_1-600x367.jpg 600w, https:\/\/varia-int.com\/wp-content\/uploads\/2020\/11\/Vorhangstangen_Halo_Wood_1-800x490.jpg 800w, https:\/\/varia-int.com\/wp-content\/uploads\/2020\/11\/Vorhangstangen_Halo_Wood_1.jpg 1000w\" data-sizes=\"auto\" data-orig-sizes=\"(min-width: 2200px) 100vw, (min-width: 784px) 363px, (min-width: 712px) 545px, (min-width: 640px) 712px, \" \/><\/a><\/div><\/div><div style=\"padding:5px;\" class=\"fusion-grid-column fusion-gallery-column fusion-gallery-column-3 hover-type-none\"><div class=\"fusion-gallery-image\"><a href=\"https:\/\/varia-int.com\/wp-content\/uploads\/2020\/11\/Vorhangstangen_Halo_Wood_2.jpg\" data-title=\"Vorhangstangen_Halo_Wood_2\" title=\"Vorhangstangen_Halo_Wood_2\" data-caption=\"Vorhangstangen_Halo_Wood\" rel=\"noreferrer\" data-rel=\"iLightbox[gallery_image_2]\" class=\"fusion-lightbox\" target=\"_self\"><img decoding=\"async\" src=\"https:\/\/varia-int.com\/wp-content\/uploads\/2020\/11\/Vorhangstangen_Halo_Wood_2.jpg\" data-orig-src=\"https:\/\/varia-int.com\/wp-content\/uploads\/2020\/11\/Vorhangstangen_Halo_Wood_2.jpg\" width=\"1000\" height=\"612\" alt=\"\" title=\"Vorhangstangen_Halo_Wood_2\" aria-label=\"Vorhangstangen_Halo_Wood_2\" class=\"lazyload img-responsive wp-image-14648\" srcset=\"data:image\/svg+xml,%3Csvg%20xmlns%3D%27http%3A%2F%2Fwww.w3.org%2F2000%2Fsvg%27%20width%3D%271000%27%20height%3D%27612%27%20viewBox%3D%270%200%201000%20612%27%3E%3Crect%20width%3D%271000%27%20height%3D%27612%27%20fill-opacity%3D%220%22%2F%3E%3C%2Fsvg%3E\" data-srcset=\"https:\/\/varia-int.com\/wp-content\/uploads\/2020\/11\/Vorhangstangen_Halo_Wood_2-200x122.jpg 200w, https:\/\/varia-int.com\/wp-content\/uploads\/2020\/11\/Vorhangstangen_Halo_Wood_2-400x245.jpg 400w, https:\/\/varia-int.com\/wp-content\/uploads\/2020\/11\/Vorhangstangen_Halo_Wood_2-600x367.jpg 600w, https:\/\/varia-int.com\/wp-content\/uploads\/2020\/11\/Vorhangstangen_Halo_Wood_2-800x490.jpg 800w, https:\/\/varia-int.com\/wp-content\/uploads\/2020\/11\/Vorhangstangen_Halo_Wood_2.jpg 1000w\" data-sizes=\"auto\" data-orig-sizes=\"(min-width: 2200px) 100vw, (min-width: 784px) 363px, (min-width: 712px) 545px, (min-width: 640px) 712px, \" \/><\/a><\/div><\/div><\/div><\/div><div class=\"fusion-clearfix\"><\/div><\/div><\/div><\/div><\/div><\/p>\n","protected":false},"excerpt":{"rendered":"","protected":false},"author":1,"featured_media":0,"parent":0,"menu_order":0,"comment_status":"closed","ping_status":"closed","template":"100-width.php","meta":{"footnotes":""},"class_list":["post-14634","page","type-page","status-publish","hentry"],"_links":{"self":[{"href":"https:\/\/varia-int.com\/en\/wp-json\/wp\/v2\/pages\/14634","targetHints":{"allow":["GET"]}}],"collection":[{"href":"https:\/\/varia-int.com\/en\/wp-json\/wp\/v2\/pages"}],"about":[{"href":"https:\/\/varia-int.com\/en\/wp-json\/wp\/v2\/types\/page"}],"author":[{"embeddable":true,"href":"https:\/\/varia-int.com\/en\/wp-json\/wp\/v2\/users\/1"}],"replies":[{"embeddable":true,"href":"https:\/\/varia-int.com\/en\/wp-json\/wp\/v2\/comments?post=14634"}],"version-history":[{"count":0,"href":"https:\/\/varia-int.com\/en\/wp-json\/wp\/v2\/pages\/14634\/revisions"}],"wp:attachment":[{"href":"https:\/\/varia-int.com\/en\/wp-json\/wp\/v2\/media?parent=14634"}],"curies":[{"name":"wp","href":"https:\/\/api.w.org\/{rel}","templated":true}]}}