{"id":1276,"date":"2020-01-12T09:06:16","date_gmt":"2020-01-12T09:06:16","guid":{"rendered":"https:\/\/varia-int.com\/?page_id=1276"},"modified":"2020-01-12T09:10:18","modified_gmt":"2020-01-12T09:10:18","slug":"ueber-uns","status":"publish","type":"page","link":"https:\/\/varia-int.com\/fr\/ueber-uns\/","title":{"rendered":"\u00c0 propos"},"content":{"rendered":"<p><div class=\"fusion-fullwidth fullwidth-box fusion-builder-row-1 nonhundred-percent-fullwidth non-hundred-percent-height-scrolling\" style=\"--awb-border-radius-top-left:0px;--awb-border-radius-top-right:0px;--awb-border-radius-bottom-right:0px;--awb-border-radius-bottom-left:0px;--awb-padding-top:40px;--awb-padding-bottom:40px;--awb-margin-top:0px;--awb-margin-bottom:10px;--awb-background-color:rgba(209,209,209,0.3);\" ><div class=\"fusion-builder-row fusion-row\"><div class=\"fusion-layout-column fusion_builder_column fusion-builder-column-0 fusion_builder_column_1_1 1_1 fusion-one-full fusion-column-first fusion-column-last\" style=\"--awb-bg-color:rgba(255,255,255,0.61);--awb-bg-size:cover;\"><div class=\"fusion-column-wrapper fusion-flex-column-wrapper-legacy\"><div class=\"fusion-column-content-centered\"><div class=\"fusion-column-content\"><div class=\"fusion-text fusion-text-1\"><h1 class=\"textredgrosscursive\" style=\"text-align: center;\">Varia par Karl Leuthenmayr<\/h1>\n<div class=\"textblaumittel\"><\/div>\n<\/div><\/div><\/div><div class=\"fusion-clearfix\"><\/div><\/div><\/div><\/div><\/div><div class=\"fusion-fullwidth fullwidth-box fusion-builder-row-2 nonhundred-percent-fullwidth non-hundred-percent-height-scrolling\" style=\"--awb-border-radius-top-left:0px;--awb-border-radius-top-right:0px;--awb-border-radius-bottom-right:0px;--awb-border-radius-bottom-left:0px;--awb-padding-top:10px;--awb-margin-top:0px;--awb-margin-bottom:0px;\" ><div class=\"fusion-builder-row fusion-row\"><div class=\"fusion-layout-column fusion_builder_column fusion-builder-column-1 fusion_builder_column_1_1 1_1 fusion-one-full fusion-column-first fusion-column-last\" style=\"--awb-bg-size:cover;\"><div class=\"fusion-column-wrapper fusion-flex-column-wrapper-legacy\"><div class=\"fusion-text fusion-text-2\"><p><a href=\"https:\/\/varia-int.com\/wp-content\/uploads\/2020\/01\/Karl_Leuthenmayr.jpg\"><img decoding=\"async\" class=\"lazyload size-full wp-image-1278 alignleft\" src=\"https:\/\/varia-int.com\/wp-content\/uploads\/2020\/01\/Karl_Leuthenmayr.jpg\" data-orig-src=\"https:\/\/varia-int.com\/wp-content\/uploads\/2020\/01\/Karl_Leuthenmayr.jpg\" alt=\"Karl_Leuthenmayr\" width=\"248\" height=\"189\" srcset=\"data:image\/svg+xml,%3Csvg%20xmlns%3D%27http%3A%2F%2Fwww.w3.org%2F2000%2Fsvg%27%20width%3D%27248%27%20height%3D%27189%27%20viewBox%3D%270%200%20248%20189%27%3E%3Crect%20width%3D%27248%27%20height%3D%27189%27%20fill-opacity%3D%220%22%2F%3E%3C%2Fsvg%3E\" data-srcset=\"https:\/\/varia-int.com\/wp-content\/uploads\/2020\/01\/Karl_Leuthenmayr-200x152.jpg 200w, https:\/\/varia-int.com\/wp-content\/uploads\/2020\/01\/Karl_Leuthenmayr.jpg 248w\" data-sizes=\"auto\" data-orig-sizes=\"(max-width: 248px) 100vw, 248px\" \/><\/a><\/p>\n<div class=\"textblaumittel\">\n<p>Rideaux exquis, garnitures d\u00e9coratives ou papier peint: avec sa soci\u00e9t\u00e9 Varia, Karl Leuthenmayr s&#039;occupe des d\u00e9tails de d\u00e9coration qui compl\u00e8tent un int\u00e9rieur \u00e9l\u00e9gant.<\/p>\n<p><span class=\"textredmittel\">&quot;Qu&#039;est-ce qui est beau &amp; #8211; et o\u00f9 commence le kitsch? C&#039;est la grande question quand il s&#039;agit de style \u00bb, se demande Karl Leuthenmayr. &quot;Le bon go\u00fbt, c&#039;est quand quelque chose est mis dans la bonne situation.&quot;\u00a0<\/span>Une d\u00e9finition plausible. Sa nouvelle cr\u00e9ation, le rideau de fils \u00e0 la &quot;fibre optique&quot; scintillante, illustre ce point de vue. Dans une ambiance attrayante &amp; #8211; comme une vitrine \u00e9l\u00e9gante ou sur un stand de foire commerciale &amp; #8211; il a l&#039;air cultiv\u00e9. Combin\u00e9 avec des meubles en plastique bon march\u00e9, des tapis moelleux et du papier peint \u00e0 fleurs, le risque de kitsch pour le rideau \u00e9tincelant serait consid\u00e9rablement plus \u00e9lev\u00e9. Leuthenmayr \u00e9tablit des normes esth\u00e9tiques \u00e9lev\u00e9es pour la gamme de sa soci\u00e9t\u00e9 Varia. Ceci est confirm\u00e9 par un regard sur les tissus de rideaux nobles en damass\u00e9 \u00e0 motifs fins, en organza, en tulle et en soie chatoyante dans des couleurs in\u00e9puisables, sur les glands d\u00e9coratifs astucieux ou les garnitures d\u00e9coratives en laiton de notre propre fonderie, qui remplissent le showroom de Munich. Il propose 600 tissus diff\u00e9rents et fins, un m\u00eame dans 100 variations de couleurs. Il vend \u00e9galement des d\u00e9cors tels que des tringles \u00e0 rideaux et des ferrures distinctives, des r\u00e9\u00e9ditions \u00e0 la Louis XV. du XVIIIe si\u00e8cle, papiers peints d&#039;exception, finitions pr\u00e9cieuses et tissus ininflammables.<\/p>\n<p>Depuis pr\u00e8s de 40 ans, Karl Leuthenmayr g\u00e8re Varia, &quot;la source de shopping pour les d\u00e9taillants sp\u00e9cialis\u00e9s, les architectes et les d\u00e9corateurs&quot;, alors qu&#039;il d\u00e9crit sa soci\u00e9t\u00e9 mondiale avec des bureaux \u00e0 Paris, Munich, Londres et Miami. Le sp\u00e9cialiste de la d\u00e9coration a d\u00e9velopp\u00e9 la passion des tissus fins chez les jeunes. \u00abJ&#039;ai \u00e9t\u00e9 fascin\u00e9 par les couvertures damass\u00e9es de meubles anciens. Et j&#039;ai toujours voulu savoir comment le damass\u00e9 est fabriqu\u00e9 \u00bb, se souvient-il. Apr\u00e8s un apprentissage chez le fabricant fran\u00e7ais de tissus &quot;Mercier Fr\u00e8res&quot; et de nouvelles ann\u00e9es aux USA, il cr\u00e9e sa propre entreprise \u00e0 Paris en 1972. Le jeune Allemand, bien \u00e9quip\u00e9 pour le commerce international avec une scolarit\u00e9 en anglais, s&#039;est initialement sp\u00e9cialis\u00e9 dans les tissus d&#039;ameublement. Il a con\u00e7u des collections de tissus qu&#039;il a vendues \u00e0 des entreprises rembourr\u00e9es. \u00abAvoir des id\u00e9es est tr\u00e8s important. La cr\u00e9ativit\u00e9 est le point crucial de l&#039;entreprise. Et vous devez savoir ce que veulent les clients \u00bb, explique l&#039;expert en style. Lorsque le gouvernement fran\u00e7ais a d\u00e9cid\u00e9 que les installations publiques devaient \u00eatre ignifug\u00e9es, Varia a d\u00e9velopp\u00e9 des mat\u00e9riaux incombustibles en 1975 &amp; #8211; avec beaucoup de succ\u00e8s.<\/p>\n<p>Que ce soit un tissu \u00e0 paillettes ou des cha\u00eenes m\u00e9talliques comme rideau &amp; #8211; comment Leuthenmayr trouve-t-il de nouvelles id\u00e9es? \u00abLes meilleures id\u00e9es de ma vie sont venues d&#039;erreurs de production et d&#039;observations. Quelque chose ne va pas &amp; #8211; et une id\u00e9e de quelque chose de nouveau est n\u00e9e \u00bb, explique la femme de 70 ans. &quot;Le rideau de fils, par exemple, remonte aux bandes de l&#039;attrape-mouche.&quot; Son sentiment pour les belles choses sp\u00e9ciales, l&#039;artisanat de premi\u00e8re classe et le sens de la qualit\u00e9 devraient \u00e9galement \u00eatre utiles. \u00abUn traitement qui prend du temps et de la pr\u00e9cision et beaucoup d&#039;amour dans la fabrication est important pour moi. Rien n&#039;est trop cher s&#039;il est beau. Bien s\u00fbr, vous devez trouver les clients pour cela. Et ce n&#039;est pas si facile en Allemagne \u00bb, a-t-il regrett\u00e9. Il s&#039;appuie fortement sur le commerce sur Internet et parle quotidiennement sur Skype avec son concepteur de sites Web allemand \u00e0 Bangalore ou les fabricants fran\u00e7ais de garnitures. Il passe facilement de l&#039;anglais au fran\u00e7ais &amp; #8211; certainement un atout majeur pour beaucoup de ses clients, y compris les familles royales ainsi que les propri\u00e9taires de ch\u00e2teaux, th\u00e9\u00e2tres, h\u00f4tels et exposants de foires commerciales.<\/p>\n<\/div>\n<\/div><div class=\"fusion-clearfix\"><\/div><\/div><\/div><\/div><\/div><div class=\"fusion-fullwidth fullwidth-box fusion-builder-row-3 nonhundred-percent-fullwidth non-hundred-percent-height-scrolling\" style=\"--awb-border-radius-top-left:0px;--awb-border-radius-top-right:0px;--awb-border-radius-bottom-right:0px;--awb-border-radius-bottom-left:0px;--awb-padding-top:20px;--awb-margin-top:0px;--awb-margin-bottom:0px;--awb-background-color:#ab1834;\" ><div class=\"fusion-builder-row fusion-row\"><div class=\"fusion-layout-column fusion_builder_column fusion-builder-column-2 fusion_builder_column_1_1 1_1 fusion-one-full fusion-column-first fusion-column-last\" style=\"--awb-bg-size:cover;\"><div class=\"fusion-column-wrapper fusion-flex-column-wrapper-legacy\"><div class=\"fusion-text fusion-text-3\"><p style=\"text-align: center;\"><span style=\"color: #ffffff;\">Londres \u2022 Paris \u2022 Munich \u2022 San Francisco \u2022 Varsovie \u2022 Prague \u2022 Budapest \u2022 Barcelone \u2022 Quito<\/span><\/p>\n<\/div><div class=\"fusion-clearfix\"><\/div><\/div><\/div><\/div><\/div><\/p>","protected":false},"excerpt":{"rendered":"","protected":false},"author":1,"featured_media":0,"parent":0,"menu_order":0,"comment_status":"closed","ping_status":"open","template":"100-width.php","meta":{"footnotes":""},"class_list":["post-1276","page","type-page","status-publish","hentry"],"_links":{"self":[{"href":"https:\/\/varia-int.com\/fr\/wp-json\/wp\/v2\/pages\/1276","targetHints":{"allow":["GET"]}}],"collection":[{"href":"https:\/\/varia-int.com\/fr\/wp-json\/wp\/v2\/pages"}],"about":[{"href":"https:\/\/varia-int.com\/fr\/wp-json\/wp\/v2\/types\/page"}],"author":[{"embeddable":true,"href":"https:\/\/varia-int.com\/fr\/wp-json\/wp\/v2\/users\/1"}],"replies":[{"embeddable":true,"href":"https:\/\/varia-int.com\/fr\/wp-json\/wp\/v2\/comments?post=1276"}],"version-history":[{"count":0,"href":"https:\/\/varia-int.com\/fr\/wp-json\/wp\/v2\/pages\/1276\/revisions"}],"wp:attachment":[{"href":"https:\/\/varia-int.com\/fr\/wp-json\/wp\/v2\/media?parent=1276"}],"curies":[{"name":"wp","href":"https:\/\/api.w.org\/{rel}","templated":true}]}}