{"id":14028,"date":"2020-09-17T08:54:05","date_gmt":"2020-09-17T08:54:05","guid":{"rendered":"https:\/\/varia-int.com\/?page_id=14028"},"modified":"2023-07-20T06:42:42","modified_gmt":"2023-07-20T06:42:42","slug":"preisliste","status":"publish","type":"page","link":"https:\/\/varia-int.com\/fr\/preisliste\/","title":{"rendered":"Listes de prix"},"content":{"rendered":"<p><div class=\"fusion-fullwidth fullwidth-box fusion-builder-row-1 nonhundred-percent-fullwidth non-hundred-percent-height-scrolling\" style=\"--awb-border-radius-top-left:0px;--awb-border-radius-top-right:0px;--awb-border-radius-bottom-right:0px;--awb-border-radius-bottom-left:0px;--awb-padding-top:40px;--awb-padding-right:40px;--awb-padding-bottom:40px;--awb-padding-left:40px;--awb-background-color:rgba(209,209,209,0.3);\" ><div class=\"fusion-builder-row fusion-row\"><div class=\"fusion-layout-column fusion_builder_column fusion-builder-column-0 fusion_builder_column_1_1 1_1 fusion-one-full fusion-column-first fusion-column-last\" style=\"--awb-bg-color:rgba(255,255,255,0.61);--awb-bg-size:cover;\"><div class=\"fusion-column-wrapper fusion-column-has-shadow fusion-flex-column-wrapper-legacy\"><div class=\"fusion-column-content-centered\"><div class=\"fusion-column-content\"><div class=\"fusion-text fusion-text-1\"><h1 style=\"text-align: center;\">Listes de prix<\/h1>\n<\/div><\/div><\/div><div class=\"fusion-clearfix\"><\/div><\/div><\/div><\/div><\/div><div class=\"fusion-fullwidth fullwidth-box fusion-builder-row-2 fusion-flex-container nonhundred-percent-fullwidth non-hundred-percent-height-scrolling\" style=\"--awb-border-radius-top-left:0px;--awb-border-radius-top-right:0px;--awb-border-radius-bottom-right:0px;--awb-border-radius-bottom-left:0px;\" ><div class=\"fusion-builder-row fusion-row fusion-flex-align-items-flex-start\" style=\"max-width:1144px;margin-left: calc(-4% \/ 2 );margin-right: calc(-4% \/ 2 );\"><div class=\"fusion-layout-column fusion_builder_column fusion-builder-column-1 fusion_builder_column_1_2 1_2 fusion-flex-column\" style=\"--awb-bg-size:cover;--awb-width-large:50%;--awb-margin-top-large:0px;--awb-spacing-right-large:3.84%;--awb-margin-bottom-large:20px;--awb-spacing-left-large:3.84%;--awb-width-medium:100%;--awb-order-medium:0;--awb-spacing-right-medium:1.92%;--awb-spacing-left-medium:1.92%;--awb-width-small:100%;--awb-order-small:0;--awb-spacing-right-small:1.92%;--awb-spacing-left-small:1.92%;\"><div class=\"fusion-column-wrapper fusion-column-has-shadow fusion-flex-justify-content-flex-start fusion-content-layout-column\"><div class=\"fusion-image-element\" style=\"text-align:center;--awb-caption-title-size:var(--h2_typography-font-size);--awb-caption-title-transform:var(--h2_typography-text-transform);--awb-caption-title-line-height:var(--h2_typography-line-height);--awb-caption-title-letter-spacing:var(--h2_typography-letter-spacing);\"><span class=\"fusion-imageframe imageframe-none imageframe-1 hover-type-none\"><a class=\"fusion-no-lightbox\" href=\"https:\/\/varia-int.com\/wp-content\/uploads\/2021\/09\/VARIA_Vorhangstangen_Katalog.pdf\" target=\"_blank\" aria-label=\"Page de titre du catalogue de tringles \u00e0 rideaux Varia\" rel=\"noopener noreferrer\"><img decoding=\"async\" width=\"400\" height=\"566\" alt=\"Varia Vorhangstangen Katalog Titelseite\" src=\"https:\/\/varia-int.com\/wp-content\/uploads\/2021\/09\/katalog-vorhangstangen-cover-de-1.jpg\" data-orig-src=\"https:\/\/varia-int.com\/wp-content\/uploads\/2021\/09\/katalog-vorhangstangen-cover-de-1-400x566.jpg\" class=\"lazyload img-responsive wp-image-16446\" srcset=\"data:image\/svg+xml,%3Csvg%20xmlns%3D%27http%3A%2F%2Fwww.w3.org%2F2000%2Fsvg%27%20width%3D%27794%27%20height%3D%271123%27%20viewBox%3D%270%200%20794%201123%27%3E%3Crect%20width%3D%27794%27%20height%3D%271123%27%20fill-opacity%3D%220%22%2F%3E%3C%2Fsvg%3E\" data-srcset=\"https:\/\/varia-int.com\/wp-content\/uploads\/2021\/09\/katalog-vorhangstangen-cover-de-1-200x283.jpg 200w, https:\/\/varia-int.com\/wp-content\/uploads\/2021\/09\/katalog-vorhangstangen-cover-de-1-400x566.jpg 400w, https:\/\/varia-int.com\/wp-content\/uploads\/2021\/09\/katalog-vorhangstangen-cover-de-1-600x849.jpg 600w, https:\/\/varia-int.com\/wp-content\/uploads\/2021\/09\/katalog-vorhangstangen-cover-de-1.jpg 794w\" data-sizes=\"auto\" data-orig-sizes=\"(max-width: 1024px) 100vw, (max-width: 640px) 100vw, 600px\" \/><\/a><\/span><\/div><div style=\"text-align:center;\"><a class=\"fusion-button button-flat fusion-button-default-size button-red fusion-button-red button-1 fusion-button-default-span fusion-button-default-type\" target=\"_blank\" rel=\"noopener noreferrer\" href=\"https:\/\/varia-int.com\/wp-content\/uploads\/2021\/09\/VARIA_Vorhangstangen_Katalog.pdf\"><span class=\"fusion-button-text\">T\u00e9l\u00e9charger le catalogue des tringles \u00e0 rideaux PDF<\/span><\/a><\/div><\/div><\/div><div class=\"fusion-layout-column fusion_builder_column fusion-builder-column-2 fusion_builder_column_1_2 1_2 fusion-flex-column\" style=\"--awb-bg-size:cover;--awb-width-large:50%;--awb-margin-top-large:0px;--awb-spacing-right-large:3.84%;--awb-margin-bottom-large:20px;--awb-spacing-left-large:3.84%;--awb-width-medium:100%;--awb-order-medium:0;--awb-spacing-right-medium:1.92%;--awb-spacing-left-medium:1.92%;--awb-width-small:100%;--awb-order-small:0;--awb-spacing-right-small:1.92%;--awb-spacing-left-small:1.92%;\"><div class=\"fusion-column-wrapper fusion-column-has-shadow fusion-flex-justify-content-flex-start fusion-content-layout-column\"><div class=\"fusion-text fusion-text-2\"><div class=\"sdm_download_item\"><div class=\"sdm_download_item_top\"><div class=\"sdm_download_thumbnail\"><img decoding=\"async\" class=\"lazyload sdm_download_thumbnail_image\" src=\"data:image\/svg+xml,%3Csvg%20xmlns%3D%27http%3A%2F%2Fwww.w3.org%2F2000%2Fsvg%27%20width%3D%27794%27%20height%3D%271123%27%20viewBox%3D%270%200%20794%201123%27%3E%3Crect%20width%3D%27794%27%20height%3D%271123%27%20fill-opacity%3D%220%22%2F%3E%3C%2Fsvg%3E\" data-orig-src=\"https:\/\/varia-int.com\/wp-content\/uploads\/2021\/09\/preisliste-vorhangstangen-cover-de2.jpg\" alt = \"Protected: Preisliste Varia Vorhangstangen\" \/><\/div><div class=\"sdm_download_title\">Prot\u00e9g\u00e9 : Tarif tringles \u00e0 rideaux Varia<\/div><\/div><div style=\"clear:both;\"><\/div><div class=\"sdm_download_description\"><\/div><div class=\"sdm_download_size\"><span class=\"sdm_download_size_label\">Taille: <\/span><span class=\"sdm_download_size_value\">3,7 Mo<\/span><\/div><div class=\"sdm_download_link\"><span class=\"sdm_download_button\"><span class=\"sdm_enter_password_label_text\">Entrez le mot de passe pour t\u00e9l\u00e9charger:<\/span><form action=\"https:\/\/varia-int.com\/fr\/?sdm_process_download=1&#038;download_id=16707\" method=\"post\" id=\"sdm-pass-69d1eb5bdbf52\" class=\"sdm-download-form\" target=\"_blank\" data-trp-original-action=\"https:\/\/varia-int.com\/?sdm_process_download=1&download_id=16707\"><input type=\"password\" name=\"pass_text\" class=\"sdm_pass_text\" value=\"\" \/> <span class=\"sdm-download-button\"><a href=\"#\" name=\"sdm_dl_pass_submit\" class=\"pass_sumbit sdm_pass_protected_download sdm_download_with_condition sdm_download blue\">T\u00e9l\u00e9charger le catalogue<\/a><\/span><input type=\"hidden\" name=\"download_id\" value=\"16707\" \/><input type=\"hidden\" name=\"trp-form-language\" value=\"fr\"\/><\/form><\/span><\/div><\/div><div class=\"sdm_clear_float\"><\/div>\n<\/div><div class=\"fusion-text fusion-text-3\"><p>Si la liste de prix ne s&#039;ouvre pas automatiquement apr\u00e8s le t\u00e9l\u00e9chargement, vous pouvez la trouver dans votre dossier de t\u00e9l\u00e9chargement (dossier des fichiers t\u00e9l\u00e9charg\u00e9s).<\/p>\n<\/div><div class=\"fusion-text fusion-text-4\"><p>Les prix sont des prix indicatifs, veuillez toujours vous renseigner sur les prix actuels et les d\u00e9lais de livraison avant de commander.<\/p>\n<\/div><\/div><\/div><div class=\"fusion-layout-column fusion_builder_column fusion-builder-column-3 fusion_builder_column_1_1 1_1 fusion-flex-column\" style=\"--awb-bg-size:cover;--awb-width-large:100%;--awb-margin-top-large:0px;--awb-spacing-right-large:1.92%;--awb-margin-bottom-large:20px;--awb-spacing-left-large:1.92%;--awb-width-medium:100%;--awb-order-medium:0;--awb-spacing-right-medium:1.92%;--awb-spacing-left-medium:1.92%;--awb-width-small:100%;--awb-order-small:0;--awb-spacing-right-small:1.92%;--awb-spacing-left-small:1.92%;\"><div class=\"fusion-column-wrapper fusion-column-has-shadow fusion-flex-justify-content-flex-start fusion-content-layout-column\"><div class=\"fusion-separator fusion-full-width-sep\" style=\"align-self: center;margin-left: auto;margin-right: auto;margin-top:20px;margin-bottom:20px;width:100%;\"><div class=\"fusion-separator-border sep-double sep-solid\" style=\"--awb-height:20px;--awb-amount:20px;border-color:#e0dede;border-top-width:1px;border-bottom-width:1px;\"><\/div><\/div><\/div><\/div><\/div><\/div><div class=\"fusion-fullwidth fullwidth-box fusion-builder-row-3 nonhundred-percent-fullwidth non-hundred-percent-height-scrolling\" style=\"--awb-border-radius-top-left:0px;--awb-border-radius-top-right:0px;--awb-border-radius-bottom-right:0px;--awb-border-radius-bottom-left:0px;--awb-padding-top:50px;--awb-padding-right:50px;--awb-padding-bottom:50px;--awb-padding-left:50px;--awb-margin-top:0px;--awb-margin-bottom:0px;--awb-background-color:rgba(255,255,255,0.93);\" ><div class=\"fusion-builder-row fusion-row\"><div class=\"fusion-layout-column fusion_builder_column fusion-builder-column-4 fusion_builder_column_1_1 1_1 fusion-one-full fusion-column-first fusion-column-last\" style=\"--awb-bg-size:cover;\"><div class=\"fusion-column-wrapper fusion-column-has-shadow fusion-flex-column-wrapper-legacy\"><div class=\"fusion-text fusion-text-5\"><p style=\"text-align: center;\">Veuillez nous contacter pour recevoir le mot de passe des listes de prix prot\u00e9g\u00e9es.<\/p>\n<p style=\"text-align: center;\"><a style=\"text-decoration: underline;\" href=\"mailto:varia@varia-int.com?subject=Veuillez m&#039;envoyer le mot de passe pour la liste de prix de Varia de Karl Leuthenmayr\">Envoyez-nous un e-mail<\/a><\/p>\n<\/div><div class=\"fusion-clearfix\"><\/div><\/div><\/div><div class=\"fusion-layout-column fusion_builder_column fusion-builder-column-5 fusion_builder_column_1_2 1_2 fusion-one-half fusion-column-first\" style=\"--awb-padding-top:0px;--awb-padding-right:0px;--awb-padding-bottom:0px;--awb-padding-left:0px;--awb-bg-size:cover;--awb-margin-bottom:0px;width:48%; margin-right: 4%;\"><div class=\"fusion-column-wrapper fusion-column-has-shadow fusion-flex-column-wrapper-legacy\"><div class=\"fusion-image-element in-legacy-container\" style=\"--awb-caption-title-size:var(--h2_typography-font-size);--awb-caption-title-transform:var(--h2_typography-text-transform);--awb-caption-title-line-height:var(--h2_typography-line-height);--awb-caption-title-letter-spacing:var(--h2_typography-letter-spacing);\"><span class=\"fusion-imageframe imageframe-none imageframe-2 hover-type-none\"><img decoding=\"async\" width=\"283\" height=\"400\" alt=\"Varia by Karl Leuthenmayr, Preisliste 2022\" title=\"Varia de Karl Leuthenmayr, liste de prix 2022\" src=\"https:\/\/varia-int.com\/wp-content\/uploads\/2020\/11\/Preisliste_2022_Varia_by_KL_web.jpg\" data-orig-src=\"https:\/\/varia-int.com\/wp-content\/uploads\/2020\/11\/Preisliste_2022_Varia_by_KL_web.jpg\" class=\"lazyload img-responsive wp-image-16735\" srcset=\"data:image\/svg+xml,%3Csvg%20xmlns%3D%27http%3A%2F%2Fwww.w3.org%2F2000%2Fsvg%27%20width%3D%27283%27%20height%3D%27400%27%20viewBox%3D%270%200%20283%20400%27%3E%3Crect%20width%3D%27283%27%20height%3D%27400%27%20fill-opacity%3D%220%22%2F%3E%3C%2Fsvg%3E\" data-srcset=\"https:\/\/varia-int.com\/wp-content\/uploads\/2020\/11\/Preisliste_2022_Varia_by_KL_web-200x283.jpg 200w, https:\/\/varia-int.com\/wp-content\/uploads\/2020\/11\/Preisliste_2022_Varia_by_KL_web.jpg 283w\" data-sizes=\"auto\" data-orig-sizes=\"(max-width: 800px) 100vw, 283px\" \/><\/span><\/div><div class=\"fusion-clearfix\"><\/div><\/div><\/div><div class=\"fusion-layout-column fusion_builder_column fusion-builder-column-6 fusion_builder_column_1_2 1_2 fusion-one-half fusion-column-last\" style=\"--awb-padding-top:0px;--awb-padding-right:0px;--awb-padding-bottom:0px;--awb-padding-left:0px;--awb-bg-size:cover;--awb-margin-bottom:0px;width:48%;\"><div class=\"fusion-column-wrapper fusion-column-has-shadow fusion-flex-column-wrapper-legacy\"><div class=\"fusion-text fusion-text-6\"><div class=\"sdm_download_item\"><div class=\"sdm_download_item_top\"><div class=\"sdm_download_thumbnail\"><img decoding=\"async\" class=\"lazyload sdm_download_thumbnail_image\" src=\"data:image\/svg+xml,%3Csvg%20xmlns%3D%27http%3A%2F%2Fwww.w3.org%2F2000%2Fsvg%27%20width%3D%27283%27%20height%3D%27400%27%20viewBox%3D%270%200%20283%20400%27%3E%3Crect%20width%3D%27283%27%20height%3D%27400%27%20fill-opacity%3D%220%22%2F%3E%3C%2Fsvg%3E\" data-orig-src=\"https:\/\/varia-int.com\/wp-content\/uploads\/2020\/11\/Preisliste_2022_Varia_by_KL_web.jpg\" alt = \"Protected: Preisliste Varia by KL\" \/><\/div><div class=\"sdm_download_title\">Prot\u00e9g\u00e9 : Liste de prix Varia by KL<\/div><\/div><div style=\"clear:both;\"><\/div><div class=\"sdm_download_description\"><\/div><div class=\"sdm_download_link\"><span class=\"sdm_download_button\"><span class=\"sdm_enter_password_label_text\">Entrez le mot de passe pour t\u00e9l\u00e9charger:<\/span><form action=\"https:\/\/varia-int.com\/fr\/?sdm_process_download=1&#038;download_id=14198\" method=\"post\" id=\"sdm-pass-69d1eb5bdf5ed\" class=\"sdm-download-form\" target=\"_blank\" data-trp-original-action=\"https:\/\/varia-int.com\/?sdm_process_download=1&download_id=14198\"><input type=\"password\" name=\"pass_text\" class=\"sdm_pass_text\" value=\"\" \/> <span class=\"sdm-download-button\"><a href=\"#\" name=\"sdm_dl_pass_submit\" class=\"pass_sumbit sdm_pass_protected_download sdm_download_with_condition sdm_download blue\">T\u00e9l\u00e9charger le catalogue<\/a><\/span><input type=\"hidden\" name=\"download_id\" value=\"14198\" \/><input type=\"hidden\" name=\"trp-form-language\" value=\"fr\"\/><\/form><\/span><\/div><\/div><div class=\"sdm_clear_float\"><\/div>\n<\/div><div class=\"fusion-text fusion-text-7\"><p>Si la liste de prix ne s&#039;ouvre pas automatiquement apr\u00e8s le t\u00e9l\u00e9chargement, vous pouvez la trouver dans votre dossier de t\u00e9l\u00e9chargement (dossier des fichiers t\u00e9l\u00e9charg\u00e9s).<\/p>\n<\/div><div class=\"fusion-text fusion-text-8\"><p>Les prix sont des prix indicatifs, veuillez toujours vous renseigner sur les prix actuels et les d\u00e9lais de livraison avant de commander.<\/p>\n<\/div><div class=\"fusion-clearfix\"><\/div><\/div><\/div><div class=\"fusion-layout-column fusion_builder_column fusion-builder-column-7 fusion_builder_column_1_1 1_1 fusion-one-full fusion-column-first fusion-column-last\" style=\"--awb-bg-size:cover;\"><div class=\"fusion-column-wrapper fusion-column-has-shadow fusion-flex-column-wrapper-legacy\"><div class=\"fusion-sep-clear\"><\/div><div class=\"fusion-separator fusion-full-width-sep\" style=\"margin-left: auto;margin-right: auto;margin-top:20px;width:100%;\"><\/div><div class=\"fusion-sep-clear\"><\/div><div class=\"fusion-clearfix\"><\/div><\/div><\/div><div class=\"fusion-layout-column fusion_builder_column fusion-builder-column-8 fusion_builder_column_1_2 1_2 fusion-one-half fusion-column-first\" style=\"--awb-padding-top:0px;--awb-padding-right:0px;--awb-padding-bottom:0px;--awb-padding-left:0px;--awb-bg-size:cover;--awb-margin-bottom:0px;width:48%; margin-right: 4%;\"><div class=\"fusion-column-wrapper fusion-column-has-shadow fusion-flex-column-wrapper-legacy\"><div class=\"fusion-image-element in-legacy-container\" style=\"--awb-caption-title-size:var(--h2_typography-font-size);--awb-caption-title-transform:var(--h2_typography-text-transform);--awb-caption-title-line-height:var(--h2_typography-line-height);--awb-caption-title-letter-spacing:var(--h2_typography-letter-spacing);\"><span class=\"fusion-imageframe imageframe-none imageframe-3 hover-type-none\"><img decoding=\"async\" width=\"283\" height=\"400\" alt=\"Byron &amp; Byron Preisliste\" title=\"Liste de prix Byron &amp; Byron\" src=\"https:\/\/varia-int.com\/wp-content\/uploads\/2020\/09\/Byron-Preisliste.jpg\" data-orig-src=\"https:\/\/varia-int.com\/wp-content\/uploads\/2020\/09\/Byron-Preisliste.jpg\" class=\"lazyload img-responsive wp-image-14201\" srcset=\"data:image\/svg+xml,%3Csvg%20xmlns%3D%27http%3A%2F%2Fwww.w3.org%2F2000%2Fsvg%27%20width%3D%27283%27%20height%3D%27400%27%20viewBox%3D%270%200%20283%20400%27%3E%3Crect%20width%3D%27283%27%20height%3D%27400%27%20fill-opacity%3D%220%22%2F%3E%3C%2Fsvg%3E\" data-srcset=\"https:\/\/varia-int.com\/wp-content\/uploads\/2020\/09\/Byron-Preisliste-200x283.jpg 200w, https:\/\/varia-int.com\/wp-content\/uploads\/2020\/09\/Byron-Preisliste.jpg 283w\" data-sizes=\"auto\" data-orig-sizes=\"(max-width: 800px) 100vw, 283px\" \/><\/span><\/div><div class=\"fusion-clearfix\"><\/div><\/div><\/div><div class=\"fusion-layout-column fusion_builder_column fusion-builder-column-9 fusion_builder_column_1_2 1_2 fusion-one-half fusion-column-last\" style=\"--awb-padding-top:0px;--awb-padding-right:0px;--awb-padding-bottom:0px;--awb-padding-left:0px;--awb-bg-size:cover;--awb-margin-bottom:0px;width:48%;\"><div class=\"fusion-column-wrapper fusion-column-has-shadow fusion-flex-column-wrapper-legacy\"><div class=\"fusion-text fusion-text-9\"><div class=\"sdm_download_item\"><div class=\"sdm_download_item_top\"><div class=\"sdm_download_thumbnail\"><img decoding=\"async\" class=\"lazyload sdm_download_thumbnail_image\" src=\"data:image\/svg+xml,%3Csvg%20xmlns%3D%27http%3A%2F%2Fwww.w3.org%2F2000%2Fsvg%27%20width%3D%27283%27%20height%3D%27400%27%20viewBox%3D%270%200%20283%20400%27%3E%3Crect%20width%3D%27283%27%20height%3D%27400%27%20fill-opacity%3D%220%22%2F%3E%3C%2Fsvg%3E\" data-orig-src=\"https:\/\/varia-int.com\/wp-content\/uploads\/2020\/09\/Byron-Preisliste.jpg\" alt = \"Protected: Preisliste Byron &#038; Byron\" \/><\/div><div class=\"sdm_download_title\">Prot\u00e9g\u00e9 : Liste de prix Byron &amp; Byron<\/div><\/div><div style=\"clear:both;\"><\/div><div class=\"sdm_download_description\"><\/div><div class=\"sdm_download_size\"><span class=\"sdm_download_size_label\">Taille: <\/span><span class=\"sdm_download_size_value\">6,8 Mo<\/span><\/div><div class=\"sdm_download_link\"><span class=\"sdm_download_button\"><span class=\"sdm_enter_password_label_text\">Entrez le mot de passe pour t\u00e9l\u00e9charger:<\/span><form action=\"https:\/\/varia-int.com\/fr\/?sdm_process_download=1&#038;download_id=14031\" method=\"post\" id=\"sdm-pass-69d1eb5be17d0\" class=\"sdm-download-form\" target=\"_blank\" data-trp-original-action=\"https:\/\/varia-int.com\/?sdm_process_download=1&download_id=14031\"><input type=\"password\" name=\"pass_text\" class=\"sdm_pass_text\" value=\"\" \/> <span class=\"sdm-download-button\"><a href=\"#\" name=\"sdm_dl_pass_submit\" class=\"pass_sumbit sdm_pass_protected_download sdm_download_with_condition sdm_download blue\">T\u00e9l\u00e9charger le catalogue<\/a><\/span><input type=\"hidden\" name=\"download_id\" value=\"14031\" \/><input type=\"hidden\" name=\"trp-form-language\" value=\"fr\"\/><\/form><\/span><\/div><\/div><div class=\"sdm_clear_float\"><\/div>\n<\/div><div class=\"fusion-text fusion-text-10\"><p>Si la liste de prix ne s&#039;ouvre pas automatiquement apr\u00e8s le t\u00e9l\u00e9chargement, vous pouvez la trouver dans votre dossier de t\u00e9l\u00e9chargement (dossier des fichiers t\u00e9l\u00e9charg\u00e9s).<\/p>\n<\/div><div class=\"fusion-text fusion-text-11\"><p>Les prix sont des prix indicatifs, veuillez toujours vous renseigner sur les prix actuels et les d\u00e9lais de livraison avant de commander.<\/p>\n<\/div><div class=\"fusion-clearfix\"><\/div><\/div><\/div><\/div><\/div><\/p>","protected":false},"excerpt":{"rendered":"","protected":false},"author":1,"featured_media":0,"parent":0,"menu_order":0,"comment_status":"closed","ping_status":"closed","template":"100-width.php","meta":{"footnotes":""},"class_list":["post-14028","page","type-page","status-publish","hentry"],"_links":{"self":[{"href":"https:\/\/varia-int.com\/fr\/wp-json\/wp\/v2\/pages\/14028","targetHints":{"allow":["GET"]}}],"collection":[{"href":"https:\/\/varia-int.com\/fr\/wp-json\/wp\/v2\/pages"}],"about":[{"href":"https:\/\/varia-int.com\/fr\/wp-json\/wp\/v2\/types\/page"}],"author":[{"embeddable":true,"href":"https:\/\/varia-int.com\/fr\/wp-json\/wp\/v2\/users\/1"}],"replies":[{"embeddable":true,"href":"https:\/\/varia-int.com\/fr\/wp-json\/wp\/v2\/comments?post=14028"}],"version-history":[{"count":0,"href":"https:\/\/varia-int.com\/fr\/wp-json\/wp\/v2\/pages\/14028\/revisions"}],"wp:attachment":[{"href":"https:\/\/varia-int.com\/fr\/wp-json\/wp\/v2\/media?parent=14028"}],"curies":[{"name":"wp","href":"https:\/\/api.w.org\/{rel}","templated":true}]}}