{"id":14217,"date":"2020-11-23T06:48:37","date_gmt":"2020-11-23T06:48:37","guid":{"rendered":"https:\/\/varia-int.com\/?page_id=14217"},"modified":"2020-12-02T09:09:37","modified_gmt":"2020-12-02T09:09:37","slug":"vorhangstangen-byron-byron-halo-acrylic","status":"publish","type":"page","link":"https:\/\/varia-int.com\/fr\/vorhangstangen-byron-byron-halo-acrylic\/","title":{"rendered":"Byron &amp; Byron HALO ACRYLIQUE"},"content":{"rendered":"<p><div class=\"fusion-bg-parallax\" data-bg-align=\"center top\" data-direction=\"up\" data-mute=\"false\" data-opacity=\"100\" data-velocity=\"-0.3\" data-mobile-enabled=\"true\" data-break_parents=\"0\" data-bg-image=\"https:\/\/varia-int.com\/wp-content\/uploads\/2020\/11\/Helo_acrylics.jpg\" data-bg-repeat=\"false\" ><\/div><div class=\"fusion-fullwidth fullwidth-box fusion-builder-row-1 fusion-parallax-up nonhundred-percent-fullwidth non-hundred-percent-height-scrolling lazyload\" style=\"--awb-background-position:center top;--awb-border-radius-top-left:0px;--awb-border-radius-top-right:0px;--awb-border-radius-bottom-right:0px;--awb-border-radius-bottom-left:0px;--awb-padding-top:100px;--awb-padding-bottom:100px;--awb-background-size:cover;\" data-bg=\"https:\/\/varia-int.com\/wp-content\/uploads\/2020\/11\/Helo_acrylics.jpg\" ><div class=\"fusion-builder-row fusion-row\"><div class=\"fusion-layout-column fusion_builder_column fusion-builder-column-0 fusion_builder_column_1_1 1_1 fusion-one-full fusion-column-first fusion-column-last\" style=\"--awb-padding-top:10px;--awb-padding-bottom:10px;--awb-bg-color:rgba(255,255,255,0.47);--awb-bg-size:cover;\"><div class=\"fusion-column-wrapper fusion-column-has-shadow fusion-flex-column-wrapper-legacy\"><div class=\"fusion-text fusion-text-1\"><h1 style=\"text-align: center;\">Vorhangstangen Byron &amp; Byron<\/h1>\n<h1 style=\"text-align: center;\">HALO ACRYLIC<\/h1>\n<\/div><div class=\"fusion-clearfix\"><\/div><\/div><\/div><\/div><\/div><div class=\"fusion-fullwidth fullwidth-box fusion-builder-row-2 nonhundred-percent-fullwidth non-hundred-percent-height-scrolling\" style=\"--awb-border-radius-top-left:0px;--awb-border-radius-top-right:0px;--awb-border-radius-bottom-right:0px;--awb-border-radius-bottom-left:0px;--awb-padding-top:20px;--awb-background-color:rgba(242,242,242,0.99);\" ><div class=\"fusion-builder-row fusion-row\"><div class=\"fusion-layout-column fusion_builder_column fusion-builder-column-1 fusion_builder_column_1_1 1_1 fusion-one-full fusion-column-first fusion-column-last\" style=\"--awb-bg-size:cover;\"><div class=\"fusion-column-wrapper fusion-column-has-shadow fusion-flex-column-wrapper-legacy\"><div class=\"fusion-text fusion-text-2\"><p>Diese Vorhangstangenkollektion ist die urspr\u00fcngliche, klassische Halo-Kollektion. Eine Reihe zeitgen\u00f6ssischer Acryl-Endst\u00fccke und -Vorhangstangen mit Akzenten aus Chrom, Kupfer oder warm br\u00fcniertem Messing, die die modernen Linien hervorheben sollen. W\u00e4hlen Sie entweder massive oder hohle Acrylstangen, um Ihre Kreativit\u00e4t zu erweitern. Diese Gardinenstangenkollektion ist eine einfache und dennoch atemberaubende L\u00f6sung f\u00fcr jedes Interieur.<\/p>\n<\/div><div class=\"fusion-clearfix\"><\/div><\/div><\/div><\/div><\/div><div class=\"fusion-fullwidth fullwidth-box fusion-builder-row-3 nonhundred-percent-fullwidth non-hundred-percent-height-scrolling\" style=\"--awb-border-radius-top-left:0px;--awb-border-radius-top-right:0px;--awb-border-radius-bottom-right:0px;--awb-border-radius-bottom-left:0px;--awb-margin-top:20px;\" ><div class=\"fusion-builder-row fusion-row\"><div class=\"fusion-layout-column fusion_builder_column fusion-builder-column-2 fusion_builder_column_1_2 1_2 fusion-one-half fusion-column-first\" style=\"--awb-bg-size:cover;width:50%;width:calc(50% - ( ( 4% ) * 0.5 ) );margin-right: 4%;\"><div class=\"fusion-column-wrapper fusion-column-has-shadow fusion-flex-column-wrapper-legacy\"><div class=\"fusion-text fusion-text-3\"><h2 style=\"text-align: center;\">Katalog Halo Acrylic<\/h2>\n<\/div><div class=\"fusion-image-element fusion-image-align-center in-legacy-container\" style=\"text-align:center;--awb-caption-title-size:var(--h2_typography-font-size);--awb-caption-title-transform:var(--h2_typography-text-transform);--awb-caption-title-line-height:var(--h2_typography-line-height);--awb-caption-title-letter-spacing:var(--h2_typography-letter-spacing);\"><div class=\"imageframe-align-center\"><span class=\" fusion-imageframe imageframe-none imageframe-1 hover-type-none\"><img decoding=\"async\" width=\"212\" height=\"300\" alt=\"Vorhangstangenkatalog_Halo_Acrylics\" title=\"Vorhangstangenkatalog_Halo_Acrylics\" src=\"https:\/\/varia-int.com\/wp-content\/uploads\/2020\/11\/Vorhangstangenkatalog_Halo_Acrylics.jpg\" data-orig-src=\"https:\/\/varia-int.com\/wp-content\/uploads\/2020\/11\/Vorhangstangenkatalog_Halo_Acrylics-212x300.jpg\" class=\"lazyload img-responsive wp-image-14548\" srcset=\"data:image\/svg+xml,%3Csvg%20xmlns%3D%27http%3A%2F%2Fwww.w3.org%2F2000%2Fsvg%27%20width%3D%27400%27%20height%3D%27566%27%20viewBox%3D%270%200%20400%20566%27%3E%3Crect%20width%3D%27400%27%20height%3D%27566%27%20fill-opacity%3D%220%22%2F%3E%3C%2Fsvg%3E\" data-srcset=\"https:\/\/varia-int.com\/wp-content\/uploads\/2020\/11\/Vorhangstangenkatalog_Halo_Acrylics-200x283.jpg 200w, https:\/\/varia-int.com\/wp-content\/uploads\/2020\/11\/Vorhangstangenkatalog_Halo_Acrylics.jpg 400w\" data-sizes=\"auto\" data-orig-sizes=\"(max-width: 800px) 100vw, 212px\" \/><\/span><\/div><\/div><div class=\"fusion-sep-clear\"><\/div><div class=\"fusion-separator fusion-full-width-sep\" style=\"margin-left: auto;margin-right: auto;margin-top:20px;width:100%;\"><\/div><div class=\"fusion-sep-clear\"><\/div><div class=\"fusion-aligncenter\"><a class=\"fusion-button button-flat fusion-button-default-size button-red fusion-button-red button-1 fusion-button-default-span fusion-button-default-type\" target=\"_blank\" rel=\"noopener noreferrer\" href=\"https:\/\/varia-int.com\/wp-content\/uploads\/2020\/11\/halo-acrylic-mini-brochure-_-Varia.pdf\"><span class=\"fusion-button-text\">Katalog Download<\/span><\/a><\/div><div class=\"fusion-clearfix\"><\/div><\/div><\/div><div class=\"fusion-layout-column fusion_builder_column fusion-builder-column-3 fusion_builder_column_1_2 1_2 fusion-one-half fusion-column-last\" style=\"--awb-bg-size:cover;width:50%;width:calc(50% - ( ( 4% ) * 0.5 ) );\"><div class=\"fusion-column-wrapper fusion-column-has-shadow fusion-flex-column-wrapper-legacy\"><div class=\"fusion-text fusion-text-4\"><h2 style=\"text-align: center;\">Preisliste Halo Acrylic<\/h2>\n<p style=\"text-align: left;\">Bitte kontaktieren Sie uns um das Passwort f\u00fcr die Preisliste zu erhalten.<\/p>\n<p style=\"text-align: left;\"><a href=\"mailto:varia@varia-int.com?subject=Bitte%20senden%20Sie%20mir%20das%20Passwort%20f%C3%BCr%20die%20Preisliste%20von%20Varia%20by%20Karl%20Leuthenmayr\">Senden Sie uns eine Email<\/a><\/p>\n<h2 style=\"text-align: center;\"><\/h2>\n<p style=\"text-align: center;\"><div class=\"sdm_download_item \"><div class=\"sdm_download_item_top\"><div class=\"sdm_download_thumbnail\"><\/div><div class=\"sdm_download_title\">Protected: Preisliste Halo Acrylic<\/div><\/div><div style=\"clear:both;\"><\/div><div class=\"sdm_download_description\"><\/div><div class=\"sdm_download_size\"><span class=\"sdm_download_size_label\">Taille&nbsp;: <\/span><span class=\"sdm_download_size_value\">0,9 MB<\/span><\/div><div class=\"sdm_download_link\"><span class=\"sdm_download_button\"><span class=\"sdm_enter_password_label_text\">Entrez le mot de passe pour t\u00e9l\u00e9charger :<\/span><form action=\"https:\/\/varia-int.com\/?sdm_process_download=1&download_id=14516\" method=\"post\" id=\"sdm-pass-69d10a66c6525\" class=\"sdm-download-form\" target=\"_blank\"><input type=\"password\" name=\"pass_text\" class=\"sdm_pass_text\" value=\"\" \/> <span class=\"sdm-download-button\"><a href=\"#\" name=\"sdm_dl_pass_submit\" class=\"pass_sumbit sdm_pass_protected_download sdm_download_with_condition sdm_download blue\">T\u00e9l\u00e9charger le catalogue<\/a><\/span><input type=\"hidden\" name=\"download_id\" value=\"14516\" \/><\/form><\/span><\/div><\/div><div class=\"sdm_clear_float\"><\/div><\/p>\n<\/div><div class=\"fusion-clearfix\"><\/div><\/div><\/div><\/div><\/div><div class=\"fusion-fullwidth fullwidth-box fusion-builder-row-4 hundred-percent-fullwidth non-hundred-percent-height-scrolling\" style=\"--awb-border-radius-top-left:0px;--awb-border-radius-top-right:0px;--awb-border-radius-bottom-right:0px;--awb-border-radius-bottom-left:0px;\" ><div class=\"fusion-builder-row fusion-row\"><div class=\"fusion-layout-column fusion_builder_column fusion-builder-column-4 fusion_builder_column_1_1 1_1 fusion-one-full fusion-column-first fusion-column-last\" style=\"--awb-bg-size:cover;\"><div class=\"fusion-column-wrapper fusion-column-has-shadow fusion-flex-column-wrapper-legacy\"><div class=\"awb-gallery-wrapper awb-gallery-wrapper-1 button-span-no\"><div style=\"margin:-9px;--awb-bordersize:1px;--awb-bordercolor:#686868;\" class=\"fusion-gallery fusion-gallery-container fusion-grid-4 fusion-columns-total-7 fusion-gallery-layout-grid fusion-gallery-1\"><div style=\"padding:9px;\" class=\"fusion-grid-column fusion-gallery-column fusion-gallery-column-4 hover-type-zoomin\"><div class=\"fusion-gallery-image\"><a href=\"https:\/\/varia-int.com\/wp-content\/uploads\/2020\/11\/Halo_Acrylic_globus_copper.jpg\" data-caption=\"Globus copper\" rel=\"noreferrer\" data-rel=\"iLightbox[gallery_image_1]\" class=\"fusion-lightbox\" target=\"_self\"><img decoding=\"async\" src=\"https:\/\/varia-int.com\/wp-content\/uploads\/2020\/11\/Halo_Acrylic_globus_copper.jpg\" data-orig-src=\"https:\/\/varia-int.com\/wp-content\/uploads\/2020\/11\/Halo_Acrylic_globus_copper.jpg\" width=\"840\" height=\"475\" alt=\"Globus copper\" title=\"Globus copper\" aria-label=\"Globus copper\" class=\"lazyload img-responsive wp-image-14244\" srcset=\"data:image\/svg+xml,%3Csvg%20xmlns%3D%27http%3A%2F%2Fwww.w3.org%2F2000%2Fsvg%27%20width%3D%27840%27%20height%3D%27475%27%20viewBox%3D%270%200%20840%20475%27%3E%3Crect%20width%3D%27840%27%20height%3D%27475%27%20fill-opacity%3D%220%22%2F%3E%3C%2Fsvg%3E\" data-srcset=\"https:\/\/varia-int.com\/wp-content\/uploads\/2020\/11\/Halo_Acrylic_globus_copper-200x113.jpg 200w, https:\/\/varia-int.com\/wp-content\/uploads\/2020\/11\/Halo_Acrylic_globus_copper-400x226.jpg 400w, https:\/\/varia-int.com\/wp-content\/uploads\/2020\/11\/Halo_Acrylic_globus_copper-600x339.jpg 600w, https:\/\/varia-int.com\/wp-content\/uploads\/2020\/11\/Halo_Acrylic_globus_copper-800x452.jpg 800w, https:\/\/varia-int.com\/wp-content\/uploads\/2020\/11\/Halo_Acrylic_globus_copper.jpg 840w\" data-sizes=\"auto\" data-orig-sizes=\"(min-width: 2200px) 100vw, (min-width: 856px) 268px, (min-width: 784px) 358px, (min-width: 712px) 537px, (min-width: 640px) 712px, \" \/><\/a><\/div><\/div><div style=\"padding:9px;\" class=\"fusion-grid-column fusion-gallery-column fusion-gallery-column-4 hover-type-zoomin\"><div class=\"fusion-gallery-image\"><a href=\"https:\/\/varia-int.com\/wp-content\/uploads\/2020\/11\/Celese_Chrome.jpg\" data-caption=\"Celeste Chrome\" rel=\"noreferrer\" data-rel=\"iLightbox[gallery_image_1]\" class=\"fusion-lightbox\" target=\"_self\"><img decoding=\"async\" src=\"https:\/\/varia-int.com\/wp-content\/uploads\/2020\/11\/Celese_Chrome.jpg\" data-orig-src=\"https:\/\/varia-int.com\/wp-content\/uploads\/2020\/11\/Celese_Chrome.jpg\" width=\"840\" height=\"475\" alt=\"Celeste Chrome\" title=\"Celeste Chrome\" aria-label=\"Celeste Chrome\" class=\"lazyload img-responsive wp-image-14242\" srcset=\"data:image\/svg+xml,%3Csvg%20xmlns%3D%27http%3A%2F%2Fwww.w3.org%2F2000%2Fsvg%27%20width%3D%27840%27%20height%3D%27475%27%20viewBox%3D%270%200%20840%20475%27%3E%3Crect%20width%3D%27840%27%20height%3D%27475%27%20fill-opacity%3D%220%22%2F%3E%3C%2Fsvg%3E\" data-srcset=\"https:\/\/varia-int.com\/wp-content\/uploads\/2020\/11\/Celese_Chrome-200x113.jpg 200w, https:\/\/varia-int.com\/wp-content\/uploads\/2020\/11\/Celese_Chrome-400x226.jpg 400w, https:\/\/varia-int.com\/wp-content\/uploads\/2020\/11\/Celese_Chrome-600x339.jpg 600w, https:\/\/varia-int.com\/wp-content\/uploads\/2020\/11\/Celese_Chrome-800x452.jpg 800w, https:\/\/varia-int.com\/wp-content\/uploads\/2020\/11\/Celese_Chrome.jpg 840w\" data-sizes=\"auto\" data-orig-sizes=\"(min-width: 2200px) 100vw, (min-width: 856px) 268px, (min-width: 784px) 358px, (min-width: 712px) 537px, (min-width: 640px) 712px, \" \/><\/a><\/div><\/div><div style=\"padding:9px;\" class=\"fusion-grid-column fusion-gallery-column fusion-gallery-column-4 hover-type-zoomin\"><div class=\"fusion-gallery-image\"><a href=\"https:\/\/varia-int.com\/wp-content\/uploads\/2020\/11\/Luna-chrome.jpg\" data-caption=\"Luna chrome\" rel=\"noreferrer\" data-rel=\"iLightbox[gallery_image_1]\" class=\"fusion-lightbox\" target=\"_self\"><img decoding=\"async\" src=\"https:\/\/varia-int.com\/wp-content\/uploads\/2020\/11\/Luna-chrome.jpg\" data-orig-src=\"https:\/\/varia-int.com\/wp-content\/uploads\/2020\/11\/Luna-chrome.jpg\" width=\"840\" height=\"475\" alt=\"Luna chrome\" title=\"Luna chrome\" aria-label=\"Luna chrome\" class=\"lazyload img-responsive wp-image-14245\" srcset=\"data:image\/svg+xml,%3Csvg%20xmlns%3D%27http%3A%2F%2Fwww.w3.org%2F2000%2Fsvg%27%20width%3D%27840%27%20height%3D%27475%27%20viewBox%3D%270%200%20840%20475%27%3E%3Crect%20width%3D%27840%27%20height%3D%27475%27%20fill-opacity%3D%220%22%2F%3E%3C%2Fsvg%3E\" data-srcset=\"https:\/\/varia-int.com\/wp-content\/uploads\/2020\/11\/Luna-chrome-200x113.jpg 200w, https:\/\/varia-int.com\/wp-content\/uploads\/2020\/11\/Luna-chrome-400x226.jpg 400w, https:\/\/varia-int.com\/wp-content\/uploads\/2020\/11\/Luna-chrome-600x339.jpg 600w, https:\/\/varia-int.com\/wp-content\/uploads\/2020\/11\/Luna-chrome-800x452.jpg 800w, https:\/\/varia-int.com\/wp-content\/uploads\/2020\/11\/Luna-chrome.jpg 840w\" data-sizes=\"auto\" data-orig-sizes=\"(min-width: 2200px) 100vw, (min-width: 856px) 268px, (min-width: 784px) 358px, (min-width: 712px) 537px, (min-width: 640px) 712px, \" \/><\/a><\/div><\/div><div style=\"padding:9px;\" class=\"fusion-grid-column fusion-gallery-column fusion-gallery-column-4 hover-type-zoomin\"><div class=\"fusion-gallery-image\"><a href=\"https:\/\/varia-int.com\/wp-content\/uploads\/2020\/11\/Orbit_burnished_brass.jpg\" data-caption=\"Orbit burnished brass\" rel=\"noreferrer\" data-rel=\"iLightbox[gallery_image_1]\" class=\"fusion-lightbox\" target=\"_self\"><img decoding=\"async\" src=\"https:\/\/varia-int.com\/wp-content\/uploads\/2020\/11\/Orbit_burnished_brass.jpg\" data-orig-src=\"https:\/\/varia-int.com\/wp-content\/uploads\/2020\/11\/Orbit_burnished_brass.jpg\" width=\"840\" height=\"475\" alt=\"Orbit burnished brass\" title=\"Orbit burnished brass\" aria-label=\"Orbit burnished brass\" class=\"lazyload img-responsive wp-image-14246\" srcset=\"data:image\/svg+xml,%3Csvg%20xmlns%3D%27http%3A%2F%2Fwww.w3.org%2F2000%2Fsvg%27%20width%3D%27840%27%20height%3D%27475%27%20viewBox%3D%270%200%20840%20475%27%3E%3Crect%20width%3D%27840%27%20height%3D%27475%27%20fill-opacity%3D%220%22%2F%3E%3C%2Fsvg%3E\" data-srcset=\"https:\/\/varia-int.com\/wp-content\/uploads\/2020\/11\/Orbit_burnished_brass-200x113.jpg 200w, https:\/\/varia-int.com\/wp-content\/uploads\/2020\/11\/Orbit_burnished_brass-400x226.jpg 400w, https:\/\/varia-int.com\/wp-content\/uploads\/2020\/11\/Orbit_burnished_brass-600x339.jpg 600w, https:\/\/varia-int.com\/wp-content\/uploads\/2020\/11\/Orbit_burnished_brass-800x452.jpg 800w, https:\/\/varia-int.com\/wp-content\/uploads\/2020\/11\/Orbit_burnished_brass.jpg 840w\" data-sizes=\"auto\" data-orig-sizes=\"(min-width: 2200px) 100vw, (min-width: 856px) 268px, (min-width: 784px) 358px, (min-width: 712px) 537px, (min-width: 640px) 712px, \" \/><\/a><\/div><\/div><div class=\"clearfix\"><\/div><div style=\"padding:9px;\" class=\"fusion-grid-column fusion-gallery-column fusion-gallery-column-4 hover-type-zoomin\"><div class=\"fusion-gallery-image\"><a href=\"https:\/\/varia-int.com\/wp-content\/uploads\/2020\/11\/orion_burnished_brass.jpg\" data-caption=\"Orion burnished brass\" rel=\"noreferrer\" data-rel=\"iLightbox[gallery_image_1]\" class=\"fusion-lightbox\" target=\"_self\"><img decoding=\"async\" src=\"https:\/\/varia-int.com\/wp-content\/uploads\/2020\/11\/orion_burnished_brass.jpg\" data-orig-src=\"https:\/\/varia-int.com\/wp-content\/uploads\/2020\/11\/orion_burnished_brass.jpg\" width=\"840\" height=\"475\" alt=\"Orion burnished brass\" title=\"Orion burnished brass\" aria-label=\"Orion burnished brass\" class=\"lazyload img-responsive wp-image-14247\" srcset=\"data:image\/svg+xml,%3Csvg%20xmlns%3D%27http%3A%2F%2Fwww.w3.org%2F2000%2Fsvg%27%20width%3D%27840%27%20height%3D%27475%27%20viewBox%3D%270%200%20840%20475%27%3E%3Crect%20width%3D%27840%27%20height%3D%27475%27%20fill-opacity%3D%220%22%2F%3E%3C%2Fsvg%3E\" data-srcset=\"https:\/\/varia-int.com\/wp-content\/uploads\/2020\/11\/orion_burnished_brass-200x113.jpg 200w, https:\/\/varia-int.com\/wp-content\/uploads\/2020\/11\/orion_burnished_brass-400x226.jpg 400w, https:\/\/varia-int.com\/wp-content\/uploads\/2020\/11\/orion_burnished_brass-600x339.jpg 600w, https:\/\/varia-int.com\/wp-content\/uploads\/2020\/11\/orion_burnished_brass-800x452.jpg 800w, https:\/\/varia-int.com\/wp-content\/uploads\/2020\/11\/orion_burnished_brass.jpg 840w\" data-sizes=\"auto\" data-orig-sizes=\"(min-width: 2200px) 100vw, (min-width: 856px) 268px, (min-width: 784px) 358px, (min-width: 712px) 537px, (min-width: 640px) 712px, \" \/><\/a><\/div><\/div><div style=\"padding:9px;\" class=\"fusion-grid-column fusion-gallery-column fusion-gallery-column-4 hover-type-zoomin\"><div class=\"fusion-gallery-image\"><a href=\"https:\/\/varia-int.com\/wp-content\/uploads\/2020\/11\/stella_copper.jpg\" data-caption=\"Stella copper\" rel=\"noreferrer\" data-rel=\"iLightbox[gallery_image_1]\" class=\"fusion-lightbox\" target=\"_self\"><img decoding=\"async\" src=\"https:\/\/varia-int.com\/wp-content\/uploads\/2020\/11\/stella_copper.jpg\" data-orig-src=\"https:\/\/varia-int.com\/wp-content\/uploads\/2020\/11\/stella_copper.jpg\" width=\"840\" height=\"475\" alt=\"Stella copper\" title=\"Stella copper\" aria-label=\"Stella copper\" class=\"lazyload img-responsive wp-image-14248\" srcset=\"data:image\/svg+xml,%3Csvg%20xmlns%3D%27http%3A%2F%2Fwww.w3.org%2F2000%2Fsvg%27%20width%3D%27840%27%20height%3D%27475%27%20viewBox%3D%270%200%20840%20475%27%3E%3Crect%20width%3D%27840%27%20height%3D%27475%27%20fill-opacity%3D%220%22%2F%3E%3C%2Fsvg%3E\" data-srcset=\"https:\/\/varia-int.com\/wp-content\/uploads\/2020\/11\/stella_copper-200x113.jpg 200w, https:\/\/varia-int.com\/wp-content\/uploads\/2020\/11\/stella_copper-400x226.jpg 400w, https:\/\/varia-int.com\/wp-content\/uploads\/2020\/11\/stella_copper-600x339.jpg 600w, https:\/\/varia-int.com\/wp-content\/uploads\/2020\/11\/stella_copper-800x452.jpg 800w, https:\/\/varia-int.com\/wp-content\/uploads\/2020\/11\/stella_copper.jpg 840w\" data-sizes=\"auto\" data-orig-sizes=\"(min-width: 2200px) 100vw, (min-width: 856px) 268px, (min-width: 784px) 358px, (min-width: 712px) 537px, (min-width: 640px) 712px, \" \/><\/a><\/div><\/div><div style=\"padding:9px;\" class=\"fusion-grid-column fusion-gallery-column fusion-gallery-column-4 hover-type-zoomin\"><div class=\"fusion-gallery-image\"><a href=\"https:\/\/varia-int.com\/wp-content\/uploads\/2020\/11\/Endcap_copper.jpg\" data-caption=\"Endcap copper\" rel=\"noreferrer\" data-rel=\"iLightbox[gallery_image_1]\" class=\"fusion-lightbox\" target=\"_self\"><img decoding=\"async\" src=\"https:\/\/varia-int.com\/wp-content\/uploads\/2020\/11\/Endcap_copper.jpg\" data-orig-src=\"https:\/\/varia-int.com\/wp-content\/uploads\/2020\/11\/Endcap_copper.jpg\" width=\"840\" height=\"475\" alt=\"Endcap copper\" title=\"Endcap copper\" aria-label=\"Endcap copper\" class=\"lazyload img-responsive wp-image-14243\" srcset=\"data:image\/svg+xml,%3Csvg%20xmlns%3D%27http%3A%2F%2Fwww.w3.org%2F2000%2Fsvg%27%20width%3D%27840%27%20height%3D%27475%27%20viewBox%3D%270%200%20840%20475%27%3E%3Crect%20width%3D%27840%27%20height%3D%27475%27%20fill-opacity%3D%220%22%2F%3E%3C%2Fsvg%3E\" data-srcset=\"https:\/\/varia-int.com\/wp-content\/uploads\/2020\/11\/Endcap_copper-200x113.jpg 200w, https:\/\/varia-int.com\/wp-content\/uploads\/2020\/11\/Endcap_copper-400x226.jpg 400w, https:\/\/varia-int.com\/wp-content\/uploads\/2020\/11\/Endcap_copper-600x339.jpg 600w, https:\/\/varia-int.com\/wp-content\/uploads\/2020\/11\/Endcap_copper-800x452.jpg 800w, https:\/\/varia-int.com\/wp-content\/uploads\/2020\/11\/Endcap_copper.jpg 840w\" data-sizes=\"auto\" data-orig-sizes=\"(min-width: 2200px) 100vw, (min-width: 856px) 268px, (min-width: 784px) 358px, (min-width: 712px) 537px, (min-width: 640px) 712px, \" \/><\/a><\/div><\/div><\/div><\/div><div class=\"fusion-clearfix\"><\/div><\/div><\/div><\/div><\/div><div class=\"fusion-bg-parallax\" data-bg-align=\"center center\" data-direction=\"up\" data-mute=\"false\" data-opacity=\"100\" data-velocity=\"-0.3\" data-mobile-enabled=\"false\" data-break_parents=\"0\" data-bg-image=\"https:\/\/varia-int.com\/wp-content\/uploads\/2020\/11\/Helo_acrylics-slide.jpg\" data-bg-repeat=\"false\" ><\/div><div class=\"fusion-fullwidth fullwidth-box fusion-builder-row-5 fusion-parallax-up nonhundred-percent-fullwidth non-hundred-percent-height-scrolling lazyload\" style=\"--awb-border-radius-top-left:0px;--awb-border-radius-top-right:0px;--awb-border-radius-bottom-right:0px;--awb-border-radius-bottom-left:0px;--awb-padding-top:200px;--awb-padding-bottom:200px;--awb-background-size:cover;\" data-bg=\"https:\/\/varia-int.com\/wp-content\/uploads\/2020\/11\/Helo_acrylics-slide.jpg\" ><div class=\"fusion-builder-row fusion-row\"><\/div><\/div><\/p>\n","protected":false},"excerpt":{"rendered":"","protected":false},"author":1,"featured_media":0,"parent":0,"menu_order":0,"comment_status":"closed","ping_status":"closed","template":"100-width.php","meta":{"footnotes":""},"class_list":["post-14217","page","type-page","status-publish","hentry"],"_links":{"self":[{"href":"https:\/\/varia-int.com\/fr\/wp-json\/wp\/v2\/pages\/14217","targetHints":{"allow":["GET"]}}],"collection":[{"href":"https:\/\/varia-int.com\/fr\/wp-json\/wp\/v2\/pages"}],"about":[{"href":"https:\/\/varia-int.com\/fr\/wp-json\/wp\/v2\/types\/page"}],"author":[{"embeddable":true,"href":"https:\/\/varia-int.com\/fr\/wp-json\/wp\/v2\/users\/1"}],"replies":[{"embeddable":true,"href":"https:\/\/varia-int.com\/fr\/wp-json\/wp\/v2\/comments?post=14217"}],"version-history":[{"count":0,"href":"https:\/\/varia-int.com\/fr\/wp-json\/wp\/v2\/pages\/14217\/revisions"}],"wp:attachment":[{"href":"https:\/\/varia-int.com\/fr\/wp-json\/wp\/v2\/media?parent=14217"}],"curies":[{"name":"wp","href":"https:\/\/api.w.org\/{rel}","templated":true}]}}