{"id":271,"date":"2019-11-02T09:08:51","date_gmt":"2019-11-02T09:08:51","guid":{"rendered":"https:\/\/varia-int.com\/?page_id=271"},"modified":"2026-03-10T07:09:11","modified_gmt":"2026-03-10T07:09:11","slug":"kontakt","status":"publish","type":"page","link":"https:\/\/varia-int.com\/fr\/kontakt\/","title":{"rendered":"Contact"},"content":{"rendered":"<p><div class=\"fusion-bg-parallax\" data-bg-align=\"center top\" data-direction=\"up\" data-mute=\"false\" data-opacity=\"100\" data-velocity=\"-0.3\" data-mobile-enabled=\"false\" data-break_parents=\"0\" data-bg-image=\"https:\/\/varia-int.com\/wp-content\/uploads\/2019\/01\/ramshead.jpg\" data-bg-repeat=\"false\" ><\/div><div class=\"fusion-fullwidth fullwidth-box fusion-builder-row-1 fusion-parallax-up nonhundred-percent-fullwidth non-hundred-percent-height-scrolling lazyload\" style=\"--awb-background-position:center top;--awb-border-radius-top-left:0px;--awb-border-radius-top-right:0px;--awb-border-radius-bottom-right:0px;--awb-border-radius-bottom-left:0px;--awb-padding-top:100px;--awb-padding-bottom:100px;--awb-background-size:cover;\" data-bg=\"https:\/\/varia-int.com\/wp-content\/uploads\/2019\/01\/ramshead.jpg\" ><div class=\"fusion-builder-row fusion-row\"><div class=\"fusion-layout-column fusion_builder_column fusion-builder-column-0 fusion_builder_column_1_1 1_1 fusion-one-full fusion-column-first fusion-column-last\" style=\"--awb-bg-color:rgba(255,255,255,0.47);--awb-bg-blend:overlay;--awb-bg-size:cover;\"><div class=\"fusion-column-wrapper fusion-flex-column-wrapper-legacy\"><div class=\"fusion-text fusion-text-1\"><h1 style=\"text-align: center;\">Contact<\/h1>\n<\/div><div class=\"fusion-clearfix\"><\/div><\/div><\/div><\/div><\/div><div class=\"fusion-fullwidth fullwidth-box fusion-builder-row-2 has-pattern-background has-mask-background nonhundred-percent-fullwidth non-hundred-percent-height-scrolling\" style=\"--awb-border-radius-top-left:0px;--awb-border-radius-top-right:0px;--awb-border-radius-bottom-right:0px;--awb-border-radius-bottom-left:0px;--awb-padding-top:40px;\" ><div class=\"fusion-builder-row fusion-row\"><div class=\"fusion-layout-column fusion_builder_column fusion-builder-column-1 fusion_builder_column_1_3 1_3 fusion-one-third fusion-column-first\" style=\"--awb-bg-size:cover;width:33.333333333333%;width:calc(33.333333333333% - ( ( 4% + 4% ) * 0.33333333333333 ) );margin-right: 4%;\"><div class=\"fusion-column-wrapper fusion-column-has-shadow fusion-flex-column-wrapper-legacy\"><div class=\"fusion-text fusion-text-2\"><h2 class=\"fusion-responsive-typography-calculated\" style=\"--fontsize: 18; line-height: 1.5; --minfontsize: 18;\" data-fontsize=\"18\" data-lineheight=\"27px\"><strong>Formulaire de contact<\/strong><\/h2>\n<\/div><div class=\"fusion-form fusion-form-builder fusion-form-form-wrapper fusion-form-17029\" style=\"--awb-margin-left:0px;--awb-tooltip-text-color:#ffffff;--awb-tooltip-background-color:#333333;--awb-field-margin-top:0px;--awb-form-input-height:40px;--awb-form-font-size:15px;--awb-form-placeholder-color:rgba(30,28,27,0.5);--awb-form-text-color:#1e1c1b;--awb-form-border-color:#65bef2;\" data-form-id=\"17029\" data-config=\"{&quot;form_id&quot;:&quot;17029&quot;,&quot;form_post_id&quot;:&quot;17029&quot;,&quot;post_id&quot;:271,&quot;form_type&quot;:&quot;ajax&quot;,&quot;confirmation_type&quot;:&quot;message&quot;,&quot;redirect_url&quot;:&quot;&quot;,&quot;field_labels&quot;:{&quot;name&quot;:&quot;&quot;,&quot;e-mail&quot;:&quot;&quot;,&quot;telefon&quot;:&quot;&quot;,&quot;message&quot;:&quot;&quot;,&quot;zustimmung&quot;:&quot;Zustimmung&quot;},&quot;field_logics&quot;:{&quot;name&quot;:&quot;&quot;,&quot;e-mail&quot;:&quot;&quot;,&quot;telefon&quot;:&quot;&quot;,&quot;message&quot;:&quot;&quot;,&quot;zustimmung&quot;:&quot;&quot;,&quot;notice_1&quot;:&quot;&quot;},&quot;field_types&quot;:{&quot;name&quot;:&quot;text&quot;,&quot;e-mail&quot;:&quot;email&quot;,&quot;telefon&quot;:&quot;phone_number&quot;,&quot;message&quot;:&quot;textarea&quot;,&quot;zustimmung&quot;:&quot;consent&quot;,&quot;hypot_field&quot;:&quot;honeypot&quot;,&quot;submit_1&quot;:&quot;submit&quot;,&quot;notice_1&quot;:&quot;notice&quot;},&quot;nonce_method&quot;:&quot;ajax&quot;}\"><form action=\"https:\/\/varia-int.com\/fr\/kontakt\/\" method=\"post\" class=\"fusion-form fusion-form-17029\" data-trp-original-action=\"https:\/\/varia-int.com\/fr\/kontakt\/\"><div class=\"fusion-fullwidth fullwidth-box fusion-builder-row-2-1 fusion-flex-container has-pattern-background has-mask-background nonhundred-percent-fullwidth non-hundred-percent-height-scrolling\" style=\"--awb-border-color:#0050a0;--awb-border-radius-top-left:0px;--awb-border-radius-top-right:0px;--awb-border-radius-bottom-right:0px;--awb-border-radius-bottom-left:0px;--awb-padding-right:5px;--awb-padding-left:5px;\" ><div class=\"fusion-builder-row fusion-row fusion-flex-align-items-flex-start\" style=\"width:104% !important;max-width:104% !important;margin-left: calc(-4% \/ 2 );margin-right: calc(-4% \/ 2 );\"><div class=\"fusion-layout-column fusion_builder_column fusion-builder-column-2 fusion_builder_column_1_1 1_1 fusion-flex-column\" style=\"--awb-bg-size:cover;--awb-width-large:100%;--awb-margin-top-large:0px;--awb-spacing-right-large:1.92%;--awb-margin-bottom-large:20px;--awb-spacing-left-large:1.92%;--awb-width-medium:100%;--awb-order-medium:0;--awb-spacing-right-medium:1.92%;--awb-spacing-left-medium:1.92%;--awb-width-small:100%;--awb-order-small:0;--awb-spacing-right-small:1.92%;--awb-spacing-left-small:1.92%;\"><div class=\"fusion-column-wrapper fusion-column-has-shadow fusion-flex-justify-content-flex-start fusion-content-layout-column\"><div class=\"fusion-form-field fusion-form-text-field fusion-form-label-above\" style=\"\" data-form-id=\"17029\"><div class=\"fusion-form-input-with-icon\"><i class=\"awb-form-icon fa-user fas\"><\/i><input type=\"text\"  data-empty-notice=\"Bitte geben Sie Ihren Namen an.\" name=\"name\" id=\"name\" value=\"\"  class=\"fusion-form-input\" required=\"true\" aria-required=\"true\" placeholder=\"Nom*\" data-holds-private-data=\"false\" minlength=\"0\"\/><\/div><\/div><div class=\"fusion-form-field fusion-form-email-field fusion-form-label-above\" style=\"\" data-form-id=\"17029\"><div class=\"fusion-form-input-with-icon\"><i class=\"awb-form-icon fa-at fas\"><\/i><input type=\"email\"  data-empty-notice=\"Bitte geben Sie eine g\u00fcltige E-mail an\" name=\"e-mail\" id=\"e-mail\" value=\"\"  class=\"fusion-form-input\" required=\"true\" aria-required=\"true\" placeholder=\"E-mail*\" data-holds-private-data=\"false\"\/><\/div><\/div><div class=\"fusion-form-field fusion-form-phone-number-field fusion-form-label-above\" style=\"\" data-form-id=\"17029\"><div class=\"fusion-form-input-with-icon\"><i class=\"awb-form-icon fa-phone-square-alt fas\"><\/i><input type=\"tel\"  data-empty-notice=\"Bitte geben Sie eine g\u00fcltige Telefonnummer an\" name=\"telefon\" id=\"telefon\" value=\"\"  class=\"fusion-form-input\" required=\"true\" aria-required=\"true\" placeholder=\"T\u00e9l\u00e9phone*\" data-holds-private-data=\"false\"\/><\/div><\/div><div class=\"fusion-form-field fusion-form-textarea-field fusion-form-label-above\" style=\"\" data-form-id=\"17029\"><div class=\"fusion-form-input-with-icon\"><i class=\"fa-comment-dots fas\"><\/i><textarea cols=\"40\" data-empty-notice=\"Bitte schreiben Sie uns eine Nachricht\"  minlength=\"0\"  rows=\"4\" tabindex=\"\" id=\"message\" name=\"message\" class=\"fusion-form-input\" required=\"true\" aria-required=\"true\" placeholder=\"Nouvelles*\" data-holds-private-data=\"false\"><\/textarea><\/div><\/div><div class=\"fusion-form-field fusion-form-consent-field fusion-form-label-above\" style=\"\" data-form-id=\"17029\"><div class=\"fusion-form-label-wrapper\"><label for=\"zustimmung\">approbation <abbr class=\"fusion-form-element-required\" title=\"requis\">*<\/abbr><\/label><\/div><div class=\"fusion-form-checkbox option-inline\"><input tabindex=\"\" id=\"zustimmung\" type=\"checkbox\" value=\"1\" name=\"zustimmung\" class=\"fusion-form-input\" required=\"true\" aria-required=\"true\"\/><label for=\"zustimmung\">En utilisant ce formulaire, vous acceptez le stockage et le traitement de vos donn\u00e9es par ce site Web.<\/label><\/div><\/div><div class=\"fusion-text fusion-text-3\"><p>Notre\u00a0<a href=\"https:\/\/varia-int.com\/fr\/datenschutz\/\" target=\"_blank\" rel=\"noopener\">Politique de confidentialit\u00e9<\/a><\/p>\n<\/div><div class=\"fusion-form-field fusion-form-honeypot-field fusion-form-label-above\" style=\"\" data-form-id=\"17029\"><input type=\"hidden\" tabindex=\"-1\" name=\"hypot_field\" class=\"fusion-form-input\" autocomplete=\"hypot-69d5cd6abe96b\" aria-hidden=\"true\" data-fusion-is-honeypot=\"true\"><\/div><div class=\"fusion-form-field fusion-form-submit-field fusion-form-label-above\" style=\"\" data-form-id=\"17029\"><div ><button type=\"submit\" class=\"fusion-button button-flat fusion-button-default-size button-blue fusion-button-blue button-1 fusion-button-default-span  form-form-submit button-default\" data-form-number=\"17029\" tabindex=\"\"><span class=\"fusion-button-text\">Envoyer<\/span><\/button><\/div><\/div><div class=\"form-submission-notices data-notice_1\" id=\"fusion-notices-1\"><div class=\"fusion-alert alert success alert-success fusion-alert-center fusion-form-response fusion-form-response-success fusion-alert-capitalize alert-dismissable\" style=\"--awb-margin-top:15px;\" role=\"alert\"><div class=\"fusion-alert-content-wrapper\"><span class=\"alert-icon\"><i class=\"awb-icon-check-circle\" aria-hidden=\"true\"><\/i><\/span><span class=\"fusion-alert-content\">Merci pour votre message. Il a \u00e9t\u00e9 envoy\u00e9.<\/span><\/div><button type=\"button\" class=\"close toggle-alert\" data-dismiss=\"alert\" aria-label=\"Fermer\">\u00d7<\/button><\/div><div class=\"fusion-alert alert error alert-danger fusion-alert-center fusion-form-response fusion-form-response-error fusion-alert-capitalize alert-dismissable\" style=\"--awb-margin-top:15px;\" role=\"alert\"><div class=\"fusion-alert-content-wrapper\"><span class=\"alert-icon\"><i class=\"awb-icon-exclamation-triangle\" aria-hidden=\"true\"><\/i><\/span><span class=\"fusion-alert-content\">Une erreur s&#039;est produite lors de l&#039;envoi de votre message. Veuillez r\u00e9essayer plus tard.<\/span><\/div><button type=\"button\" class=\"close toggle-alert\" data-dismiss=\"alert\" aria-label=\"Fermer\">\u00d7<\/button><\/div><\/div><\/div><\/div><\/div><\/div><input type=\"hidden\" name=\"fusion_privacy_store_ip_ua\" value=\"false\"><input type=\"hidden\" name=\"fusion_privacy_expiration_interval\" value=\"48\"><input type=\"hidden\" name=\"privacy_expiration_action\" value=\"anonymize\"><input type=\"hidden\" name=\"trp-form-language\" value=\"fr\"\/><\/form><\/div><div class=\"fusion-clearfix\"><\/div><\/div><\/div><div class=\"fusion-layout-column fusion_builder_column fusion-builder-column-3 fusion_builder_column_1_3 1_3 fusion-one-third\" style=\"--awb-bg-size:cover;width:33.333333333333%;width:calc(33.333333333333% - ( ( 4% + 4% ) * 0.33333333333333 ) );margin-right: 4%;\"><div class=\"fusion-column-wrapper fusion-column-has-shadow fusion-flex-column-wrapper-legacy\"><div class=\"fusion-text fusion-text-4\"><h2 class=\"fusion-responsive-typography-calculated\" style=\"--fontsize: 18; line-height: 1.5; --minfontsize: 18;\" data-fontsize=\"18\" data-lineheight=\"27px\"><strong>Varia par Karl Leuthenmayr<br \/>\n<\/strong><\/h2>\n<p><strong style=\"color: var(--awb-text-color); font-family: var(--awb-text-font-family); font-size: var(--awb-font-size); font-style: var(--awb-text-font-style); letter-spacing: var(--awb-letter-spacing); text-align: var(--awb-content-alignment); text-transform: var(--awb-text-transform); background-color: var(--awb-bg-color);\">Karl Leuthenmayr<\/strong><\/p>\n<p>mobile\/WhatsApp : +49 (0)172 824 72 63<br \/>\nWhatsapp : +33 (0) 675 871 787<br \/>\nWhatsapp : +44 (0) 7880 743 013<\/p>\n<p><span style=\"color: var(--awb-text-color); font-family: var(--awb-text-font-family); font-size: var(--awb-font-size); font-style: var(--awb-text-font-style); font-weight: var(--awb-text-font-weight); letter-spacing: var(--awb-letter-spacing); text-align: var(--awb-content-alignment); text-transform: var(--awb-text-transform); background-color: var(--awb-bg-color);\"><a href=\"mailto:contact@varia.fr\">contact@varia.fr<\/a><br \/>\n<\/span><span style=\"background-color: var(--awb-bg-color); color: var(--awb-text-color); font-family: var(--awb-text-font-family); font-size: var(--awb-font-size); font-style: var(--awb-text-font-style); font-weight: var(--awb-text-font-weight); letter-spacing: var(--awb-letter-spacing); text-align: var(--awb-content-alignment); text-transform: var(--awb-text-transform);\"><a href=\"mailto:varia@variatextile.co.uk\">varia@variatextile.co.uk<\/a><\/span><\/p>\n<p>Skype : variagb<span style=\"background-color: var(--awb-bg-color); color: var(--awb-text-color); font-family: var(--awb-text-font-family); font-size: var(--awb-font-size); font-style: var(--awb-text-font-style); font-weight: var(--awb-text-font-weight); letter-spacing: var(--awb-letter-spacing); text-align: var(--awb-content-alignment); text-transform: var(--awb-text-transform);\"><br \/>\n<\/span><\/p>\n<p><a style=\"font-family: var(--awb-text-font-family); font-size: var(--awb-font-size); font-style: var(--awb-text-font-style); font-weight: var(--awb-text-font-weight); letter-spacing: var(--awb-letter-spacing); text-align: var(--awb-content-alignment); text-transform: var(--awb-text-transform); background-color: var(--awb-bg-color);\" title=\"www.varia-int.com\" href=\"https:\/\/varia-int.com\/fr\/\" target=\"_blank\" rel=\"noopener noreferrer\">www.varia-int.com<\/a><\/p>\n<\/div><div class=\"fusion-clearfix\"><\/div><\/div><\/div><div class=\"fusion-layout-column fusion_builder_column fusion-builder-column-4 fusion_builder_column_1_3 1_3 fusion-one-third fusion-column-last\" style=\"--awb-bg-size:cover;width:33.333333333333%;width:calc(33.333333333333% - ( ( 4% + 4% ) * 0.33333333333333 ) );\"><div class=\"fusion-column-wrapper fusion-column-has-shadow fusion-flex-column-wrapper-legacy\"><div class=\"fusion-text fusion-text-5\"><h2 class=\"fusion-responsive-typography-calculated\" style=\"--fontsize: 18; line-height: 1.5; --minfontsize: 18;\" data-fontsize=\"18\" data-lineheight=\"27px\"><strong>Varia Textile Ltd<\/strong><\/h2>\n<p>197 Kingsroad<br \/>\nKingston upon Thames<br \/>\nsurrey<br \/>\nKT2 5JH<\/p>\n<p>WhatsApp: +44 7880 743 013<br \/>\nWhatsapp : +33 675 871 787<\/p>\n<p><a style=\"font-family: var(--awb-text-font-family); font-size: var(--awb-font-size); font-style: var(--awb-text-font-style); font-weight: var(--awb-text-font-weight); letter-spacing: var(--awb-letter-spacing); text-align: var(--awb-content-alignment); text-transform: var(--awb-text-transform); background-color: var(--awb-bg-color);\" href=\"mailto:varia@variatextile.co.uk\">varia@variatextile.co.uk<\/a><\/p>\n<p><a href=\"https:\/\/www.varia-uk.com\/\" target=\"_blank\" rel=\"noopener noreferrer\">www.varia-fr.com<\/a><\/p>\n<\/div><div class=\"fusion-clearfix\"><\/div><\/div><\/div><div class=\"fusion-layout-column fusion_builder_column fusion-builder-column-5 fusion_builder_column_1_3 1_3 fusion-one-third fusion-column-first\" style=\"--awb-bg-size:cover;width:33.333333333333%;width:calc(33.333333333333% - ( ( 4% ) * 0.33333333333333 ) );margin-right: 4%;\"><div class=\"fusion-column-wrapper fusion-column-has-shadow fusion-flex-column-wrapper-legacy\"><div class=\"fusion-text fusion-text-6\"><h2><strong>Varia France \/ Varia Paris<\/strong><\/h2>\n<p>8 rue Jean Cottin<br \/>\nF 75018 Paris<\/p>\n<p>T\u00e9l: +33 (0) 1 42 09 53 96<\/p>\n<p><a title=\"mail \u00e0 Varia France\" href=\"mailto:%20varia@varia.fr\">varia@varia.fr<\/a><\/p>\n<p class=\"textredmittel\"><a title=\"aller \u00e0 Varia France\" href=\"http:\/\/www.varia.fr\/\" target=\"_blank\" rel=\"noopener noreferrer\">www.varia.fr<\/a><\/p>\n<\/div><div class=\"fusion-image-element fusion-image-align-left in-legacy-container\" style=\"text-align:left;--awb-margin-bottom:10px;--awb-caption-title-size:var(--h2_typography-font-size);--awb-caption-title-transform:var(--h2_typography-text-transform);--awb-caption-title-line-height:var(--h2_typography-line-height);--awb-caption-title-letter-spacing:var(--h2_typography-letter-spacing);\"><span class=\"fusion-imageframe imageframe-none imageframe-1 hover-type-none\" style=\"margin-right:25px;float:left;\"><img decoding=\"async\" width=\"200\" height=\"168\" alt=\"Showroom Paris\" title=\"Salle d&#039;exposition Paris\" src=\"https:\/\/varia-int.com\/wp-content\/uploads\/2022\/02\/showroom_Paris.jpg\" data-orig-src=\"https:\/\/varia-int.com\/wp-content\/uploads\/2022\/02\/showroom_Paris-200x168.jpg\" class=\"lazyload img-responsive wp-image-16680\" srcset=\"data:image\/svg+xml,%3Csvg%20xmlns%3D%27http%3A%2F%2Fwww.w3.org%2F2000%2Fsvg%27%20width%3D%27950%27%20height%3D%27800%27%20viewBox%3D%270%200%20950%20800%27%3E%3Crect%20width%3D%27950%27%20height%3D%27800%27%20fill-opacity%3D%220%22%2F%3E%3C%2Fsvg%3E\" data-srcset=\"https:\/\/varia-int.com\/wp-content\/uploads\/2022\/02\/showroom_Paris-200x168.jpg 200w, https:\/\/varia-int.com\/wp-content\/uploads\/2022\/02\/showroom_Paris-400x337.jpg 400w, https:\/\/varia-int.com\/wp-content\/uploads\/2022\/02\/showroom_Paris-600x505.jpg 600w, https:\/\/varia-int.com\/wp-content\/uploads\/2022\/02\/showroom_Paris-800x674.jpg 800w, https:\/\/varia-int.com\/wp-content\/uploads\/2022\/02\/showroom_Paris.jpg 950w\" data-sizes=\"auto\" data-orig-sizes=\"(max-width: 800px) 100vw, 400px\" \/><\/span><\/div><div class=\"fusion-image-element fusion-image-align-left in-legacy-container\" style=\"text-align:left;--awb-caption-title-size:var(--h2_typography-font-size);--awb-caption-title-transform:var(--h2_typography-text-transform);--awb-caption-title-line-height:var(--h2_typography-line-height);--awb-caption-title-letter-spacing:var(--h2_typography-letter-spacing);\"><span class=\"fusion-imageframe imageframe-none imageframe-2 hover-type-none\" style=\"margin-right:25px;float:left;\"><img decoding=\"async\" width=\"200\" height=\"168\" alt=\"Nicht entflammbare Stoffe - Showroom Paris\" title=\"showroomaTissus ininflammables \u2013 Showroom Paris_Paris_fabrics\" src=\"https:\/\/varia-int.com\/wp-content\/uploads\/2022\/02\/showroom_Paris_Stoffe.jpg\" data-orig-src=\"https:\/\/varia-int.com\/wp-content\/uploads\/2022\/02\/showroom_Paris_Stoffe-200x168.jpg\" class=\"lazyload img-responsive wp-image-16675\" srcset=\"data:image\/svg+xml,%3Csvg%20xmlns%3D%27http%3A%2F%2Fwww.w3.org%2F2000%2Fsvg%27%20width%3D%27950%27%20height%3D%27800%27%20viewBox%3D%270%200%20950%20800%27%3E%3Crect%20width%3D%27950%27%20height%3D%27800%27%20fill-opacity%3D%220%22%2F%3E%3C%2Fsvg%3E\" data-srcset=\"https:\/\/varia-int.com\/wp-content\/uploads\/2022\/02\/showroom_Paris_Stoffe-200x168.jpg 200w, https:\/\/varia-int.com\/wp-content\/uploads\/2022\/02\/showroom_Paris_Stoffe-400x337.jpg 400w, https:\/\/varia-int.com\/wp-content\/uploads\/2022\/02\/showroom_Paris_Stoffe-600x505.jpg 600w, https:\/\/varia-int.com\/wp-content\/uploads\/2022\/02\/showroom_Paris_Stoffe-800x674.jpg 800w, https:\/\/varia-int.com\/wp-content\/uploads\/2022\/02\/showroom_Paris_Stoffe.jpg 950w\" data-sizes=\"auto\" data-orig-sizes=\"(max-width: 800px) 100vw, 400px\" \/><\/span><\/div><div class=\"fusion-clearfix\"><\/div><\/div><\/div><div class=\"fusion-layout-column fusion_builder_column fusion-builder-column-6 fusion_builder_column_1_3 1_3 fusion-one-third fusion-column-last\" style=\"--awb-bg-size:cover;width:33.333333333333%;width:calc(33.333333333333% - ( ( 4% ) * 0.33333333333333 ) );\"><div class=\"fusion-column-wrapper fusion-column-has-shadow fusion-flex-column-wrapper-legacy\"><div class=\"fusion-text fusion-text-7\"><h2><strong>Varia-Polska<\/strong><\/h2>\n<p>ul. Grzybowska 103<br \/>\n05-520 Konstancin-Jeziorna<\/p>\n<p>T\u00e9l: +48693-922-193<\/p>\n<p><a title=\"mail \u00e0 Varia-Polska\" href=\"mailto:patrick.matussek@variapolska.pl\">patrick.matussek@variapolska.pl<\/a><\/p>\n<p><a title=\"http:\/\/variapolska.pl\" href=\"http:\/\/variapolska.pl\/\" target=\"_blank\" rel=\"noopener noreferrer\">variapolska.pl<\/a><\/p>\n<\/div><div class=\"fusion-clearfix\"><\/div><\/div><\/div><\/div><\/div><div class=\"fusion-bg-parallax\" data-bg-align=\"center center\" data-direction=\"up\" data-mute=\"false\" data-opacity=\"100\" data-velocity=\"-0.3\" data-mobile-enabled=\"false\" data-break_parents=\"0\" data-bg-image=\"https:\/\/varia-int.com\/wp-content\/uploads\/2019\/11\/stoffe_pailetten.jpg\" data-bg-repeat=\"false\" ><\/div><div class=\"fusion-fullwidth fullwidth-box fusion-builder-row-3 fusion-parallax-up nonhundred-percent-fullwidth non-hundred-percent-height-scrolling lazyload\" style=\"--awb-border-radius-top-left:0px;--awb-border-radius-top-right:0px;--awb-border-radius-bottom-right:0px;--awb-border-radius-bottom-left:0px;--awb-padding-top:100px;--awb-padding-bottom:100px;--awb-background-size:cover;\" data-bg=\"https:\/\/varia-int.com\/wp-content\/uploads\/2019\/11\/stoffe_pailetten.jpg\" ><div class=\"fusion-builder-row fusion-row\"><\/div><\/div><\/p>","protected":false},"excerpt":{"rendered":"","protected":false},"author":1,"featured_media":0,"parent":0,"menu_order":0,"comment_status":"closed","ping_status":"closed","template":"100-width.php","meta":{"footnotes":""},"class_list":["post-271","page","type-page","status-publish","hentry"],"_links":{"self":[{"href":"https:\/\/varia-int.com\/fr\/wp-json\/wp\/v2\/pages\/271","targetHints":{"allow":["GET"]}}],"collection":[{"href":"https:\/\/varia-int.com\/fr\/wp-json\/wp\/v2\/pages"}],"about":[{"href":"https:\/\/varia-int.com\/fr\/wp-json\/wp\/v2\/types\/page"}],"author":[{"embeddable":true,"href":"https:\/\/varia-int.com\/fr\/wp-json\/wp\/v2\/users\/1"}],"replies":[{"embeddable":true,"href":"https:\/\/varia-int.com\/fr\/wp-json\/wp\/v2\/comments?post=271"}],"version-history":[{"count":5,"href":"https:\/\/varia-int.com\/fr\/wp-json\/wp\/v2\/pages\/271\/revisions"}],"predecessor-version":[{"id":17043,"href":"https:\/\/varia-int.com\/fr\/wp-json\/wp\/v2\/pages\/271\/revisions\/17043"}],"wp:attachment":[{"href":"https:\/\/varia-int.com\/fr\/wp-json\/wp\/v2\/media?parent=271"}],"curies":[{"name":"wp","href":"https:\/\/api.w.org\/{rel}","templated":true}]}}