{"id":38,"date":"2019-01-10T15:52:26","date_gmt":"2019-01-10T15:52:26","guid":{"rendered":"https:\/\/varia-int.com\/?page_id=38"},"modified":"2024-02-15T04:44:03","modified_gmt":"2024-02-15T04:44:03","slug":"impressum","status":"publish","type":"page","link":"https:\/\/varia-int.com\/fr\/impressum\/","title":{"rendered":"empreinte"},"content":{"rendered":"<div class=\"textblaumittel\">\n<h1 class=\"textredgrosscursive\">Informations selon \u00a7 5 TMG:<\/h1>\n<p>Mec, ton pavillon<br \/>\n8 rue Jean Cottin<br \/>\n75018Paris<br \/>\nFrance<\/p>\n<h1>Contact:<\/h1>\n<p>T\u00e9l: +33 (0) 1 42 09 53 96<br \/>\n<a title=\"mail \u00e0 Varia par Karl Leuthenmayr\" href=\"mailto:%20varia@varia-int.com\">Varia@varia-int.com<\/a><\/p>\n<h1>Webmaster<\/h1>\n<p>Lavinia Ebert<br \/>\nBangalore<br \/>\n<a title=\"mail au webmaster\" href=\"http:\/\/www.laviniaweb.de\/\" target=\"_blank\" rel=\"noopener noreferrer\">laviniaweb.de<\/a><\/p>\n<\/div>\n<h1 class=\"textredgrosscursive\">Clause de non-responsabilit\u00e9<\/h1>\n<div class=\"textblaumittel\">\n<p><strong>Responsabilit\u00e9 pour le contenu<\/strong><\/p>\n<p>En tant que fournisseur de services, nous sommes responsables de notre propre contenu sur ces pages conform\u00e9ment aux lois g\u00e9n\u00e9rales conform\u00e9ment \u00e0 l&#039;article 7 (1) TMG. Selon les \u00a7\u00a7 8 \u00e0 10 TMG, en tant que prestataire de services, nous ne sommes pas tenus de surveiller les informations externes transmises ou stock\u00e9es ni d&#039;enqu\u00eater sur les circonstances qui indiquent une activit\u00e9 ill\u00e9gale. Les obligations de supprimer ou de bloquer l&#039;utilisation des informations conform\u00e9ment aux lois g\u00e9n\u00e9rales restent inchang\u00e9es. Cependant, la responsabilit\u00e9 \u00e0 cet \u00e9gard n&#039;est possible qu&#039;\u00e0 partir du moment o\u00f9 nous avons connaissance d&#039;une violation l\u00e9gale sp\u00e9cifique. D\u00e8s que nous prendrons connaissance de telles violations, nous supprimerons imm\u00e9diatement ce contenu.<\/p>\n<p><strong>Responsabilit\u00e9 pour les liens<\/strong><\/p>\n<p>Notre offre contient des liens vers des sites Web externes de tiers, sur le contenu desquels nous n&#039;avons aucune influence. Pour cette raison, nous d\u00e9clinons toute responsabilit\u00e9 pour ce contenu externe. Le fournisseur ou l&#039;op\u00e9rateur respectif est toujours responsable du contenu des pages li\u00e9es. Les pages li\u00e9es ont \u00e9t\u00e9 v\u00e9rifi\u00e9es pour d&#039;\u00e9ventuelles violations de la loi au moment de la cr\u00e9ation du lien. Aucun contenu ill\u00e9gal n&#039;\u00e9tait perceptible au moment de la cr\u00e9ation du lien. Un contr\u00f4le permanent du contenu des pages li\u00e9es n&#039;est pas raisonnable sans preuve concr\u00e8te d&#039;une infraction. D\u00e8s que nous aurons connaissance de violations l\u00e9gales, nous supprimerons ces liens imm\u00e9diatement.<\/p>\n<p><strong>droit d&#039;auteur<\/strong><\/p>\n<p>Le contenu et les travaux de ces pages cr\u00e9\u00e9s par l&#039;exploitant du site sont soumis au droit d&#039;auteur allemand. La duplication, l&#039;\u00e9dition, la distribution et tout type d&#039;utilisation en dehors des limites du droit d&#039;auteur n\u00e9cessitent le consentement \u00e9crit de l&#039;auteur ou du cr\u00e9ateur respectif. Les t\u00e9l\u00e9chargements et les copies de cette page ne sont autoris\u00e9s que pour un usage priv\u00e9 et non commercial. Dans la mesure o\u00f9 le contenu de cette page n&#039;a pas \u00e9t\u00e9 cr\u00e9\u00e9 par l&#039;op\u00e9rateur, les droits d&#039;auteur de tiers sont respect\u00e9s. En particulier, le contenu tiers est marqu\u00e9 comme tel. Si vous constatez n\u00e9anmoins une violation du droit d&#039;auteur, veuillez nous en informer. D\u00e8s que nous aurons connaissance de violations l\u00e9gales, nous supprimerons imm\u00e9diatement ce contenu.<\/p>\n<p>&nbsp;<\/p>\n<p>&quot;Plateforme de la Commission europ\u00e9enne pour la r\u00e9solution des litiges en ligne: <a href=\"http:\/\/www.ec.europa.eu\/consumers\/odr\">www.ec.europa.eu\/consumers\/odr<\/a>\u201d<\/p>\n<\/div>","protected":false},"excerpt":{"rendered":"<p>Angaben gem\u00e4\u00df \u00a7 5 TMG: Guy du Pavillon 8 rue [&hellip;]<\/p>\n","protected":false},"author":1,"featured_media":0,"parent":0,"menu_order":0,"comment_status":"closed","ping_status":"closed","template":"","meta":{"footnotes":""},"class_list":["post-38","page","type-page","status-publish","hentry"],"_links":{"self":[{"href":"https:\/\/varia-int.com\/fr\/wp-json\/wp\/v2\/pages\/38","targetHints":{"allow":["GET"]}}],"collection":[{"href":"https:\/\/varia-int.com\/fr\/wp-json\/wp\/v2\/pages"}],"about":[{"href":"https:\/\/varia-int.com\/fr\/wp-json\/wp\/v2\/types\/page"}],"author":[{"embeddable":true,"href":"https:\/\/varia-int.com\/fr\/wp-json\/wp\/v2\/users\/1"}],"replies":[{"embeddable":true,"href":"https:\/\/varia-int.com\/fr\/wp-json\/wp\/v2\/comments?post=38"}],"version-history":[{"count":0,"href":"https:\/\/varia-int.com\/fr\/wp-json\/wp\/v2\/pages\/38\/revisions"}],"wp:attachment":[{"href":"https:\/\/varia-int.com\/fr\/wp-json\/wp\/v2\/media?parent=38"}],"curies":[{"name":"wp","href":"https:\/\/api.w.org\/{rel}","templated":true}]}}