{"id":504,"date":"2019-12-16T14:48:16","date_gmt":"2019-12-16T14:48:16","guid":{"rendered":"https:\/\/varia-int.com\/?page_id=504"},"modified":"2020-09-16T07:18:05","modified_gmt":"2020-09-16T07:18:05","slug":"jean-roze","status":"publish","type":"page","link":"https:\/\/varia-int.com\/fr\/jean-roze\/","title":{"rendered":"Jean Roze"},"content":{"rendered":"<p><div class=\"fusion-bg-parallax\" data-bg-align=\"center center\" data-direction=\"up\" data-mute=\"false\" data-opacity=\"100\" data-velocity=\"-0.3\" data-mobile-enabled=\"false\" data-break_parents=\"0\" data-bg-image=\"https:\/\/varia-int.com\/wp-content\/uploads\/2019\/12\/montrichard-fleur_slide.jpg\" data-bg-repeat=\"false\" ><\/div><div class=\"fusion-fullwidth fullwidth-box fusion-builder-row-1 fusion-parallax-up nonhundred-percent-fullwidth non-hundred-percent-height-scrolling lazyload\" style=\"--awb-border-radius-top-left:0px;--awb-border-radius-top-right:0px;--awb-border-radius-bottom-right:0px;--awb-border-radius-bottom-left:0px;--awb-padding-top:100px;--awb-padding-bottom:100px;--awb-background-size:cover;\" data-bg=\"https:\/\/varia-int.com\/wp-content\/uploads\/2019\/12\/montrichard-fleur_slide.jpg\" ><div class=\"fusion-builder-row fusion-row\"><div class=\"fusion-layout-column fusion_builder_column fusion-builder-column-0 fusion_builder_column_1_1 1_1 fusion-one-full fusion-column-first fusion-column-last\" style=\"--awb-bg-color:rgba(255,255,255,0.47);--awb-bg-size:cover;\"><div class=\"fusion-column-wrapper fusion-flex-column-wrapper-legacy\"><div class=\"fusion-text fusion-text-1\"><h1 style=\"text-align: center;\">Jean Roze<\/h1>\n<\/div><div class=\"fusion-clearfix\"><\/div><\/div><\/div><\/div><\/div><div class=\"fusion-fullwidth fullwidth-box fusion-builder-row-2 nonhundred-percent-fullwidth non-hundred-percent-height-scrolling\" style=\"--awb-border-radius-top-left:0px;--awb-border-radius-top-right:0px;--awb-border-radius-bottom-right:0px;--awb-border-radius-bottom-left:0px;--awb-padding-top:20px;--awb-padding-bottom:20px;\" ><div class=\"fusion-builder-row fusion-row\"><div class=\"fusion-layout-column fusion_builder_column fusion-builder-column-1 fusion_builder_column_1_1 1_1 fusion-one-full fusion-column-first fusion-column-last\" style=\"--awb-bg-size:cover;\"><div class=\"fusion-column-wrapper fusion-flex-column-wrapper-legacy\"><div class=\"fusion-text fusion-text-2\"><p class=\"textblaumittel\" style=\"text-align: center;\">La soci\u00e9t\u00e9 Jean Roze est une entreprise familiale sp\u00e9cialis\u00e9e dans la production de tissus de haute qualit\u00e9. Elle produit ses propres collections classiques et modernes ainsi que des produits selon les exigences du client.<\/p>\n<p class=\"textblaumittel\" style=\"text-align: center;\">Entreprise familiale depuis le XVIIe si\u00e8cle, l&#039;histoire de l&#039;entreprise Jean Roze fait partie de l&#039;histoire de la soie en France. Jean Roze poss\u00e8de un h\u00e9ritage exceptionnel d&#039;expertise, de documentation et de traditions qui perp\u00e9tuent les exigences de qualit\u00e9 et d&#039;authenticit\u00e9. Les tissus produits ont un caract\u00e8re intemporel, d\u00e9tach\u00e9 de l&#039;\u00e9ph\u00e9m\u00e8re et de l&#039;ambiance de la mode.<\/p>\n<p class=\"textblaumittel\" style=\"text-align: center;\">Vous pouvez trouver les collections de soie au <a href=\"http:\/\/www.maisonroze.fr\/\" target=\"_blank\" rel=\"noopener noreferrer\">Le site de Jean Roze<\/a><\/p>\n<\/div><div class=\"fusion-image-element fusion-image-align-center in-legacy-container\" style=\"text-align:center;--awb-caption-title-size:var(--h2_typography-font-size);--awb-caption-title-transform:var(--h2_typography-text-transform);--awb-caption-title-line-height:var(--h2_typography-line-height);--awb-caption-title-letter-spacing:var(--h2_typography-letter-spacing);\"><div class=\"imageframe-align-center\"><span class=\"fusion-imageframe imageframe-none imageframe-1 hover-type-none\"><img decoding=\"async\" width=\"800\" height=\"57\" alt=\"Seiden von Jean Roze\" title=\"soie par Jean Roze\" src=\"https:\/\/varia-int.com\/wp-content\/uploads\/2019\/12\/seiden.jpg\" data-orig-src=\"https:\/\/varia-int.com\/wp-content\/uploads\/2019\/12\/seiden.jpg\" class=\"lazyload img-responsive wp-image-505\" srcset=\"data:image\/svg+xml,%3Csvg%20xmlns%3D%27http%3A%2F%2Fwww.w3.org%2F2000%2Fsvg%27%20width%3D%27800%27%20height%3D%2757%27%20viewBox%3D%270%200%20800%2057%27%3E%3Crect%20width%3D%27800%27%20height%3D%2757%27%20fill-opacity%3D%220%22%2F%3E%3C%2Fsvg%3E\" data-srcset=\"https:\/\/varia-int.com\/wp-content\/uploads\/2019\/12\/seiden-200x14.jpg 200w, https:\/\/varia-int.com\/wp-content\/uploads\/2019\/12\/seiden-400x29.jpg 400w, https:\/\/varia-int.com\/wp-content\/uploads\/2019\/12\/seiden-600x43.jpg 600w, https:\/\/varia-int.com\/wp-content\/uploads\/2019\/12\/seiden.jpg 800w\" data-sizes=\"auto\" data-orig-sizes=\"(max-width: 800px) 100vw, 800px\" \/><\/span><\/div><\/div><div class=\"fusion-text fusion-text-3\"><p style=\"text-align: center;\"><a href=\"http:\/\/www.maisonroze.fr\/\" target=\"_blank\" rel=\"noopener noreferrer\">http:\/\/www.maisonroze.fr\/<\/a><\/p>\n<\/div><div class=\"fusion-clearfix\"><\/div><\/div><\/div><\/div><\/div><div class=\"fusion-fullwidth fullwidth-box fusion-builder-row-3 nonhundred-percent-fullwidth non-hundred-percent-height-scrolling\" style=\"--awb-border-radius-top-left:0px;--awb-border-radius-top-right:0px;--awb-border-radius-bottom-right:0px;--awb-border-radius-bottom-left:0px;--awb-margin-top:20px;\" ><div class=\"fusion-builder-row fusion-row\"><div class=\"fusion-layout-column fusion_builder_column fusion-builder-column-2 fusion_builder_column_1_1 1_1 fusion-one-full fusion-column-first fusion-column-last\" style=\"--awb-bg-size:cover;\"><div class=\"fusion-column-wrapper fusion-flex-column-wrapper-legacy\"><div class=\"fusion-column-content-centered\"><div class=\"fusion-column-content\"><div class=\"fusion-text fusion-text-4\"><p class=\"textblaumittel\" style=\"text-align: center;\">En plus des collections de soie, nous avons \u00e9galement inclus 2 tissus en viscose de Jean Roze.<\/p>\n<p class=\"textblaumittel\" style=\"text-align: center;\">Montrichard Plain et Montrichard Fleur<br \/>\nViscose 85% - coton 15%<\/p>\n<\/div><\/div><\/div><div class=\"fusion-clearfix\"><\/div><\/div><\/div><div class=\"fusion-layout-column fusion_builder_column fusion-builder-column-3 fusion_builder_column_1_1 1_1 fusion-one-full fusion-column-first fusion-column-last\" style=\"--awb-bg-size:cover;\"><div class=\"fusion-column-wrapper fusion-flex-column-wrapper-legacy\"><div class=\"fusion-column-content-centered\"><div class=\"fusion-column-content\"><div class=\"fusion-text fusion-text-5\"><p><img decoding=\"async\" class=\"lazyload size-full wp-image-516 aligncenter\" src=\"https:\/\/varia-int.com\/wp-content\/uploads\/2019\/12\/montrichard-plain-1.jpg\" data-orig-src=\"https:\/\/varia-int.com\/wp-content\/uploads\/2019\/12\/montrichard-plain-1.jpg\" alt=\"montrichard-plain\" width=\"800\" height=\"380\" srcset=\"data:image\/svg+xml,%3Csvg%20xmlns%3D%27http%3A%2F%2Fwww.w3.org%2F2000%2Fsvg%27%20width%3D%27800%27%20height%3D%27380%27%20viewBox%3D%270%200%20800%20380%27%3E%3Crect%20width%3D%27800%27%20height%3D%27380%27%20fill-opacity%3D%220%22%2F%3E%3C%2Fsvg%3E\" data-srcset=\"https:\/\/varia-int.com\/wp-content\/uploads\/2019\/12\/montrichard-plain-1-200x95.jpg 200w, https:\/\/varia-int.com\/wp-content\/uploads\/2019\/12\/montrichard-plain-1-300x143.jpg 300w, https:\/\/varia-int.com\/wp-content\/uploads\/2019\/12\/montrichard-plain-1-400x190.jpg 400w, https:\/\/varia-int.com\/wp-content\/uploads\/2019\/12\/montrichard-plain-1-500x238.jpg 500w, https:\/\/varia-int.com\/wp-content\/uploads\/2019\/12\/montrichard-plain-1-600x285.jpg 600w, https:\/\/varia-int.com\/wp-content\/uploads\/2019\/12\/montrichard-plain-1-700x333.jpg 700w, https:\/\/varia-int.com\/wp-content\/uploads\/2019\/12\/montrichard-plain-1-768x365.jpg 768w, https:\/\/varia-int.com\/wp-content\/uploads\/2019\/12\/montrichard-plain-1.jpg 800w\" data-sizes=\"auto\" data-orig-sizes=\"(max-width: 800px) 100vw, 800px\" \/><\/p>\n<\/div><\/div><\/div><div class=\"fusion-clearfix\"><\/div><\/div><\/div><div class=\"fusion-layout-column fusion_builder_column fusion-builder-column-4 fusion_builder_column_1_1 1_1 fusion-one-full fusion-column-first fusion-column-last\" style=\"--awb-bg-size:cover;\"><div class=\"fusion-column-wrapper fusion-flex-column-wrapper-legacy\"><div class=\"fusion-column-content-centered\"><div class=\"fusion-column-content\"><div class=\"fusion-text fusion-text-6\"><p><img decoding=\"async\" class=\"lazyload alignnone size-full wp-image-515 aligncenter\" src=\"https:\/\/varia-int.com\/wp-content\/uploads\/2019\/12\/montrichard-fleur-1.jpg\" data-orig-src=\"https:\/\/varia-int.com\/wp-content\/uploads\/2019\/12\/montrichard-fleur-1.jpg\" alt=\"montrichard-fleur\" width=\"800\" height=\"380\" srcset=\"data:image\/svg+xml,%3Csvg%20xmlns%3D%27http%3A%2F%2Fwww.w3.org%2F2000%2Fsvg%27%20width%3D%27800%27%20height%3D%27380%27%20viewBox%3D%270%200%20800%20380%27%3E%3Crect%20width%3D%27800%27%20height%3D%27380%27%20fill-opacity%3D%220%22%2F%3E%3C%2Fsvg%3E\" data-srcset=\"https:\/\/varia-int.com\/wp-content\/uploads\/2019\/12\/montrichard-fleur-1-200x95.jpg 200w, https:\/\/varia-int.com\/wp-content\/uploads\/2019\/12\/montrichard-fleur-1-300x143.jpg 300w, https:\/\/varia-int.com\/wp-content\/uploads\/2019\/12\/montrichard-fleur-1-400x190.jpg 400w, https:\/\/varia-int.com\/wp-content\/uploads\/2019\/12\/montrichard-fleur-1-500x238.jpg 500w, https:\/\/varia-int.com\/wp-content\/uploads\/2019\/12\/montrichard-fleur-1-600x285.jpg 600w, https:\/\/varia-int.com\/wp-content\/uploads\/2019\/12\/montrichard-fleur-1-700x333.jpg 700w, https:\/\/varia-int.com\/wp-content\/uploads\/2019\/12\/montrichard-fleur-1-768x365.jpg 768w, https:\/\/varia-int.com\/wp-content\/uploads\/2019\/12\/montrichard-fleur-1.jpg 800w\" data-sizes=\"auto\" data-orig-sizes=\"(max-width: 800px) 100vw, 800px\" \/><\/p>\n<\/div><\/div><\/div><div class=\"fusion-clearfix\"><\/div><\/div><\/div><\/div><\/div><div class=\"fusion-bg-parallax\" data-bg-align=\"center center\" data-direction=\"up\" data-mute=\"false\" data-opacity=\"100\" data-velocity=\"-0.3\" data-mobile-enabled=\"false\" data-break_parents=\"0\" data-bg-image=\"https:\/\/varia-int.com\/wp-content\/uploads\/2019\/12\/montrichard-plain-slide.jpg\" data-bg-repeat=\"false\" ><\/div><div class=\"fusion-fullwidth fullwidth-box fusion-builder-row-4 fusion-parallax-up nonhundred-percent-fullwidth non-hundred-percent-height-scrolling lazyload\" style=\"--awb-border-radius-top-left:0px;--awb-border-radius-top-right:0px;--awb-border-radius-bottom-right:0px;--awb-border-radius-bottom-left:0px;--awb-padding-top:100px;--awb-padding-bottom:100px;--awb-background-size:cover;\" data-bg=\"https:\/\/varia-int.com\/wp-content\/uploads\/2019\/12\/montrichard-plain-slide.jpg\" ><div class=\"fusion-builder-row fusion-row\"><\/div><\/div><\/p>","protected":false},"excerpt":{"rendered":"","protected":false},"author":1,"featured_media":0,"parent":0,"menu_order":0,"comment_status":"closed","ping_status":"closed","template":"100-width.php","meta":{"footnotes":""},"class_list":["post-504","page","type-page","status-publish","hentry"],"_links":{"self":[{"href":"https:\/\/varia-int.com\/fr\/wp-json\/wp\/v2\/pages\/504","targetHints":{"allow":["GET"]}}],"collection":[{"href":"https:\/\/varia-int.com\/fr\/wp-json\/wp\/v2\/pages"}],"about":[{"href":"https:\/\/varia-int.com\/fr\/wp-json\/wp\/v2\/types\/page"}],"author":[{"embeddable":true,"href":"https:\/\/varia-int.com\/fr\/wp-json\/wp\/v2\/users\/1"}],"replies":[{"embeddable":true,"href":"https:\/\/varia-int.com\/fr\/wp-json\/wp\/v2\/comments?post=504"}],"version-history":[{"count":0,"href":"https:\/\/varia-int.com\/fr\/wp-json\/wp\/v2\/pages\/504\/revisions"}],"wp:attachment":[{"href":"https:\/\/varia-int.com\/fr\/wp-json\/wp\/v2\/media?parent=504"}],"curies":[{"name":"wp","href":"https:\/\/api.w.org\/{rel}","templated":true}]}}