{"id":557,"date":"2019-12-17T08:22:05","date_gmt":"2019-12-17T08:22:05","guid":{"rendered":"https:\/\/varia-int.com\/?page_id=557"},"modified":"2021-09-06T06:07:58","modified_gmt":"2021-09-06T06:07:58","slug":"dekorative-wandverkleidungen","status":"publish","type":"page","link":"https:\/\/varia-int.com\/fr\/dekorative-wandverkleidungen\/","title":{"rendered":"Conception de murs et de fa\u00e7ades"},"content":{"rendered":"<p><div class=\"fusion-fullwidth fullwidth-box fusion-builder-row-1 nonhundred-percent-fullwidth non-hundred-percent-height-scrolling\" style=\"--awb-border-radius-top-left:0px;--awb-border-radius-top-right:0px;--awb-border-radius-bottom-right:0px;--awb-border-radius-bottom-left:0px;--awb-padding-top:40px;--awb-padding-bottom:40px;--awb-margin-top:0px;--awb-margin-bottom:10px;--awb-background-color:rgba(209,209,209,0.3);\" ><div class=\"fusion-builder-row fusion-row\"><div class=\"fusion-layout-column fusion_builder_column fusion-builder-column-0 fusion_builder_column_1_1 1_1 fusion-one-full fusion-column-first fusion-column-last\" style=\"--awb-bg-color:rgba(255,255,255,0.61);--awb-bg-size:cover;\"><div class=\"fusion-column-wrapper fusion-flex-column-wrapper-legacy\"><div class=\"fusion-column-content-centered\"><div class=\"fusion-column-content\"><div class=\"fusion-text fusion-text-1\"><h1 style=\"text-align: center;\">Conception de murs et de fa\u00e7ades<\/h1>\n<\/div><\/div><\/div><div class=\"fusion-clearfix\"><\/div><\/div><\/div><\/div><\/div><div class=\"fusion-fullwidth fullwidth-box fusion-builder-row-2 nonhundred-percent-fullwidth non-hundred-percent-height-scrolling\" style=\"--awb-border-radius-top-left:0px;--awb-border-radius-top-right:0px;--awb-border-radius-bottom-right:0px;--awb-border-radius-bottom-left:0px;--awb-margin-top:20px;--awb-margin-bottom:10px;\" ><div class=\"fusion-builder-row fusion-row\"><div class=\"fusion-layout-column fusion_builder_column fusion-builder-column-1 fusion_builder_column_1_4 1_4 fusion-one-fourth fusion-column-first\" style=\"--awb-bg-size:cover;width:25%;width:calc(25% - ( ( 4% + 4% + 4% ) * 0.25 ) );margin-right: 4%;\"><div class=\"fusion-column-wrapper fusion-flex-column-wrapper-legacy\"><div class=\"fusion-image-element fusion-image-align-center in-legacy-container\" style=\"text-align:center;--awb-liftup-border-radius:0px;--awb-caption-title-size:var(--h2_typography-font-size);--awb-caption-title-transform:var(--h2_typography-text-transform);--awb-caption-title-line-height:var(--h2_typography-line-height);--awb-caption-title-letter-spacing:var(--h2_typography-letter-spacing);\"><div class=\"imageframe-align-center\"><div class=\"awb-image-frame awb-image-frame-1 imageframe-liftup\"><span class=\"fusion-imageframe imageframe-none imageframe-1\"><a class=\"fusion-no-lightbox\" href=\"https:\/\/varia-int.com\/fr\/tapeten\/\" target=\"_self\" aria-label=\"Cole and Son\"><img decoding=\"async\" width=\"700\" height=\"700\" alt=\"Cole and Son\" src=\"https:\/\/varia-int.com\/wp-content\/uploads\/2020\/12\/Coleandson.jpg\" data-orig-src=\"https:\/\/varia-int.com\/wp-content\/uploads\/2020\/12\/Coleandson.jpg\" class=\"lazyload img-responsive wp-image-14741\" srcset=\"data:image\/svg+xml,%3Csvg%20xmlns%3D%27http%3A%2F%2Fwww.w3.org%2F2000%2Fsvg%27%20width%3D%27700%27%20height%3D%27700%27%20viewBox%3D%270%200%20700%20700%27%3E%3Crect%20width%3D%27700%27%20height%3D%27700%27%20fill-opacity%3D%220%22%2F%3E%3C%2Fsvg%3E\" data-srcset=\"https:\/\/varia-int.com\/wp-content\/uploads\/2020\/12\/Coleandson-200x200.jpg 200w, https:\/\/varia-int.com\/wp-content\/uploads\/2020\/12\/Coleandson-400x400.jpg 400w, https:\/\/varia-int.com\/wp-content\/uploads\/2020\/12\/Coleandson-600x600.jpg 600w, https:\/\/varia-int.com\/wp-content\/uploads\/2020\/12\/Coleandson.jpg 700w\" data-sizes=\"auto\" data-orig-sizes=\"(max-width: 800px) 100vw, 400px\" \/><\/a><\/span><\/div><\/div><\/div><div class=\"fusion-text fusion-text-2\"><h2 style=\"text-align: center;\"><a href=\"https:\/\/varia-int.com\/fr\/tapeten\/\">Papier peint<\/a><\/h2>\n<\/div><div class=\"fusion-clearfix\"><\/div><\/div><\/div><div class=\"fusion-layout-column fusion_builder_column fusion-builder-column-2 fusion_builder_column_1_4 1_4 fusion-one-fourth\" style=\"--awb-bg-size:cover;width:25%;width:calc(25% - ( ( 4% + 4% + 4% ) * 0.25 ) );margin-right: 4%;\"><div class=\"fusion-column-wrapper fusion-flex-column-wrapper-legacy\"><div class=\"fusion-image-element fusion-image-align-center in-legacy-container\" style=\"text-align:center;--awb-liftup-border-radius:0px;--awb-caption-title-size:var(--h2_typography-font-size);--awb-caption-title-transform:var(--h2_typography-text-transform);--awb-caption-title-line-height:var(--h2_typography-line-height);--awb-caption-title-letter-spacing:var(--h2_typography-letter-spacing);\"><div class=\"imageframe-align-center\"><div class=\"awb-image-frame awb-image-frame-2 imageframe-liftup\"><span class=\"fusion-imageframe imageframe-none imageframe-2\"><a class=\"fusion-no-lightbox\" href=\"https:\/\/varia-int.com\/fr\/waende-in-beton-look-und-rosteffekt\/\" target=\"_self\" aria-label=\"mur en b\u00e9ton\"><img decoding=\"async\" width=\"700\" height=\"700\" alt=\"betonwand\" src=\"https:\/\/varia-int.com\/wp-content\/uploads\/2021\/01\/betonwand.jpg\" data-orig-src=\"https:\/\/varia-int.com\/wp-content\/uploads\/2021\/01\/betonwand.jpg\" class=\"lazyload img-responsive wp-image-14834\" srcset=\"data:image\/svg+xml,%3Csvg%20xmlns%3D%27http%3A%2F%2Fwww.w3.org%2F2000%2Fsvg%27%20width%3D%27700%27%20height%3D%27700%27%20viewBox%3D%270%200%20700%20700%27%3E%3Crect%20width%3D%27700%27%20height%3D%27700%27%20fill-opacity%3D%220%22%2F%3E%3C%2Fsvg%3E\" data-srcset=\"https:\/\/varia-int.com\/wp-content\/uploads\/2021\/01\/betonwand-200x200.jpg 200w, https:\/\/varia-int.com\/wp-content\/uploads\/2021\/01\/betonwand-400x400.jpg 400w, https:\/\/varia-int.com\/wp-content\/uploads\/2021\/01\/betonwand-600x600.jpg 600w, https:\/\/varia-int.com\/wp-content\/uploads\/2021\/01\/betonwand.jpg 700w\" data-sizes=\"auto\" data-orig-sizes=\"(max-width: 800px) 100vw, 400px\" \/><\/a><\/span><\/div><\/div><\/div><div class=\"fusion-text fusion-text-3\"><h2 style=\"text-align: center;\"><a href=\"https:\/\/varia-int.com\/fr\/waende-in-beton-look-und-rosteffekt\/\">Traitement des murs avec aspect b\u00e9ton, effet rouille et imitation pierre avec service<\/a><\/h2>\n<\/div><div class=\"fusion-clearfix\"><\/div><\/div><\/div><div class=\"fusion-layout-column fusion_builder_column fusion-builder-column-3 fusion_builder_column_1_4 1_4 fusion-one-fourth\" style=\"--awb-bg-size:cover;width:25%;width:calc(25% - ( ( 4% + 4% + 4% ) * 0.25 ) );margin-right: 4%;\"><div class=\"fusion-column-wrapper fusion-flex-column-wrapper-legacy\"><div class=\"fusion-image-element fusion-image-align-center in-legacy-container\" style=\"text-align:center;--awb-liftup-border-radius:0px;--awb-caption-title-size:var(--h2_typography-font-size);--awb-caption-title-transform:var(--h2_typography-text-transform);--awb-caption-title-line-height:var(--h2_typography-line-height);--awb-caption-title-letter-spacing:var(--h2_typography-letter-spacing);\"><div class=\"imageframe-align-center\"><div class=\"awb-image-frame awb-image-frame-3 imageframe-liftup\"><span class=\"fusion-imageframe imageframe-none imageframe-3\"><a class=\"fusion-no-lightbox\" href=\"https:\/\/varia-int.com\/fr\/airdisplay_walls\/\" target=\"_self\" aria-label=\"VariaAirDisplay\"><img decoding=\"async\" width=\"700\" height=\"700\" alt=\"VariaAirDisplay\" src=\"https:\/\/varia-int.com\/wp-content\/uploads\/2021\/01\/VariaAirDisplay.jpg\" data-orig-src=\"https:\/\/varia-int.com\/wp-content\/uploads\/2021\/01\/VariaAirDisplay.jpg\" class=\"lazyload img-responsive wp-image-14836\" srcset=\"data:image\/svg+xml,%3Csvg%20xmlns%3D%27http%3A%2F%2Fwww.w3.org%2F2000%2Fsvg%27%20width%3D%27700%27%20height%3D%27700%27%20viewBox%3D%270%200%20700%20700%27%3E%3Crect%20width%3D%27700%27%20height%3D%27700%27%20fill-opacity%3D%220%22%2F%3E%3C%2Fsvg%3E\" data-srcset=\"https:\/\/varia-int.com\/wp-content\/uploads\/2021\/01\/VariaAirDisplay-200x200.jpg 200w, https:\/\/varia-int.com\/wp-content\/uploads\/2021\/01\/VariaAirDisplay-400x400.jpg 400w, https:\/\/varia-int.com\/wp-content\/uploads\/2021\/01\/VariaAirDisplay-600x600.jpg 600w, https:\/\/varia-int.com\/wp-content\/uploads\/2021\/01\/VariaAirDisplay.jpg 700w\" data-sizes=\"auto\" data-orig-sizes=\"(max-width: 800px) 100vw, 400px\" \/><\/a><\/span><\/div><\/div><\/div><div class=\"fusion-text fusion-text-4\"><h2 style=\"text-align: center;\"><a href=\"https:\/\/varia-int.com\/fr\/airdisplay_walls\/\">Airdisplay - pour les murs cr\u00e9atifs, les fa\u00e7ades, les salles d&#039;exposition, les enseignes de marque<\/a><\/h2>\n<\/div><div class=\"fusion-clearfix\"><\/div><\/div><\/div><div class=\"fusion-layout-column fusion_builder_column fusion-builder-column-4 fusion_builder_column_1_4 1_4 fusion-one-fourth fusion-column-last\" style=\"--awb-bg-size:cover;width:25%;width:calc(25% - ( ( 4% + 4% + 4% ) * 0.25 ) );\"><div class=\"fusion-column-wrapper fusion-flex-column-wrapper-legacy\"><div class=\"fusion-image-element fusion-image-align-center in-legacy-container\" style=\"text-align:center;--awb-liftup-border-radius:0px;--awb-caption-title-size:var(--h2_typography-font-size);--awb-caption-title-transform:var(--h2_typography-text-transform);--awb-caption-title-line-height:var(--h2_typography-line-height);--awb-caption-title-letter-spacing:var(--h2_typography-letter-spacing);\"><div class=\"imageframe-align-center\"><div class=\"awb-image-frame awb-image-frame-4 imageframe-liftup\"><span class=\"fusion-imageframe imageframe-none imageframe-4\"><a class=\"fusion-no-lightbox\" href=\"https:\/\/varia-int.com\/fr\/metallgeflechte-und-gitter\/\" target=\"_self\" aria-label=\"Treillis m\u00e9talliques\"><img decoding=\"async\" width=\"700\" height=\"700\" alt=\"Metallgeflechte\" src=\"https:\/\/varia-int.com\/wp-content\/uploads\/2021\/01\/metallgeflecht.jpg\" data-orig-src=\"https:\/\/varia-int.com\/wp-content\/uploads\/2021\/01\/metallgeflecht.jpg\" class=\"lazyload img-responsive wp-image-14807\" srcset=\"data:image\/svg+xml,%3Csvg%20xmlns%3D%27http%3A%2F%2Fwww.w3.org%2F2000%2Fsvg%27%20width%3D%27700%27%20height%3D%27700%27%20viewBox%3D%270%200%20700%20700%27%3E%3Crect%20width%3D%27700%27%20height%3D%27700%27%20fill-opacity%3D%220%22%2F%3E%3C%2Fsvg%3E\" data-srcset=\"https:\/\/varia-int.com\/wp-content\/uploads\/2021\/01\/metallgeflecht-200x200.jpg 200w, https:\/\/varia-int.com\/wp-content\/uploads\/2021\/01\/metallgeflecht-400x400.jpg 400w, https:\/\/varia-int.com\/wp-content\/uploads\/2021\/01\/metallgeflecht-600x600.jpg 600w, https:\/\/varia-int.com\/wp-content\/uploads\/2021\/01\/metallgeflecht.jpg 700w\" data-sizes=\"auto\" data-orig-sizes=\"(max-width: 800px) 100vw, 400px\" \/><\/a><\/span><\/div><\/div><\/div><div class=\"fusion-text fusion-text-5\"><h2 style=\"text-align: center;\"><a href=\"https:\/\/varia-int.com\/fr\/metallgeflechte-und-gitter\/\" rel=\"noopener noreferrer\">Fa\u00e7ades m\u00e9talliques, grilles m\u00e9talliques, parois m\u00e9talliques<\/a><\/h2>\n<\/div><div class=\"fusion-clearfix\"><\/div><\/div><\/div><\/div><\/div>\n<div class=\"fusion-fullwidth fullwidth-box fusion-builder-row-3 nonhundred-percent-fullwidth non-hundred-percent-height-scrolling\" style=\"--awb-border-radius-top-left:0px;--awb-border-radius-top-right:0px;--awb-border-radius-bottom-right:0px;--awb-border-radius-bottom-left:0px;--awb-padding-top:20px;--awb-margin-top:0px;--awb-margin-bottom:0px;--awb-background-color:#ab1834;\" ><div class=\"fusion-builder-row fusion-row\"><div class=\"fusion-layout-column fusion_builder_column fusion-builder-column-5 fusion_builder_column_1_1 1_1 fusion-one-full fusion-column-first fusion-column-last\" style=\"--awb-bg-size:cover;\"><div class=\"fusion-column-wrapper fusion-flex-column-wrapper-legacy\"><div class=\"fusion-text fusion-text-6\"><p style=\"text-align: center;\"><span style=\"color: #ffffff;\">Londres \u2022 Paris \u2022 Munich \u2022 San Francisco \u2022 Varsovie \u2022 Prague \u2022 Budapest \u2022 Barcelone \u2022 Quito<\/span><\/p>\n<\/div><div class=\"fusion-clearfix\"><\/div><\/div><\/div><\/div><\/div><\/p>","protected":false},"excerpt":{"rendered":"","protected":false},"author":1,"featured_media":0,"parent":0,"menu_order":0,"comment_status":"closed","ping_status":"open","template":"100-width.php","meta":{"footnotes":""},"class_list":["post-557","page","type-page","status-publish","hentry"],"_links":{"self":[{"href":"https:\/\/varia-int.com\/fr\/wp-json\/wp\/v2\/pages\/557","targetHints":{"allow":["GET"]}}],"collection":[{"href":"https:\/\/varia-int.com\/fr\/wp-json\/wp\/v2\/pages"}],"about":[{"href":"https:\/\/varia-int.com\/fr\/wp-json\/wp\/v2\/types\/page"}],"author":[{"embeddable":true,"href":"https:\/\/varia-int.com\/fr\/wp-json\/wp\/v2\/users\/1"}],"replies":[{"embeddable":true,"href":"https:\/\/varia-int.com\/fr\/wp-json\/wp\/v2\/comments?post=557"}],"version-history":[{"count":0,"href":"https:\/\/varia-int.com\/fr\/wp-json\/wp\/v2\/pages\/557\/revisions"}],"wp:attachment":[{"href":"https:\/\/varia-int.com\/fr\/wp-json\/wp\/v2\/media?parent=557"}],"curies":[{"name":"wp","href":"https:\/\/api.w.org\/{rel}","templated":true}]}}