{"id":58,"date":"2019-01-20T17:21:50","date_gmt":"2019-01-20T17:21:50","guid":{"rendered":"https:\/\/varia-int.com\/?page_id=58"},"modified":"2022-08-30T12:32:29","modified_gmt":"2022-08-30T12:32:29","slug":"newsletter-archiv","status":"publish","type":"page","link":"https:\/\/varia-int.com\/fr\/newsletter-archiv\/","title":{"rendered":"Archives de la newsletter"},"content":{"rendered":"<div class=\"fusion-fullwidth fullwidth-box fusion-builder-row-1 fusion-parallax-fixed nonhundred-percent-fullwidth non-hundred-percent-height-scrolling lazyload\" style=\"--awb-border-radius-top-left:0px;--awb-border-radius-top-right:0px;--awb-border-radius-bottom-right:0px;--awb-border-radius-bottom-left:0px;--awb-padding-top:0px;--awb-padding-right:0px;--awb-padding-bottom:0px;--awb-padding-left:0px;--awb-margin-top:0px;--awb-margin-bottom:0px;--awb-background-size:cover;background-attachment:fixed;\" data-bg=\"https:\/\/varia-int.com\/wp-content\/uploads\/2019\/01\/curtain-pole-ramshead.jpg\" ><div class=\"fusion-builder-row fusion-row\"><div class=\"fusion-layout-column fusion_builder_column fusion-builder-column-0 fusion_builder_column_1_1 1_1 fusion-one-full fusion-column-first fusion-column-last\" style=\"--awb-padding-top:0px;--awb-padding-right:0px;--awb-padding-bottom:0px;--awb-padding-left:0px;--awb-bg-color:rgba(234,234,234,0.66);--awb-bg-size:cover;--awb-margin-bottom:0px;\"><div class=\"fusion-column-wrapper fusion-flex-column-wrapper-legacy\"><div class=\"fusion-text fusion-text-1\"><h1 style=\"text-align: center;\">bulletin<\/h1>\n<h1 style=\"text-align: center;\">2022<\/h1>\n<p style=\"text-align: center;\"><a href=\"https:\/\/varia-int.com\/fr\/?na=v&amp;nk=2339-6686c793fc&amp;id=44\">Nous continuons avec vigueur et courage \u2013 ao\u00fbt<\/a><\/p>\n<p style=\"text-align: center;\"><a href=\"https:\/\/varia-int.com\/fr\/?na=v&amp;nk=2339-4b439df17b&amp;id=41\" target=\"_blank\" rel=\"noopener\">Best-seller : Rideau en maille m\u00e9tallique l&#039;alternative peu co\u00fbteuse au rideau de cha\u00eene compos\u00e9 d&#039;anneaux - Mars<\/a><\/p>\n<h2 style=\"text-align: center;\"><\/h2>\n<\/div><div class=\"fusion-text fusion-text-2\"><h1 style=\"text-align: center;\">2021<\/h1>\n<p style=\"text-align: center;\"><a href=\"https:\/\/varia-int.com\/fr\/?na=v&amp;id=38\" target=\"_blank\" rel=\"noopener\">Voeux de No\u00ebl - D\u00e9cembre<\/a><\/p>\n<p style=\"text-align: center;\"><a href=\"https:\/\/varia-int.com\/fr\/?na=v&amp;nk=2339-40c4ce95f9&amp;id=36\" target=\"_blank\" rel=\"noopener\">Soie sauvage Breuillelpont - Novembre<\/a><\/p>\n<p style=\"text-align: center;\"><a href=\"https:\/\/varia-int.com\/fr\/?na=v&amp;id=34\" target=\"_blank\" rel=\"noopener\">Nouveau d\u00e9part au printemps - mai<\/a><\/p>\n<p style=\"text-align: center;\"><a href=\"https:\/\/varia-int.com\/fr\/?na=v&amp;nk=1-de8b727395&amp;id=33\">Nouveau: fonds d&#039;\u00e9cran Barneby Gates - Mars<\/a><\/p>\n<h2 style=\"text-align: center;\"><\/h2>\n<\/div><div class=\"fusion-text fusion-text-3\"><h2 style=\"text-align: center;\">2020<\/h2>\n<p style=\"text-align: center;\"><a href=\"https:\/\/varia-int.com\/fr\/?na=v&amp;nk=2339-45e04891e3&amp;id=32\">Nouveau: Tringles \u00e0 rideaux Byron &amp; Byron - D\u00e9cembre<\/a><\/p>\n<p style=\"text-align: center;\">\u00a0\u00a0\u00a0\u00a0\u00a0\u00a0\u00a0\u00a0\u00a0<a href=\"https:\/\/varia-int.com\/fr\/?na=v&amp;nk=2339-55dd304299&amp;id=28\">Nouveau: tissus pour rideaux Uni dans de nombreuses couleurs, opaques et transparents avec un aspect froiss\u00e9 - novembre<\/a><\/p>\n<p style=\"text-align: center;\"><a href=\"https:\/\/varia-int.com\/fr\/?na=v&amp;nk=1-c6bf7d6720&amp;id=26\">Papier peint en soie adoss\u00e9 \u00e0 du papier - Juillet<\/a><\/p>\n<p style=\"text-align: center;\"><a href=\"https:\/\/varia-int.com\/fr\/?na=v&amp;nk=2339-55dd304299&amp;id=22\" target=\"_blank\" rel=\"noopener noreferrer\">Rideau en m\u00e9tal Variatex - Mars<\/a><\/p>\n<h2 style=\"text-align: center;\"><\/h2>\n<\/div><div class=\"fusion-text fusion-text-4\"><h3 style=\"text-align: center;\">2019<\/h3>\n<p style=\"text-align: center;\"><a href=\"https:\/\/varia-int.com\/fr\/?na=v&amp;nk=2339-55dd304299&amp;id=20\" target=\"_blank\" rel=\"noopener noreferrer\">Salutations de No\u00ebl - figurines pendulaires pour No\u00ebl et le Nouvel An<\/a><\/p>\n<p style=\"text-align: center;\"><a href=\"https:\/\/varia-int.com\/fr\/?na=archive&amp;email_id=12\" target=\"_blank\" rel=\"noopener noreferrer\">Nouvelles couleurs pour P\u00e2ques - rideaux en fil\u00a0<\/a><\/p>\n<h3 style=\"text-align: center;\"><strong>2018<\/strong><\/h3>\n<p style=\"text-align: center;\"><a href=\"http:\/\/www.varia-int.com\/NEWSLETTER\/NL_ostern_2018\/NL_ostern_2018.html\" target=\"_new\" rel=\"noopener noreferrer\">Joyeuses P\u00e2ques 2018<\/a>- Avril<\/p>\n<p style=\"text-align: center;\"><a href=\"http:\/\/www.varia-int.com\/NEWSLETTER\/NL_wandplatten_2018\/NL_wandplatten_2018.html\" target=\"_new\" rel=\"noopener noreferrer\">Panneaux muraux d\u00e9coratifs<\/a>- Mars<\/p>\n<h3 style=\"text-align: center;\"><strong>2017<\/strong><\/h3>\n<p style=\"text-align: center;\"><a href=\"http:\/\/www.varia-int.com\/NEWSLETTER\/NL_weihnachten_2017\/NL_weihnachten_2017.html\" target=\"_new\" rel=\"noopener noreferrer\">Soldes nostalgiques au moment de No\u00ebl\u00a0<\/a>- D\u00e9c<\/p>\n<p style=\"text-align: center;\"><a href=\"https:\/\/www.varia-int.com\/NEWSLETTER\/NL_chromstangen_2017\/NL_chromstangen_2017.html\" target=\"_blank\" rel=\"noopener noreferrer\">Barres chrom\u00e9es<\/a><\/p>\n<p style=\"text-align: center;\"><a href=\"http:\/\/www.varia-int.com\/NEWSLETTER\/NL_ostern_2017\/NL_ostern_2017.html\" target=\"_new\" rel=\"noopener noreferrer\">Balance figure lapin de P\u00e2ques sur poulet\u00a0<\/a>- Avril<\/p>\n<p style=\"text-align: center;\"><a href=\"http:\/\/www.varia-int.com\/NEWSLETTER\/NL_seide_2017\/NL_seide_web_2017.html\" target=\"_new\" rel=\"noopener noreferrer\">Gaillon en soie brod\u00e9e\u00a0<\/a>- Mars<\/p>\n<p style=\"text-align: center;\"><a href=\"http:\/\/www.varia-int.com\/NEWSLETTER\/NL_leinen_2017\/NL_leinen_web_2017.html\" target=\"_new\" rel=\"noopener noreferrer\">Belge ~ Lin normand brod\u00e9 de fils de lurex dor\u00e9\u00a0<\/a>- F\u00e9vrier<\/p>\n<h3 style=\"text-align: center;\"><strong>2016<\/strong><\/h3>\n<p style=\"text-align: center;\"><a href=\"http:\/\/www.varia-int.com\/NEWSLETTER\/NL_metallvorhang_orient\/NL_metallvorhang-orient.html\" target=\"_new\" rel=\"noopener noreferrer\">Rideau en m\u00e9tal Orient\u00a0<\/a>- Octobre<\/p>\n<p style=\"text-align: center;\"><a href=\"http:\/\/www.varia-int.com\/NEWSLETTER\/NL_preisliste2016\/NL_preisliste_2016.html\" target=\"_new\" rel=\"noopener noreferrer\">Tarifs 2016, collection soie de Jean Roze\u00a0<\/a>- Ao\u00fbt<\/p>\n<p style=\"text-align: center;\"><a href=\"http:\/\/www.varia-int.com\/NEWSLETTER\/NL_metallvorhaenge\/NL_metallvorhaenge.html\" target=\"_new\" rel=\"noopener noreferrer\">Rideaux en aluminium et acier inoxydable aux formes g\u00e9om\u00e9triques\u00a0<\/a>- Peut<\/p>\n<p style=\"text-align: center;\">Le pays a besoin de nouveaux murs<\/p>\n<h3 style=\"text-align: center;\"><strong>2015<\/strong><\/h3>\n<p style=\"text-align: center;\"><a href=\"http:\/\/www.varia-int.com\/NEWSLETTER\/NL_herbst_2015\/NL_herbst_2015.html\" target=\"_new\" rel=\"noopener noreferrer\">Tringles \u00e0 rideaux pour pi\u00e8ces hautes et tissus lourds - octobre<\/a><\/p>\n<p style=\"text-align: center;\"><a href=\"http:\/\/www.varia-int.com\/NEWSLETTER\/NL_Aldeco_2015\/NL_Aldeco_w_2015.html\" target=\"_new\" rel=\"noopener noreferrer\">Tropical Vibes at Varia de Karl Leuthenmayr - mars<\/a><\/p>\n<p style=\"text-align: center;\"><a href=\"http:\/\/www.varia-int.com\/NEWSLETTER\/NL_ramm_2015\/NL_ramm_web2015.html\" target=\"_new\" rel=\"noopener noreferrer\">Ramm, Son &amp; Crocker et tringles \u00e0 rideaux par KL - mars<\/a><\/p>\n<h3 style=\"text-align: center;\"><strong>2014<\/strong><\/h3>\n<p style=\"text-align: center;\"><a href=\"http:\/\/www.varia-int.com\/NEWSLETTER\/NL_vorhangstangen-seiden-2014\/NL_vorhangstangen-seiden_2014a.html\" target=\"_new\" rel=\"noopener noreferrer\">Silkline et tringles \u00e0 rideaux par KL - septembre<\/a><\/p>\n<p style=\"text-align: center;\"><a href=\"http:\/\/www.varia-int.com\/NEWSLETTER\/NL_preisliste2014\/NL_preislisten_2014_web.html\" target=\"_new\" rel=\"noopener noreferrer\">Tarifs 2014\/2015 - Mai<\/a><\/p>\n<p style=\"text-align: center;\"><a href=\"http:\/\/www.varia-int.com\/NEWSLETTER\/NL_fruehling2014\/NL_fruehling_2014.html\" target=\"_new\" rel=\"noopener noreferrer\">Printemps 2014 - avril<\/a><\/p>\n<p style=\"text-align: center;\"><a href=\"https:\/\/varia-int.com\/fr\/NEWSLETTER\/NL_Posamenten\/\/NL_Posamenten.html\/\" target=\"_new\" rel=\"noopener noreferrer\">Passementerie Declercq - Mars<\/a><\/p>\n<p style=\"text-align: center;\"><a href=\"http:\/\/www.varia-int.com\/NEWSLETTER\/NL_neues_Jahr_2014\/NL_neues_Jahr_2014.html\" target=\"_new\" rel=\"noopener noreferrer\">Bonne ann\u00e9e 2014 - janvier<\/a><\/p>\n<h3 style=\"text-align: center;\"><strong>2013<\/strong><\/h3>\n<p style=\"text-align: center;\"><a href=\"http:\/\/www.varia-int.com\/NEWSLETTER\/NL_neueFarbenPerlen\/\/NL_neueFarbenPerlen.html\" target=\"_new\" rel=\"noopener noreferrer\">Rideaux de perles - nouvelles couleurs - novembre<\/a><\/p>\n<p style=\"text-align: center;\"><a href=\"http:\/\/www.varia-int.com\/NEWSLETTER\/NL_meystyle_2013\/NL_meystyle_2013.html\" target=\"_new\" rel=\"noopener noreferrer\">meystyle - nouvelles collections - octobre<\/a><\/p>\n<p style=\"text-align: center;\"><a href=\"http:\/\/www.varia-int.com\/NEWSLETTER\/NL_Fadenvorhang2013\/NL_fadenvorhang_2013.html\" target=\"_new\" rel=\"noopener noreferrer\">Rideau de cordes B1 - jusqu&#039;\u00e0 20m de haut - juillet<\/a><\/p>\n<p style=\"text-align: center;\"><a href=\"http:\/\/www.varia-int.com\/NEWSLETTER\/NL_historisches\/NL_historisches_2013.html\" target=\"_new\" rel=\"noopener noreferrer\">Nouveaut\u00e9 historique - Rembourrage pour mobilier de si\u00e8ge historique - Avril<\/a><\/p>\n<p style=\"text-align: center;\"><a href=\"http:\/\/www.varia-int.com\/NEWSLETTER\/NL_laimerschloessl\/NL_umzug_web.html\" target=\"_new\" rel=\"noopener noreferrer\">Passage au Laimer Schl\u00f6ssl et nouvelle liste de prix - Mars<\/a><\/p>\n<p style=\"text-align: center;\"><a href=\"http:\/\/www.varia-int.com\/NEWSLETTER\/NL_perlen\/NL_perlen_2013.html\" target=\"_new\" rel=\"noopener noreferrer\">Rideaux de perles de haute qualit\u00e9 - F\u00e9vrier<\/a><\/p>\n<h3 style=\"text-align: center;\"><strong>2012<\/strong><\/h3>\n<p style=\"text-align: center;\">Papier peint et tissus Linwood<\/p>\n<p style=\"text-align: center;\">\u042d\u043a\u0441\u043a\u043b\u044e\u0437\u0438\u0432\u043d\u044b\u0435 \u043a\u0430\u0440\u043d\u0438\u0437\u044b<\/p>\n<p style=\"text-align: center;\">r\u00e9seaux d\u00e9co<\/p>\n<p style=\"text-align: center;\">Tissus et tapis en laine Moon<\/p>\n<p style=\"text-align: center;\">Tissus Aldeco<\/p>\n<p style=\"text-align: center;\">Papier peint Voyage Meystyle Swarowski<\/p>\n<p style=\"text-align: center;\">Lampes Valsan<\/p>\n<p style=\"text-align: center;\">Voyage Highlands<\/p>\n<p style=\"text-align: center;\">VariAirdisplay, Magic Fabric, rideaux en cristal<\/p>\n<h3 style=\"text-align: center;\"><strong>2011<\/strong><\/h3>\n<p style=\"text-align: center;\">No\u00ebl<\/p>\n<p style=\"text-align: center;\">Showtech Berlin<\/p>\n<p style=\"text-align: center;\">Rideaux de perles Couverture en mohair Papier peint Herbe - MSF<\/p>\n<p style=\"text-align: center;\">Papier peint HC Magnolia - MSF<\/p>\n<p style=\"text-align: center;\">Thierry Vid\u00e9<\/p>\n<p style=\"text-align: center;\">Maison &amp; Objet 2011 - Cole &amp; Son<\/p>\n<p style=\"text-align: center;\">Valsan<\/p>\n<h3 style=\"text-align: center;\"><strong>2010<\/strong><\/h3>\n<p style=\"text-align: center;\">No\u00ebl<\/p>\n<p style=\"text-align: center;\">vacances d&#039;\u00e9t\u00e9<\/p>\n<p style=\"text-align: center;\">Valsan<\/p>\n<p style=\"text-align: center;\">Cocktail sur le tissu printanier de Munich<\/p>\n<p style=\"text-align: center;\">Invitation au printemps du tissu de Munich<\/p>\n<p style=\"text-align: center;\">Tringle \u00e0 rideaux<\/p>\n<p style=\"text-align: center;\">Feuillage \/ rideau de cha\u00eene \/ rideau de fil \/ paillettes<\/p>\n<p style=\"text-align: center;\">Kandola avec un nouveau site web<\/p>\n<p style=\"text-align: center;\">Lampes de Thierry Vid\u00e9<\/p>\n<\/div><div class=\"fusion-clearfix\"><\/div><\/div><\/div><\/div><\/div>","protected":false},"excerpt":{"rendered":"","protected":false},"author":1,"featured_media":0,"parent":0,"menu_order":0,"comment_status":"closed","ping_status":"closed","template":"100-width.php","meta":{"footnotes":""},"class_list":["post-58","page","type-page","status-publish","hentry"],"_links":{"self":[{"href":"https:\/\/varia-int.com\/fr\/wp-json\/wp\/v2\/pages\/58","targetHints":{"allow":["GET"]}}],"collection":[{"href":"https:\/\/varia-int.com\/fr\/wp-json\/wp\/v2\/pages"}],"about":[{"href":"https:\/\/varia-int.com\/fr\/wp-json\/wp\/v2\/types\/page"}],"author":[{"embeddable":true,"href":"https:\/\/varia-int.com\/fr\/wp-json\/wp\/v2\/users\/1"}],"replies":[{"embeddable":true,"href":"https:\/\/varia-int.com\/fr\/wp-json\/wp\/v2\/comments?post=58"}],"version-history":[{"count":0,"href":"https:\/\/varia-int.com\/fr\/wp-json\/wp\/v2\/pages\/58\/revisions"}],"wp:attachment":[{"href":"https:\/\/varia-int.com\/fr\/wp-json\/wp\/v2\/media?parent=58"}],"curies":[{"name":"wp","href":"https:\/\/api.w.org\/{rel}","templated":true}]}}