{"id":13839,"date":"2020-08-29T18:40:56","date_gmt":"2020-08-29T18:40:56","guid":{"rendered":"https:\/\/varia-int.com\/?post_type=product&#038;p=13839"},"modified":"2020-08-29T18:47:59","modified_gmt":"2020-08-29T18:47:59","slug":"cronkill-pale-ash","status":"publish","type":"product","link":"https:\/\/varia-int.com\/fr\/product\/cronkill-pale-ash\/","title":{"rendered":"Cronkill - Fr\u00eane p\u00e2le"},"content":{"rendered":"","protected":false},"excerpt":{"rendered":"<h1>Tringle \u00e0 rideaux de Byron &amp; Byron<\/h1>\n<p>Collection:\u00a0<strong>Bois classique<\/strong><\/p>\n<p>Nom du produit: <strong>Cronkill<\/strong><\/p>\n<p>Diam\u00e8tre: <strong>55 mm \u00e0 67 mm<\/strong><\/p>\n<p>Couleur:<strong> Fr\u00eane p\u00e2le\u00a0<\/strong><\/p>","protected":false},"featured_media":13813,"comment_status":"closed","ping_status":"closed","template":"","meta":[],"product_brand":[],"product_cat":[29,23,27],"product_tag":[24,25,26],"class_list":{"0":"post-13839","1":"product","2":"type-product","3":"status-publish","4":"has-post-thumbnail","6":"product_cat-55mm-67mm","7":"product_cat-byron-byron-gardinenstangen","8":"product_cat-klassiker-aus-holz","9":"product_tag-gardinenstange","10":"product_tag-holz","11":"product_tag-klassisch","13":"first","14":"instock","15":"taxable","16":"shipping-taxable","17":"product-type-simple"},"_links":{"self":[{"href":"https:\/\/varia-int.com\/fr\/wp-json\/wp\/v2\/product\/13839","targetHints":{"allow":["GET"]}}],"collection":[{"href":"https:\/\/varia-int.com\/fr\/wp-json\/wp\/v2\/product"}],"about":[{"href":"https:\/\/varia-int.com\/fr\/wp-json\/wp\/v2\/types\/product"}],"replies":[{"embeddable":true,"href":"https:\/\/varia-int.com\/fr\/wp-json\/wp\/v2\/comments?post=13839"}],"wp:featuredmedia":[{"embeddable":true,"href":"https:\/\/varia-int.com\/fr\/wp-json\/wp\/v2\/media\/13813"}],"wp:attachment":[{"href":"https:\/\/varia-int.com\/fr\/wp-json\/wp\/v2\/media?parent=13839"}],"wp:term":[{"taxonomy":"product_brand","embeddable":true,"href":"https:\/\/varia-int.com\/fr\/wp-json\/wp\/v2\/product_brand?post=13839"},{"taxonomy":"product_cat","embeddable":true,"href":"https:\/\/varia-int.com\/fr\/wp-json\/wp\/v2\/product_cat?post=13839"},{"taxonomy":"product_tag","embeddable":true,"href":"https:\/\/varia-int.com\/fr\/wp-json\/wp\/v2\/product_tag?post=13839"}],"curies":[{"name":"wp","href":"https:\/\/api.w.org\/{rel}","templated":true}]}}