{"id":14012,"date":"2020-09-16T12:21:25","date_gmt":"2020-09-16T12:21:25","guid":{"rendered":"https:\/\/varia-int.com\/?post_type=product&#038;p=14012"},"modified":"2020-09-16T12:23:30","modified_gmt":"2020-09-16T12:23:30","slug":"torciera-ebony-details","status":"publish","type":"product","link":"https:\/\/varia-int.com\/fr\/product\/torciera-ebony-details\/","title":{"rendered":"Torciera - Ebony &amp; D\u00e9tails"},"content":{"rendered":"","protected":false},"excerpt":{"rendered":"<h1>Tringle \u00e0 rideaux de Byron &amp; Byron<\/h1>\n<p>Collection:<strong> Classiques d\u00e9coratifs<\/strong><\/p>\n<p>Nom du produit:<strong> Torciera<\/strong><\/p>\n<p>Diam\u00e8tre: <strong>33 mm \u00e0 43 mm <\/strong><\/p>\n<p>Couleur:<strong> \u00c9b\u00e8ne et d\u00e9tails<\/strong><\/p>","protected":false},"featured_media":13924,"comment_status":"closed","ping_status":"closed","template":"","meta":[],"product_brand":[],"product_cat":[23,30],"product_tag":[24,25,26],"class_list":{"0":"post-14012","1":"product","2":"type-product","3":"status-publish","4":"has-post-thumbnail","6":"product_cat-byron-byron-gardinenstangen","7":"product_cat-dekorative-klassiker","8":"product_tag-gardinenstange","9":"product_tag-holz","10":"product_tag-klassisch","12":"first","13":"instock","14":"taxable","15":"shipping-taxable","16":"product-type-simple"},"_links":{"self":[{"href":"https:\/\/varia-int.com\/fr\/wp-json\/wp\/v2\/product\/14012","targetHints":{"allow":["GET"]}}],"collection":[{"href":"https:\/\/varia-int.com\/fr\/wp-json\/wp\/v2\/product"}],"about":[{"href":"https:\/\/varia-int.com\/fr\/wp-json\/wp\/v2\/types\/product"}],"replies":[{"embeddable":true,"href":"https:\/\/varia-int.com\/fr\/wp-json\/wp\/v2\/comments?post=14012"}],"wp:featuredmedia":[{"embeddable":true,"href":"https:\/\/varia-int.com\/fr\/wp-json\/wp\/v2\/media\/13924"}],"wp:attachment":[{"href":"https:\/\/varia-int.com\/fr\/wp-json\/wp\/v2\/media?parent=14012"}],"wp:term":[{"taxonomy":"product_brand","embeddable":true,"href":"https:\/\/varia-int.com\/fr\/wp-json\/wp\/v2\/product_brand?post=14012"},{"taxonomy":"product_cat","embeddable":true,"href":"https:\/\/varia-int.com\/fr\/wp-json\/wp\/v2\/product_cat?post=14012"},{"taxonomy":"product_tag","embeddable":true,"href":"https:\/\/varia-int.com\/fr\/wp-json\/wp\/v2\/product_tag?post=14012"}],"curies":[{"name":"wp","href":"https:\/\/api.w.org\/{rel}","templated":true}]}}