{"id":14196,"date":"2020-10-19T09:24:54","date_gmt":"2020-10-19T09:24:54","guid":{"rendered":"https:\/\/varia-int.com\/?post_type=product&#038;p=14196"},"modified":"2020-10-19T09:24:54","modified_gmt":"2020-10-19T09:24:54","slug":"toulon-smoked-oak","status":"publish","type":"product","link":"https:\/\/varia-int.com\/fr\/product\/toulon-smoked-oak\/","title":{"rendered":"Toulon - Ch\u00eane fum\u00e9"},"content":{"rendered":"","protected":false},"excerpt":{"rendered":"<h1>Tringle \u00e0 rideaux de Byron &amp; Byron<\/h1>\n<p>Collection:\u00a0<strong>Rustica<\/strong><\/p>\n<p>Nom du produit:<strong> Toulon<\/strong><\/p>\n<p>Diam\u00e8tre:\u00a0<strong>35 mm, 45 mm et 55 mm<\/strong><\/p>\n<p>Couleur: <strong> Ch\u00eane fum\u00e9<\/strong><\/p>","protected":false},"featured_media":14191,"comment_status":"closed","ping_status":"closed","template":"","meta":[],"product_brand":[],"product_cat":[28,29,23,32],"product_tag":[24,25,33],"class_list":{"0":"post-14196","1":"product","2":"type-product","3":"status-publish","4":"has-post-thumbnail","6":"product_cat-33mm-43mm","7":"product_cat-55mm-67mm","8":"product_cat-byron-byron-gardinenstangen","9":"product_cat-rustica","10":"product_tag-gardinenstange","11":"product_tag-holz","12":"product_tag-rustikal","14":"first","15":"instock","16":"taxable","17":"shipping-taxable","18":"product-type-simple"},"_links":{"self":[{"href":"https:\/\/varia-int.com\/fr\/wp-json\/wp\/v2\/product\/14196","targetHints":{"allow":["GET"]}}],"collection":[{"href":"https:\/\/varia-int.com\/fr\/wp-json\/wp\/v2\/product"}],"about":[{"href":"https:\/\/varia-int.com\/fr\/wp-json\/wp\/v2\/types\/product"}],"replies":[{"embeddable":true,"href":"https:\/\/varia-int.com\/fr\/wp-json\/wp\/v2\/comments?post=14196"}],"wp:featuredmedia":[{"embeddable":true,"href":"https:\/\/varia-int.com\/fr\/wp-json\/wp\/v2\/media\/14191"}],"wp:attachment":[{"href":"https:\/\/varia-int.com\/fr\/wp-json\/wp\/v2\/media?parent=14196"}],"wp:term":[{"taxonomy":"product_brand","embeddable":true,"href":"https:\/\/varia-int.com\/fr\/wp-json\/wp\/v2\/product_brand?post=14196"},{"taxonomy":"product_cat","embeddable":true,"href":"https:\/\/varia-int.com\/fr\/wp-json\/wp\/v2\/product_cat?post=14196"},{"taxonomy":"product_tag","embeddable":true,"href":"https:\/\/varia-int.com\/fr\/wp-json\/wp\/v2\/product_tag?post=14196"}],"curies":[{"name":"wp","href":"https:\/\/api.w.org\/{rel}","templated":true}]}}