{"id":15167,"date":"2021-02-09T20:47:10","date_gmt":"2021-02-09T20:47:10","guid":{"rendered":"https:\/\/varia-int.com\/?post_type=product&#038;p=15167"},"modified":"2021-02-09T20:47:11","modified_gmt":"2021-02-09T20:47:11","slug":"tabitha-webb-fuer-barneby-gates-affen-hellrosatabitha-webb-fuer-barneby-gates-lippen-rot-auf-creme-2","status":"publish","type":"product","link":"https:\/\/varia-int.com\/fr\/product\/tabitha-webb-fuer-barneby-gates-affen-hellrosatabitha-webb-fuer-barneby-gates-lippen-rot-auf-creme-2\/","title":{"rendered":"Tabitha Webb pour Barneby Gates - Singes - Rose clair"},"content":{"rendered":"","protected":false},"excerpt":{"rendered":"<p style=\"text-align: left\">Nous nous sommes associ\u00e9s \u00e0 la cr\u00e9atrice de mode et accro \u00e0 la pression Tabitha Webb et avons emmen\u00e9 deux de ses cr\u00e9ations embl\u00e9matiques du podium au mur. Ce papier peint anim\u00e9 avec des singes est disponible en bleu hollandais ou rose clair.<\/p>\n<ul class=\"attributes_bg\">\n<li><span class=\"attribute_bg\">Collection:<\/span><span class=\"attribute_value_bg\">Barneby Gates<\/span><\/li>\n<li><span class=\"attribute_bg\">Articles:<\/span><span class=\"attribute_value_bg\">Tabitha Webb Pour Barneby Gates - Singe - Rose P\u00e2le<\/span><\/li>\n<li><span class=\"attribute_bg\">Approcher:<\/span><span class=\"attribute_value_bg\">Approche directe<\/span><\/li>\n<li><span class=\"attribute_bg\">Rapport:<\/span><span class=\"attribute_value_bg\">52cm<\/span><\/li>\n<li><span class=\"attribute_bg\">Longueur du rouleau:<\/span><span class=\"attribute_value_bg\">10m<\/span><\/li>\n<li><span class=\"attribute_bg\">Largeur:<\/span><span class=\"attribute_value_bg\">52 cm \/ 20,5 pouces<\/span><\/li>\n<li><span class=\"attribute_bg\">poids:<\/span><span class=\"attribute_value_bg\">\u2013<\/span><\/li>\n<li><span class=\"attribute_bg\">couleurs:<\/span><\/li>\n<\/ul>\n<p><a href=\"https:\/\/varia-int.com\/wp-content\/uploads\/2021\/02\/Barneby-Gates-X-Tabitha-Webb-Monkey-Pale-Pink-Flat-4-1500-x-1000-px.jpg\"><img decoding=\"async\" class=\"wp-image-15177 size-thumbnail\" src=\"https:\/\/varia-int.com\/wp-content\/uploads\/2021\/02\/Barneby-Gates-X-Tabitha-Webb-Monkey-Pale-Pink-Flat-4-1500-x-1000-px-150x150.jpg\" alt=\"Tabitha Webb f\u00fcr Barneby Gates - Affen Barneby Gates\" width=\"150\" height=\"150\" srcset=\"https:\/\/varia-int.com\/wp-content\/uploads\/2021\/02\/Barneby-Gates-X-Tabitha-Webb-Monkey-Pale-Pink-Flat-4-1500-x-1000-px-66x66.jpg 66w, https:\/\/varia-int.com\/wp-content\/uploads\/2021\/02\/Barneby-Gates-X-Tabitha-Webb-Monkey-Pale-Pink-Flat-4-1500-x-1000-px-100x100.jpg 100w, https:\/\/varia-int.com\/wp-content\/uploads\/2021\/02\/Barneby-Gates-X-Tabitha-Webb-Monkey-Pale-Pink-Flat-4-1500-x-1000-px-150x150.jpg 150w\" sizes=\"(max-width: 150px) 100vw, 150px\" \/><\/a><\/p>\n<p style=\"text-align: left\">Rose clair<\/p>\n<p><a href=\"https:\/\/varia-int.com\/wp-content\/uploads\/2021\/02\/Barneby-Gates-X-Tabitha-Webb-Monkey-Dutch-Blue-Flat-4-1500-x-1000px.jpg\"><img decoding=\"async\" class=\"wp-image-15171 size-thumbnail\" src=\"https:\/\/varia-int.com\/wp-content\/uploads\/2021\/02\/Barneby-Gates-X-Tabitha-Webb-Monkey-Dutch-Blue-Flat-4-1500-x-1000px-150x150.jpg\" alt=\"Tabitha Webb f\u00fcr Barneby Gates - Affen Barneby Gates\" width=\"150\" height=\"150\" srcset=\"https:\/\/varia-int.com\/wp-content\/uploads\/2021\/02\/Barneby-Gates-X-Tabitha-Webb-Monkey-Dutch-Blue-Flat-4-1500-x-1000px-66x66.jpg 66w, https:\/\/varia-int.com\/wp-content\/uploads\/2021\/02\/Barneby-Gates-X-Tabitha-Webb-Monkey-Dutch-Blue-Flat-4-1500-x-1000px-100x100.jpg 100w, https:\/\/varia-int.com\/wp-content\/uploads\/2021\/02\/Barneby-Gates-X-Tabitha-Webb-Monkey-Dutch-Blue-Flat-4-1500-x-1000px-150x150.jpg 150w\" sizes=\"(max-width: 150px) 100vw, 150px\" \/><\/a><\/p>\n<p style=\"text-align: left\">bleu hollandais<\/p>","protected":false},"featured_media":15168,"comment_status":"closed","ping_status":"closed","template":"","meta":[],"product_brand":[],"product_cat":[37,36],"product_tag":[47],"class_list":{"0":"post-15167","1":"product","2":"type-product","3":"status-publish","4":"has-post-thumbnail","6":"product_cat-barneby-gates","7":"product_cat-tapeten","8":"product_tag-tabitha-webb-fuer-barneby-gates-affen","10":"first","11":"instock","12":"taxable","13":"shipping-taxable","14":"product-type-simple"},"_links":{"self":[{"href":"https:\/\/varia-int.com\/fr\/wp-json\/wp\/v2\/product\/15167","targetHints":{"allow":["GET"]}}],"collection":[{"href":"https:\/\/varia-int.com\/fr\/wp-json\/wp\/v2\/product"}],"about":[{"href":"https:\/\/varia-int.com\/fr\/wp-json\/wp\/v2\/types\/product"}],"replies":[{"embeddable":true,"href":"https:\/\/varia-int.com\/fr\/wp-json\/wp\/v2\/comments?post=15167"}],"wp:featuredmedia":[{"embeddable":true,"href":"https:\/\/varia-int.com\/fr\/wp-json\/wp\/v2\/media\/15168"}],"wp:attachment":[{"href":"https:\/\/varia-int.com\/fr\/wp-json\/wp\/v2\/media?parent=15167"}],"wp:term":[{"taxonomy":"product_brand","embeddable":true,"href":"https:\/\/varia-int.com\/fr\/wp-json\/wp\/v2\/product_brand?post=15167"},{"taxonomy":"product_cat","embeddable":true,"href":"https:\/\/varia-int.com\/fr\/wp-json\/wp\/v2\/product_cat?post=15167"},{"taxonomy":"product_tag","embeddable":true,"href":"https:\/\/varia-int.com\/fr\/wp-json\/wp\/v2\/product_tag?post=15167"}],"curies":[{"name":"wp","href":"https:\/\/api.w.org\/{rel}","templated":true}]}}