{"id":15616,"date":"2021-02-16T20:36:07","date_gmt":"2021-02-16T20:36:07","guid":{"rendered":"https:\/\/varia-int.com\/?post_type=product&#038;p=15616"},"modified":"2021-02-16T20:44:03","modified_gmt":"2021-02-16T20:44:03","slug":"kaefer-schmetterlinge-tapete-himbeere","status":"publish","type":"product","link":"https:\/\/varia-int.com\/fr\/product\/kaefer-schmetterlinge-tapete-himbeere\/","title":{"rendered":"Papier peint Beetles &amp; Butterflies - Framboise"},"content":{"rendered":"","protected":false},"excerpt":{"rendered":"<p style=\"text-align: left\">Un motif de papillons sur une douce bande de dentelle argent\u00e9e qui, \u00e0 y regarder de plus pr\u00e8s, r\u00e9v\u00e8le des araign\u00e9es, des coccinelles, des fourmis et des mille-pattes marchant sur le papier peint.<\/p>\n<ul class=\"attributes_bg\">\n<li><span class=\"attribute_bg\">Collection:<\/span><span class=\"attribute_value_bg\">Barneby Gates<\/span><\/li>\n<li><span class=\"attribute_bg\">Articles:<\/span><span class=\"attribute_value_bg\">Insectes &amp; Papillons - Framboise<\/span><\/li>\n<li><span class=\"attribute_bg\">Approcher:<\/span><span class=\"attribute_value_bg\">Demi rapport<\/span><\/li>\n<li><span class=\"attribute_bg\">Rapport:<\/span><span class=\"attribute_value_bg\">52 cm \/ 20,5 pouces<\/span><\/li>\n<li><span class=\"attribute_bg\">Longueur du rouleau:<\/span><span class=\"attribute_value_bg\">10m<\/span><\/li>\n<li><span class=\"attribute_bg\">Largeur:<\/span><span class=\"attribute_value_bg\">52 cm \/ 20,5 pouces<\/span><\/li>\n<li><span class=\"attribute_bg\">poids:<\/span><span class=\"attribute_value_bg\">150 g \/ m2<\/span><\/li>\n<li><span class=\"attribute_bg\">couleurs:<\/span><\/li>\n<\/ul>\n<p><a href=\"https:\/\/varia-int.com\/wp-content\/uploads\/2021\/02\/w_bugsandbutterflies_raspberry_1.jpg\"><img decoding=\"async\" class=\"wp-image-15578 size-thumbnail\" src=\"https:\/\/varia-int.com\/wp-content\/uploads\/2021\/02\/w_bugsandbutterflies_raspberry_1-150x150.jpg\" alt=\"K\u00e4fer &amp; Schmetterlinge Tapete Barneby Gates\" width=\"150\" height=\"150\" srcset=\"https:\/\/varia-int.com\/wp-content\/uploads\/2021\/02\/w_bugsandbutterflies_raspberry_1-66x66.jpg 66w, https:\/\/varia-int.com\/wp-content\/uploads\/2021\/02\/w_bugsandbutterflies_raspberry_1-100x100.jpg 100w, https:\/\/varia-int.com\/wp-content\/uploads\/2021\/02\/w_bugsandbutterflies_raspberry_1-150x150.jpg 150w\" sizes=\"(max-width: 150px) 100vw, 150px\" \/><\/a><\/p>\n<p style=\"text-align: left\">framboise<\/p>\n<p><a href=\"https:\/\/varia-int.com\/wp-content\/uploads\/2021\/02\/w_bugsandbutterflies_iceblue_2.jpg\"><img decoding=\"async\" class=\"wp-image-15575 size-thumbnail\" src=\"https:\/\/varia-int.com\/wp-content\/uploads\/2021\/02\/w_bugsandbutterflies_iceblue_2-150x150.jpg\" alt=\"K\u00e4fer &amp; Schmetterlinge Tapete Barneby Gates\" width=\"150\" height=\"150\" srcset=\"https:\/\/varia-int.com\/wp-content\/uploads\/2021\/02\/w_bugsandbutterflies_iceblue_2-66x66.jpg 66w, https:\/\/varia-int.com\/wp-content\/uploads\/2021\/02\/w_bugsandbutterflies_iceblue_2-100x100.jpg 100w, https:\/\/varia-int.com\/wp-content\/uploads\/2021\/02\/w_bugsandbutterflies_iceblue_2-150x150.jpg 150w\" sizes=\"(max-width: 150px) 100vw, 150px\" \/><\/a><\/p>\n<p style=\"text-align: left\">Glace bleue<\/p>","protected":false},"featured_media":15580,"comment_status":"closed","ping_status":"closed","template":"","meta":[],"product_brand":[],"product_cat":[37,36],"product_tag":[85],"class_list":{"0":"post-15616","1":"product","2":"type-product","3":"status-publish","4":"has-post-thumbnail","6":"product_cat-barneby-gates","7":"product_cat-tapeten","8":"product_tag-kaefer-schmetterlinge-tapete","10":"first","11":"instock","12":"taxable","13":"shipping-taxable","14":"product-type-simple"},"_links":{"self":[{"href":"https:\/\/varia-int.com\/fr\/wp-json\/wp\/v2\/product\/15616","targetHints":{"allow":["GET"]}}],"collection":[{"href":"https:\/\/varia-int.com\/fr\/wp-json\/wp\/v2\/product"}],"about":[{"href":"https:\/\/varia-int.com\/fr\/wp-json\/wp\/v2\/types\/product"}],"replies":[{"embeddable":true,"href":"https:\/\/varia-int.com\/fr\/wp-json\/wp\/v2\/comments?post=15616"}],"wp:featuredmedia":[{"embeddable":true,"href":"https:\/\/varia-int.com\/fr\/wp-json\/wp\/v2\/media\/15580"}],"wp:attachment":[{"href":"https:\/\/varia-int.com\/fr\/wp-json\/wp\/v2\/media?parent=15616"}],"wp:term":[{"taxonomy":"product_brand","embeddable":true,"href":"https:\/\/varia-int.com\/fr\/wp-json\/wp\/v2\/product_brand?post=15616"},{"taxonomy":"product_cat","embeddable":true,"href":"https:\/\/varia-int.com\/fr\/wp-json\/wp\/v2\/product_cat?post=15616"},{"taxonomy":"product_tag","embeddable":true,"href":"https:\/\/varia-int.com\/fr\/wp-json\/wp\/v2\/product_tag?post=15616"}],"curies":[{"name":"wp","href":"https:\/\/api.w.org\/{rel}","templated":true}]}}