{"id":1276,"date":"2020-01-12T09:06:16","date_gmt":"2020-01-12T09:06:16","guid":{"rendered":"https:\/\/varia-int.com\/?page_id=1276"},"modified":"2020-01-12T09:10:18","modified_gmt":"2020-01-12T09:10:18","slug":"ueber-uns","status":"publish","type":"page","link":"https:\/\/varia-int.com\/hu\/ueber-uns\/","title":{"rendered":"Bemutatkoz\u00e1s"},"content":{"rendered":"<p><div class=\"fusion-fullwidth fullwidth-box fusion-builder-row-1 nonhundred-percent-fullwidth non-hundred-percent-height-scrolling\" style=\"--awb-border-radius-top-left:0px;--awb-border-radius-top-right:0px;--awb-border-radius-bottom-right:0px;--awb-border-radius-bottom-left:0px;--awb-padding-top:40px;--awb-padding-bottom:40px;--awb-margin-top:0px;--awb-margin-bottom:10px;--awb-background-color:rgba(209,209,209,0.3);\" ><div class=\"fusion-builder-row fusion-row\"><div class=\"fusion-layout-column fusion_builder_column fusion-builder-column-0 fusion_builder_column_1_1 1_1 fusion-one-full fusion-column-first fusion-column-last\" style=\"--awb-bg-color:rgba(255,255,255,0.61);--awb-bg-size:cover;\"><div class=\"fusion-column-wrapper fusion-flex-column-wrapper-legacy\"><div class=\"fusion-column-content-centered\"><div class=\"fusion-column-content\"><div class=\"fusion-text fusion-text-1\"><h1 class=\"textredgrosscursive\" style=\"text-align: center;\">Varia, Karl Leuthenmayr<\/h1>\n<div class=\"textblaumittel\"><\/div>\n<\/div><\/div><\/div><div class=\"fusion-clearfix\"><\/div><\/div><\/div><\/div><\/div><div class=\"fusion-fullwidth fullwidth-box fusion-builder-row-2 nonhundred-percent-fullwidth non-hundred-percent-height-scrolling\" style=\"--awb-border-radius-top-left:0px;--awb-border-radius-top-right:0px;--awb-border-radius-bottom-right:0px;--awb-border-radius-bottom-left:0px;--awb-padding-top:10px;--awb-margin-top:0px;--awb-margin-bottom:0px;\" ><div class=\"fusion-builder-row fusion-row\"><div class=\"fusion-layout-column fusion_builder_column fusion-builder-column-1 fusion_builder_column_1_1 1_1 fusion-one-full fusion-column-first fusion-column-last\" style=\"--awb-bg-size:cover;\"><div class=\"fusion-column-wrapper fusion-flex-column-wrapper-legacy\"><div class=\"fusion-text fusion-text-2\"><p><a href=\"https:\/\/varia-int.com\/wp-content\/uploads\/2020\/01\/Karl_Leuthenmayr.jpg\"><img decoding=\"async\" class=\"lazyload size-full wp-image-1278 alignleft\" src=\"https:\/\/varia-int.com\/wp-content\/uploads\/2020\/01\/Karl_Leuthenmayr.jpg\" data-orig-src=\"https:\/\/varia-int.com\/wp-content\/uploads\/2020\/01\/Karl_Leuthenmayr.jpg\" alt=\"Karl_Leuthenmayr\" width=\"248\" height=\"189\" srcset=\"data:image\/svg+xml,%3Csvg%20xmlns%3D%27http%3A%2F%2Fwww.w3.org%2F2000%2Fsvg%27%20width%3D%27248%27%20height%3D%27189%27%20viewBox%3D%270%200%20248%20189%27%3E%3Crect%20width%3D%27248%27%20height%3D%27189%27%20fill-opacity%3D%220%22%2F%3E%3C%2Fsvg%3E\" data-srcset=\"https:\/\/varia-int.com\/wp-content\/uploads\/2020\/01\/Karl_Leuthenmayr-200x152.jpg 200w, https:\/\/varia-int.com\/wp-content\/uploads\/2020\/01\/Karl_Leuthenmayr.jpg 248w\" data-sizes=\"auto\" data-orig-sizes=\"(max-width: 248px) 100vw, 248px\" \/><\/a><\/p>\n<div class=\"textblaumittel\">\n<p>M\u0171v\u00e9szi f\u00fcgg\u00f6ny\u00f6k, d\u00edszveretek vagy tap\u00e9t\u00e1k: Karl Leuthenmayr v\u00e1llalkoz\u00e1sa, a Varia olyan dekor\u00e1ci\u00f3s r\u00e9szletekkel foglalkozik, amelyek teljess\u00e9 teszik a st\u00edlusos enteri\u0151rt.<\/p>\n<p><span class=\"textredmittel\">\"Mi a sz\u00e9p \u2013 \u00e9s hol kezd\u0151dik a giccs?\" \u2013 k\u00e9rdezi Karl Leuthenmayr. \"Neh\u00e9z k\u00e9rd\u00e9s, amikor a st\u00edlusr\u00f3l van sz\u00f3. A j\u00f3 \u00edzl\u00e9s az, amikor valamit a megfelel\u0151 k\u00f6rnyezetbe, szitu\u00e1ci\u00f3ba helyez\u00fcnk.\"\u00a0<\/span>Meggy\u0151z\u0151 megfogalmaz\u00e1s. Leuthenmayr \u00faj kre\u00e1ci\u00f3ja az \"optikai sz\u00e1lnak\u201d nevezett csillog\u00f3 fonalf\u00fcgg\u00f6ny j\u00f3l megvil\u00e1g\u00edtja a felvet\u00e9st. A megfelel\u0151 k\u00f6rnyezetben \u2013 mondjuk egy st\u00edlusos kirakatban, vagy ki\u00e1ll\u00edt\u00e1si standon \u2013 gyakorta megjelenhet. Olcs\u00f3 m\u0171anyag b\u00fatorokkal, pl\u00fcss sz\u0151nyeggel \u00e9s vir\u00e1gos tap\u00e9t\u00e1val kombin\u00e1lva azonban \u2013 a csillog\u00f3 f\u00fcgg\u00f6nnyel kapcsolatban \u2013, m\u00e1r ink\u00e1bb fenyegetne a giccs vesz\u00e9lye. Leuthenmayr magasra tette az eszt\u00e9tikai m\u00e9rc\u00e9t a Varia szortimentj\u00e9vel kapcsolatban, mely azonnal igazol\u00e1st nyer egy finoman mint\u00e1zott damaszt, organza, t\u00fcll, \u00e9s a kimer\u00edthetetlen sz\u00ednv\u00e1laszt\u00e9kban ragyog\u00f3, selymekb\u0151l k\u00e9sz\u00fclt nemes f\u00fcgg\u00f6nyanyagok, vagy a m\u0171v\u00e9szi c\u00edmerek, a saj\u00e1t \u00f6nt\u00f6d\u00e9ben k\u00e9sz\u00edtett, dekorat\u00edv s\u00e1rgar\u00e9zveretek l\u00e1tt\u00e1n. Mindezek l\u00e1that\u00f3ak a m\u00fcncheni bemutat\u00f3 teremben, ahol 600 k\u00fcl\u00f6nf\u00e9le finom anyagot k\u00edn\u00e1l, egyet-egyet ak\u00e1r 100 sz\u00edn\u00e1rnyalatban is. Mindehhez tal\u00e1lhatunk dekor\u00e1ci\u00f3s term\u00e9keket, p\u00e9ld\u00e1ul f\u00fcgg\u00f6nykarnisokat, k\u00fcl\u00f6nf\u00e9le, a 18 sz\u00e1zadban XV. Lajos udvar\u00e1ban haszn\u00e1lt veretek m\u00e1solatait, rendk\u00edv\u00fcli tap\u00e9t\u00e1kat, \u00e9rt\u00e9kes paszom\u00e1nyokat \u00e9s t\u0171z\u00e1ll\u00f3 textileket.<\/p>\n<p>Karl Leuthenmayr k\u00f6zel 40 \u00e9ve ir\u00e1ny\u00edtja a Varia-t, a \"speci\u00e1lis kiskeresked\u0151k, \u00e9p\u00edt\u00e9szek \u00e9s dekor\u00e1torok beszerz\u00e9si forr\u00e1s\u00e1t\", mik\u00f6zben a P\u00e1rizsban, M\u00fcnchenben, Londonban \u00e9s Miamiban tal\u00e1lhat\u00f3 glob\u00e1lisan m\u0171k\u00f6d\u0151 v\u00e1llalkoz\u00e1s\u00e1t \u00edrja le. A dekor\u00e1ci\u00f3s szakember a fiatalkorban fejlesztette ki a finom sz\u00f6vetek ir\u00e1nti szenved\u00e9ly\u00e9t. Antik b\u00fatorok damasztjai leny\u0171g\u00f6ztek. \u00c9s mindig is szerettem volna tudni, hogy k\u00e9sz\u00fcl a damaszt? - eml\u00e9kezik. A francia sz\u00f6vetgy\u00e1rt\u00f3n\u00e1l, Mercier Fr\u00e8res-n\u00e9l, t\u00f6lt\u00f6tt gyakornoki id\u0151t \u00e9s n\u00e9h\u00e1ny az Egyes\u00fclt \u00c1llamokban t\u00f6lt\u00f6tt \u00e9vet k\u00f6vet\u0151en, 1972-ben, a P\u00e1rizsban nyitotta meg saj\u00e1t \u00fczlet\u00e9t. A fiatal n\u00e9met f\u00e9rfi, angol iskolai v\u00e9gzetts\u00e9ggel, a nemzetk\u00f6zi kereskedelemre felk\u00e9sz\u00fclten, eredetileg k\u00e1rpitos sz\u00f6vetekre szakosodott. Sz\u00f6vetgy\u0171jtem\u00e9nyeket tervezett, amelyeket k\u00e1rpitozott c\u00e9geknek eladott.  Nagyon fontos, hogy legyenek \u00f6tleteink. A kreativit\u00e1s a v\u00e1llalkoz\u00e1s d\u00f6nt\u0151 pontja. \u00c9s tudni kell, hogy mit akarnak az \u00fcgyfelek? - mondja a st\u00edlusszak\u00e9rt\u0151. Amikor a francia korm\u00e1ny \u00fagy d\u00f6nt\u00f6tt, hogy a k\u00f6zint\u00e9zm\u00e9nyek berendez\u00e9s\u00e9nek t\u0171z\u00e1ll\u00f3nak kell lenni\u00fck, a Varia 1975-ben - nagy sikerrel - l\u00e1ng\u00e1ll\u00f3 anyagokat fejlesztett ki.<\/p>\n<p>Flitteres anyag, vagy f\u00e9ml\u00e1nc is szolg\u00e1lhat f\u00fcgg\u00f6nyk\u00e9nt \u2013 honnan val\u00f3k az \u00faj \u00f6tletek? \"A legjobb \u00f6tletek \u00e9letem sor\u00e1n gy\u00e1rt\u00e1si hib\u00e1kb\u00f3l \u00e9s megfigyel\u00e9sb\u0151l sz\u00e1rmaztak. Valami rosszul m\u0171k\u00f6dik \u2013 \u00e9s abb\u00f3l sz\u00fcletik egy \u00f6tlet, hiszen valami \u00fajat kell csin\u00e1lni\" mondja Leuthenmayr. \"A fonalf\u00fcgg\u00f6ny p\u00e9ld\u00e1ul a l\u00e9gyfog\u00f3 szalagra vezethet\u0151 vissza.\" Seg\u00edts\u00e9g\u00e9re van m\u00e9g a sz\u00e9p \u00e9s k\u00fcl\u00f6nleges dolgok, a min\u0151s\u00e9g ir\u00e1nti \u00e9rz\u00e9ke, els\u0151 oszt\u00e1ly\u00fa k\u00e9zm\u0171ves szak\u00e9rtelme. Fontos a kidolgoz\u00e1s, melyre id\u0151t, szak\u00e9rtelmet \u00e9s nagyon sok \u00e9rz\u00e9st ford\u00edtunk.  \"Semmi sem t\u00fal dr\u00e1ga, ha sz\u00e9p. Term\u00e9szetesen meg kell tal\u00e1lni hozz\u00e1 a vev\u0151t, \u00e9s ez N\u00e9metorsz\u00e1gban nem olyan egyszer\u0171.\" \u2013 teszi hozz\u00e1 sajn\u00e1lkozva. Nagy jelent\u0151s\u00e9get tulajdon\u00edt az online-keresked\u00e9snek, naponta t\u00e1rgyal skype-on Bangalor-i n\u00e9met web-tervez\u0151j\u00e9vel, vagy a francia paszom\u00e1ny k\u00e9sz\u00edt\u0151kkel. K\u00f6zben k\u00f6nnyed\u00e9n v\u00e1lt angolr\u00f3l franci\u00e1ra \u2013 amivel biztosan pluszpontot szerez partnerein\u00e9l, akik k\u00f6z\u00f6tt kir\u00e1lyi h\u00e1zak, kast\u00e9lytulajdonosok, sz\u00ednh\u00e1zak, sz\u00e1llod\u00e1k, v\u00e1s\u00e1r- \u00e9s ki\u00e1ll\u00edt\u00e1srendez\u0151k  is megtal\u00e1lhat\u00f3ak.<\/p>\n<\/div>\n<\/div><div class=\"fusion-clearfix\"><\/div><\/div><\/div><\/div><\/div><div class=\"fusion-fullwidth fullwidth-box fusion-builder-row-3 nonhundred-percent-fullwidth non-hundred-percent-height-scrolling\" style=\"--awb-border-radius-top-left:0px;--awb-border-radius-top-right:0px;--awb-border-radius-bottom-right:0px;--awb-border-radius-bottom-left:0px;--awb-padding-top:20px;--awb-margin-top:0px;--awb-margin-bottom:0px;--awb-background-color:#ab1834;\" ><div class=\"fusion-builder-row fusion-row\"><div class=\"fusion-layout-column fusion_builder_column fusion-builder-column-2 fusion_builder_column_1_1 1_1 fusion-one-full fusion-column-first fusion-column-last\" style=\"--awb-bg-size:cover;\"><div class=\"fusion-column-wrapper fusion-flex-column-wrapper-legacy\"><div class=\"fusion-text fusion-text-3\"><p style=\"text-align: center;\"><span style=\"color: #ffffff;\">London \u2022 P\u00e1rizs \u2022 M\u00fcnchen \u2022 San Francisco \u2022 Vars\u00f3 \u2022 Pr\u00e1ga \u2022 Budapest \u2022 Barcelona \u2022 Quito<\/span><\/p>\n<\/div><div class=\"fusion-clearfix\"><\/div><\/div><\/div><\/div><\/div><\/p>","protected":false},"excerpt":{"rendered":"","protected":false},"author":1,"featured_media":0,"parent":0,"menu_order":0,"comment_status":"closed","ping_status":"open","template":"100-width.php","meta":{"footnotes":""},"class_list":["post-1276","page","type-page","status-publish","hentry"],"_links":{"self":[{"href":"https:\/\/varia-int.com\/hu\/wp-json\/wp\/v2\/pages\/1276","targetHints":{"allow":["GET"]}}],"collection":[{"href":"https:\/\/varia-int.com\/hu\/wp-json\/wp\/v2\/pages"}],"about":[{"href":"https:\/\/varia-int.com\/hu\/wp-json\/wp\/v2\/types\/page"}],"author":[{"embeddable":true,"href":"https:\/\/varia-int.com\/hu\/wp-json\/wp\/v2\/users\/1"}],"replies":[{"embeddable":true,"href":"https:\/\/varia-int.com\/hu\/wp-json\/wp\/v2\/comments?post=1276"}],"version-history":[{"count":0,"href":"https:\/\/varia-int.com\/hu\/wp-json\/wp\/v2\/pages\/1276\/revisions"}],"wp:attachment":[{"href":"https:\/\/varia-int.com\/hu\/wp-json\/wp\/v2\/media?parent=1276"}],"curies":[{"name":"munkaf\u00fczet","href":"https:\/\/api.w.org\/{rel}","templated":true}]}}