{"id":15643,"date":"2021-03-09T07:05:42","date_gmt":"2021-03-09T07:05:42","guid":{"rendered":"https:\/\/varia-int.com\/newsletter-2\/"},"modified":"2021-03-09T07:05:42","modified_gmt":"2021-03-09T07:05:42","slug":"newsletter-2","status":"publish","type":"page","link":"https:\/\/varia-int.com\/hu\/newsletter-2\/","title":{"rendered":"h\u00edrlev\u00e9l"},"content":{"rendered":"<p><div class=\"tnp tnp-subscription\">\n<form method=\"post\" action=\"https:\/\/varia-int.com\/wp-admin\/admin-ajax.php?action=tnp&amp;na=s\">\n<input type=\"hidden\" name=\"nlang\" value=\"\">\n<div class=\"tnp-field tnp-field-firstname\"><label for=\"tnp-1\">Keresztn\u00e9v vagy teljes n\u00e9v<\/label>\n<input class=\"tnp-name\" type=\"text\" name=\"nn\" id=\"tnp-1\" value=\"\" placeholder=\"\"><\/div>\n<div class=\"tnp-field tnp-field-email\"><label for=\"tnp-2\">E-mail<\/label>\n<input class=\"tnp-email\" type=\"email\" name=\"ne\" id=\"tnp-2\" value=\"\" placeholder=\"\" required><\/div>\n<div class=\"tnp-field tnp-privacy-field\"><label><input type=\"checkbox\" name=\"ny\" required class=\"tnp-privacy\"> <a target=\"_blank\" href=\"https:\/\/varia-int.com\/hu\/datenschutz\/\">Folytat\u00e1ssal elfogadja adatv\u00e9delmi ir\u00e1nyelveinket.<\/a><\/label><\/div><div class=\"tnp-field tnp-field-button\" style=\"text-align: left\"><input class=\"tnp-submit\" type=\"submit\" value=\"H\u00edrlev\u00e9l feliratkoz\u00e1s\" style=\"\">\n<\/div>\n<\/form>\n<\/div>\n<\/p>\r\n<hr \/>\r\n<p>Karl Leuthenmayr<\/p>\r\n<p><a title=\"Karl Leuthenmayr levele Varia-ba\" href=\"mailto:%20varia@varia-int.com\">Varia@varia-int.com<\/a><\/p>\r\n<p><a href=\"https:\/\/varia-int.com\/hu\/impressum\/\" target=\"_blank\" rel=\"noopener\">impresszum<\/a>\u00a0 <a href=\"https:\/\/varia-int.com\/hu\/datenschutz\/\" target=\"_blank\" rel=\"noopener\">Adatv\u00e9delem<\/a><\/p>\r\n<p>&nbsp;<\/p>","protected":false},"excerpt":{"rendered":"","protected":false},"author":1,"featured_media":0,"parent":0,"menu_order":0,"comment_status":"closed","ping_status":"closed","template":"","meta":{"footnotes":""},"class_list":["post-15643","page","type-page","status-publish","hentry"],"_links":{"self":[{"href":"https:\/\/varia-int.com\/hu\/wp-json\/wp\/v2\/pages\/15643","targetHints":{"allow":["GET"]}}],"collection":[{"href":"https:\/\/varia-int.com\/hu\/wp-json\/wp\/v2\/pages"}],"about":[{"href":"https:\/\/varia-int.com\/hu\/wp-json\/wp\/v2\/types\/page"}],"author":[{"embeddable":true,"href":"https:\/\/varia-int.com\/hu\/wp-json\/wp\/v2\/users\/1"}],"replies":[{"embeddable":true,"href":"https:\/\/varia-int.com\/hu\/wp-json\/wp\/v2\/comments?post=15643"}],"version-history":[{"count":0,"href":"https:\/\/varia-int.com\/hu\/wp-json\/wp\/v2\/pages\/15643\/revisions"}],"wp:attachment":[{"href":"https:\/\/varia-int.com\/hu\/wp-json\/wp\/v2\/media?parent=15643"}],"curies":[{"name":"munkaf\u00fczet","href":"https:\/\/api.w.org\/{rel}","templated":true}]}}