{"id":217,"date":"2019-11-02T07:37:07","date_gmt":"2019-11-02T07:37:07","guid":{"rendered":"https:\/\/varia-int.com\/?page_id=217"},"modified":"2021-06-07T05:40:52","modified_gmt":"2021-06-07T05:40:52","slug":"tapeten","status":"publish","type":"page","link":"https:\/\/varia-int.com\/hu\/tapeten\/","title":{"rendered":"Tap\u00e9t\u00e1k"},"content":{"rendered":"<p><div class=\"fusion-bg-parallax\" data-bg-align=\"center center\" data-direction=\"up\" data-mute=\"false\" data-opacity=\"100\" data-velocity=\"-0.3\" data-mobile-enabled=\"false\" data-break_parents=\"0\" data-bg-image=\"https:\/\/varia-int.com\/wp-content\/uploads\/2021\/04\/tapeten_slide.jpg\" data-bg-repeat=\"false\" ><\/div><div class=\"fusion-fullwidth fullwidth-box fusion-builder-row-1 fusion-parallax-up nonhundred-percent-fullwidth non-hundred-percent-height-scrolling lazyload\" style=\"--awb-border-radius-top-left:0px;--awb-border-radius-top-right:0px;--awb-border-radius-bottom-right:0px;--awb-border-radius-bottom-left:0px;--awb-padding-top:100px;--awb-padding-bottom:100px;--awb-background-size:cover;\" data-bg=\"https:\/\/varia-int.com\/wp-content\/uploads\/2021\/04\/tapeten_slide.jpg\" ><div class=\"fusion-builder-row fusion-row\"><div class=\"fusion-layout-column fusion_builder_column fusion-builder-column-0 fusion_builder_column_1_1 1_1 fusion-one-full fusion-column-first fusion-column-last\" style=\"--awb-bg-color:rgba(255,255,255,0.47);--awb-bg-size:cover;\"><div class=\"fusion-column-wrapper fusion-flex-column-wrapper-legacy\"><div class=\"fusion-text fusion-text-1\"><h1 style=\"text-align: center;\">Tap\u00e9t\u00e1k<\/h1>\n<\/div><div class=\"fusion-clearfix\"><\/div><\/div><\/div><\/div><\/div><div class=\"fusion-fullwidth fullwidth-box fusion-builder-row-2 nonhundred-percent-fullwidth non-hundred-percent-height-scrolling\" style=\"--awb-border-radius-top-left:0px;--awb-border-radius-top-right:0px;--awb-border-radius-bottom-right:0px;--awb-border-radius-bottom-left:0px;--awb-margin-top:20px;\" ><div class=\"fusion-builder-row fusion-row\"><div class=\"fusion-layout-column fusion_builder_column fusion-builder-column-1 fusion_builder_column_1_4 1_4 fusion-one-fourth fusion-column-first\" style=\"--awb-bg-size:cover;width:25%;width:calc(25% - ( ( 4% + 4% + 4% ) * 0.25 ) );margin-right: 4%;\"><div class=\"fusion-column-wrapper fusion-flex-column-wrapper-legacy\"><div class=\"fusion-image-element fusion-image-align-center in-legacy-container\" style=\"text-align:center;--awb-caption-title-size:var(--h2_typography-font-size);--awb-caption-title-transform:var(--h2_typography-text-transform);--awb-caption-title-line-height:var(--h2_typography-line-height);--awb-caption-title-letter-spacing:var(--h2_typography-letter-spacing);\"><div class=\"imageframe-align-center\"><span class=\"fusion-imageframe imageframe-none imageframe-1 hover-type-none\"><a class=\"fusion-no-lightbox\" href=\"https:\/\/www.arthouse.com\/\" target=\"_blank\" aria-label=\"arthouseArthouse h\u00e1tt\u00e9rk\u00e9pek\" rel=\"noopener noreferrer\"><img decoding=\"async\" width=\"700\" height=\"700\" alt=\"Arthouse Tapeten\" src=\"https:\/\/varia-int.com\/wp-content\/uploads\/2020\/12\/arthouse.jpg\" data-orig-src=\"https:\/\/varia-int.com\/wp-content\/uploads\/2020\/12\/arthouse.jpg\" class=\"lazyload img-responsive wp-image-14734\" srcset=\"data:image\/svg+xml,%3Csvg%20xmlns%3D%27http%3A%2F%2Fwww.w3.org%2F2000%2Fsvg%27%20width%3D%27700%27%20height%3D%27700%27%20viewBox%3D%270%200%20700%20700%27%3E%3Crect%20width%3D%27700%27%20height%3D%27700%27%20fill-opacity%3D%220%22%2F%3E%3C%2Fsvg%3E\" data-srcset=\"https:\/\/varia-int.com\/wp-content\/uploads\/2020\/12\/arthouse-200x200.jpg 200w, https:\/\/varia-int.com\/wp-content\/uploads\/2020\/12\/arthouse-400x400.jpg 400w, https:\/\/varia-int.com\/wp-content\/uploads\/2020\/12\/arthouse-600x600.jpg 600w, https:\/\/varia-int.com\/wp-content\/uploads\/2020\/12\/arthouse.jpg 700w\" data-sizes=\"auto\" data-orig-sizes=\"(max-width: 800px) 100vw, 400px\" \/><\/a><\/span><\/div><\/div><div class=\"fusion-text fusion-text-2\"><h2 style=\"text-align: center;\"><a href=\"https:\/\/www.arthouse.com\/\" target=\"_blank\" rel=\"noopener noreferrer\">Arthouse<\/a><\/h2>\n<\/div><div class=\"fusion-clearfix\"><\/div><\/div><\/div><div class=\"fusion-layout-column fusion_builder_column fusion-builder-column-2 fusion_builder_column_1_4 1_4 fusion-one-fourth\" style=\"--awb-bg-size:cover;width:25%;width:calc(25% - ( ( 4% + 4% + 4% ) * 0.25 ) );margin-right: 4%;\"><div class=\"fusion-column-wrapper fusion-flex-column-wrapper-legacy\"><div class=\"fusion-image-element fusion-image-align-center in-legacy-container\" style=\"text-align:center;--awb-caption-title-size:var(--h2_typography-font-size);--awb-caption-title-transform:var(--h2_typography-text-transform);--awb-caption-title-line-height:var(--h2_typography-line-height);--awb-caption-title-letter-spacing:var(--h2_typography-letter-spacing);\"><div class=\"imageframe-align-center\"><span class=\"fusion-imageframe imageframe-none imageframe-2 hover-type-none\"><a class=\"fusion-no-lightbox\" href=\"https:\/\/varia-int.com\/hu\/tapeten-von-barneby-gates\/\" target=\"_self\" aria-label=\"Barneby Gates tap\u00e9ta\"><img decoding=\"async\" width=\"700\" height=\"700\" alt=\"Barneby Gates Tapeten\" src=\"https:\/\/varia-int.com\/wp-content\/uploads\/2021\/04\/barnebyGatesTapeten.jpg\" data-orig-src=\"https:\/\/varia-int.com\/wp-content\/uploads\/2021\/04\/barnebyGatesTapeten.jpg\" class=\"lazyload img-responsive wp-image-15669\" srcset=\"data:image\/svg+xml,%3Csvg%20xmlns%3D%27http%3A%2F%2Fwww.w3.org%2F2000%2Fsvg%27%20width%3D%27700%27%20height%3D%27700%27%20viewBox%3D%270%200%20700%20700%27%3E%3Crect%20width%3D%27700%27%20height%3D%27700%27%20fill-opacity%3D%220%22%2F%3E%3C%2Fsvg%3E\" data-srcset=\"https:\/\/varia-int.com\/wp-content\/uploads\/2021\/04\/barnebyGatesTapeten-200x200.jpg 200w, https:\/\/varia-int.com\/wp-content\/uploads\/2021\/04\/barnebyGatesTapeten-400x400.jpg 400w, https:\/\/varia-int.com\/wp-content\/uploads\/2021\/04\/barnebyGatesTapeten-600x600.jpg 600w, https:\/\/varia-int.com\/wp-content\/uploads\/2021\/04\/barnebyGatesTapeten.jpg 700w\" data-sizes=\"auto\" data-orig-sizes=\"(max-width: 800px) 100vw, 400px\" \/><\/a><\/span><\/div><\/div><div class=\"fusion-text fusion-text-3\"><h2 style=\"text-align: center;\"><a href=\"https:\/\/varia-int.com\/hu\/tapeten-von-barneby-gates\/\" rel=\"noopener noreferrer\">Barneby Gates<\/a><\/h2>\n<\/div><div class=\"fusion-clearfix\"><\/div><\/div><\/div><div class=\"fusion-layout-column fusion_builder_column fusion-builder-column-3 fusion_builder_column_1_4 1_4 fusion-one-fourth\" style=\"--awb-bg-size:cover;width:25%;width:calc(25% - ( ( 4% + 4% + 4% ) * 0.25 ) );margin-right: 4%;\"><div class=\"fusion-column-wrapper fusion-flex-column-wrapper-legacy\"><div class=\"fusion-image-element fusion-image-align-center in-legacy-container\" style=\"text-align:center;--awb-caption-title-size:var(--h2_typography-font-size);--awb-caption-title-transform:var(--h2_typography-text-transform);--awb-caption-title-line-height:var(--h2_typography-line-height);--awb-caption-title-letter-spacing:var(--h2_typography-letter-spacing);\"><div class=\"imageframe-align-center\"><span class=\"fusion-imageframe imageframe-none imageframe-3 hover-type-none\"><a class=\"fusion-no-lightbox\" href=\"https:\/\/varia-int.com\/hu\/tapeten-cole-son-kollektionen\/\" target=\"_self\" aria-label=\"Cole \u00e9s fia gy\u0171jtem\u00e9nyek szerint\"><img decoding=\"async\" width=\"800\" height=\"800\" alt=\"Cole and Son nach Kollektionen\" src=\"https:\/\/varia-int.com\/wp-content\/uploads\/2021\/01\/cole-and-son-Kollektionen.jpg\" data-orig-src=\"https:\/\/varia-int.com\/wp-content\/uploads\/2021\/01\/cole-and-son-Kollektionen.jpg\" class=\"lazyload img-responsive wp-image-15032\" srcset=\"data:image\/svg+xml,%3Csvg%20xmlns%3D%27http%3A%2F%2Fwww.w3.org%2F2000%2Fsvg%27%20width%3D%27800%27%20height%3D%27800%27%20viewBox%3D%270%200%20800%20800%27%3E%3Crect%20width%3D%27800%27%20height%3D%27800%27%20fill-opacity%3D%220%22%2F%3E%3C%2Fsvg%3E\" data-srcset=\"https:\/\/varia-int.com\/wp-content\/uploads\/2021\/01\/cole-and-son-Kollektionen-200x200.jpg 200w, https:\/\/varia-int.com\/wp-content\/uploads\/2021\/01\/cole-and-son-Kollektionen-400x400.jpg 400w, https:\/\/varia-int.com\/wp-content\/uploads\/2021\/01\/cole-and-son-Kollektionen-600x600.jpg 600w, https:\/\/varia-int.com\/wp-content\/uploads\/2021\/01\/cole-and-son-Kollektionen.jpg 800w\" data-sizes=\"auto\" data-orig-sizes=\"(max-width: 800px) 100vw, 400px\" \/><\/a><\/span><\/div><\/div><div class=\"fusion-text fusion-text-4\"><h2 style=\"text-align: center;\"><a href=\"https:\/\/varia-int.com\/hu\/tapeten-cole-son-kollektionen\/\" rel=\"noopener noreferrer\">Cole &amp; Son<br \/>\nkollekci\u00f3k szerint<\/a><\/h2>\n<\/div><div class=\"fusion-clearfix\"><\/div><\/div><\/div><div class=\"fusion-layout-column fusion_builder_column fusion-builder-column-4 fusion_builder_column_1_4 1_4 fusion-one-fourth fusion-column-last\" style=\"--awb-bg-size:cover;width:25%;width:calc(25% - ( ( 4% + 4% + 4% ) * 0.25 ) );\"><div class=\"fusion-column-wrapper fusion-flex-column-wrapper-legacy\"><div class=\"fusion-image-element fusion-image-align-center in-legacy-container\" style=\"text-align:center;--awb-caption-title-size:var(--h2_typography-font-size);--awb-caption-title-transform:var(--h2_typography-text-transform);--awb-caption-title-line-height:var(--h2_typography-line-height);--awb-caption-title-letter-spacing:var(--h2_typography-letter-spacing);\"><div class=\"imageframe-align-center\"><span class=\"fusion-imageframe imageframe-none imageframe-4 hover-type-none\"><a class=\"fusion-no-lightbox\" href=\"https:\/\/varia-int.com\/hu\/tapeten-cole-son\/\" target=\"_self\" aria-label=\"Cole and Son\"><img decoding=\"async\" width=\"700\" height=\"700\" alt=\"Cole and Son\" src=\"https:\/\/varia-int.com\/wp-content\/uploads\/2020\/12\/Coleandson.jpg\" data-orig-src=\"https:\/\/varia-int.com\/wp-content\/uploads\/2020\/12\/Coleandson.jpg\" class=\"lazyload img-responsive wp-image-14741\" srcset=\"data:image\/svg+xml,%3Csvg%20xmlns%3D%27http%3A%2F%2Fwww.w3.org%2F2000%2Fsvg%27%20width%3D%27700%27%20height%3D%27700%27%20viewBox%3D%270%200%20700%20700%27%3E%3Crect%20width%3D%27700%27%20height%3D%27700%27%20fill-opacity%3D%220%22%2F%3E%3C%2Fsvg%3E\" data-srcset=\"https:\/\/varia-int.com\/wp-content\/uploads\/2020\/12\/Coleandson-200x200.jpg 200w, https:\/\/varia-int.com\/wp-content\/uploads\/2020\/12\/Coleandson-400x400.jpg 400w, https:\/\/varia-int.com\/wp-content\/uploads\/2020\/12\/Coleandson-600x600.jpg 600w, https:\/\/varia-int.com\/wp-content\/uploads\/2020\/12\/Coleandson.jpg 700w\" data-sizes=\"auto\" data-orig-sizes=\"(max-width: 800px) 100vw, 400px\" \/><\/a><\/span><\/div><\/div><div class=\"fusion-text fusion-text-5\"><h2 style=\"text-align: center;\"><a href=\"https:\/\/varia-int.com\/hu\/tapeten-cole-son\/\" rel=\"noopener noreferrer\">Cole &amp; Son<br \/>\nt\u00e9m\u00e1k szerint<\/a><\/h2>\n<\/div><div class=\"fusion-clearfix\"><\/div><\/div><\/div><div class=\"fusion-layout-column fusion_builder_column fusion-builder-column-5 fusion_builder_column_1_4 1_4 fusion-one-fourth fusion-column-first\" style=\"--awb-bg-size:cover;width:25%;width:calc(25% - ( ( 4% + 4% + 4% ) * 0.25 ) );margin-right: 4%;\"><div class=\"fusion-column-wrapper fusion-flex-column-wrapper-legacy\"><div class=\"fusion-image-element fusion-image-align-center in-legacy-container\" style=\"text-align:center;--awb-caption-title-size:var(--h2_typography-font-size);--awb-caption-title-transform:var(--h2_typography-text-transform);--awb-caption-title-line-height:var(--h2_typography-line-height);--awb-caption-title-letter-spacing:var(--h2_typography-letter-spacing);\"><div class=\"imageframe-align-center\"><span class=\"fusion-imageframe imageframe-none imageframe-5 hover-type-none\"><a class=\"fusion-no-lightbox\" href=\"http:\/\/www.kandola.co.uk\/collections.php?category=2\" target=\"_blank\" aria-label=\"Kandola h\u00e1tt\u00e9rk\u00e9p\" rel=\"noopener noreferrer\"><img decoding=\"async\" width=\"700\" height=\"700\" alt=\"Kandola Tapeten\" src=\"https:\/\/varia-int.com\/wp-content\/uploads\/2020\/12\/Kandola.jpg\" data-orig-src=\"https:\/\/varia-int.com\/wp-content\/uploads\/2020\/12\/Kandola.jpg\" class=\"lazyload img-responsive wp-image-14743\" srcset=\"data:image\/svg+xml,%3Csvg%20xmlns%3D%27http%3A%2F%2Fwww.w3.org%2F2000%2Fsvg%27%20width%3D%27700%27%20height%3D%27700%27%20viewBox%3D%270%200%20700%20700%27%3E%3Crect%20width%3D%27700%27%20height%3D%27700%27%20fill-opacity%3D%220%22%2F%3E%3C%2Fsvg%3E\" data-srcset=\"https:\/\/varia-int.com\/wp-content\/uploads\/2020\/12\/Kandola-200x200.jpg 200w, https:\/\/varia-int.com\/wp-content\/uploads\/2020\/12\/Kandola-400x400.jpg 400w, https:\/\/varia-int.com\/wp-content\/uploads\/2020\/12\/Kandola-600x600.jpg 600w, https:\/\/varia-int.com\/wp-content\/uploads\/2020\/12\/Kandola.jpg 700w\" data-sizes=\"auto\" data-orig-sizes=\"(max-width: 800px) 100vw, 400px\" \/><\/a><\/span><\/div><\/div><div class=\"fusion-text fusion-text-6\"><h2 style=\"text-align: center;\"><a href=\"http:\/\/www.kandola.co.uk\/collections.php?category=2\" target=\"_blank\" rel=\"noopener noreferrer\">Kandola<\/a><\/h2>\n<\/div><div class=\"fusion-clearfix\"><\/div><\/div><\/div><div class=\"fusion-layout-column fusion_builder_column fusion-builder-column-6 fusion_builder_column_1_4 1_4 fusion-one-fourth\" style=\"--awb-bg-size:cover;width:25%;width:calc(25% - ( ( 4% + 4% + 4% ) * 0.25 ) );margin-right: 4%;\"><div class=\"fusion-column-wrapper fusion-flex-column-wrapper-legacy\"><div class=\"fusion-image-element fusion-image-align-center in-legacy-container\" style=\"text-align:center;--awb-caption-title-size:var(--h2_typography-font-size);--awb-caption-title-transform:var(--h2_typography-text-transform);--awb-caption-title-line-height:var(--h2_typography-line-height);--awb-caption-title-letter-spacing:var(--h2_typography-letter-spacing);\"><div class=\"imageframe-align-center\"><span class=\"fusion-imageframe imageframe-none imageframe-6 hover-type-none\"><a class=\"fusion-no-lightbox\" href=\"https:\/\/www.lgd01.com\/?lang=en\" target=\"_blank\" aria-label=\"LGD01 h\u00e1tt\u00e9rk\u00e9pek\" rel=\"noopener noreferrer\"><img decoding=\"async\" width=\"700\" height=\"700\" alt=\"LGD01 Tapeten\" src=\"https:\/\/varia-int.com\/wp-content\/uploads\/2020\/12\/LGD01.jpg\" data-orig-src=\"https:\/\/varia-int.com\/wp-content\/uploads\/2020\/12\/LGD01.jpg\" class=\"lazyload img-responsive wp-image-14751\" srcset=\"data:image\/svg+xml,%3Csvg%20xmlns%3D%27http%3A%2F%2Fwww.w3.org%2F2000%2Fsvg%27%20width%3D%27700%27%20height%3D%27700%27%20viewBox%3D%270%200%20700%20700%27%3E%3Crect%20width%3D%27700%27%20height%3D%27700%27%20fill-opacity%3D%220%22%2F%3E%3C%2Fsvg%3E\" data-srcset=\"https:\/\/varia-int.com\/wp-content\/uploads\/2020\/12\/LGD01-200x200.jpg 200w, https:\/\/varia-int.com\/wp-content\/uploads\/2020\/12\/LGD01-400x400.jpg 400w, https:\/\/varia-int.com\/wp-content\/uploads\/2020\/12\/LGD01-600x600.jpg 600w, https:\/\/varia-int.com\/wp-content\/uploads\/2020\/12\/LGD01.jpg 700w\" data-sizes=\"auto\" data-orig-sizes=\"(max-width: 800px) 100vw, 400px\" \/><\/a><\/span><\/div><\/div><div class=\"fusion-text fusion-text-7\"><h2 style=\"text-align: center;\"><a href=\"http:\/\/www.lgd01.com\/?lang=en\" target=\"_blank\" rel=\"noopener noreferrer\">LGDo1<\/a><\/h2>\n<\/div><div class=\"fusion-clearfix\"><\/div><\/div><\/div><div class=\"fusion-layout-column fusion_builder_column fusion-builder-column-7 fusion_builder_column_1_4 1_4 fusion-one-fourth\" style=\"--awb-bg-size:cover;width:25%;width:calc(25% - ( ( 4% + 4% + 4% ) * 0.25 ) );margin-right: 4%;\"><div class=\"fusion-column-wrapper fusion-flex-column-wrapper-legacy\"><div class=\"fusion-image-element fusion-image-align-center in-legacy-container\" style=\"text-align:center;--awb-caption-title-size:var(--h2_typography-font-size);--awb-caption-title-transform:var(--h2_typography-text-transform);--awb-caption-title-line-height:var(--h2_typography-line-height);--awb-caption-title-letter-spacing:var(--h2_typography-letter-spacing);\"><div class=\"imageframe-align-center\"><span class=\"fusion-imageframe imageframe-none imageframe-7 hover-type-none\"><a class=\"fusion-no-lightbox\" href=\"http:\/\/www.meystyle.com\/led_wallpaper.html\" target=\"_blank\" aria-label=\"Meystyle\" rel=\"noopener noreferrer\"><img decoding=\"async\" width=\"700\" height=\"700\" alt=\"Meystyle\" src=\"https:\/\/varia-int.com\/wp-content\/uploads\/2020\/12\/Meystyle.jpg\" data-orig-src=\"https:\/\/varia-int.com\/wp-content\/uploads\/2020\/12\/Meystyle.jpg\" class=\"lazyload img-responsive wp-image-14753\" srcset=\"data:image\/svg+xml,%3Csvg%20xmlns%3D%27http%3A%2F%2Fwww.w3.org%2F2000%2Fsvg%27%20width%3D%27700%27%20height%3D%27700%27%20viewBox%3D%270%200%20700%20700%27%3E%3Crect%20width%3D%27700%27%20height%3D%27700%27%20fill-opacity%3D%220%22%2F%3E%3C%2Fsvg%3E\" data-srcset=\"https:\/\/varia-int.com\/wp-content\/uploads\/2020\/12\/Meystyle-200x200.jpg 200w, https:\/\/varia-int.com\/wp-content\/uploads\/2020\/12\/Meystyle-400x400.jpg 400w, https:\/\/varia-int.com\/wp-content\/uploads\/2020\/12\/Meystyle-600x600.jpg 600w, https:\/\/varia-int.com\/wp-content\/uploads\/2020\/12\/Meystyle.jpg 700w\" data-sizes=\"auto\" data-orig-sizes=\"(max-width: 800px) 100vw, 400px\" \/><\/a><\/span><\/div><\/div><div class=\"fusion-text fusion-text-8\"><h2 style=\"text-align: center;\"><a href=\"http:\/\/www.meystyle.com\/led_wallpaper.html\" target=\"_blank\" rel=\"noopener\">Meystyle LED<\/a><\/h2>\n<\/div><div class=\"fusion-clearfix\"><\/div><\/div><\/div><div class=\"fusion-layout-column fusion_builder_column fusion-builder-column-8 fusion_builder_column_1_4 1_4 fusion-one-fourth fusion-column-last\" style=\"--awb-bg-size:cover;width:25%;width:calc(25% - ( ( 4% + 4% + 4% ) * 0.25 ) );\"><div class=\"fusion-column-wrapper fusion-flex-column-wrapper-legacy\"><div class=\"fusion-image-element fusion-image-align-center in-legacy-container\" style=\"text-align:center;--awb-caption-title-size:var(--h2_typography-font-size);--awb-caption-title-transform:var(--h2_typography-text-transform);--awb-caption-title-line-height:var(--h2_typography-line-height);--awb-caption-title-letter-spacing:var(--h2_typography-letter-spacing);\"><div class=\"imageframe-align-center\"><span class=\"fusion-imageframe imageframe-none imageframe-8 hover-type-none\"><a class=\"fusion-no-lightbox\" href=\"https:\/\/varia-int.com\/wp-content\/uploads\/2019\/12\/Used_Wall_neoDKo_lr.pdf\" target=\"_blank\" aria-label=\"NeoDKo h\u00e1tt\u00e9rk\u00e9pek\" rel=\"noopener noreferrer\"><img decoding=\"async\" width=\"700\" height=\"700\" alt=\"NeoDKo Tapeten\" src=\"https:\/\/varia-int.com\/wp-content\/uploads\/2020\/12\/NeoDKo.jpg\" data-orig-src=\"https:\/\/varia-int.com\/wp-content\/uploads\/2020\/12\/NeoDKo.jpg\" class=\"lazyload img-responsive wp-image-14755\" srcset=\"data:image\/svg+xml,%3Csvg%20xmlns%3D%27http%3A%2F%2Fwww.w3.org%2F2000%2Fsvg%27%20width%3D%27700%27%20height%3D%27700%27%20viewBox%3D%270%200%20700%20700%27%3E%3Crect%20width%3D%27700%27%20height%3D%27700%27%20fill-opacity%3D%220%22%2F%3E%3C%2Fsvg%3E\" data-srcset=\"https:\/\/varia-int.com\/wp-content\/uploads\/2020\/12\/NeoDKo-200x200.jpg 200w, https:\/\/varia-int.com\/wp-content\/uploads\/2020\/12\/NeoDKo-400x400.jpg 400w, https:\/\/varia-int.com\/wp-content\/uploads\/2020\/12\/NeoDKo-600x600.jpg 600w, https:\/\/varia-int.com\/wp-content\/uploads\/2020\/12\/NeoDKo.jpg 700w\" data-sizes=\"auto\" data-orig-sizes=\"(max-width: 800px) 100vw, 400px\" \/><\/a><\/span><\/div><\/div><div class=\"fusion-text fusion-text-9\"><h2 style=\"text-align: center;\"><a href=\"https:\/\/varia-int.com\/wp-content\/uploads\/2019\/12\/Used_Wall_neoDKo_lr.pdf\" target=\"_blank\" rel=\"noopener noreferrer\">NeoDKo - Used Wall<\/a><\/h2>\n<\/div><div class=\"fusion-clearfix\"><\/div><\/div><\/div><div class=\"fusion-layout-column fusion_builder_column fusion-builder-column-9 fusion_builder_column_1_4 1_4 fusion-one-fourth fusion-column-first\" style=\"--awb-bg-size:cover;width:25%;width:calc(25% - ( ( 4% ) * 0.25 ) );margin-right: 4%;\"><div class=\"fusion-column-wrapper fusion-flex-column-wrapper-legacy\"><div class=\"fusion-image-element fusion-image-align-center in-legacy-container\" style=\"text-align:center;--awb-caption-title-size:var(--h2_typography-font-size);--awb-caption-title-transform:var(--h2_typography-text-transform);--awb-caption-title-line-height:var(--h2_typography-line-height);--awb-caption-title-letter-spacing:var(--h2_typography-letter-spacing);\"><div class=\"imageframe-align-center\"><span class=\"fusion-imageframe imageframe-none imageframe-9 hover-type-none\"><a class=\"fusion-no-lightbox\" href=\"https:\/\/watts1874.co.uk\/collections\/wallcovering\" target=\"_blank\" aria-label=\"Watt h\u00e1tt\u00e9rk\u00e9p\" rel=\"noopener noreferrer\"><img decoding=\"async\" width=\"700\" height=\"700\" alt=\"Watts Tapeten\" src=\"https:\/\/varia-int.com\/wp-content\/uploads\/2020\/12\/watts.jpg\" data-orig-src=\"https:\/\/varia-int.com\/wp-content\/uploads\/2020\/12\/watts.jpg\" class=\"lazyload img-responsive wp-image-14757\" srcset=\"data:image\/svg+xml,%3Csvg%20xmlns%3D%27http%3A%2F%2Fwww.w3.org%2F2000%2Fsvg%27%20width%3D%27700%27%20height%3D%27700%27%20viewBox%3D%270%200%20700%20700%27%3E%3Crect%20width%3D%27700%27%20height%3D%27700%27%20fill-opacity%3D%220%22%2F%3E%3C%2Fsvg%3E\" data-srcset=\"https:\/\/varia-int.com\/wp-content\/uploads\/2020\/12\/watts-200x200.jpg 200w, https:\/\/varia-int.com\/wp-content\/uploads\/2020\/12\/watts-400x400.jpg 400w, https:\/\/varia-int.com\/wp-content\/uploads\/2020\/12\/watts-600x600.jpg 600w, https:\/\/varia-int.com\/wp-content\/uploads\/2020\/12\/watts.jpg 700w\" data-sizes=\"auto\" data-orig-sizes=\"(max-width: 800px) 100vw, 400px\" \/><\/a><\/span><\/div><\/div><div class=\"fusion-text fusion-text-10\"><h2 style=\"text-align: center;\"><a href=\"https:\/\/watts1874.co.uk\/collections\/wallcovering\" target=\"_blank\" rel=\"noopener noreferrer\">Watts<\/a><\/h2>\n<\/div><div class=\"fusion-clearfix\"><\/div><\/div><\/div><div class=\"fusion-layout-column fusion_builder_column fusion-builder-column-10 fusion_builder_column_1_4 1_4 fusion-one-fourth fusion-column-last\" style=\"--awb-bg-size:cover;width:25%;width:calc(25% - ( ( 4% ) * 0.25 ) );\"><div class=\"fusion-column-wrapper fusion-flex-column-wrapper-legacy\"><div class=\"fusion-image-element fusion-image-align-center in-legacy-container\" style=\"text-align:center;--awb-caption-title-size:var(--h2_typography-font-size);--awb-caption-title-transform:var(--h2_typography-text-transform);--awb-caption-title-line-height:var(--h2_typography-line-height);--awb-caption-title-letter-spacing:var(--h2_typography-letter-spacing);\"><div class=\"imageframe-align-center\"><span class=\"fusion-imageframe imageframe-none imageframe-10 hover-type-none\"><a class=\"fusion-no-lightbox\" href=\"https:\/\/varia-int.com\/hu\/wildseidentapete\/\" target=\"_self\" aria-label=\"Vad selyem tap\u00e9ta\"><img decoding=\"async\" width=\"700\" height=\"700\" alt=\"Wildseidentapete\" src=\"https:\/\/varia-int.com\/wp-content\/uploads\/2020\/12\/Wildseidentapete-1.jpg\" data-orig-src=\"https:\/\/varia-int.com\/wp-content\/uploads\/2020\/12\/Wildseidentapete-1.jpg\" class=\"lazyload img-responsive wp-image-14763\" srcset=\"data:image\/svg+xml,%3Csvg%20xmlns%3D%27http%3A%2F%2Fwww.w3.org%2F2000%2Fsvg%27%20width%3D%27700%27%20height%3D%27700%27%20viewBox%3D%270%200%20700%20700%27%3E%3Crect%20width%3D%27700%27%20height%3D%27700%27%20fill-opacity%3D%220%22%2F%3E%3C%2Fsvg%3E\" data-srcset=\"https:\/\/varia-int.com\/wp-content\/uploads\/2020\/12\/Wildseidentapete-1-200x200.jpg 200w, https:\/\/varia-int.com\/wp-content\/uploads\/2020\/12\/Wildseidentapete-1-400x400.jpg 400w, https:\/\/varia-int.com\/wp-content\/uploads\/2020\/12\/Wildseidentapete-1-600x600.jpg 600w, https:\/\/varia-int.com\/wp-content\/uploads\/2020\/12\/Wildseidentapete-1.jpg 700w\" data-sizes=\"auto\" data-orig-sizes=\"(max-width: 800px) 100vw, 400px\" \/><\/a><\/span><\/div><\/div><div class=\"fusion-text fusion-text-11\"><h2 style=\"text-align: center;\"><a href=\"https:\/\/varia-int.com\/hu\/wildseidentapete\/\" target=\"_blank\" rel=\"noopener noreferrer\">Vad selyem tap\u00e9ta<\/a><\/h2>\n<\/div><div class=\"fusion-clearfix\"><\/div><\/div><\/div><\/div><\/div><div class=\"fusion-bg-parallax\" data-bg-align=\"center center\" data-direction=\"up\" data-mute=\"false\" data-opacity=\"100\" data-velocity=\"-0.3\" data-mobile-enabled=\"false\" data-break_parents=\"0\" data-bg-image=\"https:\/\/varia-int.com\/wp-content\/uploads\/2019\/11\/coleandsontapete.jpg\" data-bg-repeat=\"false\" ><\/div><div class=\"fusion-fullwidth fullwidth-box fusion-builder-row-3 fusion-parallax-up nonhundred-percent-fullwidth non-hundred-percent-height-scrolling lazyload\" style=\"--awb-border-radius-top-left:0px;--awb-border-radius-top-right:0px;--awb-border-radius-bottom-right:0px;--awb-border-radius-bottom-left:0px;--awb-padding-top:100px;--awb-padding-bottom:100px;--awb-background-size:cover;\" data-bg=\"https:\/\/varia-int.com\/wp-content\/uploads\/2019\/11\/coleandsontapete.jpg\" ><div class=\"fusion-builder-row fusion-row\"><\/div><\/div><\/p>","protected":false},"excerpt":{"rendered":"","protected":false},"author":1,"featured_media":0,"parent":0,"menu_order":0,"comment_status":"closed","ping_status":"closed","template":"100-width.php","meta":{"footnotes":""},"class_list":["post-217","page","type-page","status-publish","hentry"],"_links":{"self":[{"href":"https:\/\/varia-int.com\/hu\/wp-json\/wp\/v2\/pages\/217","targetHints":{"allow":["GET"]}}],"collection":[{"href":"https:\/\/varia-int.com\/hu\/wp-json\/wp\/v2\/pages"}],"about":[{"href":"https:\/\/varia-int.com\/hu\/wp-json\/wp\/v2\/types\/page"}],"author":[{"embeddable":true,"href":"https:\/\/varia-int.com\/hu\/wp-json\/wp\/v2\/users\/1"}],"replies":[{"embeddable":true,"href":"https:\/\/varia-int.com\/hu\/wp-json\/wp\/v2\/comments?post=217"}],"version-history":[{"count":0,"href":"https:\/\/varia-int.com\/hu\/wp-json\/wp\/v2\/pages\/217\/revisions"}],"wp:attachment":[{"href":"https:\/\/varia-int.com\/hu\/wp-json\/wp\/v2\/media?parent=217"}],"curies":[{"name":"munkaf\u00fczet","href":"https:\/\/api.w.org\/{rel}","templated":true}]}}