{"id":35,"date":"2019-01-10T15:41:04","date_gmt":"2019-01-10T15:41:04","guid":{"rendered":"https:\/\/varia-int.com\/cookie-policy"},"modified":"2019-01-10T15:41:04","modified_gmt":"2019-01-10T15:41:04","slug":"cookie-policy","status":"publish","type":"page","link":"https:\/\/varia-int.com\/hu\/cookie-policy\/","title":{"rendered":"Cookie-politik\u00e1t"},"content":{"rendered":"<p>Ez a webhely s\u00fctiket haszn\u00e1l - kis sz\u00f6veges f\u00e1jlokat, amelyeket a sz\u00e1m\u00edt\u00f3g\u00e9p\u00e9re helyeznek, hogy a webhely jobb felhaszn\u00e1l\u00f3i \u00e9lm\u00e9nyt ny\u00fajtson. \u00c1ltal\u00e1ban a cookie-kat a felhaszn\u00e1l\u00f3i preferenci\u00e1k meg\u0151rz\u00e9s\u00e9re, az olyan inform\u00e1ci\u00f3k t\u00e1rol\u00e1s\u00e1ra haszn\u00e1lj\u00e1k, mint a bev\u00e1s\u00e1rl\u00f3kosarak, \u00e9s n\u00e9vtelen nyomk\u00f6vet\u00e9si adatokat szolg\u00e1ltatj\u00e1k harmadik f\u00e9lt\u0151l sz\u00e1rmaz\u00f3 alkalmaz\u00e1sokhoz, p\u00e9ld\u00e1ul a Google Analyticshez. \u00c1ltal\u00e1nos szab\u00e1ly, hogy a s\u00fctik jobb\u00e1 teszik a b\u00f6ng\u00e9sz\u00e9si \u00e9lm\u00e9nyt. El\u0151fordulhat azonban, hogy letiltja a s\u00fctiket ezen a webhelyen \u00e9s m\u00e1sokon. Ennek leghat\u00e9konyabb m\u00f3dja a cookie-k letilt\u00e1sa a b\u00f6ng\u00e9sz\u0151ben. Javasoljuk, hogy keresse meg b\u00f6ng\u00e9sz\u0151je S\u00fag\u00f3 szakasz\u00e1t, vagy n\u00e9zzen ut\u00e1na <a href=\"http:\/\/www.aboutcookies.org\">a About Cookies webhelyr\u0151l<\/a> amely \u00fatmutat\u00e1st ny\u00fajt minden modern b\u00f6ng\u00e9sz\u0151h\u00f6z<\/p>","protected":false},"excerpt":{"rendered":"<p>This site uses cookies &#8211; small text files that are [&hellip;]<\/p>\n","protected":false},"author":1,"featured_media":0,"parent":0,"menu_order":0,"comment_status":"closed","ping_status":"closed","template":"","meta":{"footnotes":""},"class_list":["post-35","page","type-page","status-publish","hentry"],"_links":{"self":[{"href":"https:\/\/varia-int.com\/hu\/wp-json\/wp\/v2\/pages\/35","targetHints":{"allow":["GET"]}}],"collection":[{"href":"https:\/\/varia-int.com\/hu\/wp-json\/wp\/v2\/pages"}],"about":[{"href":"https:\/\/varia-int.com\/hu\/wp-json\/wp\/v2\/types\/page"}],"author":[{"embeddable":true,"href":"https:\/\/varia-int.com\/hu\/wp-json\/wp\/v2\/users\/1"}],"replies":[{"embeddable":true,"href":"https:\/\/varia-int.com\/hu\/wp-json\/wp\/v2\/comments?post=35"}],"version-history":[{"count":0,"href":"https:\/\/varia-int.com\/hu\/wp-json\/wp\/v2\/pages\/35\/revisions"}],"wp:attachment":[{"href":"https:\/\/varia-int.com\/hu\/wp-json\/wp\/v2\/media?parent=35"}],"curies":[{"name":"munkaf\u00fczet","href":"https:\/\/api.w.org\/{rel}","templated":true}]}}