{"id":38,"date":"2019-01-10T15:52:26","date_gmt":"2019-01-10T15:52:26","guid":{"rendered":"https:\/\/varia-int.com\/?page_id=38"},"modified":"2024-02-15T04:44:03","modified_gmt":"2024-02-15T04:44:03","slug":"impressum","status":"publish","type":"page","link":"https:\/\/varia-int.com\/hu\/impressum\/","title":{"rendered":"impresszum"},"content":{"rendered":"<div class=\"textblaumittel\">\n<h1 class=\"textredgrosscursive\">Inform\u00e1ci\u00f3 a TMG 5. \u00a7-a szerint:<\/h1>\n<p>Fi\u00fa, te pavilon<br \/>\n8 rue Jean Cottin<br \/>\n75018 P\u00e1rizs<br \/>\nFranciaorsz\u00e1g<\/p>\n<h1>Kapcsolat:<\/h1>\n<p>Tel .: +33 (0) 1 42 09 53 96<br \/>\n<a title=\"Karl Leuthenmayr levele Varia-ba\" href=\"mailto:%20varia@varia-int.com\">Varia@varia-int.com<\/a><\/p>\n<h1>Webmaster<\/h1>\n<p>Lavinia Ebert<br \/>\nBangalore<br \/>\n<a title=\"e-mailt k\u00fcld a webmesternek\" href=\"http:\/\/www.laviniaweb.de\/\" target=\"_blank\" rel=\"noopener noreferrer\">laviniaweb.de<\/a><\/p>\n<\/div>\n<h1 class=\"textredgrosscursive\">Fontos (Fontos)<\/h1>\n<div class=\"textblaumittel\">\n<p><strong>Felel\u0151ss\u00e9g a tartalom\u00e9rt<\/strong><\/p>\n<p>Szolg\u00e1ltat\u00f3k\u00e9nt felel\u00f5sek vagyunk az ezen oldalak saj\u00e1t tartalm\u00e1\u00e9rt, a n\u00e9met telemedia t\u00f6rv\u00e9ny 7. \u00a7-\u00e1nak (1) bekezd\u00e9s\u00e9vel \u00f6sszhangban. A TMG 8\u201310. \u00a7-a szerint mi, szolg\u00e1ltat\u00f3k\u00e9nt, nem vagyunk k\u00f6telesek nyomon k\u00f6vetni az \u00e1tadott vagy t\u00e1rolt harmadik f\u00e9l adatait, vagy kivizsg\u00e1lni az illeg\u00e1lis tev\u00e9kenys\u00e9get jelz\u0151 k\u00f6r\u00fclm\u00e9nyeket. Az \u00e1ltal\u00e1nos jogszab\u00e1lyok szerint az inform\u00e1ci\u00f3k felhaszn\u00e1l\u00e1s\u00e1nak elt\u00e1vol\u00edt\u00e1s\u00e1ra vagy blokkol\u00e1s\u00e1ra vonatkoz\u00f3 k\u00f6telezetts\u00e9geket nem \u00e9rinti. A felel\u0151ss\u00e9g e tekintetben azonban csak akkor lehets\u00e9ges, amikor megtudjuk egy adott jogs\u00e9rt\u00e9st. Amint megtudjuk az ilyen jogs\u00e9rt\u00e9seket, azonnal elt\u00e1vol\u00edtjuk ezt a tartalmat.<\/p>\n<p><strong>Felel\u0151ss\u00e9g a kapcsolatok\u00e9rt<\/strong><\/p>\n<p>Aj\u00e1nlatunk linkeket tartalmaz harmadik felek k\u00fcls\u0151 webhelyeire, amelyek tartalm\u00e1ra nincs befoly\u00e1s. Ez\u00e9rt a k\u00fcls\u0151 tartalom\u00e9rt semmilyen felel\u0151ss\u00e9get nem v\u00e1llalunk. A hivatkozott oldalak tartalm\u00e1\u00e9rt mindig az adott szolg\u00e1ltat\u00f3 vagy \u00fczemeltet\u0151 felel. A hivatkozott oldalak a link l\u00e9trehoz\u00e1sakor ellen\u0151rizt\u00e9k a lehets\u00e9ges jogs\u00e9rt\u00e9seket. A link l\u00e9trehoz\u00e1sakor nem volt \u00e9rz\u00e9kelhet\u0151 illeg\u00e1lis tartalom. A hivatkozott oldalak tartalm\u00e1nak \u00e1lland\u00f3 ellen\u0151rz\u00e9se nem indokolt a jogs\u00e9rt\u00e9s konkr\u00e9t bizony\u00edt\u00e9ka n\u00e9lk\u00fcl. Amint tudom\u00e1st szerez a jogs\u00e9rt\u00e9sekr\u0151l, azonnal elt\u00e1vol\u00edtjuk ezeket a linkeket.<\/p>\n<p><strong>copyright<\/strong><\/p>\n<p>Az oldalak tartalm\u00e1ra \u00e9s a weboldal \u00fczemeltet\u0151je \u00e1ltal k\u00e9sz\u00edtett munk\u00e1ira a n\u00e9met szerz\u0151i jogi t\u00f6rv\u00e9ny vonatkozik. A m\u00e1sol\u00e1shoz, feldolgoz\u00e1shoz, terjeszt\u00e9shez \u00e9s a szerz\u0151i jogi t\u00f6rv\u00e9ny keretein k\u00edv\u00fcli b\u00e1rmilyen felhaszn\u00e1l\u00e1shoz az adott szerz\u0151 vagy alkot\u00f3 \u00edr\u00e1sbeli hozz\u00e1j\u00e1rul\u00e1sa sz\u00fcks\u00e9ges. Az oldal let\u00f6lt\u00e9se \u00e9s m\u00e1solata csak mag\u00e1n, nem kereskedelmi haszn\u00e1latra enged\u00e9lyezett. Amennyiben az oldal tartalm\u00e1t nem az \u00fczemeltet\u0151 k\u00e9sz\u00edtette, a harmadik felek szerz\u0151i jogait tiszteletben tartj\u00e1k. K\u00fcl\u00f6n\u00f6sen a harmadik f\u00e9lt\u0151l sz\u00e1rmaz\u00f3 tartalmakat jel\u00f6lj\u00fck meg ilyenk\u00e9nt. Ha ennek ellen\u00e9re tudom\u00e1st szerez a szerz\u0151i jogok megs\u00e9rt\u00e9s\u00e9r\u0151l, k\u00e9rj\u00fck, ossza meg vel\u00fcnk. Amint megtudjuk a jogs\u00e9rt\u00e9seket, azonnal elt\u00e1vol\u00edtjuk az ilyen tartalmat.<\/p>\n<p>&nbsp;<\/p>\n<p>&quot;Az EU Bizotts\u00e1g online vitarendez\u00e9si platformja: <a href=\"http:\/\/www.ec.europa.eu\/consumers\/odr\">www.ec.europa.eu\/consumers\/odr<\/a>\u201d<\/p>\n<\/div>","protected":false},"excerpt":{"rendered":"<p>Angaben gem\u00e4\u00df \u00a7 5 TMG: Guy du Pavillon 8 rue [&hellip;]<\/p>\n","protected":false},"author":1,"featured_media":0,"parent":0,"menu_order":0,"comment_status":"closed","ping_status":"closed","template":"","meta":{"footnotes":""},"class_list":["post-38","page","type-page","status-publish","hentry"],"_links":{"self":[{"href":"https:\/\/varia-int.com\/hu\/wp-json\/wp\/v2\/pages\/38","targetHints":{"allow":["GET"]}}],"collection":[{"href":"https:\/\/varia-int.com\/hu\/wp-json\/wp\/v2\/pages"}],"about":[{"href":"https:\/\/varia-int.com\/hu\/wp-json\/wp\/v2\/types\/page"}],"author":[{"embeddable":true,"href":"https:\/\/varia-int.com\/hu\/wp-json\/wp\/v2\/users\/1"}],"replies":[{"embeddable":true,"href":"https:\/\/varia-int.com\/hu\/wp-json\/wp\/v2\/comments?post=38"}],"version-history":[{"count":0,"href":"https:\/\/varia-int.com\/hu\/wp-json\/wp\/v2\/pages\/38\/revisions"}],"wp:attachment":[{"href":"https:\/\/varia-int.com\/hu\/wp-json\/wp\/v2\/media?parent=38"}],"curies":[{"name":"munkaf\u00fczet","href":"https:\/\/api.w.org\/{rel}","templated":true}]}}