{"id":409,"date":"2019-11-03T12:16:20","date_gmt":"2019-11-03T12:16:20","guid":{"rendered":"https:\/\/varia-int.com\/?page_id=409"},"modified":"2021-06-04T17:41:02","modified_gmt":"2021-06-04T17:41:02","slug":"rollos","status":"publish","type":"page","link":"https:\/\/varia-int.com\/hu\/rollos\/","title":{"rendered":"\u00e1rny\u00e9kol\u00f3k"},"content":{"rendered":"<p><div class=\"fusion-fullwidth fullwidth-box fusion-builder-row-1 nonhundred-percent-fullwidth non-hundred-percent-height-scrolling\" style=\"--awb-background-position:center top;--awb-border-radius-top-left:0px;--awb-border-radius-top-right:0px;--awb-border-radius-bottom-right:0px;--awb-border-radius-bottom-left:0px;--awb-padding-top:30px;--awb-padding-bottom:20px;--awb-background-color:rgba(209,209,209,0.3);\" ><div class=\"fusion-builder-row fusion-row\"><div class=\"fusion-layout-column fusion_builder_column fusion-builder-column-0 fusion_builder_column_1_1 1_1 fusion-one-full fusion-column-first fusion-column-last\" style=\"--awb-bg-color:rgba(255,255,255,0.61);--awb-bg-size:cover;\"><div class=\"fusion-column-wrapper fusion-flex-column-wrapper-legacy\"><div class=\"fusion-text fusion-text-1\"><h1 style=\"text-align: center;\">Hochwertige Raffrollos<\/h1>\n<\/div><div class=\"fusion-clearfix\"><\/div><\/div><\/div><\/div><\/div><div class=\"fusion-fullwidth fullwidth-box fusion-builder-row-2 nonhundred-percent-fullwidth non-hundred-percent-height-scrolling\" style=\"--awb-border-radius-top-left:0px;--awb-border-radius-top-right:0px;--awb-border-radius-bottom-right:0px;--awb-border-radius-bottom-left:0px;--awb-padding-top:20px;\" ><div class=\"fusion-builder-row fusion-row\"><div class=\"fusion-layout-column fusion_builder_column fusion-builder-column-1 fusion_builder_column_1_1 1_1 fusion-one-full fusion-column-first fusion-column-last\" style=\"--awb-bg-size:cover;\"><div class=\"fusion-column-wrapper fusion-flex-column-wrapper-legacy\"><div class=\"awb-gallery-wrapper awb-gallery-wrapper-1 button-span-no\"><div style=\"margin:-5px;--awb-bordersize:0px;\" class=\"fusion-gallery fusion-gallery-container fusion-grid-3 fusion-columns-total-2 fusion-gallery-layout-grid fusion-gallery-1\"><div style=\"padding:5px;\" class=\"fusion-grid-column fusion-gallery-column fusion-gallery-column-3 hover-type-none\"><div class=\"fusion-gallery-image\"><a href=\"https:\/\/varia-int.com\/wp-content\/uploads\/2021\/05\/rollo_embreville.jpg\" data-title=\"Rollo Leinen Embreville\" title=\"Rollo Leinen Embreville\" rel=\"noreferrer\" data-rel=\"iLightbox[gallery_image_1]\" class=\"fusion-lightbox\" target=\"_self\"><img decoding=\"async\" src=\"https:\/\/varia-int.com\/wp-content\/uploads\/2021\/05\/rollo_embreville.jpg\" data-orig-src=\"https:\/\/varia-int.com\/wp-content\/uploads\/2021\/05\/rollo_embreville.jpg\" width=\"400\" height=\"800\" alt=\"Rollo Leinen Embreville\" title=\"Rollo Leinen Embreville\" aria-label=\"Rollo Leinen Embreville\" class=\"lazyload img-responsive wp-image-16049\" srcset=\"data:image\/svg+xml,%3Csvg%20xmlns%3D%27http%3A%2F%2Fwww.w3.org%2F2000%2Fsvg%27%20width%3D%27400%27%20height%3D%27800%27%20viewBox%3D%270%200%20400%20800%27%3E%3Crect%20width%3D%27400%27%20height%3D%27800%27%20fill-opacity%3D%220%22%2F%3E%3C%2Fsvg%3E\" data-srcset=\"https:\/\/varia-int.com\/wp-content\/uploads\/2021\/05\/rollo_embreville-200x400.jpg 200w, https:\/\/varia-int.com\/wp-content\/uploads\/2021\/05\/rollo_embreville.jpg 400w\" data-sizes=\"auto\" data-orig-sizes=\"(min-width: 2200px) 100vw, (min-width: 784px) 363px, (min-width: 712px) 545px, (min-width: 640px) 712px, \" \/><\/a><\/div><\/div><div style=\"padding:5px;\" class=\"fusion-grid-column fusion-gallery-column fusion-gallery-column-3 hover-type-none\"><div class=\"fusion-gallery-image\"><a href=\"https:\/\/varia-int.com\/wp-content\/uploads\/2021\/05\/rollo_embreville1.jpg\" data-title=\"Rollo Leinen Embreville\" title=\"Rollo Leinen Embreville\" rel=\"noreferrer\" data-rel=\"iLightbox[gallery_image_1]\" class=\"fusion-lightbox\" target=\"_self\"><img decoding=\"async\" src=\"https:\/\/varia-int.com\/wp-content\/uploads\/2021\/05\/rollo_embreville1.jpg\" data-orig-src=\"https:\/\/varia-int.com\/wp-content\/uploads\/2021\/05\/rollo_embreville1.jpg\" width=\"400\" height=\"800\" alt=\"Rollo Leinen Embreville\" title=\"Rollo Leinen Embreville\" aria-label=\"Rollo Leinen Embreville\" class=\"lazyload img-responsive wp-image-16050\" srcset=\"data:image\/svg+xml,%3Csvg%20xmlns%3D%27http%3A%2F%2Fwww.w3.org%2F2000%2Fsvg%27%20width%3D%27400%27%20height%3D%27800%27%20viewBox%3D%270%200%20400%20800%27%3E%3Crect%20width%3D%27400%27%20height%3D%27800%27%20fill-opacity%3D%220%22%2F%3E%3C%2Fsvg%3E\" data-srcset=\"https:\/\/varia-int.com\/wp-content\/uploads\/2021\/05\/rollo_embreville1-200x400.jpg 200w, https:\/\/varia-int.com\/wp-content\/uploads\/2021\/05\/rollo_embreville1.jpg 400w\" data-sizes=\"auto\" data-orig-sizes=\"(min-width: 2200px) 100vw, (min-width: 784px) 363px, (min-width: 712px) 545px, (min-width: 640px) 712px, \" \/><\/a><\/div><\/div><\/div><\/div><div class=\"fusion-clearfix\"><\/div><\/div><\/div><\/div><\/div><div class=\"fusion-fullwidth fullwidth-box fusion-builder-row-3 nonhundred-percent-fullwidth non-hundred-percent-height-scrolling\" style=\"--awb-border-radius-top-left:0px;--awb-border-radius-top-right:0px;--awb-border-radius-bottom-right:0px;--awb-border-radius-bottom-left:0px;--awb-margin-top:20px;\" ><div class=\"fusion-builder-row fusion-row\"><div class=\"fusion-layout-column fusion_builder_column fusion-builder-column-2 fusion_builder_column_1_1 1_1 fusion-one-full fusion-column-first fusion-column-last\" style=\"--awb-bg-size:cover;\"><div class=\"fusion-column-wrapper fusion-flex-column-wrapper-legacy\"><div class=\"fusion-text fusion-text-2\"><p style=\"text-align: center;\">Handgefertigte Raffrollos sind eine gute L\u00f6sung f\u00fcr Fensterdekorationen, erh\u00e4ltlich mit Handbetrieb oder auch motorisiert.<\/p>\n<p style=\"text-align: center;\">Kundengefertigte Raffrollos k\u00f6nnen auch mit leichtem durchsichtigen Stor oder auch f\u00fcr Schlafzimmer gef\u00fcttert und mit Blackout nach Ma\u00df angefertigt werden.<\/p>\n<p style=\"text-align: center;\">Auch Faltrollos genannt, eignen sie sich neben Jalousien und Plissees ideal als Sichtschutz, Sonnenschutz und zur Abdunkelung der R\u00e4ume.<br \/>\nRufen Sie uns an, damit wir Sie beraten k\u00f6nnen.<\/p>\n<p style=\"text-align: center;\">Sie k\u00f6nnen auch die handgefertigten Rollos an Varia Vorhangstangen anbringen, Stor Rollos sind ideal hinter den Raffrollos, wenn das Raffrollo nach oben offen ist.<\/p>\n<p style=\"text-align: center;\">Kunden k\u00f6nnen kompromisslose Handwerkskunst von Varia erwarten.<br \/>\nMailen Sie\u00a0<a href=\"mailto:varia@varia-int.com\" target=\"_blank\" rel=\"noopener noreferrer\">varia@varia-int.com.<\/a><\/p>\n<\/div><div class=\"fusion-clearfix\"><\/div><\/div><\/div><\/div><\/div><\/p>\n","protected":false},"excerpt":{"rendered":"","protected":false},"author":1,"featured_media":0,"parent":0,"menu_order":0,"comment_status":"closed","ping_status":"closed","template":"100-width.php","meta":{"footnotes":""},"class_list":["post-409","page","type-page","status-publish","hentry"],"_links":{"self":[{"href":"https:\/\/varia-int.com\/hu\/wp-json\/wp\/v2\/pages\/409","targetHints":{"allow":["GET"]}}],"collection":[{"href":"https:\/\/varia-int.com\/hu\/wp-json\/wp\/v2\/pages"}],"about":[{"href":"https:\/\/varia-int.com\/hu\/wp-json\/wp\/v2\/types\/page"}],"author":[{"embeddable":true,"href":"https:\/\/varia-int.com\/hu\/wp-json\/wp\/v2\/users\/1"}],"replies":[{"embeddable":true,"href":"https:\/\/varia-int.com\/hu\/wp-json\/wp\/v2\/comments?post=409"}],"version-history":[{"count":0,"href":"https:\/\/varia-int.com\/hu\/wp-json\/wp\/v2\/pages\/409\/revisions"}],"wp:attachment":[{"href":"https:\/\/varia-int.com\/hu\/wp-json\/wp\/v2\/media?parent=409"}],"curies":[{"name":"munkaf\u00fczet","href":"https:\/\/api.w.org\/{rel}","templated":true}]}}