{"id":58,"date":"2019-01-20T17:21:50","date_gmt":"2019-01-20T17:21:50","guid":{"rendered":"https:\/\/varia-int.com\/?page_id=58"},"modified":"2022-08-30T12:32:29","modified_gmt":"2022-08-30T12:32:29","slug":"newsletter-archiv","status":"publish","type":"page","link":"https:\/\/varia-int.com\/hu\/newsletter-archiv\/","title":{"rendered":"H\u00edrlev\u00e9l-arch\u00edvum"},"content":{"rendered":"<div class=\"fusion-fullwidth fullwidth-box fusion-builder-row-1 fusion-parallax-fixed nonhundred-percent-fullwidth non-hundred-percent-height-scrolling lazyload\" style=\"--awb-border-radius-top-left:0px;--awb-border-radius-top-right:0px;--awb-border-radius-bottom-right:0px;--awb-border-radius-bottom-left:0px;--awb-padding-top:0px;--awb-padding-right:0px;--awb-padding-bottom:0px;--awb-padding-left:0px;--awb-margin-top:0px;--awb-margin-bottom:0px;--awb-background-size:cover;background-attachment:fixed;\" data-bg=\"https:\/\/varia-int.com\/wp-content\/uploads\/2019\/01\/curtain-pole-ramshead.jpg\" ><div class=\"fusion-builder-row fusion-row\"><div class=\"fusion-layout-column fusion_builder_column fusion-builder-column-0 fusion_builder_column_1_1 1_1 fusion-one-full fusion-column-first fusion-column-last\" style=\"--awb-padding-top:0px;--awb-padding-right:0px;--awb-padding-bottom:0px;--awb-padding-left:0px;--awb-bg-color:rgba(234,234,234,0.66);--awb-bg-size:cover;--awb-margin-bottom:0px;\"><div class=\"fusion-column-wrapper fusion-flex-column-wrapper-legacy\"><div class=\"fusion-text fusion-text-1\"><h1 style=\"text-align: center;\">h\u00edrlev\u00e9l<\/h1>\n<h1 style=\"text-align: center;\">2022<\/h1>\n<p style=\"text-align: center;\"><a href=\"https:\/\/varia-int.com\/hu\/?na=v&amp;nk=2339-6686c793fc&amp;id=44\">Er\u0151teljesen \u00e9s b\u00e1tran folytatjuk \u2013 augusztus<\/a><\/p>\n<p style=\"text-align: center;\"><a href=\"https:\/\/varia-int.com\/hu\/?na=v&amp;nk=2339-4b439df17b&amp;id=41\" target=\"_blank\" rel=\"noopener\">Bestseller: F\u00e9mh\u00e1l\u00f3s f\u00fcgg\u00f6ny a gy\u0171r\u0171kb\u0151l k\u00e9sz\u00fclt l\u00e1ncf\u00fcgg\u00f6ny olcs\u00f3 alternat\u00edv\u00e1ja - m\u00e1rcius<\/a><\/p>\n<h2 style=\"text-align: center;\"><\/h2>\n<\/div><div class=\"fusion-text fusion-text-2\"><h1 style=\"text-align: center;\">2021<\/h1>\n<p style=\"text-align: center;\"><a href=\"https:\/\/varia-int.com\/hu\/?na=v&amp;id=38\" target=\"_blank\" rel=\"noopener\">Kar\u00e1csonyi \u00fcdv\u00f6zlet \u2013 december<\/a><\/p>\n<p style=\"text-align: center;\"><a href=\"https:\/\/varia-int.com\/hu\/?na=v&amp;nk=2339-40c4ce95f9&amp;id=36\" target=\"_blank\" rel=\"noopener\">Vadselyem Breuillpont - november<\/a><\/p>\n<p style=\"text-align: center;\"><a href=\"https:\/\/varia-int.com\/hu\/?na=v&amp;id=34\" target=\"_blank\" rel=\"noopener\">Tavaszi kikelet - m\u00e1jus<\/a><\/p>\n<p style=\"text-align: center;\"><a href=\"https:\/\/varia-int.com\/hu\/?na=v&amp;nk=1-de8b727395&amp;id=33\">\u00dajdons\u00e1g: Barneby Gates tap\u00e9t\u00e1k - m\u00e1rcius<\/a><\/p>\n<h2 style=\"text-align: center;\"><\/h2>\n<\/div><div class=\"fusion-text fusion-text-3\"><h2 style=\"text-align: center;\">2020<\/h2>\n<p style=\"text-align: center;\"><a href=\"https:\/\/varia-int.com\/hu\/?na=v&amp;nk=2339-45e04891e3&amp;id=32\">\u00dajdons\u00e1g: Byron &amp; Byron f\u00fcgg\u00f6nyrudak - december<\/a><\/p>\n<p style=\"text-align: center;\">\u00a0\u00a0\u00a0\u00a0\u00a0\u00a0\u00a0\u00a0\u00a0<a href=\"https:\/\/varia-int.com\/hu\/?na=v&amp;nk=2339-55dd304299&amp;id=28\">\u00dajdons\u00e1g: Uni sz\u00edn\u0171 f\u00fcgg\u00f6nysz\u00f6vetek, \u00e1tl\u00e1tszatlanok \u00e9s \u00e1tl\u00e1tsz\u00f3ak, gy\u0171r\u00f6tt megjelen\u00e9ssel - november<\/a><\/p>\n<p style=\"text-align: center;\"><a href=\"https:\/\/varia-int.com\/hu\/?na=v&amp;nk=1-c6bf7d6720&amp;id=26\">Selyem tap\u00e9ta pap\u00edrral \u2013 j\u00falius<\/a><\/p>\n<p style=\"text-align: center;\"><a href=\"https:\/\/varia-int.com\/hu\/?na=v&amp;nk=2339-55dd304299&amp;id=22\" target=\"_blank\" rel=\"noopener noreferrer\">Variatex f\u00e9m f\u00fcgg\u00f6ny \u2013 m\u00e1rcius<\/a><\/p>\n<h2 style=\"text-align: center;\"><\/h2>\n<\/div><div class=\"fusion-text fusion-text-4\"><h3 style=\"text-align: center;\">2019<\/h3>\n<p style=\"text-align: center;\"><a href=\"https:\/\/varia-int.com\/hu\/?na=v&amp;nk=2339-55dd304299&amp;id=20\" target=\"_blank\" rel=\"noopener noreferrer\">Kar\u00e1csonyi \u00fcdv\u00f6zlet - inga figur\u00e1k kar\u00e1csonyra \u00e9s szilveszterre<\/a><\/p>\n<p style=\"text-align: center;\"><a href=\"https:\/\/varia-int.com\/hu\/?na=archive&amp;email_id=12\" target=\"_blank\" rel=\"noopener noreferrer\">\u00daj sz\u00ednek h\u00fasv\u00e9tra - sz\u00e1l f\u00fcgg\u00f6ny\u00f6k\u00a0<\/a><\/p>\n<h3 style=\"text-align: center;\"><strong>2018<\/strong><\/h3>\n<p style=\"text-align: center;\"><a href=\"http:\/\/www.varia-int.com\/NEWSLETTER\/NL_ostern_2018\/NL_ostern_2018.html\" target=\"_new\" rel=\"noopener noreferrer\">Boldog H\u00fasv\u00e9tot 2018<\/a>- \u00e1prilis<\/p>\n<p style=\"text-align: center;\"><a href=\"http:\/\/www.varia-int.com\/NEWSLETTER\/NL_wandplatten_2018\/NL_wandplatten_2018.html\" target=\"_new\" rel=\"noopener noreferrer\">Dekorat\u00edv fali panelek<\/a>- M\u00e1rcius<\/p>\n<h3 style=\"text-align: center;\"><strong>2017<\/strong><\/h3>\n<p style=\"text-align: center;\"><a href=\"http:\/\/www.varia-int.com\/NEWSLETTER\/NL_weihnachten_2017\/NL_weihnachten_2017.html\" target=\"_new\" rel=\"noopener noreferrer\">Nosztalgikus egyens\u00falyi adatok kar\u00e1csonykor\u00a0<\/a>- dec<\/p>\n<p style=\"text-align: center;\"><a href=\"https:\/\/www.varia-int.com\/NEWSLETTER\/NL_chromstangen_2017\/NL_chromstangen_2017.html\" target=\"_blank\" rel=\"noopener noreferrer\">Kr\u00f3mozott rudak<\/a><\/p>\n<p style=\"text-align: center;\"><a href=\"http:\/\/www.varia-int.com\/NEWSLETTER\/NL_ostern_2017\/NL_ostern_2017.html\" target=\"_new\" rel=\"noopener noreferrer\">M\u00e9rleg alak h\u00fasv\u00e9ti nyuszi a csirke\u00a0<\/a>- \u00e1prilis<\/p>\n<p style=\"text-align: center;\"><a href=\"http:\/\/www.varia-int.com\/NEWSLETTER\/NL_seide_2017\/NL_seide_web_2017.html\" target=\"_new\" rel=\"noopener noreferrer\">H\u00edmzett selyem gallon\u00a0<\/a>- M\u00e1rcius<\/p>\n<p style=\"text-align: center;\"><a href=\"http:\/\/www.varia-int.com\/NEWSLETTER\/NL_leinen_2017\/NL_leinen_web_2017.html\" target=\"_new\" rel=\"noopener noreferrer\">Belga ~ Norman v\u00e1szon, h\u00edmzett arany lurex sz\u00e1lakkal\u00a0<\/a>- febru\u00e1r<\/p>\n<h3 style=\"text-align: center;\"><strong>2016<\/strong><\/h3>\n<p style=\"text-align: center;\"><a href=\"http:\/\/www.varia-int.com\/NEWSLETTER\/NL_metallvorhang_orient\/NL_metallvorhang-orient.html\" target=\"_new\" rel=\"noopener noreferrer\">Keleti f\u00e9m f\u00fcgg\u00f6ny\u00a0<\/a>- okt\u00f3ber<\/p>\n<p style=\"text-align: center;\"><a href=\"http:\/\/www.varia-int.com\/NEWSLETTER\/NL_preisliste2016\/NL_preisliste_2016.html\" target=\"_new\" rel=\"noopener noreferrer\">\u00c1rjegyz\u00e9kek 2016, Jean Roze selyemgy\u0171jtem\u00e9nye\u00a0<\/a>- augusztus<\/p>\n<p style=\"text-align: center;\"><a href=\"http:\/\/www.varia-int.com\/NEWSLETTER\/NL_metallvorhaenge\/NL_metallvorhaenge.html\" target=\"_new\" rel=\"noopener noreferrer\">Alum\u00ednium \u00e9s rozsdamentes ac\u00e9l f\u00fcgg\u00f6ny\u00f6k geometriai alakzatokkal\u00a0<\/a>- Lehet<\/p>\n<p style=\"text-align: center;\">Az orsz\u00e1gnak \u00faj falakra van sz\u00fcks\u00e9ge<\/p>\n<h3 style=\"text-align: center;\"><strong>2015<\/strong><\/h3>\n<p style=\"text-align: center;\"><a href=\"http:\/\/www.varia-int.com\/NEWSLETTER\/NL_herbst_2015\/NL_herbst_2015.html\" target=\"_new\" rel=\"noopener noreferrer\">F\u00fcgg\u00f6nyrudak magas helyis\u00e9gekhez \u00e9s neh\u00e9z sz\u00f6vetekhez - okt\u00f3ber<\/a><\/p>\n<p style=\"text-align: center;\"><a href=\"http:\/\/www.varia-int.com\/NEWSLETTER\/NL_Aldeco_2015\/NL_Aldeco_w_2015.html\" target=\"_new\" rel=\"noopener noreferrer\">Tr\u00f3pusi rezg\u00e9sek a Varia-n\u00e1l, Karl Leuthenmayr - m\u00e1rcius<\/a><\/p>\n<p style=\"text-align: center;\"><a href=\"http:\/\/www.varia-int.com\/NEWSLETTER\/NL_ramm_2015\/NL_ramm_web2015.html\" target=\"_new\" rel=\"noopener noreferrer\">Ramm, Son &amp; Crocker \u00e9s f\u00fcgg\u00f6nyrudak a KL \u00e1ltal - m\u00e1rcius<\/a><\/p>\n<h3 style=\"text-align: center;\"><strong>2014<\/strong><\/h3>\n<p style=\"text-align: center;\"><a href=\"http:\/\/www.varia-int.com\/NEWSLETTER\/NL_vorhangstangen-seiden-2014\/NL_vorhangstangen-seiden_2014a.html\" target=\"_new\" rel=\"noopener noreferrer\">Selyemzsin\u00f3r \u00e9s f\u00fcgg\u00f6nyrudak a KL \u00e1ltal - szeptember<\/a><\/p>\n<p style=\"text-align: center;\"><a href=\"http:\/\/www.varia-int.com\/NEWSLETTER\/NL_preisliste2014\/NL_preislisten_2014_web.html\" target=\"_new\" rel=\"noopener noreferrer\">\u00c1rjegyz\u00e9kek 2014\/2015 - m\u00e1jus<\/a><\/p>\n<p style=\"text-align: center;\"><a href=\"http:\/\/www.varia-int.com\/NEWSLETTER\/NL_fruehling2014\/NL_fruehling_2014.html\" target=\"_new\" rel=\"noopener noreferrer\">2014 tavasza - \u00e1prilis<\/a><\/p>\n<p style=\"text-align: center;\"><a href=\"https:\/\/varia-int.com\/hu\/NEWSLETTER\/NL_Posamenten\/\/NL_Posamenten.html\/\" target=\"_new\" rel=\"noopener noreferrer\">Declercq v\u00e1g\u00e1sai - m\u00e1rcius<\/a><\/p>\n<p style=\"text-align: center;\"><a href=\"http:\/\/www.varia-int.com\/NEWSLETTER\/NL_neues_Jahr_2014\/NL_neues_Jahr_2014.html\" target=\"_new\" rel=\"noopener noreferrer\">Boldog \u00faj \u00e9vet 2014 - janu\u00e1r<\/a><\/p>\n<h3 style=\"text-align: center;\"><strong>2013<\/strong><\/h3>\n<p style=\"text-align: center;\"><a href=\"http:\/\/www.varia-int.com\/NEWSLETTER\/NL_neueFarbenPerlen\/\/NL_neueFarbenPerlen.html\" target=\"_new\" rel=\"noopener noreferrer\">Gy\u00f6ngyf\u00fcgg\u00f6ny\u00f6k - \u00faj sz\u00ednek - november<\/a><\/p>\n<p style=\"text-align: center;\"><a href=\"http:\/\/www.varia-int.com\/NEWSLETTER\/NL_meystyle_2013\/NL_meystyle_2013.html\" target=\"_new\" rel=\"noopener noreferrer\">meystyle - \u00faj kollekci\u00f3k - okt\u00f3ber<\/a><\/p>\n<p style=\"text-align: center;\"><a href=\"http:\/\/www.varia-int.com\/NEWSLETTER\/NL_Fadenvorhang2013\/NL_fadenvorhang_2013.html\" target=\"_new\" rel=\"noopener noreferrer\">B1 h\u00farf\u00fcgg\u00f6ny - 20 m magasig - j\u00falius<\/a><\/p>\n<p style=\"text-align: center;\"><a href=\"http:\/\/www.varia-int.com\/NEWSLETTER\/NL_historisches\/NL_historisches_2013.html\" target=\"_new\" rel=\"noopener noreferrer\">T\u00f6rt\u00e9nelmi \u00faj - k\u00e1rpit a t\u00f6rt\u00e9nelmi \u00fcl\u0151b\u00fatorokhoz - \u00e1prilis<\/a><\/p>\n<p style=\"text-align: center;\"><a href=\"http:\/\/www.varia-int.com\/NEWSLETTER\/NL_laimerschloessl\/NL_umzug_web.html\" target=\"_new\" rel=\"noopener noreferrer\">Ugr\u00e1s a Laimer Schl\u00f6sslre \u00e9s \u00faj \u00e1rlista - m\u00e1rcius<\/a><\/p>\n<p style=\"text-align: center;\"><a href=\"http:\/\/www.varia-int.com\/NEWSLETTER\/NL_perlen\/NL_perlen_2013.html\" target=\"_new\" rel=\"noopener noreferrer\">Kiv\u00e1l\u00f3 min\u0151s\u00e9g\u0171 gy\u00f6ngyf\u00fcgg\u00f6ny - febru\u00e1r<\/a><\/p>\n<h3 style=\"text-align: center;\"><strong>2012<\/strong><\/h3>\n<p style=\"text-align: center;\">Linwood tap\u00e9ta \u00e9s sz\u00f6vetek<\/p>\n<p style=\"text-align: center;\">\u042d\u043a\u0441\u043a\u043b\u044e\u0437\u0438\u0432\u043d\u044b\u0435 \u043a\u0430\u0440\u043d\u0438\u0437\u044b<\/p>\n<p style=\"text-align: center;\">Deco h\u00e1l\u00f3zatok<\/p>\n<p style=\"text-align: center;\">Hold gyapj\u00fasz\u00f6vetek \u00e9s sz\u0151nyegek<\/p>\n<p style=\"text-align: center;\">Aldeco sz\u00f6vetek<\/p>\n<p style=\"text-align: center;\">Voyage Meystyle Swarowski h\u00e1tt\u00e9rk\u00e9p<\/p>\n<p style=\"text-align: center;\">Valsan l\u00e1mp\u00e1k<\/p>\n<p style=\"text-align: center;\">Voyage Highlands<\/p>\n<p style=\"text-align: center;\">VariAirdisplay, Magic Fabric, krist\u00e1ly f\u00fcgg\u00f6ny\u00f6k<\/p>\n<h3 style=\"text-align: center;\"><strong>2011<\/strong><\/h3>\n<p style=\"text-align: center;\">Kar\u00e1csony<\/p>\n<p style=\"text-align: center;\">Showtech Berlin<\/p>\n<p style=\"text-align: center;\">Gy\u00f6ngyf\u00fcgg\u00f6ny Mohair takar\u00f3 h\u00e1tt\u00e9rk\u00e9p f\u0171 - MSF<\/p>\n<p style=\"text-align: center;\">HC Magnolia h\u00e1tt\u00e9rk\u00e9p - MSF<\/p>\n<p style=\"text-align: center;\">Thierry Vid\u00e9<\/p>\n<p style=\"text-align: center;\">Maison &amp; Objet 2011 - Cole &amp; Son<\/p>\n<p style=\"text-align: center;\">Valsan<\/p>\n<h3 style=\"text-align: center;\"><strong>2010<\/strong><\/h3>\n<p style=\"text-align: center;\">Kar\u00e1csony<\/p>\n<p style=\"text-align: center;\">Nyaral\u00e1s<\/p>\n<p style=\"text-align: center;\">Valsan<\/p>\n<p style=\"text-align: center;\">Kokt\u00e9l a m\u00fcncheni sz\u00f6vet tavasszal<\/p>\n<p style=\"text-align: center;\">Megh\u00edv\u00f3 a m\u00fcncheni tavaszi tavaszra<\/p>\n<p style=\"text-align: center;\">R\u00fadkarnisok<\/p>\n<p style=\"text-align: center;\">Feuillage \/ l\u00e1ncf\u00fcgg\u00f6ny \/ sz\u00e1lf\u00fcgg\u00f6ny \/ flitterek<\/p>\n<p style=\"text-align: center;\">Kandola \u00faj weboldallal<\/p>\n<p style=\"text-align: center;\">Thierry Vid\u00e9 l\u00e1mp\u00e1i<\/p>\n<\/div><div class=\"fusion-clearfix\"><\/div><\/div><\/div><\/div><\/div>","protected":false},"excerpt":{"rendered":"","protected":false},"author":1,"featured_media":0,"parent":0,"menu_order":0,"comment_status":"closed","ping_status":"closed","template":"100-width.php","meta":{"footnotes":""},"class_list":["post-58","page","type-page","status-publish","hentry"],"_links":{"self":[{"href":"https:\/\/varia-int.com\/hu\/wp-json\/wp\/v2\/pages\/58","targetHints":{"allow":["GET"]}}],"collection":[{"href":"https:\/\/varia-int.com\/hu\/wp-json\/wp\/v2\/pages"}],"about":[{"href":"https:\/\/varia-int.com\/hu\/wp-json\/wp\/v2\/types\/page"}],"author":[{"embeddable":true,"href":"https:\/\/varia-int.com\/hu\/wp-json\/wp\/v2\/users\/1"}],"replies":[{"embeddable":true,"href":"https:\/\/varia-int.com\/hu\/wp-json\/wp\/v2\/comments?post=58"}],"version-history":[{"count":0,"href":"https:\/\/varia-int.com\/hu\/wp-json\/wp\/v2\/pages\/58\/revisions"}],"wp:attachment":[{"href":"https:\/\/varia-int.com\/hu\/wp-json\/wp\/v2\/media?parent=58"}],"curies":[{"name":"munkaf\u00fczet","href":"https:\/\/api.w.org\/{rel}","templated":true}]}}