{"id":13885,"date":"2020-09-01T08:48:13","date_gmt":"2020-09-01T08:48:13","guid":{"rendered":"https:\/\/varia-int.com\/?post_type=product&#038;p=13885"},"modified":"2020-09-01T08:49:09","modified_gmt":"2020-09-01T08:49:09","slug":"wimpole-dark-oak-details","status":"publish","type":"product","link":"https:\/\/varia-int.com\/hu\/product\/wimpole-dark-oak-details\/","title":{"rendered":"Wimpole - S\u00f6t\u00e9t t\u00f6lgy \u00e9s r\u00e9szletek"},"content":{"rendered":"","protected":false},"excerpt":{"rendered":"<h1>Byron &amp; Byron R\u00fadkarnis<\/h1>\n<p>Kollekci\u00f3:\u00a0<strong>klasszikus fa<\/strong><\/p>\n<p>N\u00e9v:<strong> Wimpole <\/strong><\/p>\n<p>\u00c1tm\u00e9r\u0151: <strong>55mm - 67mm<\/strong><\/p>\n<p>Sz\u00edn:<strong> S\u00f6t\u00e9t t\u00f6lgy \u00e9s r\u00e9szletek<\/strong><\/p>","protected":false},"featured_media":13835,"comment_status":"closed","ping_status":"closed","template":"","meta":[],"product_brand":[],"product_cat":[29,23,27],"product_tag":[24,25,26],"class_list":{"0":"post-13885","1":"product","2":"type-product","3":"status-publish","4":"has-post-thumbnail","6":"product_cat-55mm-67mm","7":"product_cat-byron-byron-gardinenstangen","8":"product_cat-klassiker-aus-holz","9":"product_tag-gardinenstange","10":"product_tag-holz","11":"product_tag-klassisch","13":"first","14":"instock","15":"taxable","16":"shipping-taxable","17":"product-type-simple"},"_links":{"self":[{"href":"https:\/\/varia-int.com\/hu\/wp-json\/wp\/v2\/product\/13885","targetHints":{"allow":["GET"]}}],"collection":[{"href":"https:\/\/varia-int.com\/hu\/wp-json\/wp\/v2\/product"}],"about":[{"href":"https:\/\/varia-int.com\/hu\/wp-json\/wp\/v2\/types\/product"}],"replies":[{"embeddable":true,"href":"https:\/\/varia-int.com\/hu\/wp-json\/wp\/v2\/comments?post=13885"}],"wp:featuredmedia":[{"embeddable":true,"href":"https:\/\/varia-int.com\/hu\/wp-json\/wp\/v2\/media\/13835"}],"wp:attachment":[{"href":"https:\/\/varia-int.com\/hu\/wp-json\/wp\/v2\/media?parent=13885"}],"wp:term":[{"taxonomy":"product_brand","embeddable":true,"href":"https:\/\/varia-int.com\/hu\/wp-json\/wp\/v2\/product_brand?post=13885"},{"taxonomy":"product_cat","embeddable":true,"href":"https:\/\/varia-int.com\/hu\/wp-json\/wp\/v2\/product_cat?post=13885"},{"taxonomy":"product_tag","embeddable":true,"href":"https:\/\/varia-int.com\/hu\/wp-json\/wp\/v2\/product_tag?post=13885"}],"curies":[{"name":"munkaf\u00fczet","href":"https:\/\/api.w.org\/{rel}","templated":true}]}}