{"id":13982,"date":"2020-09-09T10:32:40","date_gmt":"2020-09-09T10:32:40","guid":{"rendered":"https:\/\/varia-int.com\/?post_type=product&#038;p=13982"},"modified":"2020-09-09T10:34:33","modified_gmt":"2020-09-09T10:34:33","slug":"olympia-antique-white-with-silver","status":"publish","type":"product","link":"https:\/\/varia-int.com\/hu\/product\/olympia-antique-white-with-silver\/","title":{"rendered":"Olympia - Antik feh\u00e9r ez\u00fcsttel"},"content":{"rendered":"","protected":false},"excerpt":{"rendered":"<h1>Byron &amp; Byron R\u00fadkarnis<\/h1>\n<p>Kollekci\u00f3:<strong> Dekorat\u00edv klasszikusok<\/strong><\/p>\n<p>N\u00e9v:<strong> Olympia<\/strong><\/p>\n<p>\u00c1tm\u00e9r\u0151: <strong>33mm - 43mm <\/strong><\/p>\n<p>Sz\u00edn:<strong> Antik feh\u00e9r ez\u00fcsttel\u00a0<\/strong><\/p>","protected":false},"featured_media":13952,"comment_status":"closed","ping_status":"closed","template":"","meta":[],"product_brand":[],"product_cat":[23,30],"product_tag":[24,25,26],"class_list":{"0":"post-13982","1":"product","2":"type-product","3":"status-publish","4":"has-post-thumbnail","6":"product_cat-byron-byron-gardinenstangen","7":"product_cat-dekorative-klassiker","8":"product_tag-gardinenstange","9":"product_tag-holz","10":"product_tag-klassisch","12":"first","13":"instock","14":"taxable","15":"shipping-taxable","16":"product-type-simple"},"_links":{"self":[{"href":"https:\/\/varia-int.com\/hu\/wp-json\/wp\/v2\/product\/13982","targetHints":{"allow":["GET"]}}],"collection":[{"href":"https:\/\/varia-int.com\/hu\/wp-json\/wp\/v2\/product"}],"about":[{"href":"https:\/\/varia-int.com\/hu\/wp-json\/wp\/v2\/types\/product"}],"replies":[{"embeddable":true,"href":"https:\/\/varia-int.com\/hu\/wp-json\/wp\/v2\/comments?post=13982"}],"wp:featuredmedia":[{"embeddable":true,"href":"https:\/\/varia-int.com\/hu\/wp-json\/wp\/v2\/media\/13952"}],"wp:attachment":[{"href":"https:\/\/varia-int.com\/hu\/wp-json\/wp\/v2\/media?parent=13982"}],"wp:term":[{"taxonomy":"product_brand","embeddable":true,"href":"https:\/\/varia-int.com\/hu\/wp-json\/wp\/v2\/product_brand?post=13982"},{"taxonomy":"product_cat","embeddable":true,"href":"https:\/\/varia-int.com\/hu\/wp-json\/wp\/v2\/product_cat?post=13982"},{"taxonomy":"product_tag","embeddable":true,"href":"https:\/\/varia-int.com\/hu\/wp-json\/wp\/v2\/product_tag?post=13982"}],"curies":[{"name":"munkaf\u00fczet","href":"https:\/\/api.w.org\/{rel}","templated":true}]}}