{"id":14006,"date":"2020-09-17T07:48:46","date_gmt":"2020-09-17T07:48:46","guid":{"rendered":"https:\/\/varia-int.com\/?post_type=product&#038;p=14006"},"modified":"2020-09-24T16:10:58","modified_gmt":"2020-09-24T16:10:58","slug":"ecliss","status":"publish","type":"product","link":"https:\/\/varia-int.com\/hu\/product\/ecliss\/","title":{"rendered":"Nem \u00e1tl\u00e1tsz\u00f3 f\u00fcgg\u00f6nyanyag, l\u00e1ngmentes: Ecliss"},"content":{"rendered":"","protected":false},"excerpt":{"rendered":"<p>Nem \u00e1tl\u00e1tsz\u00f3 f\u00fcgg\u00f6nyanyag, k\u00fcl\u00f6n\u00f6sen alkalmas sz\u00e1llod\u00e1k ablakaiba<\/p>\n<p>Term\u00e9kn\u00e9v: 231VF <strong>Ecliss<\/strong> UH 0027<br \/>\nSz\u00e9less\u00e9ge: 3m<br \/>\nS\u00falya: 250g<br \/>\nAnyaga: 100% Polyester, l\u00e1ngmentes<br \/>\nTekercs: 25m<br \/>\n\u00c9rt\u00e9kes\u00edt\u00e9s csak teljes tekercsben.<\/p>","protected":false},"featured_media":14014,"comment_status":"closed","ping_status":"closed","template":"","meta":[],"product_brand":[],"product_cat":[31],"product_tag":[],"class_list":{"0":"post-14006","1":"product","2":"type-product","3":"status-publish","4":"has-post-thumbnail","6":"product_cat-stoffe","8":"first","9":"instock","10":"taxable","11":"shipping-taxable","12":"product-type-simple"},"_links":{"self":[{"href":"https:\/\/varia-int.com\/hu\/wp-json\/wp\/v2\/product\/14006","targetHints":{"allow":["GET"]}}],"collection":[{"href":"https:\/\/varia-int.com\/hu\/wp-json\/wp\/v2\/product"}],"about":[{"href":"https:\/\/varia-int.com\/hu\/wp-json\/wp\/v2\/types\/product"}],"replies":[{"embeddable":true,"href":"https:\/\/varia-int.com\/hu\/wp-json\/wp\/v2\/comments?post=14006"}],"wp:featuredmedia":[{"embeddable":true,"href":"https:\/\/varia-int.com\/hu\/wp-json\/wp\/v2\/media\/14014"}],"wp:attachment":[{"href":"https:\/\/varia-int.com\/hu\/wp-json\/wp\/v2\/media?parent=14006"}],"wp:term":[{"taxonomy":"product_brand","embeddable":true,"href":"https:\/\/varia-int.com\/hu\/wp-json\/wp\/v2\/product_brand?post=14006"},{"taxonomy":"product_cat","embeddable":true,"href":"https:\/\/varia-int.com\/hu\/wp-json\/wp\/v2\/product_cat?post=14006"},{"taxonomy":"product_tag","embeddable":true,"href":"https:\/\/varia-int.com\/hu\/wp-json\/wp\/v2\/product_tag?post=14006"}],"curies":[{"name":"munkaf\u00fczet","href":"https:\/\/api.w.org\/{rel}","templated":true}]}}