{"id":14015,"date":"2020-09-16T13:13:11","date_gmt":"2020-09-16T13:13:11","guid":{"rendered":"https:\/\/varia-int.com\/?post_type=product&#038;p=14015"},"modified":"2021-03-29T12:40:15","modified_gmt":"2021-03-29T12:40:15","slug":"nizza-unito","status":"publish","type":"product","link":"https:\/\/varia-int.com\/hu\/product\/nizza-unito\/","title":{"rendered":"\u00c1tl\u00e1tsz\u00f3 f\u00fcgg\u00f6nysz\u00f6vet: Nizza Unito"},"content":{"rendered":"","protected":false},"excerpt":{"rendered":"<p>\u00c1tl\u00e1tsz\u00f3 f\u00fcgg\u00f6nyanyag<\/p>\n<p>N\u00e9v: <strong>Sz\u00e9p Unito<\/strong> UE 0465<br \/>\nSz\u00e9less\u00e9ge: 295\/300cm<br \/>\nS\u00falya: 49 g\/m\u00b2<br \/>\nAnyaga: 100% Polyester<br \/>\nTekercs: 25m<br \/>\n\u00c9rt\u00e9kes\u00edt\u00e9s csak teljes tekercsben.<\/p>","protected":false},"featured_media":14117,"comment_status":"closed","ping_status":"closed","template":"","meta":[],"product_brand":[],"product_cat":[31],"product_tag":[],"class_list":{"0":"post-14015","1":"product","2":"type-product","3":"status-publish","4":"has-post-thumbnail","6":"product_cat-stoffe","8":"first","9":"instock","10":"taxable","11":"shipping-taxable","12":"product-type-simple"},"_links":{"self":[{"href":"https:\/\/varia-int.com\/hu\/wp-json\/wp\/v2\/product\/14015","targetHints":{"allow":["GET"]}}],"collection":[{"href":"https:\/\/varia-int.com\/hu\/wp-json\/wp\/v2\/product"}],"about":[{"href":"https:\/\/varia-int.com\/hu\/wp-json\/wp\/v2\/types\/product"}],"replies":[{"embeddable":true,"href":"https:\/\/varia-int.com\/hu\/wp-json\/wp\/v2\/comments?post=14015"}],"wp:featuredmedia":[{"embeddable":true,"href":"https:\/\/varia-int.com\/hu\/wp-json\/wp\/v2\/media\/14117"}],"wp:attachment":[{"href":"https:\/\/varia-int.com\/hu\/wp-json\/wp\/v2\/media?parent=14015"}],"wp:term":[{"taxonomy":"product_brand","embeddable":true,"href":"https:\/\/varia-int.com\/hu\/wp-json\/wp\/v2\/product_brand?post=14015"},{"taxonomy":"product_cat","embeddable":true,"href":"https:\/\/varia-int.com\/hu\/wp-json\/wp\/v2\/product_cat?post=14015"},{"taxonomy":"product_tag","embeddable":true,"href":"https:\/\/varia-int.com\/hu\/wp-json\/wp\/v2\/product_tag?post=14015"}],"curies":[{"name":"munkaf\u00fczet","href":"https:\/\/api.w.org\/{rel}","templated":true}]}}