{"id":14017,"date":"2020-09-16T13:13:28","date_gmt":"2020-09-16T13:13:28","guid":{"rendered":"https:\/\/varia-int.com\/?post_type=product&#038;p=14017"},"modified":"2021-03-29T12:46:57","modified_gmt":"2021-03-29T12:46:57","slug":"nizza-strop","status":"publish","type":"product","link":"https:\/\/varia-int.com\/hu\/product\/nizza-strop\/","title":{"rendered":"\u00c1tl\u00e1tsz\u00f3 gy\u0171rt f\u00fcgg\u00f6nysz\u00f6vet: Nizza strop"},"content":{"rendered":"","protected":false},"excerpt":{"rendered":"<p>\u00c1tl\u00e1tsz\u00f3 gy\u0171rt f\u00fcgg\u00f6nyanyag<\/p>\n<p>N\u00e9v: <strong>Nizza Strop <\/strong>UE 0466<br \/>\nSz\u00e9less\u00e9ge: 295\/300cm<br \/>\nS\u00falya: 63g\/m\u00b2<br \/>\nAnyaga: 100% Polyester<br \/>\nTekercs: 25m<br \/>\n\u00c9rt\u00e9kes\u00edt\u00e9s csak teljes tekercsben.<\/p>\n<p>&nbsp;<\/p>","protected":false},"featured_media":14118,"comment_status":"closed","ping_status":"closed","template":"","meta":[],"product_brand":[],"product_cat":[31],"product_tag":[],"class_list":{"0":"post-14017","1":"product","2":"type-product","3":"status-publish","4":"has-post-thumbnail","6":"product_cat-stoffe","8":"first","9":"instock","10":"taxable","11":"shipping-taxable","12":"product-type-simple"},"_links":{"self":[{"href":"https:\/\/varia-int.com\/hu\/wp-json\/wp\/v2\/product\/14017","targetHints":{"allow":["GET"]}}],"collection":[{"href":"https:\/\/varia-int.com\/hu\/wp-json\/wp\/v2\/product"}],"about":[{"href":"https:\/\/varia-int.com\/hu\/wp-json\/wp\/v2\/types\/product"}],"replies":[{"embeddable":true,"href":"https:\/\/varia-int.com\/hu\/wp-json\/wp\/v2\/comments?post=14017"}],"wp:featuredmedia":[{"embeddable":true,"href":"https:\/\/varia-int.com\/hu\/wp-json\/wp\/v2\/media\/14118"}],"wp:attachment":[{"href":"https:\/\/varia-int.com\/hu\/wp-json\/wp\/v2\/media?parent=14017"}],"wp:term":[{"taxonomy":"product_brand","embeddable":true,"href":"https:\/\/varia-int.com\/hu\/wp-json\/wp\/v2\/product_brand?post=14017"},{"taxonomy":"product_cat","embeddable":true,"href":"https:\/\/varia-int.com\/hu\/wp-json\/wp\/v2\/product_cat?post=14017"},{"taxonomy":"product_tag","embeddable":true,"href":"https:\/\/varia-int.com\/hu\/wp-json\/wp\/v2\/product_tag?post=14017"}],"curies":[{"name":"munkaf\u00fczet","href":"https:\/\/api.w.org\/{rel}","templated":true}]}}