{"id":14104,"date":"2020-09-18T06:58:23","date_gmt":"2020-09-18T06:58:23","guid":{"rendered":"https:\/\/varia-int.com\/?post_type=product&#038;p=14104"},"modified":"2020-09-18T06:59:46","modified_gmt":"2020-09-18T06:59:46","slug":"sintra-antiqued-black-2","status":"publish","type":"product","link":"https:\/\/varia-int.com\/hu\/product\/sintra-antiqued-black-2\/","title":{"rendered":"Sintra - Antikolt fekete"},"content":{"rendered":"","protected":false},"excerpt":{"rendered":"<h1>Byron &amp; Byron R\u00fadkarnis<\/h1>\n<p>Kollekci\u00f3:<strong> Dekorat\u00edv klasszikusok<\/strong><\/p>\n<p>N\u00e9v:<strong> Sintra<\/strong><\/p>\n<p>\u00c1tm\u00e9r\u0151: <strong>55mm - 67mm<\/strong><\/p>\n<p>Sz\u00edn:<strong> R\u00e9gi fekete<\/strong><\/p>","protected":false},"featured_media":14073,"comment_status":"closed","ping_status":"closed","template":"","meta":[],"product_brand":[],"product_cat":[29,23,30],"product_tag":[24,25,26],"class_list":{"0":"post-14104","1":"product","2":"type-product","3":"status-publish","4":"has-post-thumbnail","6":"product_cat-55mm-67mm","7":"product_cat-byron-byron-gardinenstangen","8":"product_cat-dekorative-klassiker","9":"product_tag-gardinenstange","10":"product_tag-holz","11":"product_tag-klassisch","13":"first","14":"instock","15":"taxable","16":"shipping-taxable","17":"product-type-simple"},"_links":{"self":[{"href":"https:\/\/varia-int.com\/hu\/wp-json\/wp\/v2\/product\/14104","targetHints":{"allow":["GET"]}}],"collection":[{"href":"https:\/\/varia-int.com\/hu\/wp-json\/wp\/v2\/product"}],"about":[{"href":"https:\/\/varia-int.com\/hu\/wp-json\/wp\/v2\/types\/product"}],"replies":[{"embeddable":true,"href":"https:\/\/varia-int.com\/hu\/wp-json\/wp\/v2\/comments?post=14104"}],"wp:featuredmedia":[{"embeddable":true,"href":"https:\/\/varia-int.com\/hu\/wp-json\/wp\/v2\/media\/14073"}],"wp:attachment":[{"href":"https:\/\/varia-int.com\/hu\/wp-json\/wp\/v2\/media?parent=14104"}],"wp:term":[{"taxonomy":"product_brand","embeddable":true,"href":"https:\/\/varia-int.com\/hu\/wp-json\/wp\/v2\/product_brand?post=14104"},{"taxonomy":"product_cat","embeddable":true,"href":"https:\/\/varia-int.com\/hu\/wp-json\/wp\/v2\/product_cat?post=14104"},{"taxonomy":"product_tag","embeddable":true,"href":"https:\/\/varia-int.com\/hu\/wp-json\/wp\/v2\/product_tag?post=14104"}],"curies":[{"name":"munkaf\u00fczet","href":"https:\/\/api.w.org\/{rel}","templated":true}]}}