{"id":14185,"date":"2020-10-19T09:05:15","date_gmt":"2020-10-19T09:05:15","guid":{"rendered":"https:\/\/varia-int.com\/?post_type=product&#038;p=14185"},"modified":"2020-10-19T09:12:26","modified_gmt":"2020-10-19T09:12:26","slug":"chantilly-toasted-oak","status":"publish","type":"product","link":"https:\/\/varia-int.com\/hu\/product\/chantilly-toasted-oak\/","title":{"rendered":"Chantilly - Pir\u00edtott t\u00f6lgy"},"content":{"rendered":"","protected":false},"excerpt":{"rendered":"<h1>Byron &amp; Byron R\u00fadkarnis<\/h1>\n<p>Kollekci\u00f3:\u00a0<strong>Rustica<\/strong><\/p>\n<p>N\u00e9v: <strong>Chantilly\u00a0<\/strong><\/p>\n<p>\u00c1tm\u00e9r\u0151:\u00a0<strong>35 mm \u00e9s 45 mm<\/strong><\/p>\n<p>Sz\u00edn: <strong>Pir\u00edtott t\u00f6lgy<\/strong><\/p>","protected":false},"featured_media":14186,"comment_status":"closed","ping_status":"closed","template":"","meta":[],"product_brand":[],"product_cat":[23,32],"product_tag":[24,25,33],"class_list":{"0":"post-14185","1":"product","2":"type-product","3":"status-publish","4":"has-post-thumbnail","6":"product_cat-byron-byron-gardinenstangen","7":"product_cat-rustica","8":"product_tag-gardinenstange","9":"product_tag-holz","10":"product_tag-rustikal","12":"first","13":"instock","14":"taxable","15":"shipping-taxable","16":"product-type-simple"},"_links":{"self":[{"href":"https:\/\/varia-int.com\/hu\/wp-json\/wp\/v2\/product\/14185","targetHints":{"allow":["GET"]}}],"collection":[{"href":"https:\/\/varia-int.com\/hu\/wp-json\/wp\/v2\/product"}],"about":[{"href":"https:\/\/varia-int.com\/hu\/wp-json\/wp\/v2\/types\/product"}],"replies":[{"embeddable":true,"href":"https:\/\/varia-int.com\/hu\/wp-json\/wp\/v2\/comments?post=14185"}],"wp:featuredmedia":[{"embeddable":true,"href":"https:\/\/varia-int.com\/hu\/wp-json\/wp\/v2\/media\/14186"}],"wp:attachment":[{"href":"https:\/\/varia-int.com\/hu\/wp-json\/wp\/v2\/media?parent=14185"}],"wp:term":[{"taxonomy":"product_brand","embeddable":true,"href":"https:\/\/varia-int.com\/hu\/wp-json\/wp\/v2\/product_brand?post=14185"},{"taxonomy":"product_cat","embeddable":true,"href":"https:\/\/varia-int.com\/hu\/wp-json\/wp\/v2\/product_cat?post=14185"},{"taxonomy":"product_tag","embeddable":true,"href":"https:\/\/varia-int.com\/hu\/wp-json\/wp\/v2\/product_tag?post=14185"}],"curies":[{"name":"munkaf\u00fczet","href":"https:\/\/api.w.org\/{rel}","templated":true}]}}