{"id":14192,"date":"2020-10-19T09:14:15","date_gmt":"2020-10-19T09:14:15","guid":{"rendered":"https:\/\/varia-int.com\/?post_type=product&#038;p=14192"},"modified":"2020-10-19T09:25:41","modified_gmt":"2020-10-19T09:25:41","slug":"end-cap-english-oak","status":"publish","type":"product","link":"https:\/\/varia-int.com\/hu\/product\/end-cap-english-oak\/","title":{"rendered":"V\u00e9gz\u00e1r\u00f3 - angol t\u00f6lgy"},"content":{"rendered":"","protected":false},"excerpt":{"rendered":"<h1>Byron &amp; Byron R\u00fadkarnis<\/h1>\n<p>Kollekci\u00f3:\u00a0<strong>Rustica<\/strong><\/p>\n<p>N\u00e9v: <strong>V\u00e9gz\u00e1r\u00f3<\/strong><\/p>\n<p>\u00c1tm\u00e9r\u0151:\u00a0<strong>35mm, 45mm \u00e9s 55mm<\/strong><\/p>\n<p>Sz\u00edn: <strong>Angol t\u00f6lgy<\/strong><\/p>","protected":false},"featured_media":14187,"comment_status":"closed","ping_status":"closed","template":"","meta":[],"product_brand":[],"product_cat":[29,23,32],"product_tag":[24,25,33],"class_list":{"0":"post-14192","1":"product","2":"type-product","3":"status-publish","4":"has-post-thumbnail","6":"product_cat-55mm-67mm","7":"product_cat-byron-byron-gardinenstangen","8":"product_cat-rustica","9":"product_tag-gardinenstange","10":"product_tag-holz","11":"product_tag-rustikal","13":"first","14":"instock","15":"taxable","16":"shipping-taxable","17":"product-type-simple"},"_links":{"self":[{"href":"https:\/\/varia-int.com\/hu\/wp-json\/wp\/v2\/product\/14192","targetHints":{"allow":["GET"]}}],"collection":[{"href":"https:\/\/varia-int.com\/hu\/wp-json\/wp\/v2\/product"}],"about":[{"href":"https:\/\/varia-int.com\/hu\/wp-json\/wp\/v2\/types\/product"}],"replies":[{"embeddable":true,"href":"https:\/\/varia-int.com\/hu\/wp-json\/wp\/v2\/comments?post=14192"}],"wp:featuredmedia":[{"embeddable":true,"href":"https:\/\/varia-int.com\/hu\/wp-json\/wp\/v2\/media\/14187"}],"wp:attachment":[{"href":"https:\/\/varia-int.com\/hu\/wp-json\/wp\/v2\/media?parent=14192"}],"wp:term":[{"taxonomy":"product_brand","embeddable":true,"href":"https:\/\/varia-int.com\/hu\/wp-json\/wp\/v2\/product_brand?post=14192"},{"taxonomy":"product_cat","embeddable":true,"href":"https:\/\/varia-int.com\/hu\/wp-json\/wp\/v2\/product_cat?post=14192"},{"taxonomy":"product_tag","embeddable":true,"href":"https:\/\/varia-int.com\/hu\/wp-json\/wp\/v2\/product_tag?post=14192"}],"curies":[{"name":"munkaf\u00fczet","href":"https:\/\/api.w.org\/{rel}","templated":true}]}}