{"id":15051,"date":"2021-01-29T16:40:19","date_gmt":"2021-01-29T16:40:19","guid":{"rendered":"https:\/\/varia-int.com\/?post_type=product&#038;p=15051"},"modified":"2021-02-06T09:37:53","modified_gmt":"2021-02-06T09:37:53","slug":"seestern-tapete-siena-auf-marine","status":"publish","type":"product","link":"https:\/\/varia-int.com\/hu\/product\/seestern-tapete-siena-auf-marine\/","title":{"rendered":"Tengeri csillag h\u00e1tt\u00e9rk\u00e9p - Siena a Navy-n"},"content":{"rendered":"","protected":false},"excerpt":{"rendered":"<p>Kedvenc tengeri csillagaink nagy form\u00e1tum\u00fa \u00e9kszerszer\u0171 nyomtat\u00e1sa, k\u00e9k sz\u00edn\u0171 pergamenen vagy gazdag tengerparton.<\/p>\n<ul class=\"attributes_bg\">\n<li><span class=\"attribute_bg\">Kollekci\u00f3:<\/span><span class=\"attribute_value_bg\">Barneby Gates<\/span><\/li>\n<li><span class=\"attribute_bg\">T\u00e9telek:<\/span><span class=\"attribute_value_bg\">Tengeri csillag, haditenger\u00e9szet \/ Sienna<\/span><\/li>\n<li><span class=\"attribute_bg\">Megk\u00f6zel\u00edt\u00e9s:<\/span><span class=\"attribute_value_bg\">Negyed\u00e9ves ism\u00e9tl\u00e9s<\/span><\/li>\n<li><span class=\"attribute_bg\">Egyet\u00e9rt\u00e9s:<\/span><span class=\"attribute_value_bg\">52 cm \/ 20,5 h\u00fcvelyk<\/span><\/li>\n<li><span class=\"attribute_bg\">Tekercs hossza:<\/span><span class=\"attribute_value_bg\">10m<\/span><\/li>\n<li><span class=\"attribute_bg\">Sz\u00e9less\u00e9g:<\/span><span class=\"attribute_value_bg\">52 cm \/ 20,5 h\u00fcvelyk<\/span><\/li>\n<li><span class=\"attribute_bg\">s\u00falya:<\/span><span class=\"attribute_value_bg\">\u2013<\/span><\/li>\n<li><span class=\"attribute_bg\">Sz\u00ednek:<\/span><\/li>\n<\/ul>\n<p><a href=\"https:\/\/varia-int.com\/wp-content\/uploads\/2021\/01\/Barneby-Gates-Starfish-Navy-Sienna-Flat-2-1000x1500px-1-1.jpg\"><img decoding=\"async\" class=\"size-thumbnail wp-image-15038 alignnone\" src=\"https:\/\/varia-int.com\/wp-content\/uploads\/2021\/01\/Barneby-Gates-Starfish-Navy-Sienna-Flat-2-1000x1500px-1-1-150x150.jpg\" alt=\"\" width=\"150\" height=\"150\" srcset=\"https:\/\/varia-int.com\/wp-content\/uploads\/2021\/01\/Barneby-Gates-Starfish-Navy-Sienna-Flat-2-1000x1500px-1-1-66x66.jpg 66w, https:\/\/varia-int.com\/wp-content\/uploads\/2021\/01\/Barneby-Gates-Starfish-Navy-Sienna-Flat-2-1000x1500px-1-1-100x100.jpg 100w, https:\/\/varia-int.com\/wp-content\/uploads\/2021\/01\/Barneby-Gates-Starfish-Navy-Sienna-Flat-2-1000x1500px-1-1-150x150.jpg 150w\" sizes=\"(max-width: 150px) 100vw, 150px\" \/><\/a><\/p>\n<p style=\"text-align: left;\">Siena a haditenger\u00e9szetr\u0151l<\/p>\n<p><a href=\"https:\/\/varia-int.com\/wp-content\/uploads\/2021\/01\/Barneby-Gates-Starfish-Navy-Sienna-Flat-1-1000x1500px-.jpg\"><img decoding=\"async\" class=\"size-thumbnail wp-image-15045 alignnone\" src=\"https:\/\/varia-int.com\/wp-content\/uploads\/2021\/01\/Barneby-Gates-Starfish-Navy-Sienna-Flat-1-1000x1500px--150x150.jpg\" alt=\"\" width=\"150\" height=\"150\" srcset=\"https:\/\/varia-int.com\/wp-content\/uploads\/2021\/01\/Barneby-Gates-Starfish-Navy-Sienna-Flat-1-1000x1500px--66x66.jpg 66w, https:\/\/varia-int.com\/wp-content\/uploads\/2021\/01\/Barneby-Gates-Starfish-Navy-Sienna-Flat-1-1000x1500px--100x100.jpg 100w, https:\/\/varia-int.com\/wp-content\/uploads\/2021\/01\/Barneby-Gates-Starfish-Navy-Sienna-Flat-1-1000x1500px--150x150.jpg 150w\" sizes=\"(max-width: 150px) 100vw, 150px\" \/><\/a><\/p>\n<p style=\"text-align: left;\">K\u00e9k pergamenen<\/p>\n<p>&nbsp;<\/p>","protected":false},"featured_media":15036,"comment_status":"closed","ping_status":"closed","template":"","meta":[],"product_brand":[],"product_cat":[37,36],"product_tag":[40],"class_list":{"0":"post-15051","1":"product","2":"type-product","3":"status-publish","4":"has-post-thumbnail","6":"product_cat-barneby-gates","7":"product_cat-tapeten","8":"product_tag-seesterntapete","10":"first","11":"instock","12":"taxable","13":"shipping-taxable","14":"product-type-simple"},"_links":{"self":[{"href":"https:\/\/varia-int.com\/hu\/wp-json\/wp\/v2\/product\/15051","targetHints":{"allow":["GET"]}}],"collection":[{"href":"https:\/\/varia-int.com\/hu\/wp-json\/wp\/v2\/product"}],"about":[{"href":"https:\/\/varia-int.com\/hu\/wp-json\/wp\/v2\/types\/product"}],"replies":[{"embeddable":true,"href":"https:\/\/varia-int.com\/hu\/wp-json\/wp\/v2\/comments?post=15051"}],"wp:featuredmedia":[{"embeddable":true,"href":"https:\/\/varia-int.com\/hu\/wp-json\/wp\/v2\/media\/15036"}],"wp:attachment":[{"href":"https:\/\/varia-int.com\/hu\/wp-json\/wp\/v2\/media?parent=15051"}],"wp:term":[{"taxonomy":"product_brand","embeddable":true,"href":"https:\/\/varia-int.com\/hu\/wp-json\/wp\/v2\/product_brand?post=15051"},{"taxonomy":"product_cat","embeddable":true,"href":"https:\/\/varia-int.com\/hu\/wp-json\/wp\/v2\/product_cat?post=15051"},{"taxonomy":"product_tag","embeddable":true,"href":"https:\/\/varia-int.com\/hu\/wp-json\/wp\/v2\/product_tag?post=15051"}],"curies":[{"name":"munkaf\u00fczet","href":"https:\/\/api.w.org\/{rel}","templated":true}]}}