{"id":15081,"date":"2021-02-06T08:28:08","date_gmt":"2021-02-06T08:28:08","guid":{"rendered":"https:\/\/varia-int.com\/?post_type=product&#038;p=15081"},"modified":"2021-02-06T09:36:17","modified_gmt":"2021-02-06T09:36:17","slug":"indische-streifen-tapete-rosa-blaugruen","status":"publish","type":"product","link":"https:\/\/varia-int.com\/hu\/product\/indische-streifen-tapete-rosa-blaugruen\/","title":{"rendered":"Indiai cs\u00edkos h\u00e1tt\u00e9rk\u00e9p - r\u00f3zsasz\u00edn \/ k\u00e9kesz\u00f6ld"},"content":{"rendered":"","protected":false},"excerpt":{"rendered":"<p style=\"text-align: left;\">Az \u201eIndian Stripes\u201d tap\u00e9ta egy melenget\u0151 text\u00far\u00e1j\u00fa nyomat, amelyet d\u00e9l-\u00e1zsiai sz\u00f6vetek ihlettek. Ez a h\u00e1tt\u00e9rk\u00e9p meleg piros vagy nagyon sz\u00e9p k\u00e9k-z\u00f6ld \u00e9s vil\u00e1gos r\u00f3zsasz\u00edn sz\u00ednben kaphat\u00f3.<\/p>\n<ul class=\"attributes_bg\">\n<li><span class=\"attribute_bg\">Kollekci\u00f3:<\/span><span class=\"attribute_value_bg\">Barneby Gates<\/span><\/li>\n<li><span class=\"attribute_bg\">T\u00e9telek:<\/span><span class=\"attribute_value_bg\">Indiai cs\u00edk - r\u00f3zsasz\u00edn \/ k\u00e9kesz\u00f6ld<\/span><\/li>\n<li><span class=\"attribute_bg\">Megk\u00f6zel\u00edt\u00e9s:<\/span><span class=\"attribute_value_bg\">Egyenes megk\u00f6zel\u00edt\u00e9s<\/span><\/li>\n<li><span class=\"attribute_bg\">Egyet\u00e9rt\u00e9s:<\/span><span class=\"attribute_value_bg\">3,25 cm \/ 1,28 \u2033<\/span><\/li>\n<li><span class=\"attribute_bg\">Tekercs hossza:<\/span><span class=\"attribute_value_bg\">10m<\/span><\/li>\n<li><span class=\"attribute_bg\">Sz\u00e9less\u00e9g:<\/span><span class=\"attribute_value_bg\">52 cm \/ 20,5 h\u00fcvelyk<\/span><\/li>\n<li><span class=\"attribute_bg\">s\u00falya:<\/span><span class=\"attribute_value_bg\">\u2013<\/span><\/li>\n<li><span class=\"attribute_bg\">Sz\u00ednek:<\/span><\/li>\n<\/ul>\n<p style=\"text-align: left;\"><a href=\"https:\/\/varia-int.com\/wp-content\/uploads\/2021\/02\/Barneby-Gates-Indian-Stripe-Pink-Teal-Flat-2-1000x1500px-1.jpg\"><img decoding=\"async\" class=\"wp-image-15079 size-thumbnail\" src=\"https:\/\/varia-int.com\/wp-content\/uploads\/2021\/02\/Barneby-Gates-Indian-Stripe-Pink-Teal-Flat-2-1000x1500px-1-150x150.jpg\" alt=\"Indische Streifen Tapete Barneby Gates\" width=\"150\" height=\"150\" srcset=\"https:\/\/varia-int.com\/wp-content\/uploads\/2021\/02\/Barneby-Gates-Indian-Stripe-Pink-Teal-Flat-2-1000x1500px-1-66x66.jpg 66w, https:\/\/varia-int.com\/wp-content\/uploads\/2021\/02\/Barneby-Gates-Indian-Stripe-Pink-Teal-Flat-2-1000x1500px-1-100x100.jpg 100w, https:\/\/varia-int.com\/wp-content\/uploads\/2021\/02\/Barneby-Gates-Indian-Stripe-Pink-Teal-Flat-2-1000x1500px-1-150x150.jpg 150w\" sizes=\"(max-width: 150px) 100vw, 150px\" \/><\/a><\/p>\n<p>R\u00f3zsasz\u00edn \/ k\u00e9kesz\u00f6ld<\/p>\n<p style=\"text-align: left;\"><a href=\"https:\/\/varia-int.com\/wp-content\/uploads\/2021\/02\/Barneby-Gates-Indian-Stripe-Snug-Red-Flat-2-1000-x-1500px-.jpg\"><img decoding=\"async\" class=\"wp-image-15078 size-thumbnail alignnone\" src=\"https:\/\/varia-int.com\/wp-content\/uploads\/2021\/02\/Barneby-Gates-Indian-Stripe-Snug-Red-Flat-2-1000-x-1500px--150x150.jpg\" alt=\"Indische Streifen Tapete Barneby Gates\" width=\"150\" height=\"150\" srcset=\"https:\/\/varia-int.com\/wp-content\/uploads\/2021\/02\/Barneby-Gates-Indian-Stripe-Snug-Red-Flat-2-1000-x-1500px--66x66.jpg 66w, https:\/\/varia-int.com\/wp-content\/uploads\/2021\/02\/Barneby-Gates-Indian-Stripe-Snug-Red-Flat-2-1000-x-1500px--100x100.jpg 100w, https:\/\/varia-int.com\/wp-content\/uploads\/2021\/02\/Barneby-Gates-Indian-Stripe-Snug-Red-Flat-2-1000-x-1500px--150x150.jpg 150w\" sizes=\"(max-width: 150px) 100vw, 150px\" \/><\/a><\/p>\n<p>Meleg piros<\/p>","protected":false},"featured_media":15082,"comment_status":"closed","ping_status":"closed","template":"","meta":[],"product_brand":[],"product_cat":[37,36],"product_tag":[41],"class_list":{"0":"post-15081","1":"product","2":"type-product","3":"status-publish","4":"has-post-thumbnail","6":"product_cat-barneby-gates","7":"product_cat-tapeten","8":"product_tag-indische-streifen-tapete","10":"first","11":"instock","12":"taxable","13":"shipping-taxable","14":"product-type-simple"},"_links":{"self":[{"href":"https:\/\/varia-int.com\/hu\/wp-json\/wp\/v2\/product\/15081","targetHints":{"allow":["GET"]}}],"collection":[{"href":"https:\/\/varia-int.com\/hu\/wp-json\/wp\/v2\/product"}],"about":[{"href":"https:\/\/varia-int.com\/hu\/wp-json\/wp\/v2\/types\/product"}],"replies":[{"embeddable":true,"href":"https:\/\/varia-int.com\/hu\/wp-json\/wp\/v2\/comments?post=15081"}],"wp:featuredmedia":[{"embeddable":true,"href":"https:\/\/varia-int.com\/hu\/wp-json\/wp\/v2\/media\/15082"}],"wp:attachment":[{"href":"https:\/\/varia-int.com\/hu\/wp-json\/wp\/v2\/media?parent=15081"}],"wp:term":[{"taxonomy":"product_brand","embeddable":true,"href":"https:\/\/varia-int.com\/hu\/wp-json\/wp\/v2\/product_brand?post=15081"},{"taxonomy":"product_cat","embeddable":true,"href":"https:\/\/varia-int.com\/hu\/wp-json\/wp\/v2\/product_cat?post=15081"},{"taxonomy":"product_tag","embeddable":true,"href":"https:\/\/varia-int.com\/hu\/wp-json\/wp\/v2\/product_tag?post=15081"}],"curies":[{"name":"munkaf\u00fczet","href":"https:\/\/api.w.org\/{rel}","templated":true}]}}