{"id":15181,"date":"2021-02-09T20:54:05","date_gmt":"2021-02-09T20:54:05","guid":{"rendered":"https:\/\/varia-int.com\/?post_type=product&#038;p=15181"},"modified":"2021-02-09T20:54:06","modified_gmt":"2021-02-09T20:54:06","slug":"tabitha-webb-fuer-barneby-gates-affen-hollaendisches-blau","status":"publish","type":"product","link":"https:\/\/varia-int.com\/hu\/product\/tabitha-webb-fuer-barneby-gates-affen-hollaendisches-blau\/","title":{"rendered":"Tabitha Webb a Barneby Gates sz\u00e1m\u00e1ra - Majmok - Holland K\u00e9k"},"content":{"rendered":"","protected":false},"excerpt":{"rendered":"<p style=\"text-align: left\">Egy\u00fcttm\u0171k\u00f6dt\u00fcnk Tabitha Webb divattervez\u0151vel \u00e9s \u00f6n\u00e1ll\u00f3 nyom\u00e1sgyakorl\u00f3val, \u00e9s k\u00e9t ikonikus terv\u00e9t elvitt\u00fck a kifut\u00f3t\u00f3l a falig. Ez az \u00e9l\u00e9nk, majmokkal d\u00edsz\u00edtett tap\u00e9ta holland k\u00e9kben vagy halv\u00e1ny r\u00f3zsasz\u00ednben kaphat\u00f3.<\/p>\n<ul class=\"attributes_bg\">\n<li><span class=\"attribute_bg\">Kollekci\u00f3:<\/span><span class=\"attribute_value_bg\">Barneby Gates<\/span><\/li>\n<li><span class=\"attribute_bg\">T\u00e9telek:<\/span><span class=\"attribute_value_bg\">Tabitha Webb Barneby Gateshez - Majom - holland k\u00e9k<\/span><\/li>\n<li><span class=\"attribute_bg\">Megk\u00f6zel\u00edt\u00e9s:<\/span><span class=\"attribute_value_bg\">Egyenes megk\u00f6zel\u00edt\u00e9s<\/span><\/li>\n<li><span class=\"attribute_bg\">Egyet\u00e9rt\u00e9s:<\/span><span class=\"attribute_value_bg\">52cm<\/span><\/li>\n<li><span class=\"attribute_bg\">Tekercs hossza:<\/span><span class=\"attribute_value_bg\">10m<\/span><\/li>\n<li><span class=\"attribute_bg\">Sz\u00e9less\u00e9g:<\/span><span class=\"attribute_value_bg\">52 cm \/ 20,5 h\u00fcvelyk<\/span><\/li>\n<li><span class=\"attribute_bg\">s\u00falya:<\/span><span class=\"attribute_value_bg\">\u2013<\/span><\/li>\n<li><span class=\"attribute_bg\">Sz\u00ednek:<\/span><\/li>\n<\/ul>\n<p><a href=\"https:\/\/varia-int.com\/wp-content\/uploads\/2021\/02\/Barneby-Gates-X-Tabitha-Webb-Monkey-Dutch-Blue-Flat-4-1500-x-1000px.jpg\"><img decoding=\"async\" class=\"wp-image-15171 size-thumbnail\" src=\"https:\/\/varia-int.com\/wp-content\/uploads\/2021\/02\/Barneby-Gates-X-Tabitha-Webb-Monkey-Dutch-Blue-Flat-4-1500-x-1000px-150x150.jpg\" alt=\"Tabitha Webb f\u00fcr Barneby Gates - Affen Barneby Gates\" width=\"150\" height=\"150\" srcset=\"https:\/\/varia-int.com\/wp-content\/uploads\/2021\/02\/Barneby-Gates-X-Tabitha-Webb-Monkey-Dutch-Blue-Flat-4-1500-x-1000px-66x66.jpg 66w, https:\/\/varia-int.com\/wp-content\/uploads\/2021\/02\/Barneby-Gates-X-Tabitha-Webb-Monkey-Dutch-Blue-Flat-4-1500-x-1000px-100x100.jpg 100w, https:\/\/varia-int.com\/wp-content\/uploads\/2021\/02\/Barneby-Gates-X-Tabitha-Webb-Monkey-Dutch-Blue-Flat-4-1500-x-1000px-150x150.jpg 150w\" sizes=\"(max-width: 150px) 100vw, 150px\" \/><\/a><\/p>\n<p style=\"text-align: left\">Holland k\u00e9k<\/p>\n<p><a href=\"https:\/\/varia-int.com\/wp-content\/uploads\/2021\/02\/Barneby-Gates-X-Tabitha-Webb-Monkey-Pale-Pink-Flat-4-1500-x-1000-px.jpg\"><img decoding=\"async\" class=\"wp-image-15177 size-thumbnail\" src=\"https:\/\/varia-int.com\/wp-content\/uploads\/2021\/02\/Barneby-Gates-X-Tabitha-Webb-Monkey-Pale-Pink-Flat-4-1500-x-1000-px-150x150.jpg\" alt=\"Tabitha Webb f\u00fcr Barneby Gates - Affen Barneby Gates\" width=\"150\" height=\"150\" srcset=\"https:\/\/varia-int.com\/wp-content\/uploads\/2021\/02\/Barneby-Gates-X-Tabitha-Webb-Monkey-Pale-Pink-Flat-4-1500-x-1000-px-66x66.jpg 66w, https:\/\/varia-int.com\/wp-content\/uploads\/2021\/02\/Barneby-Gates-X-Tabitha-Webb-Monkey-Pale-Pink-Flat-4-1500-x-1000-px-100x100.jpg 100w, https:\/\/varia-int.com\/wp-content\/uploads\/2021\/02\/Barneby-Gates-X-Tabitha-Webb-Monkey-Pale-Pink-Flat-4-1500-x-1000-px-150x150.jpg 150w\" sizes=\"(max-width: 150px) 100vw, 150px\" \/><\/a><\/p>\n<p style=\"text-align: left\">Vil\u00e1gos r\u00f3zsasz\u00edn<\/p>","protected":false},"featured_media":15173,"comment_status":"closed","ping_status":"closed","template":"","meta":[],"product_brand":[],"product_cat":[37,36],"product_tag":[47],"class_list":{"0":"post-15181","1":"product","2":"type-product","3":"status-publish","4":"has-post-thumbnail","6":"product_cat-barneby-gates","7":"product_cat-tapeten","8":"product_tag-tabitha-webb-fuer-barneby-gates-affen","10":"first","11":"instock","12":"taxable","13":"shipping-taxable","14":"product-type-simple"},"_links":{"self":[{"href":"https:\/\/varia-int.com\/hu\/wp-json\/wp\/v2\/product\/15181","targetHints":{"allow":["GET"]}}],"collection":[{"href":"https:\/\/varia-int.com\/hu\/wp-json\/wp\/v2\/product"}],"about":[{"href":"https:\/\/varia-int.com\/hu\/wp-json\/wp\/v2\/types\/product"}],"replies":[{"embeddable":true,"href":"https:\/\/varia-int.com\/hu\/wp-json\/wp\/v2\/comments?post=15181"}],"wp:featuredmedia":[{"embeddable":true,"href":"https:\/\/varia-int.com\/hu\/wp-json\/wp\/v2\/media\/15173"}],"wp:attachment":[{"href":"https:\/\/varia-int.com\/hu\/wp-json\/wp\/v2\/media?parent=15181"}],"wp:term":[{"taxonomy":"product_brand","embeddable":true,"href":"https:\/\/varia-int.com\/hu\/wp-json\/wp\/v2\/product_brand?post=15181"},{"taxonomy":"product_cat","embeddable":true,"href":"https:\/\/varia-int.com\/hu\/wp-json\/wp\/v2\/product_cat?post=15181"},{"taxonomy":"product_tag","embeddable":true,"href":"https:\/\/varia-int.com\/hu\/wp-json\/wp\/v2\/product_tag?post=15181"}],"curies":[{"name":"munkaf\u00fczet","href":"https:\/\/api.w.org\/{rel}","templated":true}]}}