{"id":15194,"date":"2021-02-09T22:35:08","date_gmt":"2021-02-09T22:35:08","guid":{"rendered":"https:\/\/varia-int.com\/?post_type=product&#038;p=15194"},"modified":"2021-02-11T16:27:30","modified_gmt":"2021-02-11T16:27:30","slug":"vintage-vogelpfad-tapete-rosa-gruen","status":"publish","type":"product","link":"https:\/\/varia-int.com\/hu\/product\/vintage-vogelpfad-tapete-rosa-gruen\/","title":{"rendered":"Vintage mad\u00e1r\u00fat h\u00e1tt\u00e9rk\u00e9p - r\u00f3zsasz\u00edn \/ z\u00f6ld"},"content":{"rendered":"","protected":false},"excerpt":{"rendered":"<p style=\"text-align: left\">A 19. sz\u00e1zadi francia paplan ihlette, amelyet modern csavarral \u00faj\u00edtottak fel, a Vintage Bird Trail puha vakolat \u00e9s z\u00f6ld vagy k\u00e9k \u00e9s r\u00f3zsasz\u00edn sz\u00ednben kaphat\u00f3, hogy a francia vid\u00e9ki st\u00edlus modern st\u00edlus\u00e1t id\u00e9zze.<\/p>\n<ul class=\"attributes_bg\">\n<li><span class=\"attribute_bg\">Kollekci\u00f3:<\/span><span class=\"attribute_value_bg\">Barneby Gates<\/span><\/li>\n<li><span class=\"attribute_bg\">T\u00e9telek:<\/span><span class=\"attribute_value_bg\">Vitage Bird Trail - r\u00f3zsasz\u00edn \/ z\u00f6ld<\/span><\/li>\n<li><span class=\"attribute_bg\">Megk\u00f6zel\u00edt\u00e9s:<\/span><span class=\"attribute_value_bg\">F\u00e9ljelent\u00e9s<\/span><\/li>\n<li><span class=\"attribute_bg\">Egyet\u00e9rt\u00e9s:<\/span><span class=\"attribute_value_bg\">52cm<\/span><\/li>\n<li><span class=\"attribute_bg\">Tekercs hossza:<\/span><span class=\"attribute_value_bg\">10m<\/span><\/li>\n<li><span class=\"attribute_bg\">Sz\u00e9less\u00e9g:<\/span><span class=\"attribute_value_bg\">52 cm \/ 20,5 h\u00fcvelyk<\/span><\/li>\n<li><span class=\"attribute_bg\">s\u00falya:<\/span><span class=\"attribute_value_bg\">\u2013<\/span><\/li>\n<li><span class=\"attribute_bg\">Sz\u00ednek:<\/span><\/li>\n<\/ul>\n<p><a href=\"https:\/\/varia-int.com\/wp-content\/uploads\/2021\/02\/Barneby-Gates-Bird-Trail-Plaster-Green-Flat3-1500x1000px.jpg\"><img decoding=\"async\" class=\"wp-image-15212 size-thumbnail\" src=\"https:\/\/varia-int.com\/wp-content\/uploads\/2021\/02\/Barneby-Gates-Bird-Trail-Plaster-Green-Flat3-1500x1000px-150x150.jpg\" alt=\"Vintage Vogelpfad Tapete Barneby Gates\" width=\"150\" height=\"150\" srcset=\"https:\/\/varia-int.com\/wp-content\/uploads\/2021\/02\/Barneby-Gates-Bird-Trail-Plaster-Green-Flat3-1500x1000px-66x66.jpg 66w, https:\/\/varia-int.com\/wp-content\/uploads\/2021\/02\/Barneby-Gates-Bird-Trail-Plaster-Green-Flat3-1500x1000px-100x100.jpg 100w, https:\/\/varia-int.com\/wp-content\/uploads\/2021\/02\/Barneby-Gates-Bird-Trail-Plaster-Green-Flat3-1500x1000px-150x150.jpg 150w\" sizes=\"(max-width: 150px) 100vw, 150px\" \/><\/a><\/p>\n<p style=\"text-align: left\">R\u00f3zsasz\u00edn \/ z\u00f6ld<\/p>\n<p><a href=\"https:\/\/varia-int.com\/wp-content\/uploads\/2021\/02\/Barneby-Gates-Bird-Trail-Blue-Pink-Flat3-1500x1000px-1.jpg\"><img decoding=\"async\" class=\"wp-image-15197 size-thumbnail\" src=\"https:\/\/varia-int.com\/wp-content\/uploads\/2021\/02\/Barneby-Gates-Bird-Trail-Blue-Pink-Flat3-1500x1000px-1-150x150.jpg\" alt=\"Vintage Vogelpfad Tapete Barneby Gates\" width=\"150\" height=\"150\" srcset=\"https:\/\/varia-int.com\/wp-content\/uploads\/2021\/02\/Barneby-Gates-Bird-Trail-Blue-Pink-Flat3-1500x1000px-1-66x66.jpg 66w, https:\/\/varia-int.com\/wp-content\/uploads\/2021\/02\/Barneby-Gates-Bird-Trail-Blue-Pink-Flat3-1500x1000px-1-100x100.jpg 100w, https:\/\/varia-int.com\/wp-content\/uploads\/2021\/02\/Barneby-Gates-Bird-Trail-Blue-Pink-Flat3-1500x1000px-1-150x150.jpg 150w\" sizes=\"(max-width: 150px) 100vw, 150px\" \/><\/a><\/p>\n<p style=\"text-align: left\">K\u00e9k\/r\u00f3zsasz\u00edn<\/p>","protected":false},"featured_media":15216,"comment_status":"closed","ping_status":"closed","template":"","meta":[],"product_brand":[],"product_cat":[37,36],"product_tag":[49],"class_list":{"0":"post-15194","1":"product","2":"type-product","3":"status-publish","4":"has-post-thumbnail","6":"product_cat-barneby-gates","7":"product_cat-tapeten","8":"product_tag-vintage-vogelpfad-tapete","10":"first","11":"instock","12":"taxable","13":"shipping-taxable","14":"product-type-simple"},"_links":{"self":[{"href":"https:\/\/varia-int.com\/hu\/wp-json\/wp\/v2\/product\/15194","targetHints":{"allow":["GET"]}}],"collection":[{"href":"https:\/\/varia-int.com\/hu\/wp-json\/wp\/v2\/product"}],"about":[{"href":"https:\/\/varia-int.com\/hu\/wp-json\/wp\/v2\/types\/product"}],"replies":[{"embeddable":true,"href":"https:\/\/varia-int.com\/hu\/wp-json\/wp\/v2\/comments?post=15194"}],"wp:featuredmedia":[{"embeddable":true,"href":"https:\/\/varia-int.com\/hu\/wp-json\/wp\/v2\/media\/15216"}],"wp:attachment":[{"href":"https:\/\/varia-int.com\/hu\/wp-json\/wp\/v2\/media?parent=15194"}],"wp:term":[{"taxonomy":"product_brand","embeddable":true,"href":"https:\/\/varia-int.com\/hu\/wp-json\/wp\/v2\/product_brand?post=15194"},{"taxonomy":"product_cat","embeddable":true,"href":"https:\/\/varia-int.com\/hu\/wp-json\/wp\/v2\/product_cat?post=15194"},{"taxonomy":"product_tag","embeddable":true,"href":"https:\/\/varia-int.com\/hu\/wp-json\/wp\/v2\/product_tag?post=15194"}],"curies":[{"name":"munkaf\u00fczet","href":"https:\/\/api.w.org\/{rel}","templated":true}]}}