{"id":15217,"date":"2021-02-11T19:25:25","date_gmt":"2021-02-11T19:25:25","guid":{"rendered":"https:\/\/varia-int.com\/?post_type=product&#038;p=15217"},"modified":"2021-02-11T19:25:25","modified_gmt":"2021-02-11T19:25:25","slug":"artischockendistel-tapete-blaugruen","status":"publish","type":"product","link":"https:\/\/varia-int.com\/hu\/product\/artischockendistel-tapete-blaugruen\/","title":{"rendered":"Artics\u00f3ka bog\u00e1ncs H\u00e1tt\u00e9rk\u00e9p - K\u00e9kesz\u00f6ld"},"content":{"rendered":"","protected":false},"excerpt":{"rendered":"<p style=\"text-align: left\">A sz\u00e9p artics\u00f3ka vir\u00e1gok kis ism\u00e9tl\u00e9se, tavaszi z\u00f6ld vagy k\u00e9kesz\u00f6ld sz\u00ednben kaphat\u00f3.<\/p>\n<ul class=\"attributes_bg\">\n<li><span class=\"attribute_bg\">Kollekci\u00f3:<\/span><span class=\"attribute_value_bg\">Barneby Gates<\/span><\/li>\n<li><span class=\"attribute_bg\">T\u00e9telek:<\/span><span class=\"attribute_value_bg\">Artics\u00f3ka bog\u00e1ncs \u2013 k\u00e9kesz\u00f6ld<\/span><\/li>\n<li><span class=\"attribute_bg\">Megk\u00f6zel\u00edt\u00e9s:<\/span><span class=\"attribute_value_bg\">Egyenes megk\u00f6zel\u00edt\u00e9s<\/span><\/li>\n<li><span class=\"attribute_bg\">Egyet\u00e9rt\u00e9s:<\/span><span class=\"attribute_value_bg\">17,5 cm<\/span><\/li>\n<li><span class=\"attribute_bg\">Tekercs hossza:<\/span><span class=\"attribute_value_bg\">10m<\/span><\/li>\n<li><span class=\"attribute_bg\">Sz\u00e9less\u00e9g:<\/span><span class=\"attribute_value_bg\">52 cm \/ 20,5 h\u00fcvelyk<\/span><\/li>\n<li><span class=\"attribute_bg\">s\u00falya:<\/span><span class=\"attribute_value_bg\">\u2013<\/span><\/li>\n<li><span class=\"attribute_bg\">Sz\u00ednek:<\/span><\/li>\n<\/ul>\n<p><a href=\"https:\/\/varia-int.com\/wp-content\/uploads\/2021\/02\/Artichoke-Thistle-teal-PRODUCT-IMAGE-5.jpeg\"><img decoding=\"async\" class=\"wp-image-15228 size-thumbnail\" src=\"https:\/\/varia-int.com\/wp-content\/uploads\/2021\/02\/Artichoke-Thistle-teal-PRODUCT-IMAGE-5-150x150.jpeg\" alt=\"Artischockendistel Tapete Barneby Gates\" width=\"150\" height=\"150\" srcset=\"https:\/\/varia-int.com\/wp-content\/uploads\/2021\/02\/Artichoke-Thistle-teal-PRODUCT-IMAGE-5-66x66.jpeg 66w, https:\/\/varia-int.com\/wp-content\/uploads\/2021\/02\/Artichoke-Thistle-teal-PRODUCT-IMAGE-5-100x100.jpeg 100w, https:\/\/varia-int.com\/wp-content\/uploads\/2021\/02\/Artichoke-Thistle-teal-PRODUCT-IMAGE-5-150x150.jpeg 150w\" sizes=\"(max-width: 150px) 100vw, 150px\" \/><\/a><\/p>\n<p style=\"text-align: left\">K\u00e9kesz\u00f6ld<\/p>\n<p><a href=\"https:\/\/varia-int.com\/wp-content\/uploads\/2021\/02\/Artichoke-Thistle-spring-green-PRODUCT-IMAGE-5.jpeg\"><img decoding=\"async\" class=\"wp-image-15222 size-thumbnail\" src=\"https:\/\/varia-int.com\/wp-content\/uploads\/2021\/02\/Artichoke-Thistle-spring-green-PRODUCT-IMAGE-5-150x150.jpeg\" alt=\"Artischockendistel Tapete Barneby Gates\" width=\"150\" height=\"150\" srcset=\"https:\/\/varia-int.com\/wp-content\/uploads\/2021\/02\/Artichoke-Thistle-spring-green-PRODUCT-IMAGE-5-66x66.jpeg 66w, https:\/\/varia-int.com\/wp-content\/uploads\/2021\/02\/Artichoke-Thistle-spring-green-PRODUCT-IMAGE-5-100x100.jpeg 100w, https:\/\/varia-int.com\/wp-content\/uploads\/2021\/02\/Artichoke-Thistle-spring-green-PRODUCT-IMAGE-5-150x150.jpeg 150w\" sizes=\"(max-width: 150px) 100vw, 150px\" \/><\/a><\/p>\n<p style=\"text-align: left\">Tavaszi z\u00f6ld<\/p>","protected":false},"featured_media":15224,"comment_status":"closed","ping_status":"closed","template":"","meta":[],"product_brand":[],"product_cat":[37,36],"product_tag":[50],"class_list":{"0":"post-15217","1":"product","2":"type-product","3":"status-publish","4":"has-post-thumbnail","6":"product_cat-barneby-gates","7":"product_cat-tapeten","8":"product_tag-artischockendistel-tapete","10":"first","11":"instock","12":"taxable","13":"shipping-taxable","14":"product-type-simple"},"_links":{"self":[{"href":"https:\/\/varia-int.com\/hu\/wp-json\/wp\/v2\/product\/15217","targetHints":{"allow":["GET"]}}],"collection":[{"href":"https:\/\/varia-int.com\/hu\/wp-json\/wp\/v2\/product"}],"about":[{"href":"https:\/\/varia-int.com\/hu\/wp-json\/wp\/v2\/types\/product"}],"replies":[{"embeddable":true,"href":"https:\/\/varia-int.com\/hu\/wp-json\/wp\/v2\/comments?post=15217"}],"wp:featuredmedia":[{"embeddable":true,"href":"https:\/\/varia-int.com\/hu\/wp-json\/wp\/v2\/media\/15224"}],"wp:attachment":[{"href":"https:\/\/varia-int.com\/hu\/wp-json\/wp\/v2\/media?parent=15217"}],"wp:term":[{"taxonomy":"product_brand","embeddable":true,"href":"https:\/\/varia-int.com\/hu\/wp-json\/wp\/v2\/product_brand?post=15217"},{"taxonomy":"product_cat","embeddable":true,"href":"https:\/\/varia-int.com\/hu\/wp-json\/wp\/v2\/product_cat?post=15217"},{"taxonomy":"product_tag","embeddable":true,"href":"https:\/\/varia-int.com\/hu\/wp-json\/wp\/v2\/product_tag?post=15217"}],"curies":[{"name":"munkaf\u00fczet","href":"https:\/\/api.w.org\/{rel}","templated":true}]}}