{"id":15231,"date":"2021-02-11T20:36:04","date_gmt":"2021-02-11T20:36:04","guid":{"rendered":"https:\/\/varia-int.com\/?post_type=product&#038;p=15231"},"modified":"2021-02-11T20:49:17","modified_gmt":"2021-02-11T20:49:17","slug":"blitz-vom-mars-tapete-rot-auf-natur","status":"publish","type":"product","link":"https:\/\/varia-int.com\/hu\/product\/blitz-vom-mars-tapete-rot-auf-natur\/","title":{"rendered":"Vill\u00e1m a Mars tap\u00e9ta - piros a term\u00e9szet"},"content":{"rendered":"","protected":false},"excerpt":{"rendered":"<p style=\"text-align: left\">B\u00e1lv\u00e1nyunk (David Bowie) \u00e9s minden id\u0151k kedvenc albuma (Aladdin Sane) ihlette - A Lightning from Mars a mi elk\u00e9pzel\u00e9s\u00fcnk a legend\u00e1s vill\u00e1mcsap\u00e1sr\u00f3l, amelyet egy repedt r\u00e9gi falra festettek, egy kis graffitivel. Piros sz\u00ednben kaphat\u00f3 term\u00e9szetes vagy s\u00e1rga sz\u00edn\u0171 antraciton<\/p>\n<ul class=\"attributes_bg\">\n<li><span class=\"attribute_bg\">Kollekci\u00f3:<\/span><span class=\"attribute_value_bg\">Barneby Gates<\/span><\/li>\n<li><span class=\"attribute_bg\">T\u00e9telek:<\/span><span class=\"attribute_value_bg\">Bolt From Mars - Red on Natural<\/span><\/li>\n<li><span class=\"attribute_bg\">Megk\u00f6zel\u00edt\u00e9s:<\/span><span class=\"attribute_value_bg\">F\u00e9ljelent\u00e9s<\/span><\/li>\n<li><span class=\"attribute_bg\">Egyet\u00e9rt\u00e9s:<\/span><span class=\"attribute_value_bg\">64 cm<\/span><\/li>\n<li><span class=\"attribute_bg\">Tekercs hossza:<\/span><span class=\"attribute_value_bg\">10m<\/span><\/li>\n<li><span class=\"attribute_bg\">Sz\u00e9less\u00e9g:<\/span><span class=\"attribute_value_bg\">52 cm \/ 20,5 h\u00fcvelyk<\/span><\/li>\n<li><span class=\"attribute_bg\">s\u00falya:<\/span><span class=\"attribute_value_bg\">\u2013<\/span><\/li>\n<li><span class=\"attribute_bg\">Sz\u00ednek:<\/span><\/li>\n<\/ul>\n<p><a href=\"https:\/\/varia-int.com\/wp-content\/uploads\/2021\/02\/Bolt-from-Mars-natural-_-red-PRODUCT-IMAGE-6.jpeg\"><img decoding=\"async\" class=\"wp-image-15242 size-thumbnail\" src=\"https:\/\/varia-int.com\/wp-content\/uploads\/2021\/02\/Bolt-from-Mars-natural-_-red-PRODUCT-IMAGE-6-150x150.jpeg\" alt=\"Blitz vom Mars Tapete Barneby Gates\" width=\"150\" height=\"150\" srcset=\"https:\/\/varia-int.com\/wp-content\/uploads\/2021\/02\/Bolt-from-Mars-natural-_-red-PRODUCT-IMAGE-6-66x66.jpeg 66w, https:\/\/varia-int.com\/wp-content\/uploads\/2021\/02\/Bolt-from-Mars-natural-_-red-PRODUCT-IMAGE-6-100x100.jpeg 100w, https:\/\/varia-int.com\/wp-content\/uploads\/2021\/02\/Bolt-from-Mars-natural-_-red-PRODUCT-IMAGE-6-150x150.jpeg 150w\" sizes=\"(max-width: 150px) 100vw, 150px\" \/><\/a><\/p>\n<p style=\"text-align: left\">Piros a term\u00e9szetben<\/p>\n<p><a href=\"https:\/\/varia-int.com\/wp-content\/uploads\/2021\/02\/Bolt-from-Mars-charcoal-_-yellow-PRODUCT-IMAGE-4.jpeg\"><img decoding=\"async\" class=\"wp-image-15235 size-thumbnail\" src=\"https:\/\/varia-int.com\/wp-content\/uploads\/2021\/02\/Bolt-from-Mars-charcoal-_-yellow-PRODUCT-IMAGE-4-150x150.jpeg\" alt=\"Blitz vom Mars Tapete Barneby Gates\" width=\"150\" height=\"150\" srcset=\"https:\/\/varia-int.com\/wp-content\/uploads\/2021\/02\/Bolt-from-Mars-charcoal-_-yellow-PRODUCT-IMAGE-4-66x66.jpeg 66w, https:\/\/varia-int.com\/wp-content\/uploads\/2021\/02\/Bolt-from-Mars-charcoal-_-yellow-PRODUCT-IMAGE-4-100x100.jpeg 100w, https:\/\/varia-int.com\/wp-content\/uploads\/2021\/02\/Bolt-from-Mars-charcoal-_-yellow-PRODUCT-IMAGE-4-150x150.jpeg 150w\" sizes=\"(max-width: 150px) 100vw, 150px\" \/><\/a><\/p>\n<p style=\"text-align: left\">S\u00e1rga az antraciton<\/p>","protected":false},"featured_media":15237,"comment_status":"closed","ping_status":"closed","template":"","meta":[],"product_brand":[],"product_cat":[37,36],"product_tag":[51],"class_list":{"0":"post-15231","1":"product","2":"type-product","3":"status-publish","4":"has-post-thumbnail","6":"product_cat-barneby-gates","7":"product_cat-tapeten","8":"product_tag-blitz-vom-mars-tapete","10":"first","11":"instock","12":"taxable","13":"shipping-taxable","14":"product-type-simple"},"_links":{"self":[{"href":"https:\/\/varia-int.com\/hu\/wp-json\/wp\/v2\/product\/15231","targetHints":{"allow":["GET"]}}],"collection":[{"href":"https:\/\/varia-int.com\/hu\/wp-json\/wp\/v2\/product"}],"about":[{"href":"https:\/\/varia-int.com\/hu\/wp-json\/wp\/v2\/types\/product"}],"replies":[{"embeddable":true,"href":"https:\/\/varia-int.com\/hu\/wp-json\/wp\/v2\/comments?post=15231"}],"wp:featuredmedia":[{"embeddable":true,"href":"https:\/\/varia-int.com\/hu\/wp-json\/wp\/v2\/media\/15237"}],"wp:attachment":[{"href":"https:\/\/varia-int.com\/hu\/wp-json\/wp\/v2\/media?parent=15231"}],"wp:term":[{"taxonomy":"product_brand","embeddable":true,"href":"https:\/\/varia-int.com\/hu\/wp-json\/wp\/v2\/product_brand?post=15231"},{"taxonomy":"product_cat","embeddable":true,"href":"https:\/\/varia-int.com\/hu\/wp-json\/wp\/v2\/product_cat?post=15231"},{"taxonomy":"product_tag","embeddable":true,"href":"https:\/\/varia-int.com\/hu\/wp-json\/wp\/v2\/product_tag?post=15231"}],"curies":[{"name":"munkaf\u00fczet","href":"https:\/\/api.w.org\/{rel}","templated":true}]}}