{"id":15260,"date":"2021-02-11T22:16:40","date_gmt":"2021-02-11T22:16:40","guid":{"rendered":"https:\/\/varia-int.com\/?post_type=product&#038;p=15260"},"modified":"2021-02-11T22:16:40","modified_gmt":"2021-02-11T22:16:40","slug":"wassermelonen-tapete-rosa-gruen","status":"publish","type":"product","link":"https:\/\/varia-int.com\/hu\/product\/wassermelonen-tapete-rosa-gruen\/","title":{"rendered":"G\u00f6r\u00f6gdinnye h\u00e1tt\u00e9rk\u00e9p - r\u00f3zsasz\u00edn \/ z\u00f6ld"},"content":{"rendered":"","protected":false},"excerpt":{"rendered":"<p style=\"text-align: left\">Ha az \u00e9let dinny\u00e9t hoz neked - \u00edme egy h\u00e1tt\u00e9rk\u00e9p nyomtat\u00e1s, amely arra k\u00e9szteti a falakat, hogy egy forr\u00f3 ny\u00e1ri napon nyalogassa. Antracit \/ v\u00f6r\u00f6s vagy r\u00f3zsasz\u00edn \/ z\u00f6ld sz\u00ednben kaphat\u00f3, teljesen tr\u00f3pusi \u00edz\u0171.<\/p>\n<ul class=\"attributes_bg\">\n<li><span class=\"attribute_bg\">Kollekci\u00f3:<\/span><span class=\"attribute_value_bg\">Barneby Gates<\/span><\/li>\n<li><span class=\"attribute_bg\">T\u00e9telek:<\/span><span class=\"attribute_value_bg\">G\u00f6r\u00f6gdinnye - r\u00f3zsasz\u00edn \/ z\u00f6ld<\/span><\/li>\n<li><span class=\"attribute_bg\">Megk\u00f6zel\u00edt\u00e9s:<\/span><span class=\"attribute_value_bg\">Egyenes megk\u00f6zel\u00edt\u00e9s<\/span><\/li>\n<li><span class=\"attribute_bg\">Egyet\u00e9rt\u00e9s:<\/span><span class=\"attribute_value_bg\">52cm<\/span><\/li>\n<li><span class=\"attribute_bg\">Tekercs hossza:<\/span><span class=\"attribute_value_bg\">10m<\/span><\/li>\n<li><span class=\"attribute_bg\">Sz\u00e9less\u00e9g:<\/span><span class=\"attribute_value_bg\">52 cm \/ 20,5 h\u00fcvelyk<\/span><\/li>\n<li><span class=\"attribute_bg\">s\u00falya:<\/span><span class=\"attribute_value_bg\">\u2013<\/span><\/li>\n<li><span class=\"attribute_bg\">Sz\u00ednek:<\/span><\/li>\n<\/ul>\n<p><a href=\"https:\/\/varia-int.com\/wp-content\/uploads\/2021\/02\/Barneby-Gates-Watermelon-Pink-Green-Flat-Detail-2-1.jpg\"><img decoding=\"async\" class=\"wp-image-15256 size-thumbnail\" src=\"https:\/\/varia-int.com\/wp-content\/uploads\/2021\/02\/Barneby-Gates-Watermelon-Pink-Green-Flat-Detail-2-1-150x150.jpg\" alt=\"Wassermelonen Tapete barneby Gates\" width=\"150\" height=\"150\" srcset=\"https:\/\/varia-int.com\/wp-content\/uploads\/2021\/02\/Barneby-Gates-Watermelon-Pink-Green-Flat-Detail-2-1-66x66.jpg 66w, https:\/\/varia-int.com\/wp-content\/uploads\/2021\/02\/Barneby-Gates-Watermelon-Pink-Green-Flat-Detail-2-1-100x100.jpg 100w, https:\/\/varia-int.com\/wp-content\/uploads\/2021\/02\/Barneby-Gates-Watermelon-Pink-Green-Flat-Detail-2-1-150x150.jpg 150w\" sizes=\"(max-width: 150px) 100vw, 150px\" \/><\/a><\/p>\n<p style=\"text-align: left\">R\u00f3zsasz\u00edn \/ z\u00f6ld<\/p>\n<p><a href=\"https:\/\/varia-int.com\/wp-content\/uploads\/2021\/02\/Barneby-Gates-Watermelon-Charcoal-Flat-Detail-2-2.jpg\"><img decoding=\"async\" class=\"wp-image-15249 size-thumbnail\" src=\"https:\/\/varia-int.com\/wp-content\/uploads\/2021\/02\/Barneby-Gates-Watermelon-Charcoal-Flat-Detail-2-2-150x150.jpg\" alt=\"Wassermelonen Tapete barneby Gates\" width=\"150\" height=\"150\" srcset=\"https:\/\/varia-int.com\/wp-content\/uploads\/2021\/02\/Barneby-Gates-Watermelon-Charcoal-Flat-Detail-2-2-66x66.jpg 66w, https:\/\/varia-int.com\/wp-content\/uploads\/2021\/02\/Barneby-Gates-Watermelon-Charcoal-Flat-Detail-2-2-100x100.jpg 100w, https:\/\/varia-int.com\/wp-content\/uploads\/2021\/02\/Barneby-Gates-Watermelon-Charcoal-Flat-Detail-2-2-150x150.jpg 150w\" sizes=\"(max-width: 150px) 100vw, 150px\" \/><\/a><\/p>\n<p style=\"text-align: left\">antracit<\/p>","protected":false},"featured_media":15258,"comment_status":"closed","ping_status":"closed","template":"","meta":[],"product_brand":[],"product_cat":[37,36],"product_tag":[52],"class_list":{"0":"post-15260","1":"product","2":"type-product","3":"status-publish","4":"has-post-thumbnail","6":"product_cat-barneby-gates","7":"product_cat-tapeten","8":"product_tag-wassermelonen-tapete","10":"first","11":"instock","12":"taxable","13":"shipping-taxable","14":"product-type-simple"},"_links":{"self":[{"href":"https:\/\/varia-int.com\/hu\/wp-json\/wp\/v2\/product\/15260","targetHints":{"allow":["GET"]}}],"collection":[{"href":"https:\/\/varia-int.com\/hu\/wp-json\/wp\/v2\/product"}],"about":[{"href":"https:\/\/varia-int.com\/hu\/wp-json\/wp\/v2\/types\/product"}],"replies":[{"embeddable":true,"href":"https:\/\/varia-int.com\/hu\/wp-json\/wp\/v2\/comments?post=15260"}],"wp:featuredmedia":[{"embeddable":true,"href":"https:\/\/varia-int.com\/hu\/wp-json\/wp\/v2\/media\/15258"}],"wp:attachment":[{"href":"https:\/\/varia-int.com\/hu\/wp-json\/wp\/v2\/media?parent=15260"}],"wp:term":[{"taxonomy":"product_brand","embeddable":true,"href":"https:\/\/varia-int.com\/hu\/wp-json\/wp\/v2\/product_brand?post=15260"},{"taxonomy":"product_cat","embeddable":true,"href":"https:\/\/varia-int.com\/hu\/wp-json\/wp\/v2\/product_cat?post=15260"},{"taxonomy":"product_tag","embeddable":true,"href":"https:\/\/varia-int.com\/hu\/wp-json\/wp\/v2\/product_tag?post=15260"}],"curies":[{"name":"munkaf\u00fczet","href":"https:\/\/api.w.org\/{rel}","templated":true}]}}