{"id":15366,"date":"2021-02-12T13:08:49","date_gmt":"2021-02-12T13:08:49","guid":{"rendered":"https:\/\/varia-int.com\/?post_type=product&#038;p=15366"},"modified":"2021-02-12T13:08:49","modified_gmt":"2021-02-12T13:08:49","slug":"seepferd-tapete-anthrazit-gold","status":"publish","type":"product","link":"https:\/\/varia-int.com\/hu\/product\/seepferd-tapete-anthrazit-gold\/","title":{"rendered":"Seahorse h\u00e1tt\u00e9rk\u00e9p - antracit \/ arany"},"content":{"rendered":"","protected":false},"excerpt":{"rendered":"<p style=\"text-align: left\">Az er\u0151, az er\u0151 \u00e9s a v\u00e9delem szimb\u00f3lumak\u00e9nt a csik\u00f3hal p\u00e1rok cs\u00f3kol\u00f3z\u00e1sainak ez a sz\u00e9p megism\u00e9tl\u00e9se aranysz\u00edn\u0171 antraciton vagy puha arany sz\u00ednben az eau de nile-on kaphat\u00f3 tap\u00e9tak\u00e9nt.<\/p>\n<ul class=\"attributes_bg\">\n<li><span class=\"attribute_bg\">Kollekci\u00f3:<\/span><span class=\"attribute_value_bg\">Barneby Gates<\/span><\/li>\n<li><span class=\"attribute_bg\">T\u00e9telek:<\/span><span class=\"attribute_value_bg\">Csik\u00f3hal - fasz\u00e9n \/ arany<\/span><\/li>\n<li><span class=\"attribute_bg\">Megk\u00f6zel\u00edt\u00e9s:<\/span><span class=\"attribute_value_bg\">Egyenes megk\u00f6zel\u00edt\u00e9s<\/span><\/li>\n<li><span class=\"attribute_bg\">Egyet\u00e9rt\u00e9s:<\/span><span class=\"attribute_value_bg\">26 cm \/ 10,2 h\u00fcvelyk<\/span><\/li>\n<li><span class=\"attribute_bg\">Tekercs hossza:<\/span><span class=\"attribute_value_bg\">10m<\/span><\/li>\n<li><span class=\"attribute_bg\">Sz\u00e9less\u00e9g:<\/span><span class=\"attribute_value_bg\">52 cm \/ 20,5 h\u00fcvelyk<\/span><\/li>\n<li><span class=\"attribute_bg\">s\u00falya:<\/span><span class=\"attribute_value_bg\">\u2013<\/span><\/li>\n<li><span class=\"attribute_bg\">Sz\u00ednek:<\/span><\/li>\n<\/ul>\n<p><a href=\"https:\/\/varia-int.com\/wp-content\/uploads\/2021\/02\/151019SeahorsesCharGoldFlat_028.jpg\"><img decoding=\"async\" class=\"wp-image-15361 size-thumbnail\" src=\"https:\/\/varia-int.com\/wp-content\/uploads\/2021\/02\/151019SeahorsesCharGoldFlat_028-150x150.jpg\" alt=\"Seepferd Tapete Barneby Gates\" width=\"150\" height=\"150\" srcset=\"https:\/\/varia-int.com\/wp-content\/uploads\/2021\/02\/151019SeahorsesCharGoldFlat_028-66x66.jpg 66w, https:\/\/varia-int.com\/wp-content\/uploads\/2021\/02\/151019SeahorsesCharGoldFlat_028-100x100.jpg 100w, https:\/\/varia-int.com\/wp-content\/uploads\/2021\/02\/151019SeahorsesCharGoldFlat_028-150x150.jpg 150w\" sizes=\"(max-width: 150px) 100vw, 150px\" \/><\/a><\/p>\n<p style=\"text-align: left\">Antracit \/ arany<\/p>\n<p><a href=\"https:\/\/varia-int.com\/wp-content\/uploads\/2021\/02\/151019SeahorsesEauFlat_027.jpg\"><img decoding=\"async\" class=\"wp-image-15364 size-thumbnail\" src=\"https:\/\/varia-int.com\/wp-content\/uploads\/2021\/02\/151019SeahorsesEauFlat_027-150x150.jpg\" alt=\"Seepferd Tapete Barneby Gates\" width=\"150\" height=\"150\" srcset=\"https:\/\/varia-int.com\/wp-content\/uploads\/2021\/02\/151019SeahorsesEauFlat_027-66x66.jpg 66w, https:\/\/varia-int.com\/wp-content\/uploads\/2021\/02\/151019SeahorsesEauFlat_027-100x100.jpg 100w, https:\/\/varia-int.com\/wp-content\/uploads\/2021\/02\/151019SeahorsesEauFlat_027-150x150.jpg 150w\" sizes=\"(max-width: 150px) 100vw, 150px\" \/><\/a><\/p>\n<p style=\"text-align: left\">Eile de Nile<\/p>","protected":false},"featured_media":15358,"comment_status":"closed","ping_status":"closed","template":"","meta":[],"product_brand":[],"product_cat":[37,36],"product_tag":[60],"class_list":{"0":"post-15366","1":"product","2":"type-product","3":"status-publish","4":"has-post-thumbnail","6":"product_cat-barneby-gates","7":"product_cat-tapeten","8":"product_tag-seepferd-tapete","10":"first","11":"instock","12":"taxable","13":"shipping-taxable","14":"product-type-simple"},"_links":{"self":[{"href":"https:\/\/varia-int.com\/hu\/wp-json\/wp\/v2\/product\/15366","targetHints":{"allow":["GET"]}}],"collection":[{"href":"https:\/\/varia-int.com\/hu\/wp-json\/wp\/v2\/product"}],"about":[{"href":"https:\/\/varia-int.com\/hu\/wp-json\/wp\/v2\/types\/product"}],"replies":[{"embeddable":true,"href":"https:\/\/varia-int.com\/hu\/wp-json\/wp\/v2\/comments?post=15366"}],"wp:featuredmedia":[{"embeddable":true,"href":"https:\/\/varia-int.com\/hu\/wp-json\/wp\/v2\/media\/15358"}],"wp:attachment":[{"href":"https:\/\/varia-int.com\/hu\/wp-json\/wp\/v2\/media?parent=15366"}],"wp:term":[{"taxonomy":"product_brand","embeddable":true,"href":"https:\/\/varia-int.com\/hu\/wp-json\/wp\/v2\/product_brand?post=15366"},{"taxonomy":"product_cat","embeddable":true,"href":"https:\/\/varia-int.com\/hu\/wp-json\/wp\/v2\/product_cat?post=15366"},{"taxonomy":"product_tag","embeddable":true,"href":"https:\/\/varia-int.com\/hu\/wp-json\/wp\/v2\/product_tag?post=15366"}],"curies":[{"name":"munkaf\u00fczet","href":"https:\/\/api.w.org\/{rel}","templated":true}]}}