{"id":15398,"date":"2021-02-12T18:12:20","date_gmt":"2021-02-12T18:12:20","guid":{"rendered":"https:\/\/varia-int.com\/?post_type=product&#038;p=15398"},"modified":"2021-02-16T21:57:30","modified_gmt":"2021-02-16T21:57:30","slug":"krebs-tapete-marineblau","status":"publish","type":"product","link":"https:\/\/varia-int.com\/hu\/product\/krebs-tapete-marineblau\/","title":{"rendered":"R\u00e1k h\u00e1tt\u00e9rk\u00e9p - s\u00f6t\u00e9tk\u00e9k"},"content":{"rendered":"","protected":false},"excerpt":{"rendered":"<p style=\"text-align: left\">Egy h\u00e1l\u00f3ba fogott r\u00e1kok mint\u00e1ja.<\/p>\n<ul class=\"attributes_bg\">\n<li><span class=\"attribute_bg\">Kollekci\u00f3:<\/span><span class=\"attribute_value_bg\">Barneby Gates<\/span><\/li>\n<li><span class=\"attribute_bg\">T\u00e9telek:<\/span><span class=\"attribute_value_bg\">R\u00e1k - tengeri<\/span><\/li>\n<li><span class=\"attribute_bg\">Megk\u00f6zel\u00edt\u00e9s:<\/span><span class=\"attribute_value_bg\">Egyenes megk\u00f6zel\u00edt\u00e9s<\/span><\/li>\n<li><span class=\"attribute_bg\">Egyet\u00e9rt\u00e9s:<\/span><span class=\"attribute_value_bg\">26 cm \/ 10,2 h\u00fcvelyk<\/span><\/li>\n<li><span class=\"attribute_bg\">Tekercs hossza:<\/span><span class=\"attribute_value_bg\">10m<\/span><\/li>\n<li><span class=\"attribute_bg\">Sz\u00e9less\u00e9g:<\/span><span class=\"attribute_value_bg\">52 cm \/ 20,5 h\u00fcvelyk<\/span><\/li>\n<li><span class=\"attribute_bg\">s\u00falya:<\/span><span class=\"attribute_value_bg\">150gsm<\/span><\/li>\n<li><span class=\"attribute_bg\">Sz\u00ednek:<\/span><\/li>\n<\/ul>\n<p><a href=\"https:\/\/varia-int.com\/wp-content\/uploads\/2021\/02\/Barneby-Gates-Crab-Marine-Detail-2.jpg\"><img decoding=\"async\" class=\"wp-image-15393 size-thumbnail\" src=\"https:\/\/varia-int.com\/wp-content\/uploads\/2021\/02\/Barneby-Gates-Crab-Marine-Detail-2-150x150.jpg\" alt=\"Krebs Tapete Barneby Gates\" width=\"150\" height=\"150\" srcset=\"https:\/\/varia-int.com\/wp-content\/uploads\/2021\/02\/Barneby-Gates-Crab-Marine-Detail-2-66x66.jpg 66w, https:\/\/varia-int.com\/wp-content\/uploads\/2021\/02\/Barneby-Gates-Crab-Marine-Detail-2-100x100.jpg 100w, https:\/\/varia-int.com\/wp-content\/uploads\/2021\/02\/Barneby-Gates-Crab-Marine-Detail-2-150x150.jpg 150w\" sizes=\"(max-width: 150px) 100vw, 150px\" \/><\/a><\/p>\n<p style=\"text-align: left\">s\u00f6t\u00e9tk\u00e9k<\/p>\n<p><a href=\"https:\/\/varia-int.com\/wp-content\/uploads\/2021\/02\/Barneby-Gates-Crab-Gold-Charcoal-Detail-2.jpg\"><img decoding=\"async\" class=\"wp-image-15395 size-thumbnail\" src=\"https:\/\/varia-int.com\/wp-content\/uploads\/2021\/02\/Barneby-Gates-Crab-Gold-Charcoal-Detail-2-150x150.jpg\" alt=\"Krebs Tapete Barneby Gates\" width=\"150\" height=\"150\" srcset=\"https:\/\/varia-int.com\/wp-content\/uploads\/2021\/02\/Barneby-Gates-Crab-Gold-Charcoal-Detail-2-66x66.jpg 66w, https:\/\/varia-int.com\/wp-content\/uploads\/2021\/02\/Barneby-Gates-Crab-Gold-Charcoal-Detail-2-100x100.jpg 100w, https:\/\/varia-int.com\/wp-content\/uploads\/2021\/02\/Barneby-Gates-Crab-Gold-Charcoal-Detail-2-150x150.jpg 150w\" sizes=\"(max-width: 150px) 100vw, 150px\" \/><\/a><\/p>\n<p style=\"text-align: left\">Arany\/antracit<\/p>","protected":false},"featured_media":15394,"comment_status":"closed","ping_status":"closed","template":"","meta":[],"product_brand":[],"product_cat":[37,36],"product_tag":[63],"class_list":{"0":"post-15398","1":"product","2":"type-product","3":"status-publish","4":"has-post-thumbnail","6":"product_cat-barneby-gates","7":"product_cat-tapeten","8":"product_tag-krebs-tapete","10":"first","11":"instock","12":"taxable","13":"shipping-taxable","14":"product-type-simple"},"_links":{"self":[{"href":"https:\/\/varia-int.com\/hu\/wp-json\/wp\/v2\/product\/15398","targetHints":{"allow":["GET"]}}],"collection":[{"href":"https:\/\/varia-int.com\/hu\/wp-json\/wp\/v2\/product"}],"about":[{"href":"https:\/\/varia-int.com\/hu\/wp-json\/wp\/v2\/types\/product"}],"replies":[{"embeddable":true,"href":"https:\/\/varia-int.com\/hu\/wp-json\/wp\/v2\/comments?post=15398"}],"wp:featuredmedia":[{"embeddable":true,"href":"https:\/\/varia-int.com\/hu\/wp-json\/wp\/v2\/media\/15394"}],"wp:attachment":[{"href":"https:\/\/varia-int.com\/hu\/wp-json\/wp\/v2\/media?parent=15398"}],"wp:term":[{"taxonomy":"product_brand","embeddable":true,"href":"https:\/\/varia-int.com\/hu\/wp-json\/wp\/v2\/product_brand?post=15398"},{"taxonomy":"product_cat","embeddable":true,"href":"https:\/\/varia-int.com\/hu\/wp-json\/wp\/v2\/product_cat?post=15398"},{"taxonomy":"product_tag","embeddable":true,"href":"https:\/\/varia-int.com\/hu\/wp-json\/wp\/v2\/product_tag?post=15398"}],"curies":[{"name":"munkaf\u00fczet","href":"https:\/\/api.w.org\/{rel}","templated":true}]}}