{"id":15451,"date":"2021-02-12T20:30:11","date_gmt":"2021-02-12T20:30:11","guid":{"rendered":"https:\/\/varia-int.com\/?post_type=product&#038;p=15451"},"modified":"2021-02-12T20:30:11","modified_gmt":"2021-02-12T20:30:11","slug":"schach-tapete-burgundy","status":"publish","type":"product","link":"https:\/\/varia-int.com\/hu\/product\/schach-tapete-burgundy\/","title":{"rendered":"Sakk h\u00e1tt\u00e9rk\u00e9p - Burgundia"},"content":{"rendered":"","protected":false},"excerpt":{"rendered":"<p style=\"text-align: left\">Ezt a diz\u00e1jnt a sakkt\u00e1bla kir\u00e1lya \u00e9s kir\u00e1lyn\u0151je ihlette, puha k\u0151 vagy gazdag bord\u00f3 sz\u00ednben, k\u00e9t nagyon elt\u00e9r\u0151 megjelen\u00e9s \u00e9rdek\u00e9ben.<\/p>\n<ul class=\"attributes_bg\">\n<li><span class=\"attribute_bg\">Kollekci\u00f3:<\/span><span class=\"attribute_value_bg\">Barneby Gates<\/span><\/li>\n<li><span class=\"attribute_bg\">T\u00e9telek:<\/span><span class=\"attribute_value_bg\">Sakk - Burgundia<\/span><\/li>\n<li><span class=\"attribute_bg\">Megk\u00f6zel\u00edt\u00e9s:<\/span><span class=\"attribute_value_bg\">Egyenes megk\u00f6zel\u00edt\u00e9s<\/span><\/li>\n<li><span class=\"attribute_bg\">Egyet\u00e9rt\u00e9s:<\/span><span class=\"attribute_value_bg\">30,6 cm \/ 12 h\u00fcvelyk<\/span><\/li>\n<li><span class=\"attribute_bg\">Tekercs hossza:<\/span><span class=\"attribute_value_bg\">10m<\/span><\/li>\n<li><span class=\"attribute_bg\">Sz\u00e9less\u00e9g:<\/span><span class=\"attribute_value_bg\">52 cm \/ 20,5 h\u00fcvelyk<\/span><\/li>\n<li><span class=\"attribute_bg\">s\u00falya:<\/span><span class=\"attribute_value_bg\">150gsm<\/span><\/li>\n<li><span class=\"attribute_bg\">Sz\u00ednek:<\/span><\/li>\n<\/ul>\n<p><a href=\"https:\/\/varia-int.com\/wp-content\/uploads\/2021\/02\/w_chess_burgundy_3.jpg\"><img decoding=\"async\" class=\"wp-image-15445 size-thumbnail\" src=\"https:\/\/varia-int.com\/wp-content\/uploads\/2021\/02\/w_chess_burgundy_3-150x150.jpg\" alt=\"Schach Tapete Barneby Gates\" width=\"150\" height=\"150\" srcset=\"https:\/\/varia-int.com\/wp-content\/uploads\/2021\/02\/w_chess_burgundy_3-66x66.jpg 66w, https:\/\/varia-int.com\/wp-content\/uploads\/2021\/02\/w_chess_burgundy_3-100x100.jpg 100w, https:\/\/varia-int.com\/wp-content\/uploads\/2021\/02\/w_chess_burgundy_3-150x150.jpg 150w\" sizes=\"(max-width: 150px) 100vw, 150px\" \/><\/a><\/p>\n<p style=\"text-align: left\">Burgundia<\/p>\n<p><a href=\"https:\/\/varia-int.com\/wp-content\/uploads\/2021\/02\/w_chess_stone_3.jpg\"><img decoding=\"async\" class=\"wp-image-15449 size-thumbnail\" src=\"https:\/\/varia-int.com\/wp-content\/uploads\/2021\/02\/w_chess_stone_3-150x150.jpg\" alt=\"Schach Tapete Barneby Gates\" width=\"150\" height=\"150\" srcset=\"https:\/\/varia-int.com\/wp-content\/uploads\/2021\/02\/w_chess_stone_3-66x66.jpg 66w, https:\/\/varia-int.com\/wp-content\/uploads\/2021\/02\/w_chess_stone_3-100x100.jpg 100w, https:\/\/varia-int.com\/wp-content\/uploads\/2021\/02\/w_chess_stone_3-150x150.jpg 150w\" sizes=\"(max-width: 150px) 100vw, 150px\" \/><\/a><\/p>\n<p style=\"text-align: left\">K\u0151 sz\u00edne<\/p>","protected":false},"featured_media":15446,"comment_status":"closed","ping_status":"closed","template":"","meta":[],"product_brand":[],"product_cat":[37,36],"product_tag":[69],"class_list":{"0":"post-15451","1":"product","2":"type-product","3":"status-publish","4":"has-post-thumbnail","6":"product_cat-barneby-gates","7":"product_cat-tapeten","8":"product_tag-schach-tapete","10":"first","11":"instock","12":"taxable","13":"shipping-taxable","14":"product-type-simple"},"_links":{"self":[{"href":"https:\/\/varia-int.com\/hu\/wp-json\/wp\/v2\/product\/15451","targetHints":{"allow":["GET"]}}],"collection":[{"href":"https:\/\/varia-int.com\/hu\/wp-json\/wp\/v2\/product"}],"about":[{"href":"https:\/\/varia-int.com\/hu\/wp-json\/wp\/v2\/types\/product"}],"replies":[{"embeddable":true,"href":"https:\/\/varia-int.com\/hu\/wp-json\/wp\/v2\/comments?post=15451"}],"wp:featuredmedia":[{"embeddable":true,"href":"https:\/\/varia-int.com\/hu\/wp-json\/wp\/v2\/media\/15446"}],"wp:attachment":[{"href":"https:\/\/varia-int.com\/hu\/wp-json\/wp\/v2\/media?parent=15451"}],"wp:term":[{"taxonomy":"product_brand","embeddable":true,"href":"https:\/\/varia-int.com\/hu\/wp-json\/wp\/v2\/product_brand?post=15451"},{"taxonomy":"product_cat","embeddable":true,"href":"https:\/\/varia-int.com\/hu\/wp-json\/wp\/v2\/product_cat?post=15451"},{"taxonomy":"product_tag","embeddable":true,"href":"https:\/\/varia-int.com\/hu\/wp-json\/wp\/v2\/product_tag?post=15451"}],"curies":[{"name":"munkaf\u00fczet","href":"https:\/\/api.w.org\/{rel}","templated":true}]}}