{"id":15473,"date":"2021-02-12T21:29:25","date_gmt":"2021-02-12T21:29:25","guid":{"rendered":"https:\/\/varia-int.com\/?post_type=product&#038;p=15473"},"modified":"2021-02-12T21:29:26","modified_gmt":"2021-02-12T21:29:26","slug":"paisley-tapete-leuchtendes-pink-auf-imitierten-teeflecken","status":"publish","type":"product","link":"https:\/\/varia-int.com\/hu\/product\/paisley-tapete-leuchtendes-pink-auf-imitierten-teeflecken\/","title":{"rendered":"Paisley h\u00e1tt\u00e9rk\u00e9p - \u00e9l\u00e9nk r\u00f3zsasz\u00edn a teafoltok ut\u00e1nzat\u00e1n"},"content":{"rendered":"","protected":false},"excerpt":{"rendered":"<p style=\"text-align: left\">Az antik indiai textilek gy\u0171jtem\u00e9nye \u00e1ltal ihletett csinos paisley szuperf\u00e9nyes nyomattal rendelkezik a l\u00e1gyan \u00f6reg\u00edtett h\u00e1tt\u00e9ren.<\/p>\n<ul class=\"attributes_bg\">\n<li><span class=\"attribute_bg\">Kollekci\u00f3:<\/span><span class=\"attribute_value_bg\">Barneby Gates<\/span><\/li>\n<li><span class=\"attribute_bg\">T\u00e9telek:<\/span><span class=\"attribute_value_bg\">Paisley \u2013 forr\u00f3 r\u00f3zsasz\u00edn a teafolton<\/span><\/li>\n<li><span class=\"attribute_bg\">Megk\u00f6zel\u00edt\u00e9s:<\/span><span class=\"attribute_value_bg\">F\u00e9ljelent\u00e9s<\/span><\/li>\n<li><span class=\"attribute_bg\">Egyet\u00e9rt\u00e9s:<\/span><span class=\"attribute_value_bg\">52 cm \/ 20,5 h\u00fcvelyk<\/span><\/li>\n<li><span class=\"attribute_bg\">Tekercs hossza:<\/span><span class=\"attribute_value_bg\">10m<\/span><\/li>\n<li><span class=\"attribute_bg\">Sz\u00e9less\u00e9g:<\/span><span class=\"attribute_value_bg\">52 cm \/ 20,5 h\u00fcvelyk<\/span><\/li>\n<li><span class=\"attribute_bg\">s\u00falya:<\/span><span class=\"attribute_value_bg\">150gsm<\/span><\/li>\n<li><span class=\"attribute_bg\">Sz\u00ednek:<\/span><\/li>\n<\/ul>\n<p><a href=\"https:\/\/varia-int.com\/wp-content\/uploads\/2021\/02\/w_paisley_hotpink_1.jpg\"><img decoding=\"async\" class=\"wp-image-15465 size-thumbnail\" src=\"https:\/\/varia-int.com\/wp-content\/uploads\/2021\/02\/w_paisley_hotpink_1-150x150.jpg\" alt=\"Paisley Tapete Barneby Gates\" width=\"150\" height=\"150\" srcset=\"https:\/\/varia-int.com\/wp-content\/uploads\/2021\/02\/w_paisley_hotpink_1-66x66.jpg 66w, https:\/\/varia-int.com\/wp-content\/uploads\/2021\/02\/w_paisley_hotpink_1-100x100.jpg 100w, https:\/\/varia-int.com\/wp-content\/uploads\/2021\/02\/w_paisley_hotpink_1-150x150.jpg 150w\" sizes=\"(max-width: 150px) 100vw, 150px\" \/><\/a><\/p>\n<p style=\"text-align: left\">Ragyog\u00f3 r\u00f3zsasz\u00edn a teafoltokon<\/p>\n<p><a href=\"https:\/\/varia-int.com\/wp-content\/uploads\/2021\/02\/w_paisley_turquoise_3.jpg\"><img decoding=\"async\" class=\"wp-image-15471 size-thumbnail\" src=\"https:\/\/varia-int.com\/wp-content\/uploads\/2021\/02\/w_paisley_turquoise_3-150x150.jpg\" alt=\"Paisley Tapete Barneby Gates\" width=\"150\" height=\"150\" srcset=\"https:\/\/varia-int.com\/wp-content\/uploads\/2021\/02\/w_paisley_turquoise_3-66x66.jpg 66w, https:\/\/varia-int.com\/wp-content\/uploads\/2021\/02\/w_paisley_turquoise_3-100x100.jpg 100w, https:\/\/varia-int.com\/wp-content\/uploads\/2021\/02\/w_paisley_turquoise_3-150x150.jpg 150w\" sizes=\"(max-width: 150px) 100vw, 150px\" \/><\/a><\/p>\n<p style=\"text-align: left\">T\u00fcrkiz sz\u00fcrk\u00e9n<\/p>","protected":false},"featured_media":15468,"comment_status":"closed","ping_status":"closed","template":"","meta":[],"product_brand":[],"product_cat":[37,36],"product_tag":[71],"class_list":{"0":"post-15473","1":"product","2":"type-product","3":"status-publish","4":"has-post-thumbnail","6":"product_cat-barneby-gates","7":"product_cat-tapeten","8":"product_tag-paisley-tapete","10":"first","11":"instock","12":"taxable","13":"shipping-taxable","14":"product-type-simple"},"_links":{"self":[{"href":"https:\/\/varia-int.com\/hu\/wp-json\/wp\/v2\/product\/15473","targetHints":{"allow":["GET"]}}],"collection":[{"href":"https:\/\/varia-int.com\/hu\/wp-json\/wp\/v2\/product"}],"about":[{"href":"https:\/\/varia-int.com\/hu\/wp-json\/wp\/v2\/types\/product"}],"replies":[{"embeddable":true,"href":"https:\/\/varia-int.com\/hu\/wp-json\/wp\/v2\/comments?post=15473"}],"wp:featuredmedia":[{"embeddable":true,"href":"https:\/\/varia-int.com\/hu\/wp-json\/wp\/v2\/media\/15468"}],"wp:attachment":[{"href":"https:\/\/varia-int.com\/hu\/wp-json\/wp\/v2\/media?parent=15473"}],"wp:term":[{"taxonomy":"product_brand","embeddable":true,"href":"https:\/\/varia-int.com\/hu\/wp-json\/wp\/v2\/product_brand?post=15473"},{"taxonomy":"product_cat","embeddable":true,"href":"https:\/\/varia-int.com\/hu\/wp-json\/wp\/v2\/product_cat?post=15473"},{"taxonomy":"product_tag","embeddable":true,"href":"https:\/\/varia-int.com\/hu\/wp-json\/wp\/v2\/product_tag?post=15473"}],"curies":[{"name":"munkaf\u00fczet","href":"https:\/\/api.w.org\/{rel}","templated":true}]}}