{"id":15493,"date":"2021-02-15T12:52:16","date_gmt":"2021-02-15T12:52:16","guid":{"rendered":"https:\/\/varia-int.com\/?post_type=product&#038;p=15493"},"modified":"2021-02-15T12:52:27","modified_gmt":"2021-02-15T12:52:27","slug":"honigbienen-tapete-gold-auf-anthrazit","status":"publish","type":"product","link":"https:\/\/varia-int.com\/hu\/product\/honigbienen-tapete-gold-auf-anthrazit\/","title":{"rendered":"M\u00e9hek h\u00e1tt\u00e9rk\u00e9p - arany antraciton"},"content":{"rendered":"","protected":false},"excerpt":{"rendered":"<p style=\"text-align: left\">Geometrikus minta m\u00e9hsejttel \u00e9s m\u00e9hekkel. Ez a tap\u00e9ta hagyom\u00e1nyos fel\u00fcleti nyomtat\u00e1si technik\u00e1val k\u00e9sz\u00fclt, k\u00e9zzel b\u00e9lyegzett fel\u00fcletre.<\/p>\n<ul class=\"attributes_bg\">\n<li><span class=\"attribute_bg\">Kollekci\u00f3:<\/span><span class=\"attribute_value_bg\">Barneby Gates<\/span><\/li>\n<li><span class=\"attribute_bg\">T\u00e9telek:<\/span><span class=\"attribute_value_bg\">M\u00e9zel\u0151 m\u00e9hek \u2013 Arany sz\u00e9nen<\/span><\/li>\n<li><span class=\"attribute_bg\">Megk\u00f6zel\u00edt\u00e9s:<\/span><span class=\"attribute_value_bg\">Egyenes megk\u00f6zel\u00edt\u00e9s<\/span><\/li>\n<li><span class=\"attribute_bg\">Egyet\u00e9rt\u00e9s:<\/span><span class=\"attribute_value_bg\">30,5 cm<\/span><\/li>\n<li><span class=\"attribute_bg\">Tekercs hossza:<\/span><span class=\"attribute_value_bg\">10m<\/span><\/li>\n<li><span class=\"attribute_bg\">Sz\u00e9less\u00e9g:<\/span><span class=\"attribute_value_bg\">52 cm \/ 20,5 h\u00fcvelyk<\/span><\/li>\n<li><span class=\"attribute_bg\">s\u00falya:<\/span><span class=\"attribute_value_bg\">150gsm<\/span><\/li>\n<li><span class=\"attribute_bg\">Sz\u00ednek:<\/span><\/li>\n<\/ul>\n<p><a href=\"https:\/\/varia-int.com\/wp-content\/uploads\/2021\/02\/w_honeybees_goldoncharcoal_1.jpg\"><img decoding=\"async\" class=\"wp-image-15481 size-thumbnail\" src=\"https:\/\/varia-int.com\/wp-content\/uploads\/2021\/02\/w_honeybees_goldoncharcoal_1-150x150.jpg\" alt=\"Honigbienen Tapete Barneby Gates\" width=\"150\" height=\"150\" srcset=\"https:\/\/varia-int.com\/wp-content\/uploads\/2021\/02\/w_honeybees_goldoncharcoal_1-66x66.jpg 66w, https:\/\/varia-int.com\/wp-content\/uploads\/2021\/02\/w_honeybees_goldoncharcoal_1-100x100.jpg 100w, https:\/\/varia-int.com\/wp-content\/uploads\/2021\/02\/w_honeybees_goldoncharcoal_1-150x150.jpg 150w\" sizes=\"(max-width: 150px) 100vw, 150px\" \/><\/a><\/p>\n<p style=\"text-align: left\">Arany antraciton<\/p>\n<p><a href=\"https:\/\/varia-int.com\/wp-content\/uploads\/2021\/02\/w_honeybees_roseonstone_1.jpg\"><img decoding=\"async\" class=\"alignnone wp-image-15491 size-thumbnail\" src=\"https:\/\/varia-int.com\/wp-content\/uploads\/2021\/02\/w_honeybees_roseonstone_1-150x150.jpg\" alt=\"\" width=\"150\" height=\"150\" srcset=\"https:\/\/varia-int.com\/wp-content\/uploads\/2021\/02\/w_honeybees_roseonstone_1-66x66.jpg 66w, https:\/\/varia-int.com\/wp-content\/uploads\/2021\/02\/w_honeybees_roseonstone_1-100x100.jpg 100w, https:\/\/varia-int.com\/wp-content\/uploads\/2021\/02\/w_honeybees_roseonstone_1-150x150.jpg 150w\" sizes=\"(max-width: 150px) 100vw, 150px\" \/><\/a><\/p>\n<p style=\"text-align: left\">R\u00f3zsasz\u00edn a k\u00f6v\u00f6n<\/p>","protected":false},"featured_media":15485,"comment_status":"closed","ping_status":"closed","template":"","meta":[],"product_brand":[],"product_cat":[37,36],"product_tag":[73],"class_list":{"0":"post-15493","1":"product","2":"type-product","3":"status-publish","4":"has-post-thumbnail","6":"product_cat-barneby-gates","7":"product_cat-tapeten","8":"product_tag-honigbienen-tapete","10":"first","11":"instock","12":"taxable","13":"shipping-taxable","14":"product-type-simple"},"_links":{"self":[{"href":"https:\/\/varia-int.com\/hu\/wp-json\/wp\/v2\/product\/15493","targetHints":{"allow":["GET"]}}],"collection":[{"href":"https:\/\/varia-int.com\/hu\/wp-json\/wp\/v2\/product"}],"about":[{"href":"https:\/\/varia-int.com\/hu\/wp-json\/wp\/v2\/types\/product"}],"replies":[{"embeddable":true,"href":"https:\/\/varia-int.com\/hu\/wp-json\/wp\/v2\/comments?post=15493"}],"wp:featuredmedia":[{"embeddable":true,"href":"https:\/\/varia-int.com\/hu\/wp-json\/wp\/v2\/media\/15485"}],"wp:attachment":[{"href":"https:\/\/varia-int.com\/hu\/wp-json\/wp\/v2\/media?parent=15493"}],"wp:term":[{"taxonomy":"product_brand","embeddable":true,"href":"https:\/\/varia-int.com\/hu\/wp-json\/wp\/v2\/product_brand?post=15493"},{"taxonomy":"product_cat","embeddable":true,"href":"https:\/\/varia-int.com\/hu\/wp-json\/wp\/v2\/product_cat?post=15493"},{"taxonomy":"product_tag","embeddable":true,"href":"https:\/\/varia-int.com\/hu\/wp-json\/wp\/v2\/product_tag?post=15493"}],"curies":[{"name":"munkaf\u00fczet","href":"https:\/\/api.w.org\/{rel}","templated":true}]}}