{"id":15494,"date":"2021-02-15T13:26:18","date_gmt":"2021-02-15T13:26:18","guid":{"rendered":"https:\/\/varia-int.com\/?post_type=product&#038;p=15494"},"modified":"2021-02-15T13:32:38","modified_gmt":"2021-02-15T13:32:38","slug":"fesko-voegel-tapete-natur","status":"publish","type":"product","link":"https:\/\/varia-int.com\/hu\/product\/fesko-voegel-tapete-natur\/","title":{"rendered":"Fesco madarak h\u00e1tt\u00e9rk\u00e9p - term\u00e9szet"},"content":{"rendered":"","protected":false},"excerpt":{"rendered":"<p style=\"text-align: left\">Ez a tap\u00e9ta a fresk\u00f3fest\u00e9s \u0151si m\u0171v\u00e9szet\u00e9nek modern felfog\u00e1sa. Sz\u00fcrke fecsk\u00e9k rep\u00fclnek \u00e1t egy r\u00e9gi vakolt falon.<\/p>\n<ul class=\"attributes_bg\">\n<li><span class=\"attribute_bg\">Kollekci\u00f3:<\/span><span class=\"attribute_value_bg\">Barneby Gates<\/span><\/li>\n<li><span class=\"attribute_bg\">T\u00e9telek:<\/span><span class=\"attribute_value_bg\">Fresco Birds - Term\u00e9szetes<\/span><\/li>\n<li><span class=\"attribute_bg\">Megk\u00f6zel\u00edt\u00e9s:<\/span><span class=\"attribute_value_bg\">F\u00e9ljelent\u00e9s<\/span><\/li>\n<li><span class=\"attribute_bg\">Egyet\u00e9rt\u00e9s:<\/span><span class=\"attribute_value_bg\">68,5 cm \/ 27 h\u00fcvelyk<\/span><\/li>\n<li><span class=\"attribute_bg\">Tekercs hossza:<\/span><span class=\"attribute_value_bg\">10m<\/span><\/li>\n<li><span class=\"attribute_bg\">Sz\u00e9less\u00e9g:<\/span><span class=\"attribute_value_bg\">52 cm \/ 20,5 h\u00fcvelyk<\/span><\/li>\n<li><span class=\"attribute_bg\">s\u00falya:<\/span><span class=\"attribute_value_bg\">150gsm<\/span><\/li>\n<li><span class=\"attribute_bg\">Sz\u00ednek:<\/span><\/li>\n<\/ul>\n<p><a href=\"https:\/\/varia-int.com\/wp-content\/uploads\/2021\/02\/w_frescobirds_1.jpg\"><img decoding=\"async\" class=\"wp-image-15497 size-thumbnail\" src=\"https:\/\/varia-int.com\/wp-content\/uploads\/2021\/02\/w_frescobirds_1-150x150.jpg\" alt=\"Fesko V\u00f6gel Tapete Barneby Gates\" width=\"150\" height=\"150\" srcset=\"https:\/\/varia-int.com\/wp-content\/uploads\/2021\/02\/w_frescobirds_1-66x66.jpg 66w, https:\/\/varia-int.com\/wp-content\/uploads\/2021\/02\/w_frescobirds_1-100x100.jpg 100w, https:\/\/varia-int.com\/wp-content\/uploads\/2021\/02\/w_frescobirds_1-150x150.jpg 150w\" sizes=\"(max-width: 150px) 100vw, 150px\" \/><\/a><\/p>\n<p style=\"text-align: left\">term\u00e9szet<\/p>","protected":false},"featured_media":15499,"comment_status":"closed","ping_status":"closed","template":"","meta":[],"product_brand":[],"product_cat":[37,36],"product_tag":[74],"class_list":{"0":"post-15494","1":"product","2":"type-product","3":"status-publish","4":"has-post-thumbnail","6":"product_cat-barneby-gates","7":"product_cat-tapeten","8":"product_tag-fesko-voegel-tapete","10":"first","11":"instock","12":"taxable","13":"shipping-taxable","14":"product-type-simple"},"_links":{"self":[{"href":"https:\/\/varia-int.com\/hu\/wp-json\/wp\/v2\/product\/15494","targetHints":{"allow":["GET"]}}],"collection":[{"href":"https:\/\/varia-int.com\/hu\/wp-json\/wp\/v2\/product"}],"about":[{"href":"https:\/\/varia-int.com\/hu\/wp-json\/wp\/v2\/types\/product"}],"replies":[{"embeddable":true,"href":"https:\/\/varia-int.com\/hu\/wp-json\/wp\/v2\/comments?post=15494"}],"wp:featuredmedia":[{"embeddable":true,"href":"https:\/\/varia-int.com\/hu\/wp-json\/wp\/v2\/media\/15499"}],"wp:attachment":[{"href":"https:\/\/varia-int.com\/hu\/wp-json\/wp\/v2\/media?parent=15494"}],"wp:term":[{"taxonomy":"product_brand","embeddable":true,"href":"https:\/\/varia-int.com\/hu\/wp-json\/wp\/v2\/product_brand?post=15494"},{"taxonomy":"product_cat","embeddable":true,"href":"https:\/\/varia-int.com\/hu\/wp-json\/wp\/v2\/product_cat?post=15494"},{"taxonomy":"product_tag","embeddable":true,"href":"https:\/\/varia-int.com\/hu\/wp-json\/wp\/v2\/product_tag?post=15494"}],"curies":[{"name":"munkaf\u00fczet","href":"https:\/\/api.w.org\/{rel}","templated":true}]}}