{"id":15533,"date":"2021-02-15T20:48:19","date_gmt":"2021-02-15T20:48:19","guid":{"rendered":"https:\/\/varia-int.com\/?post_type=product&#038;p=15533"},"modified":"2021-02-15T20:48:20","modified_gmt":"2021-02-15T20:48:20","slug":"stuehle-tapte-eau-de-nil","status":"publish","type":"product","link":"https:\/\/varia-int.com\/hu\/product\/stuehle-tapte-eau-de-nil\/","title":{"rendered":"Sz\u00e9kek Tapte - Eau de Nil"},"content":{"rendered":"","protected":false},"excerpt":{"rendered":"<p style=\"text-align: left\">K\u00e9zzel rajzolt gy\u0171jtem\u00e9ny n\u00e9h\u00e1ny kedvenc sz\u00e9k\u00fcnkb\u0151l - az antik Chippendales-t\u0151l, XV. Lajost\u00f3l \u00e9s a Windsort\u00f3l kezdve Arne Jacobsen \u00e9s Norman Cherner sz\u00e1zad k\u00f6zepi sz\u00e9ps\u00e9g\u00e9ig, Philippe Starck modern klasszikusaiig.<\/p>\n<ul class=\"attributes_bg\">\n<li><span class=\"attribute_bg\">Kollekci\u00f3:<\/span><span class=\"attribute_value_bg\">Barneby Gates<\/span><\/li>\n<li><span class=\"attribute_bg\">T\u00e9telek:<\/span><span class=\"attribute_value_bg\">Sz\u00e9kek - Eau de Nil<\/span><\/li>\n<li><span class=\"attribute_bg\">Megk\u00f6zel\u00edt\u00e9s:<\/span><span class=\"attribute_value_bg\">F\u00e9ljelent\u00e9s<\/span><\/li>\n<li><span class=\"attribute_bg\">Egyet\u00e9rt\u00e9s:<\/span><span class=\"attribute_value_bg\">76,2 cm \/ 30 h\u00fcvelyk<\/span><\/li>\n<li><span class=\"attribute_bg\">Tekercs hossza:<\/span><span class=\"attribute_value_bg\">10m<\/span><\/li>\n<li><span class=\"attribute_bg\">Sz\u00e9less\u00e9g:<\/span><span class=\"attribute_value_bg\">52 cm \/ 20,5 h\u00fcvelyk<\/span><\/li>\n<li><span class=\"attribute_bg\">s\u00falya:<\/span><span class=\"attribute_value_bg\">150gsm<\/span><\/li>\n<li><span class=\"attribute_bg\">Sz\u00ednek:<\/span><\/li>\n<\/ul>\n<p><a href=\"https:\/\/varia-int.com\/wp-content\/uploads\/2021\/02\/w_chairs_eaudenil_2.jpg\"><img decoding=\"async\" class=\"wp-image-15531 size-thumbnail\" src=\"https:\/\/varia-int.com\/wp-content\/uploads\/2021\/02\/w_chairs_eaudenil_2-150x150.jpg\" alt=\"St\u00fchle Tapte Barneby Gates\" width=\"150\" height=\"150\" srcset=\"https:\/\/varia-int.com\/wp-content\/uploads\/2021\/02\/w_chairs_eaudenil_2-66x66.jpg 66w, https:\/\/varia-int.com\/wp-content\/uploads\/2021\/02\/w_chairs_eaudenil_2-100x100.jpg 100w, https:\/\/varia-int.com\/wp-content\/uploads\/2021\/02\/w_chairs_eaudenil_2-150x150.jpg 150w\" sizes=\"(max-width: 150px) 100vw, 150px\" \/><\/a><\/p>\n<p style=\"text-align: left\">Eile de Nile<\/p>\n<p><a href=\"https:\/\/varia-int.com\/wp-content\/uploads\/2021\/02\/w_chairs_blackonparchment_2.jpg\"><img decoding=\"async\" class=\"wp-image-15527 size-thumbnail\" src=\"https:\/\/varia-int.com\/wp-content\/uploads\/2021\/02\/w_chairs_blackonparchment_2-150x150.jpg\" alt=\"St\u00fchle Tapte Barneby Gates\" width=\"150\" height=\"150\" srcset=\"https:\/\/varia-int.com\/wp-content\/uploads\/2021\/02\/w_chairs_blackonparchment_2-66x66.jpg 66w, https:\/\/varia-int.com\/wp-content\/uploads\/2021\/02\/w_chairs_blackonparchment_2-100x100.jpg 100w, https:\/\/varia-int.com\/wp-content\/uploads\/2021\/02\/w_chairs_blackonparchment_2-150x150.jpg 150w\" sizes=\"(max-width: 150px) 100vw, 150px\" \/><\/a><\/p>\n<p style=\"text-align: left\">Fekete a pergamenen<\/p>","protected":false},"featured_media":15532,"comment_status":"closed","ping_status":"closed","template":"","meta":[],"product_brand":[],"product_cat":[37,36],"product_tag":[78],"class_list":{"0":"post-15533","1":"product","2":"type-product","3":"status-publish","4":"has-post-thumbnail","6":"product_cat-barneby-gates","7":"product_cat-tapeten","8":"product_tag-stuehle-tapte","10":"first","11":"instock","12":"taxable","13":"shipping-taxable","14":"product-type-simple"},"_links":{"self":[{"href":"https:\/\/varia-int.com\/hu\/wp-json\/wp\/v2\/product\/15533","targetHints":{"allow":["GET"]}}],"collection":[{"href":"https:\/\/varia-int.com\/hu\/wp-json\/wp\/v2\/product"}],"about":[{"href":"https:\/\/varia-int.com\/hu\/wp-json\/wp\/v2\/types\/product"}],"replies":[{"embeddable":true,"href":"https:\/\/varia-int.com\/hu\/wp-json\/wp\/v2\/comments?post=15533"}],"wp:featuredmedia":[{"embeddable":true,"href":"https:\/\/varia-int.com\/hu\/wp-json\/wp\/v2\/media\/15532"}],"wp:attachment":[{"href":"https:\/\/varia-int.com\/hu\/wp-json\/wp\/v2\/media?parent=15533"}],"wp:term":[{"taxonomy":"product_brand","embeddable":true,"href":"https:\/\/varia-int.com\/hu\/wp-json\/wp\/v2\/product_brand?post=15533"},{"taxonomy":"product_cat","embeddable":true,"href":"https:\/\/varia-int.com\/hu\/wp-json\/wp\/v2\/product_cat?post=15533"},{"taxonomy":"product_tag","embeddable":true,"href":"https:\/\/varia-int.com\/hu\/wp-json\/wp\/v2\/product_tag?post=15533"}],"curies":[{"name":"munkaf\u00fczet","href":"https:\/\/api.w.org\/{rel}","templated":true}]}}