{"id":15649,"date":"2021-03-29T14:08:53","date_gmt":"2021-03-29T14:08:53","guid":{"rendered":"https:\/\/varia-int.com\/?post_type=product&#038;p=15649"},"modified":"2021-03-30T12:22:05","modified_gmt":"2021-03-30T12:22:05","slug":"gardinenstoff-ieranto-mano-seta","status":"publish","type":"product","link":"https:\/\/varia-int.com\/hu\/product\/gardinenstoff-ieranto-mano-seta\/","title":{"rendered":"Selymes organza f\u00fcgg\u00f6nysz\u00f6vet Ieranto Mano Seta"},"content":{"rendered":"","protected":false},"excerpt":{"rendered":"<p>Selyemes organza f\u00fcgg\u00f6nyanyag leranto Mano -Seta<\/p>\n<p>N\u00e9v: <strong>Ieranto Mano Seta\u00a0<\/strong>UE 0459<br \/>\nSz\u00e9less\u00e9g: 320cm<br \/>\nS\u00faly: 50g\/m\u00b2<br \/>\nAnyaga: 100% Polyester<br \/>\nTekercs: 25m<br \/>\n\u00c9rt\u00e9kes\u00edt\u00e9s csak teljes tekercsben.<\/p>\n<p>&nbsp;<\/p>","protected":false},"featured_media":15653,"comment_status":"closed","ping_status":"closed","template":"","meta":[],"product_brand":[],"product_cat":[31],"product_tag":[],"class_list":{"0":"post-15649","1":"product","2":"type-product","3":"status-publish","4":"has-post-thumbnail","6":"product_cat-stoffe","8":"first","9":"instock","10":"taxable","11":"shipping-taxable","12":"product-type-simple"},"_links":{"self":[{"href":"https:\/\/varia-int.com\/hu\/wp-json\/wp\/v2\/product\/15649","targetHints":{"allow":["GET"]}}],"collection":[{"href":"https:\/\/varia-int.com\/hu\/wp-json\/wp\/v2\/product"}],"about":[{"href":"https:\/\/varia-int.com\/hu\/wp-json\/wp\/v2\/types\/product"}],"replies":[{"embeddable":true,"href":"https:\/\/varia-int.com\/hu\/wp-json\/wp\/v2\/comments?post=15649"}],"wp:featuredmedia":[{"embeddable":true,"href":"https:\/\/varia-int.com\/hu\/wp-json\/wp\/v2\/media\/15653"}],"wp:attachment":[{"href":"https:\/\/varia-int.com\/hu\/wp-json\/wp\/v2\/media?parent=15649"}],"wp:term":[{"taxonomy":"product_brand","embeddable":true,"href":"https:\/\/varia-int.com\/hu\/wp-json\/wp\/v2\/product_brand?post=15649"},{"taxonomy":"product_cat","embeddable":true,"href":"https:\/\/varia-int.com\/hu\/wp-json\/wp\/v2\/product_cat?post=15649"},{"taxonomy":"product_tag","embeddable":true,"href":"https:\/\/varia-int.com\/hu\/wp-json\/wp\/v2\/product_tag?post=15649"}],"curies":[{"name":"munkaf\u00fczet","href":"https:\/\/api.w.org\/{rel}","templated":true}]}}