{"id":15657,"date":"2021-03-29T14:19:12","date_gmt":"2021-03-29T14:19:12","guid":{"rendered":"https:\/\/varia-int.com\/?post_type=product&#038;p=15657"},"modified":"2021-06-16T08:18:14","modified_gmt":"2021-06-16T08:18:14","slug":"gardinenstoff-colamina","status":"publish","type":"product","link":"https:\/\/varia-int.com\/hu\/product\/gardinenstoff-colamina\/","title":{"rendered":"100% Colamina nem \u00e1tl\u00e1tsz\u00f3 f\u00fcgg\u00f6nysz\u00f6vet"},"content":{"rendered":"","protected":false},"excerpt":{"rendered":"<p>100 % \u00e1ttetsz\u0151 f\u00fcgg\u00f6nyanyag feh\u00e9r h\u00e1tt\u00e9rrel<\/p>\n<p>Term\u00e9k neve:<strong>\u00a0<\/strong>UH 1007<br \/>\nSz\u00e9less\u00e9ge: 300cm<br \/>\nS\u00falya: 300g\/m\u00b2<br \/>\nAnyaga: 100% Polyester<br \/>\nTekercs: 25m<br \/>\n\u00c9rt\u00e9kes\u00edt\u00e9s csak teljes tekercsben.<\/p>\n<p>&nbsp;<\/p>","protected":false},"featured_media":15650,"comment_status":"closed","ping_status":"closed","template":"","meta":[],"product_brand":[],"product_cat":[31],"product_tag":[],"class_list":{"0":"post-15657","1":"product","2":"type-product","3":"status-publish","4":"has-post-thumbnail","6":"product_cat-stoffe","8":"first","9":"instock","10":"taxable","11":"shipping-taxable","12":"product-type-simple"},"_links":{"self":[{"href":"https:\/\/varia-int.com\/hu\/wp-json\/wp\/v2\/product\/15657","targetHints":{"allow":["GET"]}}],"collection":[{"href":"https:\/\/varia-int.com\/hu\/wp-json\/wp\/v2\/product"}],"about":[{"href":"https:\/\/varia-int.com\/hu\/wp-json\/wp\/v2\/types\/product"}],"replies":[{"embeddable":true,"href":"https:\/\/varia-int.com\/hu\/wp-json\/wp\/v2\/comments?post=15657"}],"wp:featuredmedia":[{"embeddable":true,"href":"https:\/\/varia-int.com\/hu\/wp-json\/wp\/v2\/media\/15650"}],"wp:attachment":[{"href":"https:\/\/varia-int.com\/hu\/wp-json\/wp\/v2\/media?parent=15657"}],"wp:term":[{"taxonomy":"product_brand","embeddable":true,"href":"https:\/\/varia-int.com\/hu\/wp-json\/wp\/v2\/product_brand?post=15657"},{"taxonomy":"product_cat","embeddable":true,"href":"https:\/\/varia-int.com\/hu\/wp-json\/wp\/v2\/product_cat?post=15657"},{"taxonomy":"product_tag","embeddable":true,"href":"https:\/\/varia-int.com\/hu\/wp-json\/wp\/v2\/product_tag?post=15657"}],"curies":[{"name":"munkaf\u00fczet","href":"https:\/\/api.w.org\/{rel}","templated":true}]}}