{"id":15884,"date":"2021-05-29T07:09:09","date_gmt":"2021-05-29T07:09:09","guid":{"rendered":"https:\/\/varia-int.com\/?post_type=product&#038;p=15884"},"modified":"2021-12-04T11:36:48","modified_gmt":"2021-12-04T11:36:48","slug":"seidenvorhang-breuillpont","status":"publish","type":"product","link":"https:\/\/varia-int.com\/hu\/product\/seidenvorhang-breuillpont\/","title":{"rendered":"Breuilpont selyemf\u00fcgg\u00f6ny"},"content":{"rendered":"","protected":false},"excerpt":{"rendered":"<p>Sz\u00e9less\u00e9g: 137 cm<br \/>\nAnyaga: 100% selyem<\/p>","protected":false},"featured_media":15885,"comment_status":"closed","ping_status":"closed","template":"","meta":[],"product_brand":[],"product_cat":[91],"product_tag":[],"class_list":{"0":"post-15884","1":"product","2":"type-product","3":"status-publish","4":"has-post-thumbnail","6":"product_cat-kl-seidenkollektion","8":"first","9":"instock","10":"taxable","11":"shipping-taxable","12":"product-type-simple"},"_links":{"self":[{"href":"https:\/\/varia-int.com\/hu\/wp-json\/wp\/v2\/product\/15884","targetHints":{"allow":["GET"]}}],"collection":[{"href":"https:\/\/varia-int.com\/hu\/wp-json\/wp\/v2\/product"}],"about":[{"href":"https:\/\/varia-int.com\/hu\/wp-json\/wp\/v2\/types\/product"}],"replies":[{"embeddable":true,"href":"https:\/\/varia-int.com\/hu\/wp-json\/wp\/v2\/comments?post=15884"}],"wp:featuredmedia":[{"embeddable":true,"href":"https:\/\/varia-int.com\/hu\/wp-json\/wp\/v2\/media\/15885"}],"wp:attachment":[{"href":"https:\/\/varia-int.com\/hu\/wp-json\/wp\/v2\/media?parent=15884"}],"wp:term":[{"taxonomy":"product_brand","embeddable":true,"href":"https:\/\/varia-int.com\/hu\/wp-json\/wp\/v2\/product_brand?post=15884"},{"taxonomy":"product_cat","embeddable":true,"href":"https:\/\/varia-int.com\/hu\/wp-json\/wp\/v2\/product_cat?post=15884"},{"taxonomy":"product_tag","embeddable":true,"href":"https:\/\/varia-int.com\/hu\/wp-json\/wp\/v2\/product_tag?post=15884"}],"curies":[{"name":"munkaf\u00fczet","href":"https:\/\/api.w.org\/{rel}","templated":true}]}}