{"id":15917,"date":"2021-05-29T09:01:09","date_gmt":"2021-05-29T09:01:09","guid":{"rendered":"https:\/\/varia-int.com\/?post_type=product&#038;p=15917"},"modified":"2021-06-01T17:48:46","modified_gmt":"2021-06-01T17:48:46","slug":"handbestickter-leinen-eltville","status":"publish","type":"product","link":"https:\/\/varia-int.com\/hu\/product\/handbestickter-leinen-eltville\/","title":{"rendered":"K\u00e9zzel h\u00edmzett v\u00e1szon Eltville"},"content":{"rendered":"","protected":false},"excerpt":{"rendered":"<p>Ref. Eltville k\u00e9zzel h\u00edmzett v\u00e1szon<\/p>","protected":false},"featured_media":15923,"comment_status":"closed","ping_status":"closed","template":"","meta":[],"product_brand":[],"product_cat":[92],"product_tag":[],"class_list":{"0":"post-15917","1":"product","2":"type-product","3":"status-publish","4":"has-post-thumbnail","6":"product_cat-kl-stoffkollektion","8":"first","9":"instock","10":"taxable","11":"shipping-taxable","12":"product-type-simple"},"_links":{"self":[{"href":"https:\/\/varia-int.com\/hu\/wp-json\/wp\/v2\/product\/15917","targetHints":{"allow":["GET"]}}],"collection":[{"href":"https:\/\/varia-int.com\/hu\/wp-json\/wp\/v2\/product"}],"about":[{"href":"https:\/\/varia-int.com\/hu\/wp-json\/wp\/v2\/types\/product"}],"replies":[{"embeddable":true,"href":"https:\/\/varia-int.com\/hu\/wp-json\/wp\/v2\/comments?post=15917"}],"wp:featuredmedia":[{"embeddable":true,"href":"https:\/\/varia-int.com\/hu\/wp-json\/wp\/v2\/media\/15923"}],"wp:attachment":[{"href":"https:\/\/varia-int.com\/hu\/wp-json\/wp\/v2\/media?parent=15917"}],"wp:term":[{"taxonomy":"product_brand","embeddable":true,"href":"https:\/\/varia-int.com\/hu\/wp-json\/wp\/v2\/product_brand?post=15917"},{"taxonomy":"product_cat","embeddable":true,"href":"https:\/\/varia-int.com\/hu\/wp-json\/wp\/v2\/product_cat?post=15917"},{"taxonomy":"product_tag","embeddable":true,"href":"https:\/\/varia-int.com\/hu\/wp-json\/wp\/v2\/product_tag?post=15917"}],"curies":[{"name":"munkaf\u00fczet","href":"https:\/\/api.w.org\/{rel}","templated":true}]}}