{"id":15937,"date":"2021-05-29T09:43:56","date_gmt":"2021-05-29T09:43:56","guid":{"rendered":"https:\/\/varia-int.com\/?post_type=product&#038;p=15937"},"modified":"2021-06-01T17:42:46","modified_gmt":"2021-06-01T17:42:46","slug":"belgischer-oyster-leinen-silber-coated","status":"publish","type":"product","link":"https:\/\/varia-int.com\/hu\/product\/belgischer-oyster-leinen-silber-coated\/","title":{"rendered":"Belga Oyster v\u00e1szon ez\u00fcst bevonattal"},"content":{"rendered":"","protected":false},"excerpt":{"rendered":"<p>Ref. Belga Oyster v\u00e1szon ez\u00fcst bevonattal<\/p>","protected":false},"featured_media":15918,"comment_status":"closed","ping_status":"closed","template":"","meta":[],"product_brand":[],"product_cat":[92],"product_tag":[],"class_list":{"0":"post-15937","1":"product","2":"type-product","3":"status-publish","4":"has-post-thumbnail","6":"product_cat-kl-stoffkollektion","8":"first","9":"instock","10":"taxable","11":"shipping-taxable","12":"product-type-simple"},"_links":{"self":[{"href":"https:\/\/varia-int.com\/hu\/wp-json\/wp\/v2\/product\/15937","targetHints":{"allow":["GET"]}}],"collection":[{"href":"https:\/\/varia-int.com\/hu\/wp-json\/wp\/v2\/product"}],"about":[{"href":"https:\/\/varia-int.com\/hu\/wp-json\/wp\/v2\/types\/product"}],"replies":[{"embeddable":true,"href":"https:\/\/varia-int.com\/hu\/wp-json\/wp\/v2\/comments?post=15937"}],"wp:featuredmedia":[{"embeddable":true,"href":"https:\/\/varia-int.com\/hu\/wp-json\/wp\/v2\/media\/15918"}],"wp:attachment":[{"href":"https:\/\/varia-int.com\/hu\/wp-json\/wp\/v2\/media?parent=15937"}],"wp:term":[{"taxonomy":"product_brand","embeddable":true,"href":"https:\/\/varia-int.com\/hu\/wp-json\/wp\/v2\/product_brand?post=15937"},{"taxonomy":"product_cat","embeddable":true,"href":"https:\/\/varia-int.com\/hu\/wp-json\/wp\/v2\/product_cat?post=15937"},{"taxonomy":"product_tag","embeddable":true,"href":"https:\/\/varia-int.com\/hu\/wp-json\/wp\/v2\/product_tag?post=15937"}],"curies":[{"name":"munkaf\u00fczet","href":"https:\/\/api.w.org\/{rel}","templated":true}]}}