{"id":16613,"date":"2021-10-20T11:15:50","date_gmt":"2021-10-20T11:15:50","guid":{"rendered":"https:\/\/varia-int.com\/?post_type=product&#038;p=16613"},"modified":"2021-11-01T11:45:56","modified_gmt":"2021-11-01T11:45:56","slug":"london-futterstoff","status":"publish","type":"product","link":"https:\/\/varia-int.com\/hu\/product\/london-futterstoff\/","title":{"rendered":"London b\u00e9l\u00e9s sz\u00f6vet"},"content":{"rendered":"","protected":false},"excerpt":{"rendered":"<p>Term\u00e9k neve: Lining London<br \/>\nSz\u00e9less\u00e9g: 280 cm<br \/>\nS\u00faly: 125g\/m\u00b2<br \/>\nAnyaga: 50% pamut, 50% poli\u00e9szter<br \/>\nSz\u00edn: feh\u00e9r kr\u00e9m<br \/>\nTeker\u00e9s: 50 m<br \/>\n\u00c9rt\u00e9kes\u00edt\u00e9s csak teljes tekercsben.<\/p>\n<p>&nbsp;<\/p>","protected":false},"featured_media":16615,"comment_status":"closed","ping_status":"closed","template":"","meta":[],"product_brand":[],"product_cat":[31],"product_tag":[],"class_list":{"0":"post-16613","1":"product","2":"type-product","3":"status-publish","4":"has-post-thumbnail","6":"product_cat-stoffe","8":"first","9":"instock","10":"taxable","11":"shipping-taxable","12":"product-type-simple"},"_links":{"self":[{"href":"https:\/\/varia-int.com\/hu\/wp-json\/wp\/v2\/product\/16613","targetHints":{"allow":["GET"]}}],"collection":[{"href":"https:\/\/varia-int.com\/hu\/wp-json\/wp\/v2\/product"}],"about":[{"href":"https:\/\/varia-int.com\/hu\/wp-json\/wp\/v2\/types\/product"}],"replies":[{"embeddable":true,"href":"https:\/\/varia-int.com\/hu\/wp-json\/wp\/v2\/comments?post=16613"}],"wp:featuredmedia":[{"embeddable":true,"href":"https:\/\/varia-int.com\/hu\/wp-json\/wp\/v2\/media\/16615"}],"wp:attachment":[{"href":"https:\/\/varia-int.com\/hu\/wp-json\/wp\/v2\/media?parent=16613"}],"wp:term":[{"taxonomy":"product_brand","embeddable":true,"href":"https:\/\/varia-int.com\/hu\/wp-json\/wp\/v2\/product_brand?post=16613"},{"taxonomy":"product_cat","embeddable":true,"href":"https:\/\/varia-int.com\/hu\/wp-json\/wp\/v2\/product_cat?post=16613"},{"taxonomy":"product_tag","embeddable":true,"href":"https:\/\/varia-int.com\/hu\/wp-json\/wp\/v2\/product_tag?post=16613"}],"curies":[{"name":"munkaf\u00fczet","href":"https:\/\/api.w.org\/{rel}","templated":true}]}}